{"id":3361611,"date":"2024-10-17T21:35:19","date_gmt":"2024-10-17T18:35:19","guid":{"rendered":"https:\/\/tallinndesignhouse.com\/toode\/sormus-bonfire-citrine\/"},"modified":"2026-04-12T01:00:36","modified_gmt":"2026-04-11T22:00:36","slug":"sormus-bonfire-citrine","status":"publish","type":"product","link":"https:\/\/tallinndesignhouse.com\/en\/toode\/sormus-bonfire-citrine\/","title":{"rendered":"Bonfire Ring Citrine"},"content":{"rendered":"<p>Bonfire Ring Citrine by NRTN. Size: 27,5 \u00d7 21 \u00d7 14,5 mm. Ring Diameter: 16.6 \u2013 17 mm. Materials: 925 Sterling Silver, Citrine Crystal, Rhodium vermeil. Sound of the ocean, mystics, and the passing of time. The NIGHT FIRE capsule collection develops the iconography of temporal romanticism and vibrant rituals. The SAMADHI FIRE collection draws profound inspiration from both Thai and Sino traditional patterns, seamlessly weaving these rich cultural elements into intricate, three-dimensional forms that give birth to a new myth within a post-apocalyptic hyperreality.<\/p>\n","protected":false},"excerpt":{"rendered":"<p>Bonfire Ring Citrine by NRTN. Size: 27,5 \u00d7 21 \u00d7 14,5 mm. Ring Diameter: 16.6 \u2013 17 mm. Materials: 925 Sterling Silver, Citrine Crystal, Rhodium vermeil. Sound of the ocean, mystics, and the passing of time. The NIGHT FIRE capsule collection develops the iconography of temporal romanticism and vibrant rituals. The SAMADHI FIRE collection draws [&hellip;]<\/p>\n","protected":false},"featured_media":3361613,"template":"","meta":{"_acf_changed":false},"product_brand":[],"product_cat":[2136,3223,3718],"product_tag":[2819],"class_list":{"0":"post-3361611","1":"product","2":"type-product","3":"status-publish","4":"has-post-thumbnail","6":"product_cat-rings","7":"product_cat-jewellery-en","8":"product_cat-winter-style","9":"product_tag-women","10":"pa_brand-nrtn-en","12":"first","13":"instock","14":"taxable","15":"shipping-taxable","16":"purchasable","17":"product-type-simple"},"acf":[],"yoast_head":"<!-- This site is optimized with the Yoast SEO plugin v26.0 - https:\/\/yoast.com\/wordpress\/plugins\/seo\/ -->\n<title>NRTN Bonfire Ring Citrine - Tallinn Design House<\/title>\n<meta name=\"description\" content=\"NRTN s\u00f5rmus Bonfire Citrine. M\u00f5\u00f5dud: 27,5 \u00d7 21 \u00d7 14,5 mm. S\u00f5rmuse l\u00e4bim\u00f5\u00f5t: 16,6 \u2013 17 mm.\" \/>\n<meta name=\"robots\" content=\"index, follow, max-snippet:-1, max-image-preview:large, max-video-preview:-1\" \/>\n<link rel=\"canonical\" href=\"https:\/\/tallinndesignhouse.com\/toode\/sormus-bonfire-citrine\/\" \/>\n<meta property=\"og:locale\" content=\"en_US\" \/>\n<meta property=\"og:type\" content=\"article\" \/>\n<meta property=\"og:title\" content=\"NRTN Bonfire Ring Citrine - Tallinn Design House\" \/>\n<meta property=\"og:description\" content=\"NRTN s\u00f5rmus Bonfire Citrine. M\u00f5\u00f5dud: 27,5 \u00d7 21 \u00d7 14,5 mm. S\u00f5rmuse l\u00e4bim\u00f5\u00f5t: 16,6 \u2013 17 mm.\" \/>\n<meta property=\"og:url\" content=\"https:\/\/tallinndesignhouse.com\/toode\/sormus-bonfire-citrine\/\" \/>\n<meta property=\"og:site_name\" content=\"Tallinn Design House\" \/>\n<meta property=\"article:modified_time\" content=\"2026-04-11T22:00:36+00:00\" \/>\n<meta property=\"og:image\" content=\"https:\/\/tallinndesignhouse.com\/wp-content\/uploads\/2024\/10\/NRTN-Sormus-Bonfire-Citrine-.jpg\" \/>\n\t<meta property=\"og:image:width\" content=\"1080\" \/>\n\t<meta property=\"og:image:height\" content=\"1350\" \/>\n\t<meta property=\"og:image:type\" content=\"image\/jpeg\" \/>\n<meta name=\"twitter:card\" content=\"summary_large_image\" \/>\n<script type=\"application\/ld+json\" class=\"yoast-schema-graph\">{\"@context\":\"https:\/\/schema.org\",\"@graph\":[{\"@type\":\"WebPage\",\"@id\":\"https:\/\/tallinndesignhouse.com\/toode\/sormus-bonfire-citrine\/\",\"url\":\"https:\/\/tallinndesignhouse.com\/toode\/sormus-bonfire-citrine\/\",\"name\":\"NRTN Bonfire Ring Citrine - Tallinn Design House\",\"isPartOf\":{\"@id\":\"https:\/\/tallinndesignhouse.com\/#website\"},\"primaryImageOfPage\":{\"@id\":\"https:\/\/tallinndesignhouse.com\/toode\/sormus-bonfire-citrine\/#primaryimage\"},\"image\":{\"@id\":\"https:\/\/tallinndesignhouse.com\/toode\/sormus-bonfire-citrine\/#primaryimage\"},\"thumbnailUrl\":\"https:\/\/tallinndesignhouse.com\/wp-content\/uploads\/2024\/10\/NRTN-Sormus-Bonfire-Citrine-.jpg\",\"datePublished\":\"2024-10-17T18:35:19+00:00\",\"dateModified\":\"2026-04-11T22:00:36+00:00\",\"description\":\"NRTN s\u00f5rmus Bonfire Citrine. M\u00f5\u00f5dud: 27,5 \u00d7 21 \u00d7 14,5 mm. S\u00f5rmuse l\u00e4bim\u00f5\u00f5t: 16,6 \u2013 17 mm.\",\"breadcrumb\":{\"@id\":\"https:\/\/tallinndesignhouse.com\/toode\/sormus-bonfire-citrine\/#breadcrumb\"},\"inLanguage\":\"en-US\",\"potentialAction\":[{\"@type\":\"ReadAction\",\"target\":[\"https:\/\/tallinndesignhouse.com\/toode\/sormus-bonfire-citrine\/\"]}]},{\"@type\":\"ImageObject\",\"inLanguage\":\"en-US\",\"@id\":\"https:\/\/tallinndesignhouse.com\/toode\/sormus-bonfire-citrine\/#primaryimage\",\"url\":\"https:\/\/tallinndesignhouse.com\/wp-content\/uploads\/2024\/10\/NRTN-Sormus-Bonfire-Citrine-.jpg\",\"contentUrl\":\"https:\/\/tallinndesignhouse.com\/wp-content\/uploads\/2024\/10\/NRTN-Sormus-Bonfire-Citrine-.jpg\",\"width\":1080,\"height\":1350,\"caption\":\"NRTN So\u0303rmus Bonfire Citrine\"},{\"@type\":\"BreadcrumbList\",\"@id\":\"https:\/\/tallinndesignhouse.com\/toode\/sormus-bonfire-citrine\/#breadcrumb\",\"itemListElement\":[{\"@type\":\"ListItem\",\"position\":1,\"name\":\"Home\",\"item\":\"https:\/\/tallinndesignhouse.com\/en\/\"},{\"@type\":\"ListItem\",\"position\":2,\"name\":\"Shop\",\"item\":\"https:\/\/tallinndesignhouse.com\/en\/shop\/\"},{\"@type\":\"ListItem\",\"position\":3,\"name\":\"Bonfire Ring Citrine\"}]},{\"@type\":\"WebSite\",\"@id\":\"https:\/\/tallinndesignhouse.com\/#website\",\"url\":\"https:\/\/tallinndesignhouse.com\/\",\"name\":\"Tallinn Design House\",\"description\":\"Eesti disain Rotermanni kvartalis\",\"potentialAction\":[{\"@type\":\"SearchAction\",\"target\":{\"@type\":\"EntryPoint\",\"urlTemplate\":\"https:\/\/tallinndesignhouse.com\/?s={search_term_string}\"},\"query-input\":{\"@type\":\"PropertyValueSpecification\",\"valueRequired\":true,\"valueName\":\"search_term_string\"}}],\"inLanguage\":\"en-US\"}]}<\/script>\n<!-- \/ Yoast SEO plugin. -->","yoast_head_json":{"title":"NRTN Bonfire Ring Citrine - Tallinn Design House","description":"NRTN s\u00f5rmus Bonfire Citrine. M\u00f5\u00f5dud: 27,5 \u00d7 21 \u00d7 14,5 mm. S\u00f5rmuse l\u00e4bim\u00f5\u00f5t: 16,6 \u2013 17 mm.","robots":{"index":"index","follow":"follow","max-snippet":"max-snippet:-1","max-image-preview":"max-image-preview:large","max-video-preview":"max-video-preview:-1"},"canonical":"https:\/\/tallinndesignhouse.com\/toode\/sormus-bonfire-citrine\/","og_locale":"en_US","og_type":"article","og_title":"NRTN Bonfire Ring Citrine - Tallinn Design House","og_description":"NRTN s\u00f5rmus Bonfire Citrine. M\u00f5\u00f5dud: 27,5 \u00d7 21 \u00d7 14,5 mm. S\u00f5rmuse l\u00e4bim\u00f5\u00f5t: 16,6 \u2013 17 mm.","og_url":"https:\/\/tallinndesignhouse.com\/toode\/sormus-bonfire-citrine\/","og_site_name":"Tallinn Design House","article_modified_time":"2026-04-11T22:00:36+00:00","og_image":[{"width":1080,"height":1350,"url":"https:\/\/tallinndesignhouse.com\/wp-content\/uploads\/2024\/10\/NRTN-Sormus-Bonfire-Citrine-.jpg","type":"image\/jpeg"}],"twitter_card":"summary_large_image","schema":{"@context":"https:\/\/schema.org","@graph":[{"@type":"WebPage","@id":"https:\/\/tallinndesignhouse.com\/toode\/sormus-bonfire-citrine\/","url":"https:\/\/tallinndesignhouse.com\/toode\/sormus-bonfire-citrine\/","name":"NRTN Bonfire Ring Citrine - Tallinn Design House","isPartOf":{"@id":"https:\/\/tallinndesignhouse.com\/#website"},"primaryImageOfPage":{"@id":"https:\/\/tallinndesignhouse.com\/toode\/sormus-bonfire-citrine\/#primaryimage"},"image":{"@id":"https:\/\/tallinndesignhouse.com\/toode\/sormus-bonfire-citrine\/#primaryimage"},"thumbnailUrl":"https:\/\/tallinndesignhouse.com\/wp-content\/uploads\/2024\/10\/NRTN-Sormus-Bonfire-Citrine-.jpg","datePublished":"2024-10-17T18:35:19+00:00","dateModified":"2026-04-11T22:00:36+00:00","description":"NRTN s\u00f5rmus Bonfire Citrine. M\u00f5\u00f5dud: 27,5 \u00d7 21 \u00d7 14,5 mm. S\u00f5rmuse l\u00e4bim\u00f5\u00f5t: 16,6 \u2013 17 mm.","breadcrumb":{"@id":"https:\/\/tallinndesignhouse.com\/toode\/sormus-bonfire-citrine\/#breadcrumb"},"inLanguage":"en-US","potentialAction":[{"@type":"ReadAction","target":["https:\/\/tallinndesignhouse.com\/toode\/sormus-bonfire-citrine\/"]}]},{"@type":"ImageObject","inLanguage":"en-US","@id":"https:\/\/tallinndesignhouse.com\/toode\/sormus-bonfire-citrine\/#primaryimage","url":"https:\/\/tallinndesignhouse.com\/wp-content\/uploads\/2024\/10\/NRTN-Sormus-Bonfire-Citrine-.jpg","contentUrl":"https:\/\/tallinndesignhouse.com\/wp-content\/uploads\/2024\/10\/NRTN-Sormus-Bonfire-Citrine-.jpg","width":1080,"height":1350,"caption":"NRTN So\u0303rmus Bonfire Citrine"},{"@type":"BreadcrumbList","@id":"https:\/\/tallinndesignhouse.com\/toode\/sormus-bonfire-citrine\/#breadcrumb","itemListElement":[{"@type":"ListItem","position":1,"name":"Home","item":"https:\/\/tallinndesignhouse.com\/en\/"},{"@type":"ListItem","position":2,"name":"Shop","item":"https:\/\/tallinndesignhouse.com\/en\/shop\/"},{"@type":"ListItem","position":3,"name":"Bonfire Ring Citrine"}]},{"@type":"WebSite","@id":"https:\/\/tallinndesignhouse.com\/#website","url":"https:\/\/tallinndesignhouse.com\/","name":"Tallinn Design House","description":"Eesti disain Rotermanni kvartalis","potentialAction":[{"@type":"SearchAction","target":{"@type":"EntryPoint","urlTemplate":"https:\/\/tallinndesignhouse.com\/?s={search_term_string}"},"query-input":{"@type":"PropertyValueSpecification","valueRequired":true,"valueName":"search_term_string"}}],"inLanguage":"en-US"}]}},"_links":{"self":[{"href":"https:\/\/tallinndesignhouse.com\/en\/wp-json\/wp\/v2\/product\/3361611","targetHints":{"allow":["GET"]}}],"collection":[{"href":"https:\/\/tallinndesignhouse.com\/en\/wp-json\/wp\/v2\/product"}],"about":[{"href":"https:\/\/tallinndesignhouse.com\/en\/wp-json\/wp\/v2\/types\/product"}],"wp:featuredmedia":[{"embeddable":true,"href":"https:\/\/tallinndesignhouse.com\/en\/wp-json\/wp\/v2\/media\/3361613"}],"wp:attachment":[{"href":"https:\/\/tallinndesignhouse.com\/en\/wp-json\/wp\/v2\/media?parent=3361611"}],"wp:term":[{"taxonomy":"product_brand","embeddable":true,"href":"https:\/\/tallinndesignhouse.com\/en\/wp-json\/wp\/v2\/product_brand?post=3361611"},{"taxonomy":"product_cat","embeddable":true,"href":"https:\/\/tallinndesignhouse.com\/en\/wp-json\/wp\/v2\/product_cat?post=3361611"},{"taxonomy":"product_tag","embeddable":true,"href":"https:\/\/tallinndesignhouse.com\/en\/wp-json\/wp\/v2\/product_tag?post=3361611"}],"curies":[{"name":"wp","href":"https:\/\/api.w.org\/{rel}","templated":true}]}}