{"id":3361731,"date":"2024-10-23T08:05:14","date_gmt":"2024-10-23T05:05:14","guid":{"rendered":"https:\/\/tallinndesignhouse.com\/toode\/valge-tee-ja-neroli-kehakreem-150-ml\/"},"modified":"2026-05-03T00:57:05","modified_gmt":"2026-05-02T21:57:05","slug":"valge-tee-ja-neroli-kehakreem-150-ml","status":"publish","type":"product","link":"https:\/\/tallinndesignhouse.com\/en\/toode\/valge-tee-ja-neroli-kehakreem-150-ml\/","title":{"rendered":"White tea and neroli body lotion 150 ml"},"content":{"rendered":"<p>White Tea &#038; Neroli body lotion by JOIK nurtures, leaves skin silky smooth and soft and has fresh and crisp unisex scent. Body lotion is rich in safflower oil, shea butter and coconut oil that moisturizes and softens dry and dehydrated skin, while refreshing scent leaves a pleasant light fragrance. Natural vitamin E acts as a powerful antioxidant, helping to prevent premature aging. Airless package is comfort\u0430ble to use and allows pump out up to least drop of cr\u00e8me. With a fresh unisex scent. Suit\u0430ble for all skin types. 99,5% natural origin ingredients. Vegan. Gluten free. Made with 100% green energy. How to use: apply liberally as often as needed. Suit\u0430ble for all skin types. INCI: Aqua, Carthamus Tinctorius Seed Oil, Butyrospermum Parkii Butter, Cocos Nucifera Oil, Oleyl Erucate, Coco-Caprylate\/Caprate, Glycerin, Glyceryl Stearate Citrate, Cetearyl Alcohol, Betaine, Glyceryl Caprylate, Cellulose, Parfum, Xanthan Gum.<\/p>\n","protected":false},"excerpt":{"rendered":"<p>White Tea &#038; Neroli body lotion by JOIK nurtures, leaves skin silky smooth and soft and has fresh and crisp unisex scent. Body lotion is rich in safflower oil, shea butter and coconut oil that moisturizes and softens dry and dehydrated skin, while refreshing scent leaves a pleasant light fragrance. Natural vitamin E acts as [&hellip;]<\/p>\n","protected":false},"featured_media":3361715,"template":"","meta":{"_acf_changed":false},"product_brand":[],"product_cat":[871],"product_tag":[2818],"class_list":{"0":"post-3361731","1":"product","2":"type-product","3":"status-publish","4":"has-post-thumbnail","6":"product_cat-keha","7":"product_tag-naised","8":"pa_brand-joik","9":"pa_brand-joik-en","11":"first","12":"instock","13":"taxable","14":"shipping-taxable","15":"purchasable","16":"product-type-simple"},"acf":[],"yoast_head":"<!-- This site is optimized with the Yoast SEO plugin v26.0 - https:\/\/yoast.com\/wordpress\/plugins\/seo\/ -->\n<title>JOIK White tea and neroli body lotion 150 ml - Tallinn Design House<\/title>\n<meta name=\"description\" content=\"JOIK valge tee ja neroli kehakreem 150 ml. V\u00e4rske ja lillelise l\u00f5hnaga kreem imendub kiiresti, niisutab ja j\u00e4tab naha pehmeks ning imeliselt l\u00f5hnavaks.\" \/>\n<meta name=\"robots\" content=\"index, follow, max-snippet:-1, max-image-preview:large, max-video-preview:-1\" \/>\n<link rel=\"canonical\" href=\"https:\/\/tallinndesignhouse.com\/toode\/valge-tee-ja-neroli-kehakreem-150-ml\/\" \/>\n<meta property=\"og:locale\" content=\"en_US\" \/>\n<meta property=\"og:type\" content=\"article\" \/>\n<meta property=\"og:title\" content=\"JOIK White tea and neroli body lotion 150 ml - Tallinn Design House\" \/>\n<meta property=\"og:description\" content=\"JOIK valge tee ja neroli kehakreem 150 ml. V\u00e4rske ja lillelise l\u00f5hnaga kreem imendub kiiresti, niisutab ja j\u00e4tab naha pehmeks ning imeliselt l\u00f5hnavaks.\" \/>\n<meta property=\"og:url\" content=\"https:\/\/tallinndesignhouse.com\/toode\/valge-tee-ja-neroli-kehakreem-150-ml\/\" \/>\n<meta property=\"og:site_name\" content=\"Tallinn Design House\" \/>\n<meta property=\"article:modified_time\" content=\"2026-05-02T21:57:05+00:00\" \/>\n<meta property=\"og:image\" content=\"https:\/\/tallinndesignhouse.com\/wp-content\/uploads\/2024\/04\/JOIK-valge-tee-ja-neroli-kehakreem-150-ml.jpg\" \/>\n\t<meta property=\"og:image:width\" content=\"1080\" \/>\n\t<meta property=\"og:image:height\" content=\"1350\" \/>\n\t<meta property=\"og:image:type\" content=\"image\/jpeg\" \/>\n<meta name=\"twitter:card\" content=\"summary_large_image\" \/>\n<meta name=\"twitter:label1\" content=\"Est. reading time\" \/>\n\t<meta name=\"twitter:data1\" content=\"1 minute\" \/>\n<script type=\"application\/ld+json\" class=\"yoast-schema-graph\">{\"@context\":\"https:\/\/schema.org\",\"@graph\":[{\"@type\":\"WebPage\",\"@id\":\"https:\/\/tallinndesignhouse.com\/toode\/valge-tee-ja-neroli-kehakreem-150-ml\/\",\"url\":\"https:\/\/tallinndesignhouse.com\/toode\/valge-tee-ja-neroli-kehakreem-150-ml\/\",\"name\":\"JOIK White tea and neroli body lotion 150 ml - Tallinn Design House\",\"isPartOf\":{\"@id\":\"https:\/\/tallinndesignhouse.com\/#website\"},\"primaryImageOfPage\":{\"@id\":\"https:\/\/tallinndesignhouse.com\/toode\/valge-tee-ja-neroli-kehakreem-150-ml\/#primaryimage\"},\"image\":{\"@id\":\"https:\/\/tallinndesignhouse.com\/toode\/valge-tee-ja-neroli-kehakreem-150-ml\/#primaryimage\"},\"thumbnailUrl\":\"https:\/\/tallinndesignhouse.com\/wp-content\/uploads\/2024\/04\/JOIK-valge-tee-ja-neroli-kehakreem-150-ml.jpg\",\"datePublished\":\"2024-10-23T05:05:14+00:00\",\"dateModified\":\"2026-05-02T21:57:05+00:00\",\"description\":\"JOIK valge tee ja neroli kehakreem 150 ml. V\u00e4rske ja lillelise l\u00f5hnaga kreem imendub kiiresti, niisutab ja j\u00e4tab naha pehmeks ning imeliselt l\u00f5hnavaks.\",\"breadcrumb\":{\"@id\":\"https:\/\/tallinndesignhouse.com\/toode\/valge-tee-ja-neroli-kehakreem-150-ml\/#breadcrumb\"},\"inLanguage\":\"en-US\",\"potentialAction\":[{\"@type\":\"ReadAction\",\"target\":[\"https:\/\/tallinndesignhouse.com\/toode\/valge-tee-ja-neroli-kehakreem-150-ml\/\"]}]},{\"@type\":\"ImageObject\",\"inLanguage\":\"en-US\",\"@id\":\"https:\/\/tallinndesignhouse.com\/toode\/valge-tee-ja-neroli-kehakreem-150-ml\/#primaryimage\",\"url\":\"https:\/\/tallinndesignhouse.com\/wp-content\/uploads\/2024\/04\/JOIK-valge-tee-ja-neroli-kehakreem-150-ml.jpg\",\"contentUrl\":\"https:\/\/tallinndesignhouse.com\/wp-content\/uploads\/2024\/04\/JOIK-valge-tee-ja-neroli-kehakreem-150-ml.jpg\",\"width\":1080,\"height\":1350,\"caption\":\"JOIK valge tee ja neroli kehakreem 150 ml\"},{\"@type\":\"BreadcrumbList\",\"@id\":\"https:\/\/tallinndesignhouse.com\/toode\/valge-tee-ja-neroli-kehakreem-150-ml\/#breadcrumb\",\"itemListElement\":[{\"@type\":\"ListItem\",\"position\":1,\"name\":\"Home\",\"item\":\"https:\/\/tallinndesignhouse.com\/en\/\"},{\"@type\":\"ListItem\",\"position\":2,\"name\":\"Shop\",\"item\":\"https:\/\/tallinndesignhouse.com\/en\/shop\/\"},{\"@type\":\"ListItem\",\"position\":3,\"name\":\"White tea and neroli body lotion 150 ml\"}]},{\"@type\":\"WebSite\",\"@id\":\"https:\/\/tallinndesignhouse.com\/#website\",\"url\":\"https:\/\/tallinndesignhouse.com\/\",\"name\":\"Tallinn Design House\",\"description\":\"Eesti disain Rotermanni kvartalis\",\"potentialAction\":[{\"@type\":\"SearchAction\",\"target\":{\"@type\":\"EntryPoint\",\"urlTemplate\":\"https:\/\/tallinndesignhouse.com\/?s={search_term_string}\"},\"query-input\":{\"@type\":\"PropertyValueSpecification\",\"valueRequired\":true,\"valueName\":\"search_term_string\"}}],\"inLanguage\":\"en-US\"}]}<\/script>\n<!-- \/ Yoast SEO plugin. -->","yoast_head_json":{"title":"JOIK White tea and neroli body lotion 150 ml - Tallinn Design House","description":"JOIK valge tee ja neroli kehakreem 150 ml. V\u00e4rske ja lillelise l\u00f5hnaga kreem imendub kiiresti, niisutab ja j\u00e4tab naha pehmeks ning imeliselt l\u00f5hnavaks.","robots":{"index":"index","follow":"follow","max-snippet":"max-snippet:-1","max-image-preview":"max-image-preview:large","max-video-preview":"max-video-preview:-1"},"canonical":"https:\/\/tallinndesignhouse.com\/toode\/valge-tee-ja-neroli-kehakreem-150-ml\/","og_locale":"en_US","og_type":"article","og_title":"JOIK White tea and neroli body lotion 150 ml - Tallinn Design House","og_description":"JOIK valge tee ja neroli kehakreem 150 ml. V\u00e4rske ja lillelise l\u00f5hnaga kreem imendub kiiresti, niisutab ja j\u00e4tab naha pehmeks ning imeliselt l\u00f5hnavaks.","og_url":"https:\/\/tallinndesignhouse.com\/toode\/valge-tee-ja-neroli-kehakreem-150-ml\/","og_site_name":"Tallinn Design House","article_modified_time":"2026-05-02T21:57:05+00:00","og_image":[{"width":1080,"height":1350,"url":"https:\/\/tallinndesignhouse.com\/wp-content\/uploads\/2024\/04\/JOIK-valge-tee-ja-neroli-kehakreem-150-ml.jpg","type":"image\/jpeg"}],"twitter_card":"summary_large_image","twitter_misc":{"Est. reading time":"1 minute"},"schema":{"@context":"https:\/\/schema.org","@graph":[{"@type":"WebPage","@id":"https:\/\/tallinndesignhouse.com\/toode\/valge-tee-ja-neroli-kehakreem-150-ml\/","url":"https:\/\/tallinndesignhouse.com\/toode\/valge-tee-ja-neroli-kehakreem-150-ml\/","name":"JOIK White tea and neroli body lotion 150 ml - Tallinn Design House","isPartOf":{"@id":"https:\/\/tallinndesignhouse.com\/#website"},"primaryImageOfPage":{"@id":"https:\/\/tallinndesignhouse.com\/toode\/valge-tee-ja-neroli-kehakreem-150-ml\/#primaryimage"},"image":{"@id":"https:\/\/tallinndesignhouse.com\/toode\/valge-tee-ja-neroli-kehakreem-150-ml\/#primaryimage"},"thumbnailUrl":"https:\/\/tallinndesignhouse.com\/wp-content\/uploads\/2024\/04\/JOIK-valge-tee-ja-neroli-kehakreem-150-ml.jpg","datePublished":"2024-10-23T05:05:14+00:00","dateModified":"2026-05-02T21:57:05+00:00","description":"JOIK valge tee ja neroli kehakreem 150 ml. V\u00e4rske ja lillelise l\u00f5hnaga kreem imendub kiiresti, niisutab ja j\u00e4tab naha pehmeks ning imeliselt l\u00f5hnavaks.","breadcrumb":{"@id":"https:\/\/tallinndesignhouse.com\/toode\/valge-tee-ja-neroli-kehakreem-150-ml\/#breadcrumb"},"inLanguage":"en-US","potentialAction":[{"@type":"ReadAction","target":["https:\/\/tallinndesignhouse.com\/toode\/valge-tee-ja-neroli-kehakreem-150-ml\/"]}]},{"@type":"ImageObject","inLanguage":"en-US","@id":"https:\/\/tallinndesignhouse.com\/toode\/valge-tee-ja-neroli-kehakreem-150-ml\/#primaryimage","url":"https:\/\/tallinndesignhouse.com\/wp-content\/uploads\/2024\/04\/JOIK-valge-tee-ja-neroli-kehakreem-150-ml.jpg","contentUrl":"https:\/\/tallinndesignhouse.com\/wp-content\/uploads\/2024\/04\/JOIK-valge-tee-ja-neroli-kehakreem-150-ml.jpg","width":1080,"height":1350,"caption":"JOIK valge tee ja neroli kehakreem 150 ml"},{"@type":"BreadcrumbList","@id":"https:\/\/tallinndesignhouse.com\/toode\/valge-tee-ja-neroli-kehakreem-150-ml\/#breadcrumb","itemListElement":[{"@type":"ListItem","position":1,"name":"Home","item":"https:\/\/tallinndesignhouse.com\/en\/"},{"@type":"ListItem","position":2,"name":"Shop","item":"https:\/\/tallinndesignhouse.com\/en\/shop\/"},{"@type":"ListItem","position":3,"name":"White tea and neroli body lotion 150 ml"}]},{"@type":"WebSite","@id":"https:\/\/tallinndesignhouse.com\/#website","url":"https:\/\/tallinndesignhouse.com\/","name":"Tallinn Design House","description":"Eesti disain Rotermanni kvartalis","potentialAction":[{"@type":"SearchAction","target":{"@type":"EntryPoint","urlTemplate":"https:\/\/tallinndesignhouse.com\/?s={search_term_string}"},"query-input":{"@type":"PropertyValueSpecification","valueRequired":true,"valueName":"search_term_string"}}],"inLanguage":"en-US"}]}},"_links":{"self":[{"href":"https:\/\/tallinndesignhouse.com\/en\/wp-json\/wp\/v2\/product\/3361731","targetHints":{"allow":["GET"]}}],"collection":[{"href":"https:\/\/tallinndesignhouse.com\/en\/wp-json\/wp\/v2\/product"}],"about":[{"href":"https:\/\/tallinndesignhouse.com\/en\/wp-json\/wp\/v2\/types\/product"}],"wp:featuredmedia":[{"embeddable":true,"href":"https:\/\/tallinndesignhouse.com\/en\/wp-json\/wp\/v2\/media\/3361715"}],"wp:attachment":[{"href":"https:\/\/tallinndesignhouse.com\/en\/wp-json\/wp\/v2\/media?parent=3361731"}],"wp:term":[{"taxonomy":"product_brand","embeddable":true,"href":"https:\/\/tallinndesignhouse.com\/en\/wp-json\/wp\/v2\/product_brand?post=3361731"},{"taxonomy":"product_cat","embeddable":true,"href":"https:\/\/tallinndesignhouse.com\/en\/wp-json\/wp\/v2\/product_cat?post=3361731"},{"taxonomy":"product_tag","embeddable":true,"href":"https:\/\/tallinndesignhouse.com\/en\/wp-json\/wp\/v2\/product_tag?post=3361731"}],"curies":[{"name":"wp","href":"https:\/\/api.w.org\/{rel}","templated":true}]}}