{"id":3361759,"date":"2024-10-23T08:20:07","date_gmt":"2024-10-23T05:20:07","guid":{"rendered":"https:\/\/tallinndesignhouse.com\/toode\/kott-roma\/"},"modified":"2026-04-18T10:50:06","modified_gmt":"2026-04-18T07:50:06","slug":"kott-roma","status":"publish","type":"product","link":"https:\/\/tallinndesignhouse.com\/en\/toode\/kott-roma\/","title":{"rendered":"ROMA bag"},"content":{"rendered":"<p>ROMA bag by Gerda Retter is made of soft cowhide. The strap is adjustable and removable. Dimensions of the bag 18.5 x16.5 cm, sides 6.5 cm (top) and 8cm (bottom). Dimension of the strap: 100-136 cm. Material: Italian cowhide.<\/p>\n","protected":false},"excerpt":{"rendered":"<p>ROMA bag by Gerda Retter is made of soft cowhide. The strap is adjustable and removable. Dimensions of the bag 18.5 x16.5 cm, sides 6.5 cm (top) and 8cm (bottom). Dimension of the strap: 100-136 cm. Material: Italian cowhide.<\/p>\n","protected":false},"featured_media":3361748,"template":"","meta":{"_acf_changed":false},"product_brand":[],"product_cat":[877,113],"product_tag":[2818],"class_list":{"0":"post-3361759","1":"product","2":"type-product","3":"status-publish","4":"has-post-thumbnail","6":"product_cat-kotid","7":"product_cat-aksessuaarid","8":"product_tag-naised","9":"pa_brand-gerda-retter-design","11":"pa_kingiidee-jah","13":"pa_varv-karamell","14":"pa_varv-tumehall","18":"first","19":"instock","20":"taxable","21":"shipping-taxable","22":"purchasable","23":"product-type-variable"},"acf":[],"yoast_head":"<!-- This site is optimized with the Yoast SEO plugin v26.0 - https:\/\/yoast.com\/wordpress\/plugins\/seo\/ -->\n<title>Gerda Retter ROMA bag - Tallinn Design House<\/title>\n<meta name=\"description\" content=\"Gerda Retter kott Roma. Koti m\u00f5\u00f5dud 18,5 x 16,5 cm, k\u00fcljed 6,5 cm (\u00fcleval) ja 8 cm (alumine). Rihma m\u00f5\u00f5tmed: 100-136 cm. Materjal: Itaalia lehmanahk.\" \/>\n<meta name=\"robots\" content=\"index, follow, max-snippet:-1, max-image-preview:large, max-video-preview:-1\" \/>\n<link rel=\"canonical\" href=\"https:\/\/tallinndesignhouse.com\/toode\/kott-roma\/\" \/>\n<meta property=\"og:locale\" content=\"en_US\" \/>\n<meta property=\"og:type\" content=\"article\" \/>\n<meta property=\"og:title\" content=\"Gerda Retter ROMA bag - Tallinn Design House\" \/>\n<meta property=\"og:description\" content=\"Gerda Retter kott Roma. Koti m\u00f5\u00f5dud 18,5 x 16,5 cm, k\u00fcljed 6,5 cm (\u00fcleval) ja 8 cm (alumine). Rihma m\u00f5\u00f5tmed: 100-136 cm. Materjal: Itaalia lehmanahk.\" \/>\n<meta property=\"og:url\" content=\"https:\/\/tallinndesignhouse.com\/toode\/kott-roma\/\" \/>\n<meta property=\"og:site_name\" content=\"Tallinn Design House\" \/>\n<meta property=\"article:modified_time\" content=\"2026-04-18T07:50:06+00:00\" \/>\n<meta property=\"og:image\" content=\"https:\/\/tallinndesignhouse.com\/wp-content\/uploads\/2024\/10\/Gerda-Retter-kott-Roma-must.jpg\" \/>\n\t<meta property=\"og:image:width\" content=\"1080\" \/>\n\t<meta property=\"og:image:height\" content=\"1350\" \/>\n\t<meta property=\"og:image:type\" content=\"image\/jpeg\" \/>\n<meta name=\"twitter:card\" content=\"summary_large_image\" \/>\n<script type=\"application\/ld+json\" class=\"yoast-schema-graph\">{\"@context\":\"https:\/\/schema.org\",\"@graph\":[{\"@type\":\"WebPage\",\"@id\":\"https:\/\/tallinndesignhouse.com\/toode\/kott-roma\/\",\"url\":\"https:\/\/tallinndesignhouse.com\/toode\/kott-roma\/\",\"name\":\"Gerda Retter ROMA bag - Tallinn Design House\",\"isPartOf\":{\"@id\":\"https:\/\/tallinndesignhouse.com\/#website\"},\"primaryImageOfPage\":{\"@id\":\"https:\/\/tallinndesignhouse.com\/toode\/kott-roma\/#primaryimage\"},\"image\":{\"@id\":\"https:\/\/tallinndesignhouse.com\/toode\/kott-roma\/#primaryimage\"},\"thumbnailUrl\":\"https:\/\/tallinndesignhouse.com\/wp-content\/uploads\/2024\/10\/Gerda-Retter-kott-Roma-must.jpg\",\"datePublished\":\"2024-10-23T05:20:07+00:00\",\"dateModified\":\"2026-04-18T07:50:06+00:00\",\"description\":\"Gerda Retter kott Roma. Koti m\u00f5\u00f5dud 18,5 x 16,5 cm, k\u00fcljed 6,5 cm (\u00fcleval) ja 8 cm (alumine). Rihma m\u00f5\u00f5tmed: 100-136 cm. Materjal: Itaalia lehmanahk.\",\"breadcrumb\":{\"@id\":\"https:\/\/tallinndesignhouse.com\/toode\/kott-roma\/#breadcrumb\"},\"inLanguage\":\"en-US\",\"potentialAction\":[{\"@type\":\"ReadAction\",\"target\":[\"https:\/\/tallinndesignhouse.com\/toode\/kott-roma\/\"]}]},{\"@type\":\"ImageObject\",\"inLanguage\":\"en-US\",\"@id\":\"https:\/\/tallinndesignhouse.com\/toode\/kott-roma\/#primaryimage\",\"url\":\"https:\/\/tallinndesignhouse.com\/wp-content\/uploads\/2024\/10\/Gerda-Retter-kott-Roma-must.jpg\",\"contentUrl\":\"https:\/\/tallinndesignhouse.com\/wp-content\/uploads\/2024\/10\/Gerda-Retter-kott-Roma-must.jpg\",\"width\":1080,\"height\":1350,\"caption\":\"Gerda Retter kott Roma must\"},{\"@type\":\"BreadcrumbList\",\"@id\":\"https:\/\/tallinndesignhouse.com\/toode\/kott-roma\/#breadcrumb\",\"itemListElement\":[{\"@type\":\"ListItem\",\"position\":1,\"name\":\"Home\",\"item\":\"https:\/\/tallinndesignhouse.com\/en\/\"},{\"@type\":\"ListItem\",\"position\":2,\"name\":\"Shop\",\"item\":\"https:\/\/tallinndesignhouse.com\/en\/shop\/\"},{\"@type\":\"ListItem\",\"position\":3,\"name\":\"ROMA bag\"}]},{\"@type\":\"WebSite\",\"@id\":\"https:\/\/tallinndesignhouse.com\/#website\",\"url\":\"https:\/\/tallinndesignhouse.com\/\",\"name\":\"Tallinn Design House\",\"description\":\"Eesti disain Rotermanni kvartalis\",\"potentialAction\":[{\"@type\":\"SearchAction\",\"target\":{\"@type\":\"EntryPoint\",\"urlTemplate\":\"https:\/\/tallinndesignhouse.com\/?s={search_term_string}\"},\"query-input\":{\"@type\":\"PropertyValueSpecification\",\"valueRequired\":true,\"valueName\":\"search_term_string\"}}],\"inLanguage\":\"en-US\"}]}<\/script>\n<!-- \/ Yoast SEO plugin. -->","yoast_head_json":{"title":"Gerda Retter ROMA bag - Tallinn Design House","description":"Gerda Retter kott Roma. Koti m\u00f5\u00f5dud 18,5 x 16,5 cm, k\u00fcljed 6,5 cm (\u00fcleval) ja 8 cm (alumine). Rihma m\u00f5\u00f5tmed: 100-136 cm. Materjal: Itaalia lehmanahk.","robots":{"index":"index","follow":"follow","max-snippet":"max-snippet:-1","max-image-preview":"max-image-preview:large","max-video-preview":"max-video-preview:-1"},"canonical":"https:\/\/tallinndesignhouse.com\/toode\/kott-roma\/","og_locale":"en_US","og_type":"article","og_title":"Gerda Retter ROMA bag - Tallinn Design House","og_description":"Gerda Retter kott Roma. Koti m\u00f5\u00f5dud 18,5 x 16,5 cm, k\u00fcljed 6,5 cm (\u00fcleval) ja 8 cm (alumine). Rihma m\u00f5\u00f5tmed: 100-136 cm. Materjal: Itaalia lehmanahk.","og_url":"https:\/\/tallinndesignhouse.com\/toode\/kott-roma\/","og_site_name":"Tallinn Design House","article_modified_time":"2026-04-18T07:50:06+00:00","og_image":[{"width":1080,"height":1350,"url":"https:\/\/tallinndesignhouse.com\/wp-content\/uploads\/2024\/10\/Gerda-Retter-kott-Roma-must.jpg","type":"image\/jpeg"}],"twitter_card":"summary_large_image","schema":{"@context":"https:\/\/schema.org","@graph":[{"@type":"WebPage","@id":"https:\/\/tallinndesignhouse.com\/toode\/kott-roma\/","url":"https:\/\/tallinndesignhouse.com\/toode\/kott-roma\/","name":"Gerda Retter ROMA bag - Tallinn Design House","isPartOf":{"@id":"https:\/\/tallinndesignhouse.com\/#website"},"primaryImageOfPage":{"@id":"https:\/\/tallinndesignhouse.com\/toode\/kott-roma\/#primaryimage"},"image":{"@id":"https:\/\/tallinndesignhouse.com\/toode\/kott-roma\/#primaryimage"},"thumbnailUrl":"https:\/\/tallinndesignhouse.com\/wp-content\/uploads\/2024\/10\/Gerda-Retter-kott-Roma-must.jpg","datePublished":"2024-10-23T05:20:07+00:00","dateModified":"2026-04-18T07:50:06+00:00","description":"Gerda Retter kott Roma. Koti m\u00f5\u00f5dud 18,5 x 16,5 cm, k\u00fcljed 6,5 cm (\u00fcleval) ja 8 cm (alumine). Rihma m\u00f5\u00f5tmed: 100-136 cm. Materjal: Itaalia lehmanahk.","breadcrumb":{"@id":"https:\/\/tallinndesignhouse.com\/toode\/kott-roma\/#breadcrumb"},"inLanguage":"en-US","potentialAction":[{"@type":"ReadAction","target":["https:\/\/tallinndesignhouse.com\/toode\/kott-roma\/"]}]},{"@type":"ImageObject","inLanguage":"en-US","@id":"https:\/\/tallinndesignhouse.com\/toode\/kott-roma\/#primaryimage","url":"https:\/\/tallinndesignhouse.com\/wp-content\/uploads\/2024\/10\/Gerda-Retter-kott-Roma-must.jpg","contentUrl":"https:\/\/tallinndesignhouse.com\/wp-content\/uploads\/2024\/10\/Gerda-Retter-kott-Roma-must.jpg","width":1080,"height":1350,"caption":"Gerda Retter kott Roma must"},{"@type":"BreadcrumbList","@id":"https:\/\/tallinndesignhouse.com\/toode\/kott-roma\/#breadcrumb","itemListElement":[{"@type":"ListItem","position":1,"name":"Home","item":"https:\/\/tallinndesignhouse.com\/en\/"},{"@type":"ListItem","position":2,"name":"Shop","item":"https:\/\/tallinndesignhouse.com\/en\/shop\/"},{"@type":"ListItem","position":3,"name":"ROMA bag"}]},{"@type":"WebSite","@id":"https:\/\/tallinndesignhouse.com\/#website","url":"https:\/\/tallinndesignhouse.com\/","name":"Tallinn Design House","description":"Eesti disain Rotermanni kvartalis","potentialAction":[{"@type":"SearchAction","target":{"@type":"EntryPoint","urlTemplate":"https:\/\/tallinndesignhouse.com\/?s={search_term_string}"},"query-input":{"@type":"PropertyValueSpecification","valueRequired":true,"valueName":"search_term_string"}}],"inLanguage":"en-US"}]}},"_links":{"self":[{"href":"https:\/\/tallinndesignhouse.com\/en\/wp-json\/wp\/v2\/product\/3361759","targetHints":{"allow":["GET"]}}],"collection":[{"href":"https:\/\/tallinndesignhouse.com\/en\/wp-json\/wp\/v2\/product"}],"about":[{"href":"https:\/\/tallinndesignhouse.com\/en\/wp-json\/wp\/v2\/types\/product"}],"wp:featuredmedia":[{"embeddable":true,"href":"https:\/\/tallinndesignhouse.com\/en\/wp-json\/wp\/v2\/media\/3361748"}],"wp:attachment":[{"href":"https:\/\/tallinndesignhouse.com\/en\/wp-json\/wp\/v2\/media?parent=3361759"}],"wp:term":[{"taxonomy":"product_brand","embeddable":true,"href":"https:\/\/tallinndesignhouse.com\/en\/wp-json\/wp\/v2\/product_brand?post=3361759"},{"taxonomy":"product_cat","embeddable":true,"href":"https:\/\/tallinndesignhouse.com\/en\/wp-json\/wp\/v2\/product_cat?post=3361759"},{"taxonomy":"product_tag","embeddable":true,"href":"https:\/\/tallinndesignhouse.com\/en\/wp-json\/wp\/v2\/product_tag?post=3361759"}],"curies":[{"name":"wp","href":"https:\/\/api.w.org\/{rel}","templated":true}]}}