{"id":3361828,"date":"2024-10-28T18:20:21","date_gmt":"2024-10-28T16:20:21","guid":{"rendered":"https:\/\/tallinndesignhouse.com\/toode\/sormus-maa-hall\/"},"modified":"2026-05-02T01:00:13","modified_gmt":"2026-05-01T22:00:13","slug":"sormus-maa-hall","status":"publish","type":"product","link":"https:\/\/tallinndesignhouse.com\/en\/toode\/sormus-maa-hall\/","title":{"rendered":"Earth ring grey gold"},"content":{"rendered":"<p>Double eternity ring with abstract stone by By Mer. Complete your look with this unique piece. Beautiful Earth ring has an organic texture achieved by the hammering technique. Made of 925 recycled silver or silver base with 18K gold plate finish. Hand-\u0455elected bog stone from the Estonian island of Saaremaa. Please note that each stone as a natural product has its own unique size, colour and pattern. Ring thickness 1.5 mm. Weight: 6.1 g. Size 8.<\/p>\n","protected":false},"excerpt":{"rendered":"<p>Double eternity ring with abstract stone by By Mer. Complete your look with this unique piece. Beautiful Earth ring has an organic texture achieved by the hammering technique. Made of 925 recycled silver or silver base with 18K gold plate finish. Hand-\u0455elected bog stone from the Estonian island of Saaremaa. Please note that each stone [&hellip;]<\/p>\n","protected":false},"featured_media":3361832,"template":"","meta":{"_acf_changed":false},"product_brand":[],"product_cat":[891,116],"product_tag":[2818],"class_list":{"0":"post-3361828","1":"product","2":"type-product","3":"status-publish","4":"has-post-thumbnail","6":"product_cat-sormused","7":"product_cat-ehted","8":"product_tag-naised","9":"pa_brand-by-mer","12":"first","13":"instock","14":"taxable","15":"shipping-taxable","16":"purchasable","17":"product-type-simple"},"acf":[],"yoast_head":"<!-- This site is optimized with the Yoast SEO plugin v26.0 - https:\/\/yoast.com\/wordpress\/plugins\/seo\/ -->\n<title>By Mer Earth ring grey gold - Tallinn Design House<\/title>\n<meta name=\"description\" content=\"By Mer s\u00f5rmus Maa hall. K\u00e4sitsi valitud Saaremaa rabakivi. Iga kivi kui looduslik element on kordumatu oma suuruse, v\u00e4rvi ja mustri poolest.\" \/>\n<meta name=\"robots\" content=\"index, follow, max-snippet:-1, max-image-preview:large, max-video-preview:-1\" \/>\n<link rel=\"canonical\" href=\"https:\/\/tallinndesignhouse.com\/toode\/sormus-maa-hall\/\" \/>\n<meta property=\"og:locale\" content=\"en_US\" \/>\n<meta property=\"og:type\" content=\"article\" \/>\n<meta property=\"og:title\" content=\"By Mer Earth ring grey gold - Tallinn Design House\" \/>\n<meta property=\"og:description\" content=\"By Mer s\u00f5rmus Maa hall. K\u00e4sitsi valitud Saaremaa rabakivi. Iga kivi kui looduslik element on kordumatu oma suuruse, v\u00e4rvi ja mustri poolest.\" \/>\n<meta property=\"og:url\" content=\"https:\/\/tallinndesignhouse.com\/toode\/sormus-maa-hall\/\" \/>\n<meta property=\"og:site_name\" content=\"Tallinn Design House\" \/>\n<meta property=\"article:modified_time\" content=\"2026-05-01T22:00:13+00:00\" \/>\n<meta property=\"og:image\" content=\"https:\/\/tallinndesignhouse.com\/wp-content\/uploads\/2024\/10\/By-Mer-sormus-Maa-hall-kuld.jpg\" \/>\n\t<meta property=\"og:image:width\" content=\"1080\" \/>\n\t<meta property=\"og:image:height\" content=\"1350\" \/>\n\t<meta property=\"og:image:type\" content=\"image\/jpeg\" \/>\n<meta name=\"twitter:card\" content=\"summary_large_image\" \/>\n<script type=\"application\/ld+json\" class=\"yoast-schema-graph\">{\"@context\":\"https:\/\/schema.org\",\"@graph\":[{\"@type\":\"WebPage\",\"@id\":\"https:\/\/tallinndesignhouse.com\/toode\/sormus-maa-hall\/\",\"url\":\"https:\/\/tallinndesignhouse.com\/toode\/sormus-maa-hall\/\",\"name\":\"By Mer Earth ring grey gold - Tallinn Design House\",\"isPartOf\":{\"@id\":\"https:\/\/tallinndesignhouse.com\/#website\"},\"primaryImageOfPage\":{\"@id\":\"https:\/\/tallinndesignhouse.com\/toode\/sormus-maa-hall\/#primaryimage\"},\"image\":{\"@id\":\"https:\/\/tallinndesignhouse.com\/toode\/sormus-maa-hall\/#primaryimage\"},\"thumbnailUrl\":\"https:\/\/tallinndesignhouse.com\/wp-content\/uploads\/2024\/10\/By-Mer-sormus-Maa-hall-kuld.jpg\",\"datePublished\":\"2024-10-28T16:20:21+00:00\",\"dateModified\":\"2026-05-01T22:00:13+00:00\",\"description\":\"By Mer s\u00f5rmus Maa hall. K\u00e4sitsi valitud Saaremaa rabakivi. Iga kivi kui looduslik element on kordumatu oma suuruse, v\u00e4rvi ja mustri poolest.\",\"breadcrumb\":{\"@id\":\"https:\/\/tallinndesignhouse.com\/toode\/sormus-maa-hall\/#breadcrumb\"},\"inLanguage\":\"en-US\",\"potentialAction\":[{\"@type\":\"ReadAction\",\"target\":[\"https:\/\/tallinndesignhouse.com\/toode\/sormus-maa-hall\/\"]}]},{\"@type\":\"ImageObject\",\"inLanguage\":\"en-US\",\"@id\":\"https:\/\/tallinndesignhouse.com\/toode\/sormus-maa-hall\/#primaryimage\",\"url\":\"https:\/\/tallinndesignhouse.com\/wp-content\/uploads\/2024\/10\/By-Mer-sormus-Maa-hall-kuld.jpg\",\"contentUrl\":\"https:\/\/tallinndesignhouse.com\/wp-content\/uploads\/2024\/10\/By-Mer-sormus-Maa-hall-kuld.jpg\",\"width\":1080,\"height\":1350,\"caption\":\"By Mer so\u0303rmus Maa hall kuld\"},{\"@type\":\"BreadcrumbList\",\"@id\":\"https:\/\/tallinndesignhouse.com\/toode\/sormus-maa-hall\/#breadcrumb\",\"itemListElement\":[{\"@type\":\"ListItem\",\"position\":1,\"name\":\"Home\",\"item\":\"https:\/\/tallinndesignhouse.com\/en\/\"},{\"@type\":\"ListItem\",\"position\":2,\"name\":\"Shop\",\"item\":\"https:\/\/tallinndesignhouse.com\/en\/shop\/\"},{\"@type\":\"ListItem\",\"position\":3,\"name\":\"Earth ring grey gold\"}]},{\"@type\":\"WebSite\",\"@id\":\"https:\/\/tallinndesignhouse.com\/#website\",\"url\":\"https:\/\/tallinndesignhouse.com\/\",\"name\":\"Tallinn Design House\",\"description\":\"Eesti disain Rotermanni kvartalis\",\"potentialAction\":[{\"@type\":\"SearchAction\",\"target\":{\"@type\":\"EntryPoint\",\"urlTemplate\":\"https:\/\/tallinndesignhouse.com\/?s={search_term_string}\"},\"query-input\":{\"@type\":\"PropertyValueSpecification\",\"valueRequired\":true,\"valueName\":\"search_term_string\"}}],\"inLanguage\":\"en-US\"}]}<\/script>\n<!-- \/ Yoast SEO plugin. -->","yoast_head_json":{"title":"By Mer Earth ring grey gold - Tallinn Design House","description":"By Mer s\u00f5rmus Maa hall. K\u00e4sitsi valitud Saaremaa rabakivi. Iga kivi kui looduslik element on kordumatu oma suuruse, v\u00e4rvi ja mustri poolest.","robots":{"index":"index","follow":"follow","max-snippet":"max-snippet:-1","max-image-preview":"max-image-preview:large","max-video-preview":"max-video-preview:-1"},"canonical":"https:\/\/tallinndesignhouse.com\/toode\/sormus-maa-hall\/","og_locale":"en_US","og_type":"article","og_title":"By Mer Earth ring grey gold - Tallinn Design House","og_description":"By Mer s\u00f5rmus Maa hall. K\u00e4sitsi valitud Saaremaa rabakivi. Iga kivi kui looduslik element on kordumatu oma suuruse, v\u00e4rvi ja mustri poolest.","og_url":"https:\/\/tallinndesignhouse.com\/toode\/sormus-maa-hall\/","og_site_name":"Tallinn Design House","article_modified_time":"2026-05-01T22:00:13+00:00","og_image":[{"width":1080,"height":1350,"url":"https:\/\/tallinndesignhouse.com\/wp-content\/uploads\/2024\/10\/By-Mer-sormus-Maa-hall-kuld.jpg","type":"image\/jpeg"}],"twitter_card":"summary_large_image","schema":{"@context":"https:\/\/schema.org","@graph":[{"@type":"WebPage","@id":"https:\/\/tallinndesignhouse.com\/toode\/sormus-maa-hall\/","url":"https:\/\/tallinndesignhouse.com\/toode\/sormus-maa-hall\/","name":"By Mer Earth ring grey gold - Tallinn Design House","isPartOf":{"@id":"https:\/\/tallinndesignhouse.com\/#website"},"primaryImageOfPage":{"@id":"https:\/\/tallinndesignhouse.com\/toode\/sormus-maa-hall\/#primaryimage"},"image":{"@id":"https:\/\/tallinndesignhouse.com\/toode\/sormus-maa-hall\/#primaryimage"},"thumbnailUrl":"https:\/\/tallinndesignhouse.com\/wp-content\/uploads\/2024\/10\/By-Mer-sormus-Maa-hall-kuld.jpg","datePublished":"2024-10-28T16:20:21+00:00","dateModified":"2026-05-01T22:00:13+00:00","description":"By Mer s\u00f5rmus Maa hall. K\u00e4sitsi valitud Saaremaa rabakivi. Iga kivi kui looduslik element on kordumatu oma suuruse, v\u00e4rvi ja mustri poolest.","breadcrumb":{"@id":"https:\/\/tallinndesignhouse.com\/toode\/sormus-maa-hall\/#breadcrumb"},"inLanguage":"en-US","potentialAction":[{"@type":"ReadAction","target":["https:\/\/tallinndesignhouse.com\/toode\/sormus-maa-hall\/"]}]},{"@type":"ImageObject","inLanguage":"en-US","@id":"https:\/\/tallinndesignhouse.com\/toode\/sormus-maa-hall\/#primaryimage","url":"https:\/\/tallinndesignhouse.com\/wp-content\/uploads\/2024\/10\/By-Mer-sormus-Maa-hall-kuld.jpg","contentUrl":"https:\/\/tallinndesignhouse.com\/wp-content\/uploads\/2024\/10\/By-Mer-sormus-Maa-hall-kuld.jpg","width":1080,"height":1350,"caption":"By Mer so\u0303rmus Maa hall kuld"},{"@type":"BreadcrumbList","@id":"https:\/\/tallinndesignhouse.com\/toode\/sormus-maa-hall\/#breadcrumb","itemListElement":[{"@type":"ListItem","position":1,"name":"Home","item":"https:\/\/tallinndesignhouse.com\/en\/"},{"@type":"ListItem","position":2,"name":"Shop","item":"https:\/\/tallinndesignhouse.com\/en\/shop\/"},{"@type":"ListItem","position":3,"name":"Earth ring grey gold"}]},{"@type":"WebSite","@id":"https:\/\/tallinndesignhouse.com\/#website","url":"https:\/\/tallinndesignhouse.com\/","name":"Tallinn Design House","description":"Eesti disain Rotermanni kvartalis","potentialAction":[{"@type":"SearchAction","target":{"@type":"EntryPoint","urlTemplate":"https:\/\/tallinndesignhouse.com\/?s={search_term_string}"},"query-input":{"@type":"PropertyValueSpecification","valueRequired":true,"valueName":"search_term_string"}}],"inLanguage":"en-US"}]}},"_links":{"self":[{"href":"https:\/\/tallinndesignhouse.com\/en\/wp-json\/wp\/v2\/product\/3361828","targetHints":{"allow":["GET"]}}],"collection":[{"href":"https:\/\/tallinndesignhouse.com\/en\/wp-json\/wp\/v2\/product"}],"about":[{"href":"https:\/\/tallinndesignhouse.com\/en\/wp-json\/wp\/v2\/types\/product"}],"wp:featuredmedia":[{"embeddable":true,"href":"https:\/\/tallinndesignhouse.com\/en\/wp-json\/wp\/v2\/media\/3361832"}],"wp:attachment":[{"href":"https:\/\/tallinndesignhouse.com\/en\/wp-json\/wp\/v2\/media?parent=3361828"}],"wp:term":[{"taxonomy":"product_brand","embeddable":true,"href":"https:\/\/tallinndesignhouse.com\/en\/wp-json\/wp\/v2\/product_brand?post=3361828"},{"taxonomy":"product_cat","embeddable":true,"href":"https:\/\/tallinndesignhouse.com\/en\/wp-json\/wp\/v2\/product_cat?post=3361828"},{"taxonomy":"product_tag","embeddable":true,"href":"https:\/\/tallinndesignhouse.com\/en\/wp-json\/wp\/v2\/product_tag?post=3361828"}],"curies":[{"name":"wp","href":"https:\/\/api.w.org\/{rel}","templated":true}]}}