{"id":3361843,"date":"2024-10-28T19:05:23","date_gmt":"2024-10-28T17:05:23","guid":{"rendered":"https:\/\/tallinndesignhouse.com\/toode\/korvarongad-horisont-helehall-kullatud\/"},"modified":"2026-05-02T01:00:12","modified_gmt":"2026-05-01T22:00:12","slug":"korvarongad-horisont-helehall-kullatud","status":"publish","type":"product","link":"https:\/\/tallinndesignhouse.com\/en\/toode\/korvarongad-horisont-helehall-kullatud\/","title":{"rendered":"Horizon earrings light grey gold plated"},"content":{"rendered":"<p>These Horizon earrings by By Mer make a statement like no other. Featuring gorgeous bog stones with light chains that melt into the ocean-inspired design, they can be worn as either simple stones or with removable, hand-carved wire chains. Perfect for lovers of luxury and beauty, these earrings measure 8cm for the chain and 10cm overall. Create your own perfect horizon. Made of 925 recycled silver base with 18K gold plate finish. Hand-\u0455elected bog stone from the Estonian island of Saaremaa. Please note that each stone as a natural product has its own unique size, colour and pattern. The earring is 10 cm long (of which the chain with textured wire is 8 cm). Earrings come in pairs. Weight: 14 g per earring,<\/p>\n","protected":false},"excerpt":{"rendered":"<p>These Horizon earrings by By Mer make a statement like no other. Featuring gorgeous bog stones with light chains that melt into the ocean-inspired design, they can be worn as either simple stones or with removable, hand-carved wire chains. Perfect for lovers of luxury and beauty, these earrings measure 8cm for the chain and 10cm [&hellip;]<\/p>\n","protected":false},"featured_media":3361855,"template":"","meta":{"_acf_changed":false},"product_brand":[],"product_cat":[876,116],"product_tag":[2818],"class_list":{"0":"post-3361843","1":"product","2":"type-product","3":"status-publish","4":"has-post-thumbnail","6":"product_cat-korvarongad","7":"product_cat-ehted","8":"product_tag-naised","9":"pa_brand-by-mer","12":"first","13":"instock","14":"taxable","15":"shipping-taxable","16":"purchasable","17":"product-type-simple"},"acf":[],"yoast_head":"<!-- This site is optimized with the Yoast SEO plugin v26.0 - https:\/\/yoast.com\/wordpress\/plugins\/seo\/ -->\n<title>By Mer Horizon earrings light grey gold plated - Tallinn Design House<\/title>\n<meta name=\"description\" content=\"By Mer k\u00f5rvar\u00f5ngad Horisont helehall kullatud. Kerged ja naiselikud. Valmistatud 925 prooviga \u00fcmbert\u00f6\u00f6deldud h\u00f5bedast, kaetud 18k kullaga.\" \/>\n<meta name=\"robots\" content=\"index, follow, max-snippet:-1, max-image-preview:large, max-video-preview:-1\" \/>\n<link rel=\"canonical\" href=\"https:\/\/tallinndesignhouse.com\/toode\/korvarongad-horisont-helehall-kullatud\/\" \/>\n<meta property=\"og:locale\" content=\"en_US\" \/>\n<meta property=\"og:type\" content=\"article\" \/>\n<meta property=\"og:title\" content=\"By Mer Horizon earrings light grey gold plated - Tallinn Design House\" \/>\n<meta property=\"og:description\" content=\"By Mer k\u00f5rvar\u00f5ngad Horisont helehall kullatud. Kerged ja naiselikud. Valmistatud 925 prooviga \u00fcmbert\u00f6\u00f6deldud h\u00f5bedast, kaetud 18k kullaga.\" \/>\n<meta property=\"og:url\" content=\"https:\/\/tallinndesignhouse.com\/toode\/korvarongad-horisont-helehall-kullatud\/\" \/>\n<meta property=\"og:site_name\" content=\"Tallinn Design House\" \/>\n<meta property=\"article:modified_time\" content=\"2026-05-01T22:00:12+00:00\" \/>\n<meta property=\"og:image\" content=\"https:\/\/tallinndesignhouse.com\/wp-content\/uploads\/2024\/10\/By-Mer-korvarongad-Horisont-helehall-kullatud.jpg\" \/>\n\t<meta property=\"og:image:width\" content=\"1080\" \/>\n\t<meta property=\"og:image:height\" content=\"1350\" \/>\n\t<meta property=\"og:image:type\" content=\"image\/jpeg\" \/>\n<meta name=\"twitter:card\" content=\"summary_large_image\" \/>\n<meta name=\"twitter:label1\" content=\"Est. reading time\" \/>\n\t<meta name=\"twitter:data1\" content=\"1 minute\" \/>\n<script type=\"application\/ld+json\" class=\"yoast-schema-graph\">{\"@context\":\"https:\/\/schema.org\",\"@graph\":[{\"@type\":\"WebPage\",\"@id\":\"https:\/\/tallinndesignhouse.com\/toode\/korvarongad-horisont-helehall-kullatud\/\",\"url\":\"https:\/\/tallinndesignhouse.com\/toode\/korvarongad-horisont-helehall-kullatud\/\",\"name\":\"By Mer Horizon earrings light grey gold plated - Tallinn Design House\",\"isPartOf\":{\"@id\":\"https:\/\/tallinndesignhouse.com\/#website\"},\"primaryImageOfPage\":{\"@id\":\"https:\/\/tallinndesignhouse.com\/toode\/korvarongad-horisont-helehall-kullatud\/#primaryimage\"},\"image\":{\"@id\":\"https:\/\/tallinndesignhouse.com\/toode\/korvarongad-horisont-helehall-kullatud\/#primaryimage\"},\"thumbnailUrl\":\"https:\/\/tallinndesignhouse.com\/wp-content\/uploads\/2024\/10\/By-Mer-korvarongad-Horisont-helehall-kullatud.jpg\",\"datePublished\":\"2024-10-28T17:05:23+00:00\",\"dateModified\":\"2026-05-01T22:00:12+00:00\",\"description\":\"By Mer k\u00f5rvar\u00f5ngad Horisont helehall kullatud. Kerged ja naiselikud. Valmistatud 925 prooviga \u00fcmbert\u00f6\u00f6deldud h\u00f5bedast, kaetud 18k kullaga.\",\"breadcrumb\":{\"@id\":\"https:\/\/tallinndesignhouse.com\/toode\/korvarongad-horisont-helehall-kullatud\/#breadcrumb\"},\"inLanguage\":\"en-US\",\"potentialAction\":[{\"@type\":\"ReadAction\",\"target\":[\"https:\/\/tallinndesignhouse.com\/toode\/korvarongad-horisont-helehall-kullatud\/\"]}]},{\"@type\":\"ImageObject\",\"inLanguage\":\"en-US\",\"@id\":\"https:\/\/tallinndesignhouse.com\/toode\/korvarongad-horisont-helehall-kullatud\/#primaryimage\",\"url\":\"https:\/\/tallinndesignhouse.com\/wp-content\/uploads\/2024\/10\/By-Mer-korvarongad-Horisont-helehall-kullatud.jpg\",\"contentUrl\":\"https:\/\/tallinndesignhouse.com\/wp-content\/uploads\/2024\/10\/By-Mer-korvarongad-Horisont-helehall-kullatud.jpg\",\"width\":1080,\"height\":1350,\"caption\":\"By Mer ko\u0303rvaro\u0303ngad Horisont helehall kullatud\"},{\"@type\":\"BreadcrumbList\",\"@id\":\"https:\/\/tallinndesignhouse.com\/toode\/korvarongad-horisont-helehall-kullatud\/#breadcrumb\",\"itemListElement\":[{\"@type\":\"ListItem\",\"position\":1,\"name\":\"Home\",\"item\":\"https:\/\/tallinndesignhouse.com\/en\/\"},{\"@type\":\"ListItem\",\"position\":2,\"name\":\"Shop\",\"item\":\"https:\/\/tallinndesignhouse.com\/en\/shop\/\"},{\"@type\":\"ListItem\",\"position\":3,\"name\":\"Horizon earrings light grey gold plated\"}]},{\"@type\":\"WebSite\",\"@id\":\"https:\/\/tallinndesignhouse.com\/#website\",\"url\":\"https:\/\/tallinndesignhouse.com\/\",\"name\":\"Tallinn Design House\",\"description\":\"Eesti disain Rotermanni kvartalis\",\"potentialAction\":[{\"@type\":\"SearchAction\",\"target\":{\"@type\":\"EntryPoint\",\"urlTemplate\":\"https:\/\/tallinndesignhouse.com\/?s={search_term_string}\"},\"query-input\":{\"@type\":\"PropertyValueSpecification\",\"valueRequired\":true,\"valueName\":\"search_term_string\"}}],\"inLanguage\":\"en-US\"}]}<\/script>\n<!-- \/ Yoast SEO plugin. -->","yoast_head_json":{"title":"By Mer Horizon earrings light grey gold plated - Tallinn Design House","description":"By Mer k\u00f5rvar\u00f5ngad Horisont helehall kullatud. Kerged ja naiselikud. Valmistatud 925 prooviga \u00fcmbert\u00f6\u00f6deldud h\u00f5bedast, kaetud 18k kullaga.","robots":{"index":"index","follow":"follow","max-snippet":"max-snippet:-1","max-image-preview":"max-image-preview:large","max-video-preview":"max-video-preview:-1"},"canonical":"https:\/\/tallinndesignhouse.com\/toode\/korvarongad-horisont-helehall-kullatud\/","og_locale":"en_US","og_type":"article","og_title":"By Mer Horizon earrings light grey gold plated - Tallinn Design House","og_description":"By Mer k\u00f5rvar\u00f5ngad Horisont helehall kullatud. Kerged ja naiselikud. Valmistatud 925 prooviga \u00fcmbert\u00f6\u00f6deldud h\u00f5bedast, kaetud 18k kullaga.","og_url":"https:\/\/tallinndesignhouse.com\/toode\/korvarongad-horisont-helehall-kullatud\/","og_site_name":"Tallinn Design House","article_modified_time":"2026-05-01T22:00:12+00:00","og_image":[{"width":1080,"height":1350,"url":"https:\/\/tallinndesignhouse.com\/wp-content\/uploads\/2024\/10\/By-Mer-korvarongad-Horisont-helehall-kullatud.jpg","type":"image\/jpeg"}],"twitter_card":"summary_large_image","twitter_misc":{"Est. reading time":"1 minute"},"schema":{"@context":"https:\/\/schema.org","@graph":[{"@type":"WebPage","@id":"https:\/\/tallinndesignhouse.com\/toode\/korvarongad-horisont-helehall-kullatud\/","url":"https:\/\/tallinndesignhouse.com\/toode\/korvarongad-horisont-helehall-kullatud\/","name":"By Mer Horizon earrings light grey gold plated - Tallinn Design House","isPartOf":{"@id":"https:\/\/tallinndesignhouse.com\/#website"},"primaryImageOfPage":{"@id":"https:\/\/tallinndesignhouse.com\/toode\/korvarongad-horisont-helehall-kullatud\/#primaryimage"},"image":{"@id":"https:\/\/tallinndesignhouse.com\/toode\/korvarongad-horisont-helehall-kullatud\/#primaryimage"},"thumbnailUrl":"https:\/\/tallinndesignhouse.com\/wp-content\/uploads\/2024\/10\/By-Mer-korvarongad-Horisont-helehall-kullatud.jpg","datePublished":"2024-10-28T17:05:23+00:00","dateModified":"2026-05-01T22:00:12+00:00","description":"By Mer k\u00f5rvar\u00f5ngad Horisont helehall kullatud. Kerged ja naiselikud. Valmistatud 925 prooviga \u00fcmbert\u00f6\u00f6deldud h\u00f5bedast, kaetud 18k kullaga.","breadcrumb":{"@id":"https:\/\/tallinndesignhouse.com\/toode\/korvarongad-horisont-helehall-kullatud\/#breadcrumb"},"inLanguage":"en-US","potentialAction":[{"@type":"ReadAction","target":["https:\/\/tallinndesignhouse.com\/toode\/korvarongad-horisont-helehall-kullatud\/"]}]},{"@type":"ImageObject","inLanguage":"en-US","@id":"https:\/\/tallinndesignhouse.com\/toode\/korvarongad-horisont-helehall-kullatud\/#primaryimage","url":"https:\/\/tallinndesignhouse.com\/wp-content\/uploads\/2024\/10\/By-Mer-korvarongad-Horisont-helehall-kullatud.jpg","contentUrl":"https:\/\/tallinndesignhouse.com\/wp-content\/uploads\/2024\/10\/By-Mer-korvarongad-Horisont-helehall-kullatud.jpg","width":1080,"height":1350,"caption":"By Mer ko\u0303rvaro\u0303ngad Horisont helehall kullatud"},{"@type":"BreadcrumbList","@id":"https:\/\/tallinndesignhouse.com\/toode\/korvarongad-horisont-helehall-kullatud\/#breadcrumb","itemListElement":[{"@type":"ListItem","position":1,"name":"Home","item":"https:\/\/tallinndesignhouse.com\/en\/"},{"@type":"ListItem","position":2,"name":"Shop","item":"https:\/\/tallinndesignhouse.com\/en\/shop\/"},{"@type":"ListItem","position":3,"name":"Horizon earrings light grey gold plated"}]},{"@type":"WebSite","@id":"https:\/\/tallinndesignhouse.com\/#website","url":"https:\/\/tallinndesignhouse.com\/","name":"Tallinn Design House","description":"Eesti disain Rotermanni kvartalis","potentialAction":[{"@type":"SearchAction","target":{"@type":"EntryPoint","urlTemplate":"https:\/\/tallinndesignhouse.com\/?s={search_term_string}"},"query-input":{"@type":"PropertyValueSpecification","valueRequired":true,"valueName":"search_term_string"}}],"inLanguage":"en-US"}]}},"_links":{"self":[{"href":"https:\/\/tallinndesignhouse.com\/en\/wp-json\/wp\/v2\/product\/3361843","targetHints":{"allow":["GET"]}}],"collection":[{"href":"https:\/\/tallinndesignhouse.com\/en\/wp-json\/wp\/v2\/product"}],"about":[{"href":"https:\/\/tallinndesignhouse.com\/en\/wp-json\/wp\/v2\/types\/product"}],"wp:featuredmedia":[{"embeddable":true,"href":"https:\/\/tallinndesignhouse.com\/en\/wp-json\/wp\/v2\/media\/3361855"}],"wp:attachment":[{"href":"https:\/\/tallinndesignhouse.com\/en\/wp-json\/wp\/v2\/media?parent=3361843"}],"wp:term":[{"taxonomy":"product_brand","embeddable":true,"href":"https:\/\/tallinndesignhouse.com\/en\/wp-json\/wp\/v2\/product_brand?post=3361843"},{"taxonomy":"product_cat","embeddable":true,"href":"https:\/\/tallinndesignhouse.com\/en\/wp-json\/wp\/v2\/product_cat?post=3361843"},{"taxonomy":"product_tag","embeddable":true,"href":"https:\/\/tallinndesignhouse.com\/en\/wp-json\/wp\/v2\/product_tag?post=3361843"}],"curies":[{"name":"wp","href":"https:\/\/api.w.org\/{rel}","templated":true}]}}