{"id":3361886,"date":"2024-10-28T21:05:50","date_gmt":"2024-10-28T19:05:50","guid":{"rendered":"https:\/\/tallinndesignhouse.com\/toode\/korvarongad-paikesetous-hall-hobe\/"},"modified":"2026-04-17T00:59:06","modified_gmt":"2026-04-16T21:59:06","slug":"korvarongad-paikesetous-hall-hobe","status":"publish","type":"product","link":"https:\/\/tallinndesignhouse.com\/en\/toode\/korvarongad-paikesetous-hall-hobe\/","title":{"rendered":"Sunrise earrings grey silver"},"content":{"rendered":"<p>Experience a moment of natural beauty with Sunrise Earrings by By Mer. These delicate earrings feature two different sunrise-hued stones connected by hand-textured wire. Capture the feeling of a silent sunrise and let its energy bring joy to your day. Made of 925 recycled silver. Hand-\u0455elected bog stone from the Estonian island of Saaremaa. Please note that each stone as a natural product has its own unique size, colour and pattern.The earrings are ~8 cm long. The length of the wire between the two stones is 4 cm. Earrings come in pairs. Weight: 14 g per earring.<\/p>\n","protected":false},"excerpt":{"rendered":"<p>Experience a moment of natural beauty with Sunrise Earrings by By Mer. These delicate earrings feature two different sunrise-hued stones connected by hand-textured wire. Capture the feeling of a silent sunrise and let its energy bring joy to your day. Made of 925 recycled silver. Hand-\u0455elected bog stone from the Estonian island of Saaremaa. Please [&hellip;]<\/p>\n","protected":false},"featured_media":3361898,"template":"","meta":{"_acf_changed":false},"product_brand":[],"product_cat":[876,116],"product_tag":[2818],"class_list":{"0":"post-3361886","1":"product","2":"type-product","3":"status-publish","4":"has-post-thumbnail","6":"product_cat-korvarongad","7":"product_cat-ehted","8":"product_tag-naised","9":"pa_brand-by-mer","12":"first","13":"instock","14":"taxable","15":"shipping-taxable","16":"purchasable","17":"product-type-simple"},"acf":[],"yoast_head":"<!-- This site is optimized with the Yoast SEO plugin v26.0 - https:\/\/yoast.com\/wordpress\/plugins\/seo\/ -->\n<title>By Mer Sunrise earrings grey silver - Tallinn Design House<\/title>\n<meta name=\"description\" content=\"By Mer k\u00f5rvar\u00f5ngad P\u00e4ikeset\u00f5us hall h\u00f5be. K\u00e4sitsi valitud Saaremaa rabakivi.\" \/>\n<meta name=\"robots\" content=\"index, follow, max-snippet:-1, max-image-preview:large, max-video-preview:-1\" \/>\n<link rel=\"canonical\" href=\"https:\/\/tallinndesignhouse.com\/toode\/korvarongad-paikesetous-hall-hobe\/\" \/>\n<meta property=\"og:locale\" content=\"en_US\" \/>\n<meta property=\"og:type\" content=\"article\" \/>\n<meta property=\"og:title\" content=\"By Mer Sunrise earrings grey silver - Tallinn Design House\" \/>\n<meta property=\"og:description\" content=\"By Mer k\u00f5rvar\u00f5ngad P\u00e4ikeset\u00f5us hall h\u00f5be. K\u00e4sitsi valitud Saaremaa rabakivi.\" \/>\n<meta property=\"og:url\" content=\"https:\/\/tallinndesignhouse.com\/toode\/korvarongad-paikesetous-hall-hobe\/\" \/>\n<meta property=\"og:site_name\" content=\"Tallinn Design House\" \/>\n<meta property=\"article:modified_time\" content=\"2026-04-16T21:59:06+00:00\" \/>\n<meta property=\"og:image\" content=\"https:\/\/tallinndesignhouse.com\/wp-content\/uploads\/2024\/10\/By-Mer-korvarongad-Paikesetous-hall-hobe.jpg\" \/>\n\t<meta property=\"og:image:width\" content=\"1080\" \/>\n\t<meta property=\"og:image:height\" content=\"1350\" \/>\n\t<meta property=\"og:image:type\" content=\"image\/jpeg\" \/>\n<meta name=\"twitter:card\" content=\"summary_large_image\" \/>\n<meta name=\"twitter:label1\" content=\"Est. reading time\" \/>\n\t<meta name=\"twitter:data1\" content=\"1 minute\" \/>\n<script type=\"application\/ld+json\" class=\"yoast-schema-graph\">{\"@context\":\"https:\/\/schema.org\",\"@graph\":[{\"@type\":\"WebPage\",\"@id\":\"https:\/\/tallinndesignhouse.com\/toode\/korvarongad-paikesetous-hall-hobe\/\",\"url\":\"https:\/\/tallinndesignhouse.com\/toode\/korvarongad-paikesetous-hall-hobe\/\",\"name\":\"By Mer Sunrise earrings grey silver - Tallinn Design House\",\"isPartOf\":{\"@id\":\"https:\/\/tallinndesignhouse.com\/#website\"},\"primaryImageOfPage\":{\"@id\":\"https:\/\/tallinndesignhouse.com\/toode\/korvarongad-paikesetous-hall-hobe\/#primaryimage\"},\"image\":{\"@id\":\"https:\/\/tallinndesignhouse.com\/toode\/korvarongad-paikesetous-hall-hobe\/#primaryimage\"},\"thumbnailUrl\":\"https:\/\/tallinndesignhouse.com\/wp-content\/uploads\/2024\/10\/By-Mer-korvarongad-Paikesetous-hall-hobe.jpg\",\"datePublished\":\"2024-10-28T19:05:50+00:00\",\"dateModified\":\"2026-04-16T21:59:06+00:00\",\"description\":\"By Mer k\u00f5rvar\u00f5ngad P\u00e4ikeset\u00f5us hall h\u00f5be. K\u00e4sitsi valitud Saaremaa rabakivi.\",\"breadcrumb\":{\"@id\":\"https:\/\/tallinndesignhouse.com\/toode\/korvarongad-paikesetous-hall-hobe\/#breadcrumb\"},\"inLanguage\":\"en-US\",\"potentialAction\":[{\"@type\":\"ReadAction\",\"target\":[\"https:\/\/tallinndesignhouse.com\/toode\/korvarongad-paikesetous-hall-hobe\/\"]}]},{\"@type\":\"ImageObject\",\"inLanguage\":\"en-US\",\"@id\":\"https:\/\/tallinndesignhouse.com\/toode\/korvarongad-paikesetous-hall-hobe\/#primaryimage\",\"url\":\"https:\/\/tallinndesignhouse.com\/wp-content\/uploads\/2024\/10\/By-Mer-korvarongad-Paikesetous-hall-hobe.jpg\",\"contentUrl\":\"https:\/\/tallinndesignhouse.com\/wp-content\/uploads\/2024\/10\/By-Mer-korvarongad-Paikesetous-hall-hobe.jpg\",\"width\":1080,\"height\":1350,\"caption\":\"By Mer ko\u0303rvaro\u0303ngad Pa\u0308ikeseto\u0303us hall ho\u0303be\"},{\"@type\":\"BreadcrumbList\",\"@id\":\"https:\/\/tallinndesignhouse.com\/toode\/korvarongad-paikesetous-hall-hobe\/#breadcrumb\",\"itemListElement\":[{\"@type\":\"ListItem\",\"position\":1,\"name\":\"Home\",\"item\":\"https:\/\/tallinndesignhouse.com\/en\/\"},{\"@type\":\"ListItem\",\"position\":2,\"name\":\"Shop\",\"item\":\"https:\/\/tallinndesignhouse.com\/en\/shop\/\"},{\"@type\":\"ListItem\",\"position\":3,\"name\":\"Sunrise earrings grey silver\"}]},{\"@type\":\"WebSite\",\"@id\":\"https:\/\/tallinndesignhouse.com\/#website\",\"url\":\"https:\/\/tallinndesignhouse.com\/\",\"name\":\"Tallinn Design House\",\"description\":\"Eesti disain Rotermanni kvartalis\",\"potentialAction\":[{\"@type\":\"SearchAction\",\"target\":{\"@type\":\"EntryPoint\",\"urlTemplate\":\"https:\/\/tallinndesignhouse.com\/?s={search_term_string}\"},\"query-input\":{\"@type\":\"PropertyValueSpecification\",\"valueRequired\":true,\"valueName\":\"search_term_string\"}}],\"inLanguage\":\"en-US\"}]}<\/script>\n<!-- \/ Yoast SEO plugin. -->","yoast_head_json":{"title":"By Mer Sunrise earrings grey silver - Tallinn Design House","description":"By Mer k\u00f5rvar\u00f5ngad P\u00e4ikeset\u00f5us hall h\u00f5be. K\u00e4sitsi valitud Saaremaa rabakivi.","robots":{"index":"index","follow":"follow","max-snippet":"max-snippet:-1","max-image-preview":"max-image-preview:large","max-video-preview":"max-video-preview:-1"},"canonical":"https:\/\/tallinndesignhouse.com\/toode\/korvarongad-paikesetous-hall-hobe\/","og_locale":"en_US","og_type":"article","og_title":"By Mer Sunrise earrings grey silver - Tallinn Design House","og_description":"By Mer k\u00f5rvar\u00f5ngad P\u00e4ikeset\u00f5us hall h\u00f5be. K\u00e4sitsi valitud Saaremaa rabakivi.","og_url":"https:\/\/tallinndesignhouse.com\/toode\/korvarongad-paikesetous-hall-hobe\/","og_site_name":"Tallinn Design House","article_modified_time":"2026-04-16T21:59:06+00:00","og_image":[{"width":1080,"height":1350,"url":"https:\/\/tallinndesignhouse.com\/wp-content\/uploads\/2024\/10\/By-Mer-korvarongad-Paikesetous-hall-hobe.jpg","type":"image\/jpeg"}],"twitter_card":"summary_large_image","twitter_misc":{"Est. reading time":"1 minute"},"schema":{"@context":"https:\/\/schema.org","@graph":[{"@type":"WebPage","@id":"https:\/\/tallinndesignhouse.com\/toode\/korvarongad-paikesetous-hall-hobe\/","url":"https:\/\/tallinndesignhouse.com\/toode\/korvarongad-paikesetous-hall-hobe\/","name":"By Mer Sunrise earrings grey silver - Tallinn Design House","isPartOf":{"@id":"https:\/\/tallinndesignhouse.com\/#website"},"primaryImageOfPage":{"@id":"https:\/\/tallinndesignhouse.com\/toode\/korvarongad-paikesetous-hall-hobe\/#primaryimage"},"image":{"@id":"https:\/\/tallinndesignhouse.com\/toode\/korvarongad-paikesetous-hall-hobe\/#primaryimage"},"thumbnailUrl":"https:\/\/tallinndesignhouse.com\/wp-content\/uploads\/2024\/10\/By-Mer-korvarongad-Paikesetous-hall-hobe.jpg","datePublished":"2024-10-28T19:05:50+00:00","dateModified":"2026-04-16T21:59:06+00:00","description":"By Mer k\u00f5rvar\u00f5ngad P\u00e4ikeset\u00f5us hall h\u00f5be. K\u00e4sitsi valitud Saaremaa rabakivi.","breadcrumb":{"@id":"https:\/\/tallinndesignhouse.com\/toode\/korvarongad-paikesetous-hall-hobe\/#breadcrumb"},"inLanguage":"en-US","potentialAction":[{"@type":"ReadAction","target":["https:\/\/tallinndesignhouse.com\/toode\/korvarongad-paikesetous-hall-hobe\/"]}]},{"@type":"ImageObject","inLanguage":"en-US","@id":"https:\/\/tallinndesignhouse.com\/toode\/korvarongad-paikesetous-hall-hobe\/#primaryimage","url":"https:\/\/tallinndesignhouse.com\/wp-content\/uploads\/2024\/10\/By-Mer-korvarongad-Paikesetous-hall-hobe.jpg","contentUrl":"https:\/\/tallinndesignhouse.com\/wp-content\/uploads\/2024\/10\/By-Mer-korvarongad-Paikesetous-hall-hobe.jpg","width":1080,"height":1350,"caption":"By Mer ko\u0303rvaro\u0303ngad Pa\u0308ikeseto\u0303us hall ho\u0303be"},{"@type":"BreadcrumbList","@id":"https:\/\/tallinndesignhouse.com\/toode\/korvarongad-paikesetous-hall-hobe\/#breadcrumb","itemListElement":[{"@type":"ListItem","position":1,"name":"Home","item":"https:\/\/tallinndesignhouse.com\/en\/"},{"@type":"ListItem","position":2,"name":"Shop","item":"https:\/\/tallinndesignhouse.com\/en\/shop\/"},{"@type":"ListItem","position":3,"name":"Sunrise earrings grey silver"}]},{"@type":"WebSite","@id":"https:\/\/tallinndesignhouse.com\/#website","url":"https:\/\/tallinndesignhouse.com\/","name":"Tallinn Design House","description":"Eesti disain Rotermanni kvartalis","potentialAction":[{"@type":"SearchAction","target":{"@type":"EntryPoint","urlTemplate":"https:\/\/tallinndesignhouse.com\/?s={search_term_string}"},"query-input":{"@type":"PropertyValueSpecification","valueRequired":true,"valueName":"search_term_string"}}],"inLanguage":"en-US"}]}},"_links":{"self":[{"href":"https:\/\/tallinndesignhouse.com\/en\/wp-json\/wp\/v2\/product\/3361886","targetHints":{"allow":["GET"]}}],"collection":[{"href":"https:\/\/tallinndesignhouse.com\/en\/wp-json\/wp\/v2\/product"}],"about":[{"href":"https:\/\/tallinndesignhouse.com\/en\/wp-json\/wp\/v2\/types\/product"}],"wp:featuredmedia":[{"embeddable":true,"href":"https:\/\/tallinndesignhouse.com\/en\/wp-json\/wp\/v2\/media\/3361898"}],"wp:attachment":[{"href":"https:\/\/tallinndesignhouse.com\/en\/wp-json\/wp\/v2\/media?parent=3361886"}],"wp:term":[{"taxonomy":"product_brand","embeddable":true,"href":"https:\/\/tallinndesignhouse.com\/en\/wp-json\/wp\/v2\/product_brand?post=3361886"},{"taxonomy":"product_cat","embeddable":true,"href":"https:\/\/tallinndesignhouse.com\/en\/wp-json\/wp\/v2\/product_cat?post=3361886"},{"taxonomy":"product_tag","embeddable":true,"href":"https:\/\/tallinndesignhouse.com\/en\/wp-json\/wp\/v2\/product_tag?post=3361886"}],"curies":[{"name":"wp","href":"https:\/\/api.w.org\/{rel}","templated":true}]}}