{"id":3361983,"date":"2024-10-29T10:20:13","date_gmt":"2024-10-29T08:20:13","guid":{"rendered":"https:\/\/tallinndesignhouse.com\/toode\/kampsun-sunset-mandala\/"},"modified":"2026-05-15T00:56:43","modified_gmt":"2026-05-14T21:56:43","slug":"kampsun-sunset-mandala","status":"publish","type":"product","link":"https:\/\/tallinndesignhouse.com\/en\/toode\/kampsun-sunset-mandala\/","title":{"rendered":"Sweater Sunset Mandala"},"content":{"rendered":"<p>Very warm, soft and cozy hand knitted sweater with a beautiful nature-inspired pattern. M\/L size, oversized. Only one available. Calm terrestrial colours. MANDALA knitwear collection is dedicated to the art of Estonian lace knitting. \u201cI love trying different techniques and looking for sources of inspiration, in which the combination of shapes, texture and colour is harmonious and therapeutic. My knitwear is inspired by Ukrainian folk clothes as well as the technique of Haapsalu scarves. I like to see how folk art lives on and offers endless possibilities for creativity; how tradition finds itself in modern fashion. It is very important for me that the clothing design is comfortable and &#8220;wearable&#8221;. I am very demanding about the quality of the yarn. Products made from natural yarns retain their shape and last longer. All knitwear in the MANDALA collection is knitted by hand from Italian high-quality and hypoallergenic super kid mohair and cotton yarn, which is known for its fabulous properties and durability.\u201d Collection MANDALA is a nominee of Estonian Design Award BRUNO. Composition: Kid mohair, wool, cotton. Care instructions: give your knitwear the care it deserves to stay cozy and beautiful. Use a clothes steamer to refresh the fibers. If needed, machine wash at max 30\u00b0C\/ 600 spins under the wool wash program. Do not hang the cardigan while it\u00b4s wet. Do not bleach, dry clean, twist, or wring. This knitwear should be handled with care, as objects like rings, handbags, bracelets, etc may damage it. Brand: Helena Waves.<\/p>\n","protected":false},"excerpt":{"rendered":"<p>Very warm, soft and cozy hand knitted sweater with a beautiful nature-inspired pattern. M\/L size, oversized. Only one available. Calm terrestrial colours. MANDALA knitwear collection is dedicated to the art of Estonian lace knitting. \u201cI love trying different techniques and looking for sources of inspiration, in which the combination of shapes, texture and colour is [&hellip;]<\/p>\n","protected":false},"featured_media":3361993,"template":"","meta":{"_acf_changed":false},"product_brand":[],"product_cat":[2078,2837,3718],"product_tag":[2818],"class_list":{"0":"post-3361983","1":"product","2":"type-product","3":"status-publish","4":"has-post-thumbnail","6":"product_cat-knitwear","7":"product_cat-clothes","8":"product_cat-winter-style","9":"product_tag-naised","10":"pa_brand-helena-waves-en","12":"pa_suurus-m-l-en","15":"first","16":"instock","17":"taxable","18":"shipping-taxable","19":"purchasable","20":"product-type-variable"},"acf":[],"yoast_head":"<!-- This site is optimized with the Yoast SEO plugin v26.0 - https:\/\/yoast.com\/wordpress\/plugins\/seo\/ -->\n<title>Helena Waves Sweater Sunset Mandala - Tallinn Design House<\/title>\n<meta name=\"description\" content=\"Helena Waves kampsun Sunset Mandala. K\u00f5rgkvaliteetsest Itaalia moh\u00e4\u00e4rist k\u00e4sitsi kootud kampsun. Suurus M\/L, oversized.\" \/>\n<meta name=\"robots\" content=\"index, follow, max-snippet:-1, max-image-preview:large, max-video-preview:-1\" \/>\n<link rel=\"canonical\" href=\"https:\/\/tallinndesignhouse.com\/toode\/kampsun-sunset-mandala\/\" \/>\n<meta property=\"og:locale\" content=\"en_US\" \/>\n<meta property=\"og:type\" content=\"article\" \/>\n<meta property=\"og:title\" content=\"Helena Waves Sweater Sunset Mandala - Tallinn Design House\" \/>\n<meta property=\"og:description\" content=\"Helena Waves kampsun Sunset Mandala. K\u00f5rgkvaliteetsest Itaalia moh\u00e4\u00e4rist k\u00e4sitsi kootud kampsun. Suurus M\/L, oversized.\" \/>\n<meta property=\"og:url\" content=\"https:\/\/tallinndesignhouse.com\/toode\/kampsun-sunset-mandala\/\" \/>\n<meta property=\"og:site_name\" content=\"Tallinn Design House\" \/>\n<meta property=\"article:modified_time\" content=\"2026-05-14T21:56:43+00:00\" \/>\n<meta property=\"og:image\" content=\"https:\/\/tallinndesignhouse.com\/wp-content\/uploads\/2024\/10\/Helena-Tikunova-kampsun-Sunset-Mandala2.jpg\" \/>\n\t<meta property=\"og:image:width\" content=\"1080\" \/>\n\t<meta property=\"og:image:height\" content=\"1350\" \/>\n\t<meta property=\"og:image:type\" content=\"image\/jpeg\" \/>\n<meta name=\"twitter:card\" content=\"summary_large_image\" \/>\n<meta name=\"twitter:label1\" content=\"Est. reading time\" \/>\n\t<meta name=\"twitter:data1\" content=\"1 minute\" \/>\n<script type=\"application\/ld+json\" class=\"yoast-schema-graph\">{\"@context\":\"https:\/\/schema.org\",\"@graph\":[{\"@type\":\"WebPage\",\"@id\":\"https:\/\/tallinndesignhouse.com\/toode\/kampsun-sunset-mandala\/\",\"url\":\"https:\/\/tallinndesignhouse.com\/toode\/kampsun-sunset-mandala\/\",\"name\":\"Helena Waves Sweater Sunset Mandala - Tallinn Design House\",\"isPartOf\":{\"@id\":\"https:\/\/tallinndesignhouse.com\/#website\"},\"primaryImageOfPage\":{\"@id\":\"https:\/\/tallinndesignhouse.com\/toode\/kampsun-sunset-mandala\/#primaryimage\"},\"image\":{\"@id\":\"https:\/\/tallinndesignhouse.com\/toode\/kampsun-sunset-mandala\/#primaryimage\"},\"thumbnailUrl\":\"https:\/\/tallinndesignhouse.com\/wp-content\/uploads\/2024\/10\/Helena-Tikunova-kampsun-Sunset-Mandala2.jpg\",\"datePublished\":\"2024-10-29T08:20:13+00:00\",\"dateModified\":\"2026-05-14T21:56:43+00:00\",\"description\":\"Helena Waves kampsun Sunset Mandala. K\u00f5rgkvaliteetsest Itaalia moh\u00e4\u00e4rist k\u00e4sitsi kootud kampsun. Suurus M\/L, oversized.\",\"breadcrumb\":{\"@id\":\"https:\/\/tallinndesignhouse.com\/toode\/kampsun-sunset-mandala\/#breadcrumb\"},\"inLanguage\":\"en-US\",\"potentialAction\":[{\"@type\":\"ReadAction\",\"target\":[\"https:\/\/tallinndesignhouse.com\/toode\/kampsun-sunset-mandala\/\"]}]},{\"@type\":\"ImageObject\",\"inLanguage\":\"en-US\",\"@id\":\"https:\/\/tallinndesignhouse.com\/toode\/kampsun-sunset-mandala\/#primaryimage\",\"url\":\"https:\/\/tallinndesignhouse.com\/wp-content\/uploads\/2024\/10\/Helena-Tikunova-kampsun-Sunset-Mandala2.jpg\",\"contentUrl\":\"https:\/\/tallinndesignhouse.com\/wp-content\/uploads\/2024\/10\/Helena-Tikunova-kampsun-Sunset-Mandala2.jpg\",\"width\":1080,\"height\":1350,\"caption\":\"Helena Tikunova kampsun Sunset Mandala2\"},{\"@type\":\"BreadcrumbList\",\"@id\":\"https:\/\/tallinndesignhouse.com\/toode\/kampsun-sunset-mandala\/#breadcrumb\",\"itemListElement\":[{\"@type\":\"ListItem\",\"position\":1,\"name\":\"Home\",\"item\":\"https:\/\/tallinndesignhouse.com\/en\/\"},{\"@type\":\"ListItem\",\"position\":2,\"name\":\"Shop\",\"item\":\"https:\/\/tallinndesignhouse.com\/en\/shop\/\"},{\"@type\":\"ListItem\",\"position\":3,\"name\":\"Sweater Sunset Mandala\"}]},{\"@type\":\"WebSite\",\"@id\":\"https:\/\/tallinndesignhouse.com\/#website\",\"url\":\"https:\/\/tallinndesignhouse.com\/\",\"name\":\"Tallinn Design House\",\"description\":\"Eesti disain Rotermanni kvartalis\",\"potentialAction\":[{\"@type\":\"SearchAction\",\"target\":{\"@type\":\"EntryPoint\",\"urlTemplate\":\"https:\/\/tallinndesignhouse.com\/?s={search_term_string}\"},\"query-input\":{\"@type\":\"PropertyValueSpecification\",\"valueRequired\":true,\"valueName\":\"search_term_string\"}}],\"inLanguage\":\"en-US\"}]}<\/script>\n<!-- \/ Yoast SEO plugin. -->","yoast_head_json":{"title":"Helena Waves Sweater Sunset Mandala - Tallinn Design House","description":"Helena Waves kampsun Sunset Mandala. K\u00f5rgkvaliteetsest Itaalia moh\u00e4\u00e4rist k\u00e4sitsi kootud kampsun. Suurus M\/L, oversized.","robots":{"index":"index","follow":"follow","max-snippet":"max-snippet:-1","max-image-preview":"max-image-preview:large","max-video-preview":"max-video-preview:-1"},"canonical":"https:\/\/tallinndesignhouse.com\/toode\/kampsun-sunset-mandala\/","og_locale":"en_US","og_type":"article","og_title":"Helena Waves Sweater Sunset Mandala - Tallinn Design House","og_description":"Helena Waves kampsun Sunset Mandala. K\u00f5rgkvaliteetsest Itaalia moh\u00e4\u00e4rist k\u00e4sitsi kootud kampsun. Suurus M\/L, oversized.","og_url":"https:\/\/tallinndesignhouse.com\/toode\/kampsun-sunset-mandala\/","og_site_name":"Tallinn Design House","article_modified_time":"2026-05-14T21:56:43+00:00","og_image":[{"width":1080,"height":1350,"url":"https:\/\/tallinndesignhouse.com\/wp-content\/uploads\/2024\/10\/Helena-Tikunova-kampsun-Sunset-Mandala2.jpg","type":"image\/jpeg"}],"twitter_card":"summary_large_image","twitter_misc":{"Est. reading time":"1 minute"},"schema":{"@context":"https:\/\/schema.org","@graph":[{"@type":"WebPage","@id":"https:\/\/tallinndesignhouse.com\/toode\/kampsun-sunset-mandala\/","url":"https:\/\/tallinndesignhouse.com\/toode\/kampsun-sunset-mandala\/","name":"Helena Waves Sweater Sunset Mandala - Tallinn Design House","isPartOf":{"@id":"https:\/\/tallinndesignhouse.com\/#website"},"primaryImageOfPage":{"@id":"https:\/\/tallinndesignhouse.com\/toode\/kampsun-sunset-mandala\/#primaryimage"},"image":{"@id":"https:\/\/tallinndesignhouse.com\/toode\/kampsun-sunset-mandala\/#primaryimage"},"thumbnailUrl":"https:\/\/tallinndesignhouse.com\/wp-content\/uploads\/2024\/10\/Helena-Tikunova-kampsun-Sunset-Mandala2.jpg","datePublished":"2024-10-29T08:20:13+00:00","dateModified":"2026-05-14T21:56:43+00:00","description":"Helena Waves kampsun Sunset Mandala. K\u00f5rgkvaliteetsest Itaalia moh\u00e4\u00e4rist k\u00e4sitsi kootud kampsun. Suurus M\/L, oversized.","breadcrumb":{"@id":"https:\/\/tallinndesignhouse.com\/toode\/kampsun-sunset-mandala\/#breadcrumb"},"inLanguage":"en-US","potentialAction":[{"@type":"ReadAction","target":["https:\/\/tallinndesignhouse.com\/toode\/kampsun-sunset-mandala\/"]}]},{"@type":"ImageObject","inLanguage":"en-US","@id":"https:\/\/tallinndesignhouse.com\/toode\/kampsun-sunset-mandala\/#primaryimage","url":"https:\/\/tallinndesignhouse.com\/wp-content\/uploads\/2024\/10\/Helena-Tikunova-kampsun-Sunset-Mandala2.jpg","contentUrl":"https:\/\/tallinndesignhouse.com\/wp-content\/uploads\/2024\/10\/Helena-Tikunova-kampsun-Sunset-Mandala2.jpg","width":1080,"height":1350,"caption":"Helena Tikunova kampsun Sunset Mandala2"},{"@type":"BreadcrumbList","@id":"https:\/\/tallinndesignhouse.com\/toode\/kampsun-sunset-mandala\/#breadcrumb","itemListElement":[{"@type":"ListItem","position":1,"name":"Home","item":"https:\/\/tallinndesignhouse.com\/en\/"},{"@type":"ListItem","position":2,"name":"Shop","item":"https:\/\/tallinndesignhouse.com\/en\/shop\/"},{"@type":"ListItem","position":3,"name":"Sweater Sunset Mandala"}]},{"@type":"WebSite","@id":"https:\/\/tallinndesignhouse.com\/#website","url":"https:\/\/tallinndesignhouse.com\/","name":"Tallinn Design House","description":"Eesti disain Rotermanni kvartalis","potentialAction":[{"@type":"SearchAction","target":{"@type":"EntryPoint","urlTemplate":"https:\/\/tallinndesignhouse.com\/?s={search_term_string}"},"query-input":{"@type":"PropertyValueSpecification","valueRequired":true,"valueName":"search_term_string"}}],"inLanguage":"en-US"}]}},"_links":{"self":[{"href":"https:\/\/tallinndesignhouse.com\/en\/wp-json\/wp\/v2\/product\/3361983","targetHints":{"allow":["GET"]}}],"collection":[{"href":"https:\/\/tallinndesignhouse.com\/en\/wp-json\/wp\/v2\/product"}],"about":[{"href":"https:\/\/tallinndesignhouse.com\/en\/wp-json\/wp\/v2\/types\/product"}],"wp:featuredmedia":[{"embeddable":true,"href":"https:\/\/tallinndesignhouse.com\/en\/wp-json\/wp\/v2\/media\/3361993"}],"wp:attachment":[{"href":"https:\/\/tallinndesignhouse.com\/en\/wp-json\/wp\/v2\/media?parent=3361983"}],"wp:term":[{"taxonomy":"product_brand","embeddable":true,"href":"https:\/\/tallinndesignhouse.com\/en\/wp-json\/wp\/v2\/product_brand?post=3361983"},{"taxonomy":"product_cat","embeddable":true,"href":"https:\/\/tallinndesignhouse.com\/en\/wp-json\/wp\/v2\/product_cat?post=3361983"},{"taxonomy":"product_tag","embeddable":true,"href":"https:\/\/tallinndesignhouse.com\/en\/wp-json\/wp\/v2\/product_tag?post=3361983"}],"curies":[{"name":"wp","href":"https:\/\/api.w.org\/{rel}","templated":true}]}}