{"id":3365528,"date":"2024-11-18T19:20:07","date_gmt":"2024-11-18T17:20:07","guid":{"rendered":"https:\/\/tallinndesignhouse.com\/toode\/hippo-crystal-rust-korvarongad\/"},"modified":"2026-05-02T01:04:27","modified_gmt":"2026-05-01T22:04:27","slug":"hippo-crystal-rust-korvarongad","status":"publish","type":"product","link":"https:\/\/tallinndesignhouse.com\/en\/toode\/hippo-crystal-rust-korvarongad\/","title":{"rendered":"Earrings Hippo Crystal Rust"},"content":{"rendered":"<p>The Hippo Crystal festive series stars are our winged seahorses with tails made of gemstone. The stones are specially cut for this series according to Tanel Veenre\u2019s drawings. These earrings are timeless and elegant, yet carry the brand\u2019s sly feel. Since the jewellery is light and relatively small, it is also suitable for daytime wear. Material: silver, onyx. Length: 3,6 cm. Weight: 2 g.<\/p>\n","protected":false},"excerpt":{"rendered":"<p>The Hippo Crystal festive series stars are our winged seahorses with tails made of gemstone. The stones are specially cut for this series according to Tanel Veenre\u2019s drawings. These earrings are timeless and elegant, yet carry the brand\u2019s sly feel. Since the jewellery is light and relatively small, it is also suitable for daytime wear. [&hellip;]<\/p>\n","protected":false},"featured_media":3365544,"template":"","meta":{"_acf_changed":false},"product_brand":[],"product_cat":[876,116],"product_tag":[2818],"class_list":{"0":"post-3365528","1":"product","2":"type-product","3":"status-publish","4":"has-post-thumbnail","6":"product_cat-korvarongad","7":"product_cat-ehted","8":"product_tag-naised","9":"pa_brand-tanel-veenre","12":"first","13":"instock","14":"taxable","15":"shipping-taxable","16":"purchasable","17":"product-type-simple"},"acf":[],"yoast_head":"<!-- This site is optimized with the Yoast SEO plugin v26.0 - https:\/\/yoast.com\/wordpress\/plugins\/seo\/ -->\n<title>Tanel Veenre Earrings Hippo Crystal Rust - Tallinn Design House<\/title>\n<meta name=\"description\" content=\"Tanel Veenre Hippo Crystal Rust k\u00f5rvar\u00f5ngad. Materjal: h\u00f5be, oon\u00fcks. Pikkus: 36 mm. Kaal: 2 g.\" \/>\n<meta name=\"robots\" content=\"index, follow, max-snippet:-1, max-image-preview:large, max-video-preview:-1\" \/>\n<link rel=\"canonical\" href=\"https:\/\/tallinndesignhouse.com\/toode\/hippo-crystal-rust-korvarongad\/\" \/>\n<meta property=\"og:locale\" content=\"en_US\" \/>\n<meta property=\"og:type\" content=\"article\" \/>\n<meta property=\"og:title\" content=\"Tanel Veenre Earrings Hippo Crystal Rust - Tallinn Design House\" \/>\n<meta property=\"og:description\" content=\"Tanel Veenre Hippo Crystal Rust k\u00f5rvar\u00f5ngad. Materjal: h\u00f5be, oon\u00fcks. Pikkus: 36 mm. Kaal: 2 g.\" \/>\n<meta property=\"og:url\" content=\"https:\/\/tallinndesignhouse.com\/toode\/hippo-crystal-rust-korvarongad\/\" \/>\n<meta property=\"og:site_name\" content=\"Tallinn Design House\" \/>\n<meta property=\"article:modified_time\" content=\"2026-05-01T22:04:27+00:00\" \/>\n<meta property=\"og:image\" content=\"https:\/\/tallinndesignhouse.com\/wp-content\/uploads\/2024\/11\/Tanel-Veenre-Hippo-Crystal-Rust-korvarongad.jpg\" \/>\n\t<meta property=\"og:image:width\" content=\"1080\" \/>\n\t<meta property=\"og:image:height\" content=\"1350\" \/>\n\t<meta property=\"og:image:type\" content=\"image\/jpeg\" \/>\n<meta name=\"twitter:card\" content=\"summary_large_image\" \/>\n<script type=\"application\/ld+json\" class=\"yoast-schema-graph\">{\"@context\":\"https:\/\/schema.org\",\"@graph\":[{\"@type\":\"WebPage\",\"@id\":\"https:\/\/tallinndesignhouse.com\/toode\/hippo-crystal-rust-korvarongad\/\",\"url\":\"https:\/\/tallinndesignhouse.com\/toode\/hippo-crystal-rust-korvarongad\/\",\"name\":\"Tanel Veenre Earrings Hippo Crystal Rust - Tallinn Design House\",\"isPartOf\":{\"@id\":\"https:\/\/tallinndesignhouse.com\/#website\"},\"primaryImageOfPage\":{\"@id\":\"https:\/\/tallinndesignhouse.com\/toode\/hippo-crystal-rust-korvarongad\/#primaryimage\"},\"image\":{\"@id\":\"https:\/\/tallinndesignhouse.com\/toode\/hippo-crystal-rust-korvarongad\/#primaryimage\"},\"thumbnailUrl\":\"https:\/\/tallinndesignhouse.com\/wp-content\/uploads\/2024\/11\/Tanel-Veenre-Hippo-Crystal-Rust-korvarongad.jpg\",\"datePublished\":\"2024-11-18T17:20:07+00:00\",\"dateModified\":\"2026-05-01T22:04:27+00:00\",\"description\":\"Tanel Veenre Hippo Crystal Rust k\u00f5rvar\u00f5ngad. Materjal: h\u00f5be, oon\u00fcks. Pikkus: 36 mm. Kaal: 2 g.\",\"breadcrumb\":{\"@id\":\"https:\/\/tallinndesignhouse.com\/toode\/hippo-crystal-rust-korvarongad\/#breadcrumb\"},\"inLanguage\":\"en-US\",\"potentialAction\":[{\"@type\":\"ReadAction\",\"target\":[\"https:\/\/tallinndesignhouse.com\/toode\/hippo-crystal-rust-korvarongad\/\"]}]},{\"@type\":\"ImageObject\",\"inLanguage\":\"en-US\",\"@id\":\"https:\/\/tallinndesignhouse.com\/toode\/hippo-crystal-rust-korvarongad\/#primaryimage\",\"url\":\"https:\/\/tallinndesignhouse.com\/wp-content\/uploads\/2024\/11\/Tanel-Veenre-Hippo-Crystal-Rust-korvarongad.jpg\",\"contentUrl\":\"https:\/\/tallinndesignhouse.com\/wp-content\/uploads\/2024\/11\/Tanel-Veenre-Hippo-Crystal-Rust-korvarongad.jpg\",\"width\":1080,\"height\":1350,\"caption\":\"Tanel Veenre Hippo Crystal Rust ko\u0303rvaro\u0303ngad\"},{\"@type\":\"BreadcrumbList\",\"@id\":\"https:\/\/tallinndesignhouse.com\/toode\/hippo-crystal-rust-korvarongad\/#breadcrumb\",\"itemListElement\":[{\"@type\":\"ListItem\",\"position\":1,\"name\":\"Home\",\"item\":\"https:\/\/tallinndesignhouse.com\/en\/\"},{\"@type\":\"ListItem\",\"position\":2,\"name\":\"Shop\",\"item\":\"https:\/\/tallinndesignhouse.com\/en\/shop\/\"},{\"@type\":\"ListItem\",\"position\":3,\"name\":\"Earrings Hippo Crystal Rust\"}]},{\"@type\":\"WebSite\",\"@id\":\"https:\/\/tallinndesignhouse.com\/#website\",\"url\":\"https:\/\/tallinndesignhouse.com\/\",\"name\":\"Tallinn Design House\",\"description\":\"Eesti disain Rotermanni kvartalis\",\"potentialAction\":[{\"@type\":\"SearchAction\",\"target\":{\"@type\":\"EntryPoint\",\"urlTemplate\":\"https:\/\/tallinndesignhouse.com\/?s={search_term_string}\"},\"query-input\":{\"@type\":\"PropertyValueSpecification\",\"valueRequired\":true,\"valueName\":\"search_term_string\"}}],\"inLanguage\":\"en-US\"}]}<\/script>\n<!-- \/ Yoast SEO plugin. -->","yoast_head_json":{"title":"Tanel Veenre Earrings Hippo Crystal Rust - Tallinn Design House","description":"Tanel Veenre Hippo Crystal Rust k\u00f5rvar\u00f5ngad. Materjal: h\u00f5be, oon\u00fcks. Pikkus: 36 mm. Kaal: 2 g.","robots":{"index":"index","follow":"follow","max-snippet":"max-snippet:-1","max-image-preview":"max-image-preview:large","max-video-preview":"max-video-preview:-1"},"canonical":"https:\/\/tallinndesignhouse.com\/toode\/hippo-crystal-rust-korvarongad\/","og_locale":"en_US","og_type":"article","og_title":"Tanel Veenre Earrings Hippo Crystal Rust - Tallinn Design House","og_description":"Tanel Veenre Hippo Crystal Rust k\u00f5rvar\u00f5ngad. Materjal: h\u00f5be, oon\u00fcks. Pikkus: 36 mm. Kaal: 2 g.","og_url":"https:\/\/tallinndesignhouse.com\/toode\/hippo-crystal-rust-korvarongad\/","og_site_name":"Tallinn Design House","article_modified_time":"2026-05-01T22:04:27+00:00","og_image":[{"width":1080,"height":1350,"url":"https:\/\/tallinndesignhouse.com\/wp-content\/uploads\/2024\/11\/Tanel-Veenre-Hippo-Crystal-Rust-korvarongad.jpg","type":"image\/jpeg"}],"twitter_card":"summary_large_image","schema":{"@context":"https:\/\/schema.org","@graph":[{"@type":"WebPage","@id":"https:\/\/tallinndesignhouse.com\/toode\/hippo-crystal-rust-korvarongad\/","url":"https:\/\/tallinndesignhouse.com\/toode\/hippo-crystal-rust-korvarongad\/","name":"Tanel Veenre Earrings Hippo Crystal Rust - Tallinn Design House","isPartOf":{"@id":"https:\/\/tallinndesignhouse.com\/#website"},"primaryImageOfPage":{"@id":"https:\/\/tallinndesignhouse.com\/toode\/hippo-crystal-rust-korvarongad\/#primaryimage"},"image":{"@id":"https:\/\/tallinndesignhouse.com\/toode\/hippo-crystal-rust-korvarongad\/#primaryimage"},"thumbnailUrl":"https:\/\/tallinndesignhouse.com\/wp-content\/uploads\/2024\/11\/Tanel-Veenre-Hippo-Crystal-Rust-korvarongad.jpg","datePublished":"2024-11-18T17:20:07+00:00","dateModified":"2026-05-01T22:04:27+00:00","description":"Tanel Veenre Hippo Crystal Rust k\u00f5rvar\u00f5ngad. Materjal: h\u00f5be, oon\u00fcks. Pikkus: 36 mm. Kaal: 2 g.","breadcrumb":{"@id":"https:\/\/tallinndesignhouse.com\/toode\/hippo-crystal-rust-korvarongad\/#breadcrumb"},"inLanguage":"en-US","potentialAction":[{"@type":"ReadAction","target":["https:\/\/tallinndesignhouse.com\/toode\/hippo-crystal-rust-korvarongad\/"]}]},{"@type":"ImageObject","inLanguage":"en-US","@id":"https:\/\/tallinndesignhouse.com\/toode\/hippo-crystal-rust-korvarongad\/#primaryimage","url":"https:\/\/tallinndesignhouse.com\/wp-content\/uploads\/2024\/11\/Tanel-Veenre-Hippo-Crystal-Rust-korvarongad.jpg","contentUrl":"https:\/\/tallinndesignhouse.com\/wp-content\/uploads\/2024\/11\/Tanel-Veenre-Hippo-Crystal-Rust-korvarongad.jpg","width":1080,"height":1350,"caption":"Tanel Veenre Hippo Crystal Rust ko\u0303rvaro\u0303ngad"},{"@type":"BreadcrumbList","@id":"https:\/\/tallinndesignhouse.com\/toode\/hippo-crystal-rust-korvarongad\/#breadcrumb","itemListElement":[{"@type":"ListItem","position":1,"name":"Home","item":"https:\/\/tallinndesignhouse.com\/en\/"},{"@type":"ListItem","position":2,"name":"Shop","item":"https:\/\/tallinndesignhouse.com\/en\/shop\/"},{"@type":"ListItem","position":3,"name":"Earrings Hippo Crystal Rust"}]},{"@type":"WebSite","@id":"https:\/\/tallinndesignhouse.com\/#website","url":"https:\/\/tallinndesignhouse.com\/","name":"Tallinn Design House","description":"Eesti disain Rotermanni kvartalis","potentialAction":[{"@type":"SearchAction","target":{"@type":"EntryPoint","urlTemplate":"https:\/\/tallinndesignhouse.com\/?s={search_term_string}"},"query-input":{"@type":"PropertyValueSpecification","valueRequired":true,"valueName":"search_term_string"}}],"inLanguage":"en-US"}]}},"_links":{"self":[{"href":"https:\/\/tallinndesignhouse.com\/en\/wp-json\/wp\/v2\/product\/3365528","targetHints":{"allow":["GET"]}}],"collection":[{"href":"https:\/\/tallinndesignhouse.com\/en\/wp-json\/wp\/v2\/product"}],"about":[{"href":"https:\/\/tallinndesignhouse.com\/en\/wp-json\/wp\/v2\/types\/product"}],"wp:featuredmedia":[{"embeddable":true,"href":"https:\/\/tallinndesignhouse.com\/en\/wp-json\/wp\/v2\/media\/3365544"}],"wp:attachment":[{"href":"https:\/\/tallinndesignhouse.com\/en\/wp-json\/wp\/v2\/media?parent=3365528"}],"wp:term":[{"taxonomy":"product_brand","embeddable":true,"href":"https:\/\/tallinndesignhouse.com\/en\/wp-json\/wp\/v2\/product_brand?post=3365528"},{"taxonomy":"product_cat","embeddable":true,"href":"https:\/\/tallinndesignhouse.com\/en\/wp-json\/wp\/v2\/product_cat?post=3365528"},{"taxonomy":"product_tag","embeddable":true,"href":"https:\/\/tallinndesignhouse.com\/en\/wp-json\/wp\/v2\/product_tag?post=3365528"}],"curies":[{"name":"wp","href":"https:\/\/api.w.org\/{rel}","templated":true}]}}