{"id":3365574,"date":"2024-11-18T20:05:06","date_gmt":"2024-11-18T18:05:06","guid":{"rendered":"https:\/\/tallinndesignhouse.com\/toode\/korvarongad-titan-themis\/"},"modified":"2026-04-29T01:03:42","modified_gmt":"2026-04-28T22:03:42","slug":"korvarongad-titan-themis","status":"publish","type":"product","link":"https:\/\/tallinndesignhouse.com\/en\/toode\/korvarongad-titan-themis\/","title":{"rendered":"Earrings Titan Themis"},"content":{"rendered":"<p>The TITAN collection by Tanel Veenre  is inspired by a magnificent material with it\u2019s long lasting element and a cosmic palette of colors. Inspired by cosmic utopia, the Titan collection was created, carrying its magical shells to the new dimensions. Thanks to its extraordinary features, titan is increasingly valued as high end jewellery material. As it is the most hypoallergenic metal, it is suit\u0430ble for everyone to wear. Titan is really light and yet super durable and strong. The colour resists beautifully in time. Titanium is Nickel free, corrosion-resistant and does not tarnish or discolor. Material: titanium; backside sterling silver. Length 30 mm. Weight per earring 2g. Post 0.8 mm.<\/p>\n","protected":false},"excerpt":{"rendered":"<p>The TITAN collection by Tanel Veenre is inspired by a magnificent material with it\u2019s long lasting element and a cosmic palette of colors. Inspired by cosmic utopia, the Titan collection was created, carrying its magical shells to the new dimensions. Thanks to its extraordinary features, titan is increasingly valued as high end jewellery material. As [&hellip;]<\/p>\n","protected":false},"featured_media":3365587,"template":"","meta":{"_acf_changed":false},"product_brand":[],"product_cat":[876,116],"product_tag":[2818],"class_list":{"0":"post-3365574","1":"product","2":"type-product","3":"status-publish","4":"has-post-thumbnail","6":"product_cat-korvarongad","7":"product_cat-ehted","8":"product_tag-naised","9":"pa_brand-tanel-veenre","12":"first","13":"instock","14":"taxable","15":"shipping-taxable","16":"purchasable","17":"product-type-simple"},"acf":[],"yoast_head":"<!-- This site is optimized with the Yoast SEO plugin v26.0 - https:\/\/yoast.com\/wordpress\/plugins\/seo\/ -->\n<title>Tanel Veenre Earrings Titan Themis - Tallinn Design House<\/title>\n<meta name=\"description\" content=\"Tanel Veenre k\u00f5rvar\u00f5ngad Titan Themis. Materjal: titaan; tagak\u00fclg sterling h\u00f5be. Pikkus 30 mm. K\u00f5rvar\u00f5nga kaal 2 g.\" \/>\n<meta name=\"robots\" content=\"index, follow, max-snippet:-1, max-image-preview:large, max-video-preview:-1\" \/>\n<link rel=\"canonical\" href=\"https:\/\/tallinndesignhouse.com\/toode\/korvarongad-titan-themis\/\" \/>\n<meta property=\"og:locale\" content=\"en_US\" \/>\n<meta property=\"og:type\" content=\"article\" \/>\n<meta property=\"og:title\" content=\"Tanel Veenre Earrings Titan Themis - Tallinn Design House\" \/>\n<meta property=\"og:description\" content=\"Tanel Veenre k\u00f5rvar\u00f5ngad Titan Themis. Materjal: titaan; tagak\u00fclg sterling h\u00f5be. Pikkus 30 mm. K\u00f5rvar\u00f5nga kaal 2 g.\" \/>\n<meta property=\"og:url\" content=\"https:\/\/tallinndesignhouse.com\/toode\/korvarongad-titan-themis\/\" \/>\n<meta property=\"og:site_name\" content=\"Tallinn Design House\" \/>\n<meta property=\"article:modified_time\" content=\"2026-04-28T22:03:42+00:00\" \/>\n<meta property=\"og:image\" content=\"https:\/\/tallinndesignhouse.com\/wp-content\/uploads\/2024\/11\/Tanel-Veenre-korvarongad-Titan-Themis.jpg\" \/>\n\t<meta property=\"og:image:width\" content=\"1080\" \/>\n\t<meta property=\"og:image:height\" content=\"1350\" \/>\n\t<meta property=\"og:image:type\" content=\"image\/jpeg\" \/>\n<meta name=\"twitter:card\" content=\"summary_large_image\" \/>\n<meta name=\"twitter:label1\" content=\"Est. reading time\" \/>\n\t<meta name=\"twitter:data1\" content=\"1 minute\" \/>\n<script type=\"application\/ld+json\" class=\"yoast-schema-graph\">{\"@context\":\"https:\/\/schema.org\",\"@graph\":[{\"@type\":\"WebPage\",\"@id\":\"https:\/\/tallinndesignhouse.com\/toode\/korvarongad-titan-themis\/\",\"url\":\"https:\/\/tallinndesignhouse.com\/toode\/korvarongad-titan-themis\/\",\"name\":\"Tanel Veenre Earrings Titan Themis - Tallinn Design House\",\"isPartOf\":{\"@id\":\"https:\/\/tallinndesignhouse.com\/#website\"},\"primaryImageOfPage\":{\"@id\":\"https:\/\/tallinndesignhouse.com\/toode\/korvarongad-titan-themis\/#primaryimage\"},\"image\":{\"@id\":\"https:\/\/tallinndesignhouse.com\/toode\/korvarongad-titan-themis\/#primaryimage\"},\"thumbnailUrl\":\"https:\/\/tallinndesignhouse.com\/wp-content\/uploads\/2024\/11\/Tanel-Veenre-korvarongad-Titan-Themis.jpg\",\"datePublished\":\"2024-11-18T18:05:06+00:00\",\"dateModified\":\"2026-04-28T22:03:42+00:00\",\"description\":\"Tanel Veenre k\u00f5rvar\u00f5ngad Titan Themis. Materjal: titaan; tagak\u00fclg sterling h\u00f5be. Pikkus 30 mm. K\u00f5rvar\u00f5nga kaal 2 g.\",\"breadcrumb\":{\"@id\":\"https:\/\/tallinndesignhouse.com\/toode\/korvarongad-titan-themis\/#breadcrumb\"},\"inLanguage\":\"en-US\",\"potentialAction\":[{\"@type\":\"ReadAction\",\"target\":[\"https:\/\/tallinndesignhouse.com\/toode\/korvarongad-titan-themis\/\"]}]},{\"@type\":\"ImageObject\",\"inLanguage\":\"en-US\",\"@id\":\"https:\/\/tallinndesignhouse.com\/toode\/korvarongad-titan-themis\/#primaryimage\",\"url\":\"https:\/\/tallinndesignhouse.com\/wp-content\/uploads\/2024\/11\/Tanel-Veenre-korvarongad-Titan-Themis.jpg\",\"contentUrl\":\"https:\/\/tallinndesignhouse.com\/wp-content\/uploads\/2024\/11\/Tanel-Veenre-korvarongad-Titan-Themis.jpg\",\"width\":1080,\"height\":1350,\"caption\":\"Tanel Veenre ko\u0303rvaro\u0303ngad Titan Themis\"},{\"@type\":\"BreadcrumbList\",\"@id\":\"https:\/\/tallinndesignhouse.com\/toode\/korvarongad-titan-themis\/#breadcrumb\",\"itemListElement\":[{\"@type\":\"ListItem\",\"position\":1,\"name\":\"Home\",\"item\":\"https:\/\/tallinndesignhouse.com\/en\/\"},{\"@type\":\"ListItem\",\"position\":2,\"name\":\"Shop\",\"item\":\"https:\/\/tallinndesignhouse.com\/en\/shop\/\"},{\"@type\":\"ListItem\",\"position\":3,\"name\":\"Earrings Titan Themis\"}]},{\"@type\":\"WebSite\",\"@id\":\"https:\/\/tallinndesignhouse.com\/#website\",\"url\":\"https:\/\/tallinndesignhouse.com\/\",\"name\":\"Tallinn Design House\",\"description\":\"Eesti disain Rotermanni kvartalis\",\"potentialAction\":[{\"@type\":\"SearchAction\",\"target\":{\"@type\":\"EntryPoint\",\"urlTemplate\":\"https:\/\/tallinndesignhouse.com\/?s={search_term_string}\"},\"query-input\":{\"@type\":\"PropertyValueSpecification\",\"valueRequired\":true,\"valueName\":\"search_term_string\"}}],\"inLanguage\":\"en-US\"}]}<\/script>\n<!-- \/ Yoast SEO plugin. -->","yoast_head_json":{"title":"Tanel Veenre Earrings Titan Themis - Tallinn Design House","description":"Tanel Veenre k\u00f5rvar\u00f5ngad Titan Themis. Materjal: titaan; tagak\u00fclg sterling h\u00f5be. Pikkus 30 mm. K\u00f5rvar\u00f5nga kaal 2 g.","robots":{"index":"index","follow":"follow","max-snippet":"max-snippet:-1","max-image-preview":"max-image-preview:large","max-video-preview":"max-video-preview:-1"},"canonical":"https:\/\/tallinndesignhouse.com\/toode\/korvarongad-titan-themis\/","og_locale":"en_US","og_type":"article","og_title":"Tanel Veenre Earrings Titan Themis - Tallinn Design House","og_description":"Tanel Veenre k\u00f5rvar\u00f5ngad Titan Themis. Materjal: titaan; tagak\u00fclg sterling h\u00f5be. Pikkus 30 mm. K\u00f5rvar\u00f5nga kaal 2 g.","og_url":"https:\/\/tallinndesignhouse.com\/toode\/korvarongad-titan-themis\/","og_site_name":"Tallinn Design House","article_modified_time":"2026-04-28T22:03:42+00:00","og_image":[{"width":1080,"height":1350,"url":"https:\/\/tallinndesignhouse.com\/wp-content\/uploads\/2024\/11\/Tanel-Veenre-korvarongad-Titan-Themis.jpg","type":"image\/jpeg"}],"twitter_card":"summary_large_image","twitter_misc":{"Est. reading time":"1 minute"},"schema":{"@context":"https:\/\/schema.org","@graph":[{"@type":"WebPage","@id":"https:\/\/tallinndesignhouse.com\/toode\/korvarongad-titan-themis\/","url":"https:\/\/tallinndesignhouse.com\/toode\/korvarongad-titan-themis\/","name":"Tanel Veenre Earrings Titan Themis - Tallinn Design House","isPartOf":{"@id":"https:\/\/tallinndesignhouse.com\/#website"},"primaryImageOfPage":{"@id":"https:\/\/tallinndesignhouse.com\/toode\/korvarongad-titan-themis\/#primaryimage"},"image":{"@id":"https:\/\/tallinndesignhouse.com\/toode\/korvarongad-titan-themis\/#primaryimage"},"thumbnailUrl":"https:\/\/tallinndesignhouse.com\/wp-content\/uploads\/2024\/11\/Tanel-Veenre-korvarongad-Titan-Themis.jpg","datePublished":"2024-11-18T18:05:06+00:00","dateModified":"2026-04-28T22:03:42+00:00","description":"Tanel Veenre k\u00f5rvar\u00f5ngad Titan Themis. Materjal: titaan; tagak\u00fclg sterling h\u00f5be. Pikkus 30 mm. K\u00f5rvar\u00f5nga kaal 2 g.","breadcrumb":{"@id":"https:\/\/tallinndesignhouse.com\/toode\/korvarongad-titan-themis\/#breadcrumb"},"inLanguage":"en-US","potentialAction":[{"@type":"ReadAction","target":["https:\/\/tallinndesignhouse.com\/toode\/korvarongad-titan-themis\/"]}]},{"@type":"ImageObject","inLanguage":"en-US","@id":"https:\/\/tallinndesignhouse.com\/toode\/korvarongad-titan-themis\/#primaryimage","url":"https:\/\/tallinndesignhouse.com\/wp-content\/uploads\/2024\/11\/Tanel-Veenre-korvarongad-Titan-Themis.jpg","contentUrl":"https:\/\/tallinndesignhouse.com\/wp-content\/uploads\/2024\/11\/Tanel-Veenre-korvarongad-Titan-Themis.jpg","width":1080,"height":1350,"caption":"Tanel Veenre ko\u0303rvaro\u0303ngad Titan Themis"},{"@type":"BreadcrumbList","@id":"https:\/\/tallinndesignhouse.com\/toode\/korvarongad-titan-themis\/#breadcrumb","itemListElement":[{"@type":"ListItem","position":1,"name":"Home","item":"https:\/\/tallinndesignhouse.com\/en\/"},{"@type":"ListItem","position":2,"name":"Shop","item":"https:\/\/tallinndesignhouse.com\/en\/shop\/"},{"@type":"ListItem","position":3,"name":"Earrings Titan Themis"}]},{"@type":"WebSite","@id":"https:\/\/tallinndesignhouse.com\/#website","url":"https:\/\/tallinndesignhouse.com\/","name":"Tallinn Design House","description":"Eesti disain Rotermanni kvartalis","potentialAction":[{"@type":"SearchAction","target":{"@type":"EntryPoint","urlTemplate":"https:\/\/tallinndesignhouse.com\/?s={search_term_string}"},"query-input":{"@type":"PropertyValueSpecification","valueRequired":true,"valueName":"search_term_string"}}],"inLanguage":"en-US"}]}},"_links":{"self":[{"href":"https:\/\/tallinndesignhouse.com\/en\/wp-json\/wp\/v2\/product\/3365574","targetHints":{"allow":["GET"]}}],"collection":[{"href":"https:\/\/tallinndesignhouse.com\/en\/wp-json\/wp\/v2\/product"}],"about":[{"href":"https:\/\/tallinndesignhouse.com\/en\/wp-json\/wp\/v2\/types\/product"}],"wp:featuredmedia":[{"embeddable":true,"href":"https:\/\/tallinndesignhouse.com\/en\/wp-json\/wp\/v2\/media\/3365587"}],"wp:attachment":[{"href":"https:\/\/tallinndesignhouse.com\/en\/wp-json\/wp\/v2\/media?parent=3365574"}],"wp:term":[{"taxonomy":"product_brand","embeddable":true,"href":"https:\/\/tallinndesignhouse.com\/en\/wp-json\/wp\/v2\/product_brand?post=3365574"},{"taxonomy":"product_cat","embeddable":true,"href":"https:\/\/tallinndesignhouse.com\/en\/wp-json\/wp\/v2\/product_cat?post=3365574"},{"taxonomy":"product_tag","embeddable":true,"href":"https:\/\/tallinndesignhouse.com\/en\/wp-json\/wp\/v2\/product_tag?post=3365574"}],"curies":[{"name":"wp","href":"https:\/\/api.w.org\/{rel}","templated":true}]}}