{"id":3365697,"date":"2024-11-21T16:20:51","date_gmt":"2024-11-21T14:20:51","guid":{"rendered":"https:\/\/tallinndesignhouse.com\/toode\/kandik-shady-rock\/"},"modified":"2026-04-17T01:02:50","modified_gmt":"2026-04-16T22:02:50","slug":"kandik-shady-rock","status":"publish","type":"product","link":"https:\/\/tallinndesignhouse.com\/en\/toode\/kandik-shady-rock\/","title":{"rendered":"Tray Shady Rock"},"content":{"rendered":"<p>The striped plywood handmade plywood tray by Triibuvineer is a wonderful gift idea. Create a cozy atmosphere in your home with a tray, candle and vase or use it to store breads and pastries on the dining t\u0430ble. When you go to visit, fill it with fruits, candy, high-quality wine or cheeses and you can be sure that your gift will stand out and bring a lot of joy to the recipient! Striped plywood slats in gray colours wood tones are attached to 100% recycled gray felt. The tray can also be used the other way around, creating a higher plane on the t\u0430ble to serve. Material: stripe veneer, birch veneer, 100% recycled gray felt. Dimensions: diameter 31cm x height 6cm. Finish: cleanable and wear-resistant matte varnish.<\/p>\n","protected":false},"excerpt":{"rendered":"<p>The striped plywood handmade plywood tray by Triibuvineer is a wonderful gift idea. Create a cozy atmosphere in your home with a tray, candle and vase or use it to store breads and pastries on the dining t\u0430ble. When you go to visit, fill it with fruits, candy, high-quality wine or cheeses and you can [&hellip;]<\/p>\n","protected":false},"featured_media":3365692,"template":"","meta":{"_acf_changed":false},"product_brand":[],"product_cat":[2552,2002],"product_tag":[1828],"class_list":{"0":"post-3365697","1":"product","2":"type-product","3":"status-publish","4":"has-post-thumbnail","6":"product_cat-home","7":"product_cat-furnishings","8":"product_tag-kodu","9":"pa_brand-triibuvineer","12":"first","13":"instock","14":"taxable","15":"shipping-taxable","16":"purchasable","17":"product-type-simple"},"acf":[],"yoast_head":"<!-- This site is optimized with the Yoast SEO plugin v26.0 - https:\/\/yoast.com\/wordpress\/plugins\/seo\/ -->\n<title>Triibuvineer Tray Shady Rock - Tallinn Design House<\/title>\n<meta name=\"description\" content=\"Triibuvineer kandik Shady Rock. Materjal: triibuvineer, kasevineer, 100% taast\u00f6\u00f6deldud hall vilt. M\u00f5\u00f5dud: l\u00e4bim\u00f5\u00f5t 31cm x k\u00f5rgus 6 cm.\" \/>\n<meta name=\"robots\" content=\"index, follow, max-snippet:-1, max-image-preview:large, max-video-preview:-1\" \/>\n<link rel=\"canonical\" href=\"https:\/\/tallinndesignhouse.com\/toode\/kandik-shady-rock\/\" \/>\n<meta property=\"og:locale\" content=\"en_US\" \/>\n<meta property=\"og:type\" content=\"article\" \/>\n<meta property=\"og:title\" content=\"Triibuvineer Tray Shady Rock - Tallinn Design House\" \/>\n<meta property=\"og:description\" content=\"Triibuvineer kandik Shady Rock. Materjal: triibuvineer, kasevineer, 100% taast\u00f6\u00f6deldud hall vilt. M\u00f5\u00f5dud: l\u00e4bim\u00f5\u00f5t 31cm x k\u00f5rgus 6 cm.\" \/>\n<meta property=\"og:url\" content=\"https:\/\/tallinndesignhouse.com\/toode\/kandik-shady-rock\/\" \/>\n<meta property=\"og:site_name\" content=\"Tallinn Design House\" \/>\n<meta property=\"article:modified_time\" content=\"2026-04-16T22:02:50+00:00\" \/>\n<meta property=\"og:image\" content=\"https:\/\/tallinndesignhouse.com\/wp-content\/uploads\/2024\/11\/Triibuvineer-kandik-Shady-Rock.jpg\" \/>\n\t<meta property=\"og:image:width\" content=\"1080\" \/>\n\t<meta property=\"og:image:height\" content=\"1350\" \/>\n\t<meta property=\"og:image:type\" content=\"image\/jpeg\" \/>\n<meta name=\"twitter:card\" content=\"summary_large_image\" \/>\n<meta name=\"twitter:label1\" content=\"Est. reading time\" \/>\n\t<meta name=\"twitter:data1\" content=\"1 minute\" \/>\n<script type=\"application\/ld+json\" class=\"yoast-schema-graph\">{\"@context\":\"https:\/\/schema.org\",\"@graph\":[{\"@type\":\"WebPage\",\"@id\":\"https:\/\/tallinndesignhouse.com\/toode\/kandik-shady-rock\/\",\"url\":\"https:\/\/tallinndesignhouse.com\/toode\/kandik-shady-rock\/\",\"name\":\"Triibuvineer Tray Shady Rock - Tallinn Design House\",\"isPartOf\":{\"@id\":\"https:\/\/tallinndesignhouse.com\/#website\"},\"primaryImageOfPage\":{\"@id\":\"https:\/\/tallinndesignhouse.com\/toode\/kandik-shady-rock\/#primaryimage\"},\"image\":{\"@id\":\"https:\/\/tallinndesignhouse.com\/toode\/kandik-shady-rock\/#primaryimage\"},\"thumbnailUrl\":\"https:\/\/tallinndesignhouse.com\/wp-content\/uploads\/2024\/11\/Triibuvineer-kandik-Shady-Rock.jpg\",\"datePublished\":\"2024-11-21T14:20:51+00:00\",\"dateModified\":\"2026-04-16T22:02:50+00:00\",\"description\":\"Triibuvineer kandik Shady Rock. Materjal: triibuvineer, kasevineer, 100% taast\u00f6\u00f6deldud hall vilt. M\u00f5\u00f5dud: l\u00e4bim\u00f5\u00f5t 31cm x k\u00f5rgus 6 cm.\",\"breadcrumb\":{\"@id\":\"https:\/\/tallinndesignhouse.com\/toode\/kandik-shady-rock\/#breadcrumb\"},\"inLanguage\":\"en-US\",\"potentialAction\":[{\"@type\":\"ReadAction\",\"target\":[\"https:\/\/tallinndesignhouse.com\/toode\/kandik-shady-rock\/\"]}]},{\"@type\":\"ImageObject\",\"inLanguage\":\"en-US\",\"@id\":\"https:\/\/tallinndesignhouse.com\/toode\/kandik-shady-rock\/#primaryimage\",\"url\":\"https:\/\/tallinndesignhouse.com\/wp-content\/uploads\/2024\/11\/Triibuvineer-kandik-Shady-Rock.jpg\",\"contentUrl\":\"https:\/\/tallinndesignhouse.com\/wp-content\/uploads\/2024\/11\/Triibuvineer-kandik-Shady-Rock.jpg\",\"width\":1080,\"height\":1350,\"caption\":\"Triibuvineer kandik Shady Rock\"},{\"@type\":\"BreadcrumbList\",\"@id\":\"https:\/\/tallinndesignhouse.com\/toode\/kandik-shady-rock\/#breadcrumb\",\"itemListElement\":[{\"@type\":\"ListItem\",\"position\":1,\"name\":\"Home\",\"item\":\"https:\/\/tallinndesignhouse.com\/en\/\"},{\"@type\":\"ListItem\",\"position\":2,\"name\":\"Shop\",\"item\":\"https:\/\/tallinndesignhouse.com\/en\/shop\/\"},{\"@type\":\"ListItem\",\"position\":3,\"name\":\"Tray Shady Rock\"}]},{\"@type\":\"WebSite\",\"@id\":\"https:\/\/tallinndesignhouse.com\/#website\",\"url\":\"https:\/\/tallinndesignhouse.com\/\",\"name\":\"Tallinn Design House\",\"description\":\"Eesti disain Rotermanni kvartalis\",\"potentialAction\":[{\"@type\":\"SearchAction\",\"target\":{\"@type\":\"EntryPoint\",\"urlTemplate\":\"https:\/\/tallinndesignhouse.com\/?s={search_term_string}\"},\"query-input\":{\"@type\":\"PropertyValueSpecification\",\"valueRequired\":true,\"valueName\":\"search_term_string\"}}],\"inLanguage\":\"en-US\"}]}<\/script>\n<!-- \/ Yoast SEO plugin. -->","yoast_head_json":{"title":"Triibuvineer Tray Shady Rock - Tallinn Design House","description":"Triibuvineer kandik Shady Rock. Materjal: triibuvineer, kasevineer, 100% taast\u00f6\u00f6deldud hall vilt. M\u00f5\u00f5dud: l\u00e4bim\u00f5\u00f5t 31cm x k\u00f5rgus 6 cm.","robots":{"index":"index","follow":"follow","max-snippet":"max-snippet:-1","max-image-preview":"max-image-preview:large","max-video-preview":"max-video-preview:-1"},"canonical":"https:\/\/tallinndesignhouse.com\/toode\/kandik-shady-rock\/","og_locale":"en_US","og_type":"article","og_title":"Triibuvineer Tray Shady Rock - Tallinn Design House","og_description":"Triibuvineer kandik Shady Rock. Materjal: triibuvineer, kasevineer, 100% taast\u00f6\u00f6deldud hall vilt. M\u00f5\u00f5dud: l\u00e4bim\u00f5\u00f5t 31cm x k\u00f5rgus 6 cm.","og_url":"https:\/\/tallinndesignhouse.com\/toode\/kandik-shady-rock\/","og_site_name":"Tallinn Design House","article_modified_time":"2026-04-16T22:02:50+00:00","og_image":[{"width":1080,"height":1350,"url":"https:\/\/tallinndesignhouse.com\/wp-content\/uploads\/2024\/11\/Triibuvineer-kandik-Shady-Rock.jpg","type":"image\/jpeg"}],"twitter_card":"summary_large_image","twitter_misc":{"Est. reading time":"1 minute"},"schema":{"@context":"https:\/\/schema.org","@graph":[{"@type":"WebPage","@id":"https:\/\/tallinndesignhouse.com\/toode\/kandik-shady-rock\/","url":"https:\/\/tallinndesignhouse.com\/toode\/kandik-shady-rock\/","name":"Triibuvineer Tray Shady Rock - Tallinn Design House","isPartOf":{"@id":"https:\/\/tallinndesignhouse.com\/#website"},"primaryImageOfPage":{"@id":"https:\/\/tallinndesignhouse.com\/toode\/kandik-shady-rock\/#primaryimage"},"image":{"@id":"https:\/\/tallinndesignhouse.com\/toode\/kandik-shady-rock\/#primaryimage"},"thumbnailUrl":"https:\/\/tallinndesignhouse.com\/wp-content\/uploads\/2024\/11\/Triibuvineer-kandik-Shady-Rock.jpg","datePublished":"2024-11-21T14:20:51+00:00","dateModified":"2026-04-16T22:02:50+00:00","description":"Triibuvineer kandik Shady Rock. Materjal: triibuvineer, kasevineer, 100% taast\u00f6\u00f6deldud hall vilt. M\u00f5\u00f5dud: l\u00e4bim\u00f5\u00f5t 31cm x k\u00f5rgus 6 cm.","breadcrumb":{"@id":"https:\/\/tallinndesignhouse.com\/toode\/kandik-shady-rock\/#breadcrumb"},"inLanguage":"en-US","potentialAction":[{"@type":"ReadAction","target":["https:\/\/tallinndesignhouse.com\/toode\/kandik-shady-rock\/"]}]},{"@type":"ImageObject","inLanguage":"en-US","@id":"https:\/\/tallinndesignhouse.com\/toode\/kandik-shady-rock\/#primaryimage","url":"https:\/\/tallinndesignhouse.com\/wp-content\/uploads\/2024\/11\/Triibuvineer-kandik-Shady-Rock.jpg","contentUrl":"https:\/\/tallinndesignhouse.com\/wp-content\/uploads\/2024\/11\/Triibuvineer-kandik-Shady-Rock.jpg","width":1080,"height":1350,"caption":"Triibuvineer kandik Shady Rock"},{"@type":"BreadcrumbList","@id":"https:\/\/tallinndesignhouse.com\/toode\/kandik-shady-rock\/#breadcrumb","itemListElement":[{"@type":"ListItem","position":1,"name":"Home","item":"https:\/\/tallinndesignhouse.com\/en\/"},{"@type":"ListItem","position":2,"name":"Shop","item":"https:\/\/tallinndesignhouse.com\/en\/shop\/"},{"@type":"ListItem","position":3,"name":"Tray Shady Rock"}]},{"@type":"WebSite","@id":"https:\/\/tallinndesignhouse.com\/#website","url":"https:\/\/tallinndesignhouse.com\/","name":"Tallinn Design House","description":"Eesti disain Rotermanni kvartalis","potentialAction":[{"@type":"SearchAction","target":{"@type":"EntryPoint","urlTemplate":"https:\/\/tallinndesignhouse.com\/?s={search_term_string}"},"query-input":{"@type":"PropertyValueSpecification","valueRequired":true,"valueName":"search_term_string"}}],"inLanguage":"en-US"}]}},"_links":{"self":[{"href":"https:\/\/tallinndesignhouse.com\/en\/wp-json\/wp\/v2\/product\/3365697","targetHints":{"allow":["GET"]}}],"collection":[{"href":"https:\/\/tallinndesignhouse.com\/en\/wp-json\/wp\/v2\/product"}],"about":[{"href":"https:\/\/tallinndesignhouse.com\/en\/wp-json\/wp\/v2\/types\/product"}],"wp:featuredmedia":[{"embeddable":true,"href":"https:\/\/tallinndesignhouse.com\/en\/wp-json\/wp\/v2\/media\/3365692"}],"wp:attachment":[{"href":"https:\/\/tallinndesignhouse.com\/en\/wp-json\/wp\/v2\/media?parent=3365697"}],"wp:term":[{"taxonomy":"product_brand","embeddable":true,"href":"https:\/\/tallinndesignhouse.com\/en\/wp-json\/wp\/v2\/product_brand?post=3365697"},{"taxonomy":"product_cat","embeddable":true,"href":"https:\/\/tallinndesignhouse.com\/en\/wp-json\/wp\/v2\/product_cat?post=3365697"},{"taxonomy":"product_tag","embeddable":true,"href":"https:\/\/tallinndesignhouse.com\/en\/wp-json\/wp\/v2\/product_tag?post=3365697"}],"curies":[{"name":"wp","href":"https:\/\/api.w.org\/{rel}","templated":true}]}}