{"id":3365699,"date":"2024-11-21T16:21:47","date_gmt":"2024-11-21T14:21:47","guid":{"rendered":"https:\/\/tallinndesignhouse.com\/toode\/kandik-minty-funk\/"},"modified":"2026-04-17T01:02:50","modified_gmt":"2026-04-16T22:02:50","slug":"kandik-minty-funk","status":"publish","type":"product","link":"https:\/\/tallinndesignhouse.com\/en\/toode\/kandik-minty-funk\/","title":{"rendered":"Tray Minty Funk"},"content":{"rendered":"<p>Triibuvineeri k\u00e4sit\u00f6\u00f6vineerist kandik on imeline soolaleiva kingitus, millega minna s\u00f5pradele k\u00fclla v\u00f5i viia hommikukohvi kallimale voodisse. Loo oma kodus hubane atmosf\u00e4\u00e4r kandiku, k\u00fc\u00fcnla ja vaasiga v\u00f5i kasuta seda s\u00f6\u00f6gilaual leibade-saiade hoidmiseks. K\u00fclla minnes t\u00e4ida see puuviljade, kommide, kvaliteetse veini v\u00f5i juustudega ja v\u00f5id olla kindel, et Sinu kingitus paistab silma ja toob saajale palju r\u00f5\u00f5mu! Kevadistes toonides triibuvineerist liistud on kinnitatud 100% \u00fcmbert\u00f6\u00f6deldud hallile vildile. Kandikut saab kasutada ka teistpidi luues lauale k\u00f5rgema tasapinna serveerimiseks. Materjal: triibuvineer, kasevineer, 100% taast\u00f6\u00f6deldud hall vilt. M\u00f5\u00f5dud: l\u00e4bim\u00f5\u00f5t 31cm x k\u00f5rgus 6 cm. Viimistlus: puhastatav ja kulumiskindel matt-lakk.<\/p>\n","protected":false},"excerpt":{"rendered":"<p>Triibuvineeri k\u00e4sit\u00f6\u00f6vineerist kandik on imeline soolaleiva kingitus, millega minna s\u00f5pradele k\u00fclla v\u00f5i viia hommikukohvi kallimale voodisse. Loo oma kodus hubane atmosf\u00e4\u00e4r kandiku, k\u00fc\u00fcnla ja vaasiga v\u00f5i kasuta seda s\u00f6\u00f6gilaual leibade-saiade hoidmiseks. K\u00fclla minnes t\u00e4ida see puuviljade, kommide, kvaliteetse veini v\u00f5i juustudega ja v\u00f5id olla kindel, et Sinu kingitus paistab silma ja toob saajale palju r\u00f5\u00f5mu! [&hellip;]<\/p>\n","protected":false},"featured_media":3365690,"template":"","meta":{"_acf_changed":false},"product_brand":[],"product_cat":[890,875],"product_tag":[2003],"class_list":{"0":"post-3365699","1":"product","2":"type-product","3":"status-publish","4":"has-post-thumbnail","6":"product_cat-sisustustooted","7":"product_cat-kodu","8":"product_tag-home","9":"pa_brand-triibuvineer","12":"first","13":"instock","14":"taxable","15":"shipping-taxable","16":"purchasable","17":"product-type-simple"},"acf":[],"yoast_head":"<!-- This site is optimized with the Yoast SEO plugin v26.0 - https:\/\/yoast.com\/wordpress\/plugins\/seo\/ -->\n<title>Triibuvineer Tray Minty Funk - Tallinn Design House<\/title>\n<meta name=\"description\" content=\"Triibuvineer kandik Minty Funk. Materjal: triibuvineer, kasevineer, 100% taast\u00f6\u00f6deldud hall vilt. M\u00f5\u00f5dud: l\u00e4bim\u00f5\u00f5t 31cm x k\u00f5rgus 6 cm.\" \/>\n<meta name=\"robots\" content=\"index, follow, max-snippet:-1, max-image-preview:large, max-video-preview:-1\" \/>\n<link rel=\"canonical\" href=\"https:\/\/tallinndesignhouse.com\/toode\/kandik-minty-funk\/\" \/>\n<meta property=\"og:locale\" content=\"en_US\" \/>\n<meta property=\"og:type\" content=\"article\" \/>\n<meta property=\"og:title\" content=\"Triibuvineer Tray Minty Funk - Tallinn Design House\" \/>\n<meta property=\"og:description\" content=\"Triibuvineer kandik Minty Funk. Materjal: triibuvineer, kasevineer, 100% taast\u00f6\u00f6deldud hall vilt. M\u00f5\u00f5dud: l\u00e4bim\u00f5\u00f5t 31cm x k\u00f5rgus 6 cm.\" \/>\n<meta property=\"og:url\" content=\"https:\/\/tallinndesignhouse.com\/toode\/kandik-minty-funk\/\" \/>\n<meta property=\"og:site_name\" content=\"Tallinn Design House\" \/>\n<meta property=\"article:modified_time\" content=\"2026-04-16T22:02:50+00:00\" \/>\n<meta property=\"og:image\" content=\"https:\/\/tallinndesignhouse.com\/wp-content\/uploads\/2024\/11\/Triibuvineer-kandik-Minty-Funk.jpg\" \/>\n\t<meta property=\"og:image:width\" content=\"1080\" \/>\n\t<meta property=\"og:image:height\" content=\"1350\" \/>\n\t<meta property=\"og:image:type\" content=\"image\/jpeg\" \/>\n<meta name=\"twitter:card\" content=\"summary_large_image\" \/>\n<meta name=\"twitter:label1\" content=\"Est. reading time\" \/>\n\t<meta name=\"twitter:data1\" content=\"1 minute\" \/>\n<script type=\"application\/ld+json\" class=\"yoast-schema-graph\">{\"@context\":\"https:\/\/schema.org\",\"@graph\":[{\"@type\":\"WebPage\",\"@id\":\"https:\/\/tallinndesignhouse.com\/toode\/kandik-minty-funk\/\",\"url\":\"https:\/\/tallinndesignhouse.com\/toode\/kandik-minty-funk\/\",\"name\":\"Triibuvineer Tray Minty Funk - Tallinn Design House\",\"isPartOf\":{\"@id\":\"https:\/\/tallinndesignhouse.com\/#website\"},\"primaryImageOfPage\":{\"@id\":\"https:\/\/tallinndesignhouse.com\/toode\/kandik-minty-funk\/#primaryimage\"},\"image\":{\"@id\":\"https:\/\/tallinndesignhouse.com\/toode\/kandik-minty-funk\/#primaryimage\"},\"thumbnailUrl\":\"https:\/\/tallinndesignhouse.com\/wp-content\/uploads\/2024\/11\/Triibuvineer-kandik-Minty-Funk.jpg\",\"datePublished\":\"2024-11-21T14:21:47+00:00\",\"dateModified\":\"2026-04-16T22:02:50+00:00\",\"description\":\"Triibuvineer kandik Minty Funk. Materjal: triibuvineer, kasevineer, 100% taast\u00f6\u00f6deldud hall vilt. M\u00f5\u00f5dud: l\u00e4bim\u00f5\u00f5t 31cm x k\u00f5rgus 6 cm.\",\"breadcrumb\":{\"@id\":\"https:\/\/tallinndesignhouse.com\/toode\/kandik-minty-funk\/#breadcrumb\"},\"inLanguage\":\"en-US\",\"potentialAction\":[{\"@type\":\"ReadAction\",\"target\":[\"https:\/\/tallinndesignhouse.com\/toode\/kandik-minty-funk\/\"]}]},{\"@type\":\"ImageObject\",\"inLanguage\":\"en-US\",\"@id\":\"https:\/\/tallinndesignhouse.com\/toode\/kandik-minty-funk\/#primaryimage\",\"url\":\"https:\/\/tallinndesignhouse.com\/wp-content\/uploads\/2024\/11\/Triibuvineer-kandik-Minty-Funk.jpg\",\"contentUrl\":\"https:\/\/tallinndesignhouse.com\/wp-content\/uploads\/2024\/11\/Triibuvineer-kandik-Minty-Funk.jpg\",\"width\":1080,\"height\":1350,\"caption\":\"Triibuvineer kandik Minty Funk\"},{\"@type\":\"BreadcrumbList\",\"@id\":\"https:\/\/tallinndesignhouse.com\/toode\/kandik-minty-funk\/#breadcrumb\",\"itemListElement\":[{\"@type\":\"ListItem\",\"position\":1,\"name\":\"Home\",\"item\":\"https:\/\/tallinndesignhouse.com\/en\/\"},{\"@type\":\"ListItem\",\"position\":2,\"name\":\"Shop\",\"item\":\"https:\/\/tallinndesignhouse.com\/en\/shop\/\"},{\"@type\":\"ListItem\",\"position\":3,\"name\":\"Tray Minty Funk\"}]},{\"@type\":\"WebSite\",\"@id\":\"https:\/\/tallinndesignhouse.com\/#website\",\"url\":\"https:\/\/tallinndesignhouse.com\/\",\"name\":\"Tallinn Design House\",\"description\":\"Eesti disain Rotermanni kvartalis\",\"potentialAction\":[{\"@type\":\"SearchAction\",\"target\":{\"@type\":\"EntryPoint\",\"urlTemplate\":\"https:\/\/tallinndesignhouse.com\/?s={search_term_string}\"},\"query-input\":{\"@type\":\"PropertyValueSpecification\",\"valueRequired\":true,\"valueName\":\"search_term_string\"}}],\"inLanguage\":\"en-US\"}]}<\/script>\n<!-- \/ Yoast SEO plugin. -->","yoast_head_json":{"title":"Triibuvineer Tray Minty Funk - Tallinn Design House","description":"Triibuvineer kandik Minty Funk. Materjal: triibuvineer, kasevineer, 100% taast\u00f6\u00f6deldud hall vilt. M\u00f5\u00f5dud: l\u00e4bim\u00f5\u00f5t 31cm x k\u00f5rgus 6 cm.","robots":{"index":"index","follow":"follow","max-snippet":"max-snippet:-1","max-image-preview":"max-image-preview:large","max-video-preview":"max-video-preview:-1"},"canonical":"https:\/\/tallinndesignhouse.com\/toode\/kandik-minty-funk\/","og_locale":"en_US","og_type":"article","og_title":"Triibuvineer Tray Minty Funk - Tallinn Design House","og_description":"Triibuvineer kandik Minty Funk. Materjal: triibuvineer, kasevineer, 100% taast\u00f6\u00f6deldud hall vilt. M\u00f5\u00f5dud: l\u00e4bim\u00f5\u00f5t 31cm x k\u00f5rgus 6 cm.","og_url":"https:\/\/tallinndesignhouse.com\/toode\/kandik-minty-funk\/","og_site_name":"Tallinn Design House","article_modified_time":"2026-04-16T22:02:50+00:00","og_image":[{"width":1080,"height":1350,"url":"https:\/\/tallinndesignhouse.com\/wp-content\/uploads\/2024\/11\/Triibuvineer-kandik-Minty-Funk.jpg","type":"image\/jpeg"}],"twitter_card":"summary_large_image","twitter_misc":{"Est. reading time":"1 minute"},"schema":{"@context":"https:\/\/schema.org","@graph":[{"@type":"WebPage","@id":"https:\/\/tallinndesignhouse.com\/toode\/kandik-minty-funk\/","url":"https:\/\/tallinndesignhouse.com\/toode\/kandik-minty-funk\/","name":"Triibuvineer Tray Minty Funk - Tallinn Design House","isPartOf":{"@id":"https:\/\/tallinndesignhouse.com\/#website"},"primaryImageOfPage":{"@id":"https:\/\/tallinndesignhouse.com\/toode\/kandik-minty-funk\/#primaryimage"},"image":{"@id":"https:\/\/tallinndesignhouse.com\/toode\/kandik-minty-funk\/#primaryimage"},"thumbnailUrl":"https:\/\/tallinndesignhouse.com\/wp-content\/uploads\/2024\/11\/Triibuvineer-kandik-Minty-Funk.jpg","datePublished":"2024-11-21T14:21:47+00:00","dateModified":"2026-04-16T22:02:50+00:00","description":"Triibuvineer kandik Minty Funk. Materjal: triibuvineer, kasevineer, 100% taast\u00f6\u00f6deldud hall vilt. M\u00f5\u00f5dud: l\u00e4bim\u00f5\u00f5t 31cm x k\u00f5rgus 6 cm.","breadcrumb":{"@id":"https:\/\/tallinndesignhouse.com\/toode\/kandik-minty-funk\/#breadcrumb"},"inLanguage":"en-US","potentialAction":[{"@type":"ReadAction","target":["https:\/\/tallinndesignhouse.com\/toode\/kandik-minty-funk\/"]}]},{"@type":"ImageObject","inLanguage":"en-US","@id":"https:\/\/tallinndesignhouse.com\/toode\/kandik-minty-funk\/#primaryimage","url":"https:\/\/tallinndesignhouse.com\/wp-content\/uploads\/2024\/11\/Triibuvineer-kandik-Minty-Funk.jpg","contentUrl":"https:\/\/tallinndesignhouse.com\/wp-content\/uploads\/2024\/11\/Triibuvineer-kandik-Minty-Funk.jpg","width":1080,"height":1350,"caption":"Triibuvineer kandik Minty Funk"},{"@type":"BreadcrumbList","@id":"https:\/\/tallinndesignhouse.com\/toode\/kandik-minty-funk\/#breadcrumb","itemListElement":[{"@type":"ListItem","position":1,"name":"Home","item":"https:\/\/tallinndesignhouse.com\/en\/"},{"@type":"ListItem","position":2,"name":"Shop","item":"https:\/\/tallinndesignhouse.com\/en\/shop\/"},{"@type":"ListItem","position":3,"name":"Tray Minty Funk"}]},{"@type":"WebSite","@id":"https:\/\/tallinndesignhouse.com\/#website","url":"https:\/\/tallinndesignhouse.com\/","name":"Tallinn Design House","description":"Eesti disain Rotermanni kvartalis","potentialAction":[{"@type":"SearchAction","target":{"@type":"EntryPoint","urlTemplate":"https:\/\/tallinndesignhouse.com\/?s={search_term_string}"},"query-input":{"@type":"PropertyValueSpecification","valueRequired":true,"valueName":"search_term_string"}}],"inLanguage":"en-US"}]}},"_links":{"self":[{"href":"https:\/\/tallinndesignhouse.com\/en\/wp-json\/wp\/v2\/product\/3365699","targetHints":{"allow":["GET"]}}],"collection":[{"href":"https:\/\/tallinndesignhouse.com\/en\/wp-json\/wp\/v2\/product"}],"about":[{"href":"https:\/\/tallinndesignhouse.com\/en\/wp-json\/wp\/v2\/types\/product"}],"wp:featuredmedia":[{"embeddable":true,"href":"https:\/\/tallinndesignhouse.com\/en\/wp-json\/wp\/v2\/media\/3365690"}],"wp:attachment":[{"href":"https:\/\/tallinndesignhouse.com\/en\/wp-json\/wp\/v2\/media?parent=3365699"}],"wp:term":[{"taxonomy":"product_brand","embeddable":true,"href":"https:\/\/tallinndesignhouse.com\/en\/wp-json\/wp\/v2\/product_brand?post=3365699"},{"taxonomy":"product_cat","embeddable":true,"href":"https:\/\/tallinndesignhouse.com\/en\/wp-json\/wp\/v2\/product_cat?post=3365699"},{"taxonomy":"product_tag","embeddable":true,"href":"https:\/\/tallinndesignhouse.com\/en\/wp-json\/wp\/v2\/product_tag?post=3365699"}],"curies":[{"name":"wp","href":"https:\/\/api.w.org\/{rel}","templated":true}]}}