{"id":3365989,"date":"2024-11-29T11:50:05","date_gmt":"2024-11-29T09:50:05","guid":{"rendered":"https:\/\/tallinndesignhouse.com\/toode\/sormus-kadakamari-1-oksudeeritud\/"},"modified":"2026-05-02T01:03:39","modified_gmt":"2026-05-01T22:03:39","slug":"sormus-kadakamari-1-oksudeeritud","status":"publish","type":"product","link":"https:\/\/tallinndesignhouse.com\/en\/toode\/sormus-kadakamari-1-oksudeeritud\/","title":{"rendered":"Ring Juniper Berry 1 oxidized"},"content":{"rendered":"<p>Jewellery collection JUNIPER by Kaia Saarna is inspired of Island life. Every juniper berry jewelry is unique because every juniper berry is non-recurring as in nature. All my jewellery have a jewelry maker mark and will come in a gift box. Weight: 3 g. Material: oxidized silver 925. Colour: dark gray.<\/p>\n","protected":false},"excerpt":{"rendered":"<p>Jewellery collection JUNIPER by Kaia Saarna is inspired of Island life. Every juniper berry jewelry is unique because every juniper berry is non-recurring as in nature. All my jewellery have a jewelry maker mark and will come in a gift box. Weight: 3 g. Material: oxidized silver 925. Colour: dark gray.<\/p>\n","protected":false},"featured_media":3365997,"template":"","meta":{"_acf_changed":false},"product_brand":[],"product_cat":[2136,3223,3718],"product_tag":[2818],"class_list":{"0":"post-3365989","1":"product","2":"type-product","3":"status-publish","4":"has-post-thumbnail","6":"product_cat-rings","7":"product_cat-jewellery-en","8":"product_cat-winter-style","9":"product_tag-naised","10":"pa_brand-kaia-saarna-jewellery-art","11":"pa_brand-kaia-saarna-jewellery-art-en","12":"pa_kingiidee-jah","13":"pa_kingiidee-yes-en","14":"pa_mudel-kadakamarja-1-mari","16":"pa_suurus-16-8-en","17":"pa_suurus-16-8","18":"pa_suurus-1424","19":"pa_suurus-18-en","21":"first","22":"instock","23":"taxable","24":"shipping-taxable","25":"purchasable","26":"product-type-variable"},"acf":[],"yoast_head":"<!-- This site is optimized with the Yoast SEO plugin v26.0 - https:\/\/yoast.com\/wordpress\/plugins\/seo\/ -->\n<title>Kaia Saarna Ring Juniper Berry 1 oxidized - Tallinn Design House<\/title>\n<meta name=\"description\" content=\"Kaia Saarna s\u00f5rmus Kadakamari 1 oks\u00fcdeeritud. Kaal: 3 g. Materjal: oks\u00fcdeeritud h\u00f5be 925. V\u00e4rv: tumehall.\" \/>\n<meta name=\"robots\" content=\"index, follow, max-snippet:-1, max-image-preview:large, max-video-preview:-1\" \/>\n<link rel=\"canonical\" href=\"https:\/\/tallinndesignhouse.com\/toode\/sormus-kadakamari-1-oksudeeritud\/\" \/>\n<meta property=\"og:locale\" content=\"en_US\" \/>\n<meta property=\"og:type\" content=\"article\" \/>\n<meta property=\"og:title\" content=\"Kaia Saarna Ring Juniper Berry 1 oxidized - Tallinn Design House\" \/>\n<meta property=\"og:description\" content=\"Kaia Saarna s\u00f5rmus Kadakamari 1 oks\u00fcdeeritud. Kaal: 3 g. Materjal: oks\u00fcdeeritud h\u00f5be 925. V\u00e4rv: tumehall.\" \/>\n<meta property=\"og:url\" content=\"https:\/\/tallinndesignhouse.com\/toode\/sormus-kadakamari-1-oksudeeritud\/\" \/>\n<meta property=\"og:site_name\" content=\"Tallinn Design House\" \/>\n<meta property=\"article:modified_time\" content=\"2026-05-01T22:03:39+00:00\" \/>\n<meta property=\"og:image\" content=\"https:\/\/tallinndesignhouse.com\/wp-content\/uploads\/2024\/11\/Kaia-Saarna-sormus-Kadakamari-1-oksudeeritud2.jpg\" \/>\n\t<meta property=\"og:image:width\" content=\"1080\" \/>\n\t<meta property=\"og:image:height\" content=\"1350\" \/>\n\t<meta property=\"og:image:type\" content=\"image\/jpeg\" \/>\n<meta name=\"twitter:card\" content=\"summary_large_image\" \/>\n<meta name=\"twitter:label1\" content=\"Est. reading time\" \/>\n\t<meta name=\"twitter:data1\" content=\"1 minute\" \/>\n<script type=\"application\/ld+json\" class=\"yoast-schema-graph\">{\"@context\":\"https:\/\/schema.org\",\"@graph\":[{\"@type\":\"WebPage\",\"@id\":\"https:\/\/tallinndesignhouse.com\/toode\/sormus-kadakamari-1-oksudeeritud\/\",\"url\":\"https:\/\/tallinndesignhouse.com\/toode\/sormus-kadakamari-1-oksudeeritud\/\",\"name\":\"Kaia Saarna Ring Juniper Berry 1 oxidized - Tallinn Design House\",\"isPartOf\":{\"@id\":\"https:\/\/tallinndesignhouse.com\/#website\"},\"primaryImageOfPage\":{\"@id\":\"https:\/\/tallinndesignhouse.com\/toode\/sormus-kadakamari-1-oksudeeritud\/#primaryimage\"},\"image\":{\"@id\":\"https:\/\/tallinndesignhouse.com\/toode\/sormus-kadakamari-1-oksudeeritud\/#primaryimage\"},\"thumbnailUrl\":\"https:\/\/tallinndesignhouse.com\/wp-content\/uploads\/2024\/11\/Kaia-Saarna-sormus-Kadakamari-1-oksudeeritud2.jpg\",\"datePublished\":\"2024-11-29T09:50:05+00:00\",\"dateModified\":\"2026-05-01T22:03:39+00:00\",\"description\":\"Kaia Saarna s\u00f5rmus Kadakamari 1 oks\u00fcdeeritud. Kaal: 3 g. Materjal: oks\u00fcdeeritud h\u00f5be 925. V\u00e4rv: tumehall.\",\"breadcrumb\":{\"@id\":\"https:\/\/tallinndesignhouse.com\/toode\/sormus-kadakamari-1-oksudeeritud\/#breadcrumb\"},\"inLanguage\":\"en-US\",\"potentialAction\":[{\"@type\":\"ReadAction\",\"target\":[\"https:\/\/tallinndesignhouse.com\/toode\/sormus-kadakamari-1-oksudeeritud\/\"]}]},{\"@type\":\"ImageObject\",\"inLanguage\":\"en-US\",\"@id\":\"https:\/\/tallinndesignhouse.com\/toode\/sormus-kadakamari-1-oksudeeritud\/#primaryimage\",\"url\":\"https:\/\/tallinndesignhouse.com\/wp-content\/uploads\/2024\/11\/Kaia-Saarna-sormus-Kadakamari-1-oksudeeritud2.jpg\",\"contentUrl\":\"https:\/\/tallinndesignhouse.com\/wp-content\/uploads\/2024\/11\/Kaia-Saarna-sormus-Kadakamari-1-oksudeeritud2.jpg\",\"width\":1080,\"height\":1350,\"caption\":\"Kaia Saarna so\u0303rmus Kadakamari 1 oksu\u0308deeritud2\"},{\"@type\":\"BreadcrumbList\",\"@id\":\"https:\/\/tallinndesignhouse.com\/toode\/sormus-kadakamari-1-oksudeeritud\/#breadcrumb\",\"itemListElement\":[{\"@type\":\"ListItem\",\"position\":1,\"name\":\"Home\",\"item\":\"https:\/\/tallinndesignhouse.com\/en\/\"},{\"@type\":\"ListItem\",\"position\":2,\"name\":\"Shop\",\"item\":\"https:\/\/tallinndesignhouse.com\/en\/shop\/\"},{\"@type\":\"ListItem\",\"position\":3,\"name\":\"Ring Juniper Berry 1 oxidized\"}]},{\"@type\":\"WebSite\",\"@id\":\"https:\/\/tallinndesignhouse.com\/#website\",\"url\":\"https:\/\/tallinndesignhouse.com\/\",\"name\":\"Tallinn Design House\",\"description\":\"Eesti disain Rotermanni kvartalis\",\"potentialAction\":[{\"@type\":\"SearchAction\",\"target\":{\"@type\":\"EntryPoint\",\"urlTemplate\":\"https:\/\/tallinndesignhouse.com\/?s={search_term_string}\"},\"query-input\":{\"@type\":\"PropertyValueSpecification\",\"valueRequired\":true,\"valueName\":\"search_term_string\"}}],\"inLanguage\":\"en-US\"}]}<\/script>\n<!-- \/ Yoast SEO plugin. -->","yoast_head_json":{"title":"Kaia Saarna Ring Juniper Berry 1 oxidized - Tallinn Design House","description":"Kaia Saarna s\u00f5rmus Kadakamari 1 oks\u00fcdeeritud. Kaal: 3 g. Materjal: oks\u00fcdeeritud h\u00f5be 925. V\u00e4rv: tumehall.","robots":{"index":"index","follow":"follow","max-snippet":"max-snippet:-1","max-image-preview":"max-image-preview:large","max-video-preview":"max-video-preview:-1"},"canonical":"https:\/\/tallinndesignhouse.com\/toode\/sormus-kadakamari-1-oksudeeritud\/","og_locale":"en_US","og_type":"article","og_title":"Kaia Saarna Ring Juniper Berry 1 oxidized - Tallinn Design House","og_description":"Kaia Saarna s\u00f5rmus Kadakamari 1 oks\u00fcdeeritud. Kaal: 3 g. Materjal: oks\u00fcdeeritud h\u00f5be 925. V\u00e4rv: tumehall.","og_url":"https:\/\/tallinndesignhouse.com\/toode\/sormus-kadakamari-1-oksudeeritud\/","og_site_name":"Tallinn Design House","article_modified_time":"2026-05-01T22:03:39+00:00","og_image":[{"width":1080,"height":1350,"url":"https:\/\/tallinndesignhouse.com\/wp-content\/uploads\/2024\/11\/Kaia-Saarna-sormus-Kadakamari-1-oksudeeritud2.jpg","type":"image\/jpeg"}],"twitter_card":"summary_large_image","twitter_misc":{"Est. reading time":"1 minute"},"schema":{"@context":"https:\/\/schema.org","@graph":[{"@type":"WebPage","@id":"https:\/\/tallinndesignhouse.com\/toode\/sormus-kadakamari-1-oksudeeritud\/","url":"https:\/\/tallinndesignhouse.com\/toode\/sormus-kadakamari-1-oksudeeritud\/","name":"Kaia Saarna Ring Juniper Berry 1 oxidized - Tallinn Design House","isPartOf":{"@id":"https:\/\/tallinndesignhouse.com\/#website"},"primaryImageOfPage":{"@id":"https:\/\/tallinndesignhouse.com\/toode\/sormus-kadakamari-1-oksudeeritud\/#primaryimage"},"image":{"@id":"https:\/\/tallinndesignhouse.com\/toode\/sormus-kadakamari-1-oksudeeritud\/#primaryimage"},"thumbnailUrl":"https:\/\/tallinndesignhouse.com\/wp-content\/uploads\/2024\/11\/Kaia-Saarna-sormus-Kadakamari-1-oksudeeritud2.jpg","datePublished":"2024-11-29T09:50:05+00:00","dateModified":"2026-05-01T22:03:39+00:00","description":"Kaia Saarna s\u00f5rmus Kadakamari 1 oks\u00fcdeeritud. Kaal: 3 g. Materjal: oks\u00fcdeeritud h\u00f5be 925. V\u00e4rv: tumehall.","breadcrumb":{"@id":"https:\/\/tallinndesignhouse.com\/toode\/sormus-kadakamari-1-oksudeeritud\/#breadcrumb"},"inLanguage":"en-US","potentialAction":[{"@type":"ReadAction","target":["https:\/\/tallinndesignhouse.com\/toode\/sormus-kadakamari-1-oksudeeritud\/"]}]},{"@type":"ImageObject","inLanguage":"en-US","@id":"https:\/\/tallinndesignhouse.com\/toode\/sormus-kadakamari-1-oksudeeritud\/#primaryimage","url":"https:\/\/tallinndesignhouse.com\/wp-content\/uploads\/2024\/11\/Kaia-Saarna-sormus-Kadakamari-1-oksudeeritud2.jpg","contentUrl":"https:\/\/tallinndesignhouse.com\/wp-content\/uploads\/2024\/11\/Kaia-Saarna-sormus-Kadakamari-1-oksudeeritud2.jpg","width":1080,"height":1350,"caption":"Kaia Saarna so\u0303rmus Kadakamari 1 oksu\u0308deeritud2"},{"@type":"BreadcrumbList","@id":"https:\/\/tallinndesignhouse.com\/toode\/sormus-kadakamari-1-oksudeeritud\/#breadcrumb","itemListElement":[{"@type":"ListItem","position":1,"name":"Home","item":"https:\/\/tallinndesignhouse.com\/en\/"},{"@type":"ListItem","position":2,"name":"Shop","item":"https:\/\/tallinndesignhouse.com\/en\/shop\/"},{"@type":"ListItem","position":3,"name":"Ring Juniper Berry 1 oxidized"}]},{"@type":"WebSite","@id":"https:\/\/tallinndesignhouse.com\/#website","url":"https:\/\/tallinndesignhouse.com\/","name":"Tallinn Design House","description":"Eesti disain Rotermanni kvartalis","potentialAction":[{"@type":"SearchAction","target":{"@type":"EntryPoint","urlTemplate":"https:\/\/tallinndesignhouse.com\/?s={search_term_string}"},"query-input":{"@type":"PropertyValueSpecification","valueRequired":true,"valueName":"search_term_string"}}],"inLanguage":"en-US"}]}},"_links":{"self":[{"href":"https:\/\/tallinndesignhouse.com\/en\/wp-json\/wp\/v2\/product\/3365989","targetHints":{"allow":["GET"]}}],"collection":[{"href":"https:\/\/tallinndesignhouse.com\/en\/wp-json\/wp\/v2\/product"}],"about":[{"href":"https:\/\/tallinndesignhouse.com\/en\/wp-json\/wp\/v2\/types\/product"}],"wp:featuredmedia":[{"embeddable":true,"href":"https:\/\/tallinndesignhouse.com\/en\/wp-json\/wp\/v2\/media\/3365997"}],"wp:attachment":[{"href":"https:\/\/tallinndesignhouse.com\/en\/wp-json\/wp\/v2\/media?parent=3365989"}],"wp:term":[{"taxonomy":"product_brand","embeddable":true,"href":"https:\/\/tallinndesignhouse.com\/en\/wp-json\/wp\/v2\/product_brand?post=3365989"},{"taxonomy":"product_cat","embeddable":true,"href":"https:\/\/tallinndesignhouse.com\/en\/wp-json\/wp\/v2\/product_cat?post=3365989"},{"taxonomy":"product_tag","embeddable":true,"href":"https:\/\/tallinndesignhouse.com\/en\/wp-json\/wp\/v2\/product_tag?post=3365989"}],"curies":[{"name":"wp","href":"https:\/\/api.w.org\/{rel}","templated":true}]}}