{"id":3366447,"date":"2024-12-03T21:20:09","date_gmt":"2024-12-03T19:20:09","guid":{"rendered":"https:\/\/tallinndesignhouse.com\/toode\/kaevoru-net-flores-tumehall\/"},"modified":"2026-04-12T01:02:58","modified_gmt":"2026-04-11T22:02:58","slug":"kaevoru-net-flores-tumehall","status":"publish","type":"product","link":"https:\/\/tallinndesignhouse.com\/en\/toode\/kaevoru-net-flores-tumehall\/","title":{"rendered":"Bracelet Net Flores dark grey"},"content":{"rendered":"<p>Anneli Tammik\u00b4s bracelet Net Flores is made of stainless steel with a PVD coating. The length of the bracelet is about 19.5 cm. Width 5 cm.<\/p>\n","protected":false},"excerpt":{"rendered":"<p>Anneli Tammik\u00b4s bracelet Net Flores is made of stainless steel with a PVD coating. The length of the bracelet is about 19.5 cm. Width 5 cm.<\/p>\n","protected":false},"featured_media":3366491,"template":"","meta":{"_acf_changed":false},"product_brand":[],"product_cat":[2034,3223,3718],"product_tag":[2819],"class_list":{"0":"post-3366447","1":"product","2":"type-product","3":"status-publish","4":"has-post-thumbnail","6":"product_cat-bracelets","7":"product_cat-jewellery-en","8":"product_cat-winter-style","9":"product_tag-women","10":"pa_brand-anneli-tammik-jewellery-en","11":"pa_brand-anneli-tammik-jewellery","12":"pa_kingiidee-jah","13":"pa_kingiidee-yes-en","15":"first","16":"instock","17":"taxable","18":"shipping-taxable","19":"purchasable","20":"product-type-simple"},"acf":[],"yoast_head":"<!-- This site is optimized with the Yoast SEO plugin v26.0 - https:\/\/yoast.com\/wordpress\/plugins\/seo\/ -->\n<title>Anneli Tammik Bracelet Net Flores dark grey - Tallinn Design House<\/title>\n<meta name=\"description\" content=\"Anneli Tammik k\u00e4ev\u00f5ru Net Flores tumehall. Valmistatud roostevabast terasest, PVD kattega. K\u00e4ev\u00f5ru pikkus u 19,5 cm. Laius 5 cm.\" \/>\n<meta name=\"robots\" content=\"index, follow, max-snippet:-1, max-image-preview:large, max-video-preview:-1\" \/>\n<link rel=\"canonical\" href=\"https:\/\/tallinndesignhouse.com\/toode\/kaevoru-net-flores-tumehall\/\" \/>\n<meta property=\"og:locale\" content=\"en_US\" \/>\n<meta property=\"og:type\" content=\"article\" \/>\n<meta property=\"og:title\" content=\"Anneli Tammik Bracelet Net Flores dark grey - Tallinn Design House\" \/>\n<meta property=\"og:description\" content=\"Anneli Tammik k\u00e4ev\u00f5ru Net Flores tumehall. Valmistatud roostevabast terasest, PVD kattega. K\u00e4ev\u00f5ru pikkus u 19,5 cm. Laius 5 cm.\" \/>\n<meta property=\"og:url\" content=\"https:\/\/tallinndesignhouse.com\/toode\/kaevoru-net-flores-tumehall\/\" \/>\n<meta property=\"og:site_name\" content=\"Tallinn Design House\" \/>\n<meta property=\"article:modified_time\" content=\"2026-04-11T22:02:58+00:00\" \/>\n<meta property=\"og:image\" content=\"https:\/\/tallinndesignhouse.com\/wp-content\/uploads\/2024\/12\/Anneli-Tammik-kaevoru-Net-Flores-tumehall-.jpg\" \/>\n\t<meta property=\"og:image:width\" content=\"1080\" \/>\n\t<meta property=\"og:image:height\" content=\"1350\" \/>\n\t<meta property=\"og:image:type\" content=\"image\/jpeg\" \/>\n<meta name=\"twitter:card\" content=\"summary_large_image\" \/>\n<script type=\"application\/ld+json\" class=\"yoast-schema-graph\">{\"@context\":\"https:\/\/schema.org\",\"@graph\":[{\"@type\":\"WebPage\",\"@id\":\"https:\/\/tallinndesignhouse.com\/toode\/kaevoru-net-flores-tumehall\/\",\"url\":\"https:\/\/tallinndesignhouse.com\/toode\/kaevoru-net-flores-tumehall\/\",\"name\":\"Anneli Tammik Bracelet Net Flores dark grey - Tallinn Design House\",\"isPartOf\":{\"@id\":\"https:\/\/tallinndesignhouse.com\/#website\"},\"primaryImageOfPage\":{\"@id\":\"https:\/\/tallinndesignhouse.com\/toode\/kaevoru-net-flores-tumehall\/#primaryimage\"},\"image\":{\"@id\":\"https:\/\/tallinndesignhouse.com\/toode\/kaevoru-net-flores-tumehall\/#primaryimage\"},\"thumbnailUrl\":\"https:\/\/tallinndesignhouse.com\/wp-content\/uploads\/2024\/12\/Anneli-Tammik-kaevoru-Net-Flores-tumehall-.jpg\",\"datePublished\":\"2024-12-03T19:20:09+00:00\",\"dateModified\":\"2026-04-11T22:02:58+00:00\",\"description\":\"Anneli Tammik k\u00e4ev\u00f5ru Net Flores tumehall. Valmistatud roostevabast terasest, PVD kattega. K\u00e4ev\u00f5ru pikkus u 19,5 cm. Laius 5 cm.\",\"breadcrumb\":{\"@id\":\"https:\/\/tallinndesignhouse.com\/toode\/kaevoru-net-flores-tumehall\/#breadcrumb\"},\"inLanguage\":\"en-US\",\"potentialAction\":[{\"@type\":\"ReadAction\",\"target\":[\"https:\/\/tallinndesignhouse.com\/toode\/kaevoru-net-flores-tumehall\/\"]}]},{\"@type\":\"ImageObject\",\"inLanguage\":\"en-US\",\"@id\":\"https:\/\/tallinndesignhouse.com\/toode\/kaevoru-net-flores-tumehall\/#primaryimage\",\"url\":\"https:\/\/tallinndesignhouse.com\/wp-content\/uploads\/2024\/12\/Anneli-Tammik-kaevoru-Net-Flores-tumehall-.jpg\",\"contentUrl\":\"https:\/\/tallinndesignhouse.com\/wp-content\/uploads\/2024\/12\/Anneli-Tammik-kaevoru-Net-Flores-tumehall-.jpg\",\"width\":1080,\"height\":1350,\"caption\":\"Anneli Tammik ka\u0308evo\u0303ru Net Flores tumehall -\"},{\"@type\":\"BreadcrumbList\",\"@id\":\"https:\/\/tallinndesignhouse.com\/toode\/kaevoru-net-flores-tumehall\/#breadcrumb\",\"itemListElement\":[{\"@type\":\"ListItem\",\"position\":1,\"name\":\"Home\",\"item\":\"https:\/\/tallinndesignhouse.com\/en\/\"},{\"@type\":\"ListItem\",\"position\":2,\"name\":\"Shop\",\"item\":\"https:\/\/tallinndesignhouse.com\/en\/shop\/\"},{\"@type\":\"ListItem\",\"position\":3,\"name\":\"Bracelet Net Flores dark grey\"}]},{\"@type\":\"WebSite\",\"@id\":\"https:\/\/tallinndesignhouse.com\/#website\",\"url\":\"https:\/\/tallinndesignhouse.com\/\",\"name\":\"Tallinn Design House\",\"description\":\"Eesti disain Rotermanni kvartalis\",\"potentialAction\":[{\"@type\":\"SearchAction\",\"target\":{\"@type\":\"EntryPoint\",\"urlTemplate\":\"https:\/\/tallinndesignhouse.com\/?s={search_term_string}\"},\"query-input\":{\"@type\":\"PropertyValueSpecification\",\"valueRequired\":true,\"valueName\":\"search_term_string\"}}],\"inLanguage\":\"en-US\"}]}<\/script>\n<!-- \/ Yoast SEO plugin. -->","yoast_head_json":{"title":"Anneli Tammik Bracelet Net Flores dark grey - Tallinn Design House","description":"Anneli Tammik k\u00e4ev\u00f5ru Net Flores tumehall. Valmistatud roostevabast terasest, PVD kattega. K\u00e4ev\u00f5ru pikkus u 19,5 cm. Laius 5 cm.","robots":{"index":"index","follow":"follow","max-snippet":"max-snippet:-1","max-image-preview":"max-image-preview:large","max-video-preview":"max-video-preview:-1"},"canonical":"https:\/\/tallinndesignhouse.com\/toode\/kaevoru-net-flores-tumehall\/","og_locale":"en_US","og_type":"article","og_title":"Anneli Tammik Bracelet Net Flores dark grey - Tallinn Design House","og_description":"Anneli Tammik k\u00e4ev\u00f5ru Net Flores tumehall. Valmistatud roostevabast terasest, PVD kattega. K\u00e4ev\u00f5ru pikkus u 19,5 cm. Laius 5 cm.","og_url":"https:\/\/tallinndesignhouse.com\/toode\/kaevoru-net-flores-tumehall\/","og_site_name":"Tallinn Design House","article_modified_time":"2026-04-11T22:02:58+00:00","og_image":[{"width":1080,"height":1350,"url":"https:\/\/tallinndesignhouse.com\/wp-content\/uploads\/2024\/12\/Anneli-Tammik-kaevoru-Net-Flores-tumehall-.jpg","type":"image\/jpeg"}],"twitter_card":"summary_large_image","schema":{"@context":"https:\/\/schema.org","@graph":[{"@type":"WebPage","@id":"https:\/\/tallinndesignhouse.com\/toode\/kaevoru-net-flores-tumehall\/","url":"https:\/\/tallinndesignhouse.com\/toode\/kaevoru-net-flores-tumehall\/","name":"Anneli Tammik Bracelet Net Flores dark grey - Tallinn Design House","isPartOf":{"@id":"https:\/\/tallinndesignhouse.com\/#website"},"primaryImageOfPage":{"@id":"https:\/\/tallinndesignhouse.com\/toode\/kaevoru-net-flores-tumehall\/#primaryimage"},"image":{"@id":"https:\/\/tallinndesignhouse.com\/toode\/kaevoru-net-flores-tumehall\/#primaryimage"},"thumbnailUrl":"https:\/\/tallinndesignhouse.com\/wp-content\/uploads\/2024\/12\/Anneli-Tammik-kaevoru-Net-Flores-tumehall-.jpg","datePublished":"2024-12-03T19:20:09+00:00","dateModified":"2026-04-11T22:02:58+00:00","description":"Anneli Tammik k\u00e4ev\u00f5ru Net Flores tumehall. Valmistatud roostevabast terasest, PVD kattega. K\u00e4ev\u00f5ru pikkus u 19,5 cm. Laius 5 cm.","breadcrumb":{"@id":"https:\/\/tallinndesignhouse.com\/toode\/kaevoru-net-flores-tumehall\/#breadcrumb"},"inLanguage":"en-US","potentialAction":[{"@type":"ReadAction","target":["https:\/\/tallinndesignhouse.com\/toode\/kaevoru-net-flores-tumehall\/"]}]},{"@type":"ImageObject","inLanguage":"en-US","@id":"https:\/\/tallinndesignhouse.com\/toode\/kaevoru-net-flores-tumehall\/#primaryimage","url":"https:\/\/tallinndesignhouse.com\/wp-content\/uploads\/2024\/12\/Anneli-Tammik-kaevoru-Net-Flores-tumehall-.jpg","contentUrl":"https:\/\/tallinndesignhouse.com\/wp-content\/uploads\/2024\/12\/Anneli-Tammik-kaevoru-Net-Flores-tumehall-.jpg","width":1080,"height":1350,"caption":"Anneli Tammik ka\u0308evo\u0303ru Net Flores tumehall -"},{"@type":"BreadcrumbList","@id":"https:\/\/tallinndesignhouse.com\/toode\/kaevoru-net-flores-tumehall\/#breadcrumb","itemListElement":[{"@type":"ListItem","position":1,"name":"Home","item":"https:\/\/tallinndesignhouse.com\/en\/"},{"@type":"ListItem","position":2,"name":"Shop","item":"https:\/\/tallinndesignhouse.com\/en\/shop\/"},{"@type":"ListItem","position":3,"name":"Bracelet Net Flores dark grey"}]},{"@type":"WebSite","@id":"https:\/\/tallinndesignhouse.com\/#website","url":"https:\/\/tallinndesignhouse.com\/","name":"Tallinn Design House","description":"Eesti disain Rotermanni kvartalis","potentialAction":[{"@type":"SearchAction","target":{"@type":"EntryPoint","urlTemplate":"https:\/\/tallinndesignhouse.com\/?s={search_term_string}"},"query-input":{"@type":"PropertyValueSpecification","valueRequired":true,"valueName":"search_term_string"}}],"inLanguage":"en-US"}]}},"_links":{"self":[{"href":"https:\/\/tallinndesignhouse.com\/en\/wp-json\/wp\/v2\/product\/3366447","targetHints":{"allow":["GET"]}}],"collection":[{"href":"https:\/\/tallinndesignhouse.com\/en\/wp-json\/wp\/v2\/product"}],"about":[{"href":"https:\/\/tallinndesignhouse.com\/en\/wp-json\/wp\/v2\/types\/product"}],"wp:featuredmedia":[{"embeddable":true,"href":"https:\/\/tallinndesignhouse.com\/en\/wp-json\/wp\/v2\/media\/3366491"}],"wp:attachment":[{"href":"https:\/\/tallinndesignhouse.com\/en\/wp-json\/wp\/v2\/media?parent=3366447"}],"wp:term":[{"taxonomy":"product_brand","embeddable":true,"href":"https:\/\/tallinndesignhouse.com\/en\/wp-json\/wp\/v2\/product_brand?post=3366447"},{"taxonomy":"product_cat","embeddable":true,"href":"https:\/\/tallinndesignhouse.com\/en\/wp-json\/wp\/v2\/product_cat?post=3366447"},{"taxonomy":"product_tag","embeddable":true,"href":"https:\/\/tallinndesignhouse.com\/en\/wp-json\/wp\/v2\/product_tag?post=3366447"}],"curies":[{"name":"wp","href":"https:\/\/api.w.org\/{rel}","templated":true}]}}