{"id":3366540,"date":"2024-12-04T10:50:04","date_gmt":"2024-12-04T08:50:04","guid":{"rendered":"https:\/\/tallinndesignhouse.com\/toode\/peavoru-punase-vorguga\/"},"modified":"2026-04-12T01:01:29","modified_gmt":"2026-04-11T22:01:29","slug":"peavoru-punase-vorguga","status":"publish","type":"product","link":"https:\/\/tallinndesignhouse.com\/en\/toode\/peavoru-punase-vorguga\/","title":{"rendered":"Red Net Headband"},"content":{"rendered":"<p>Red headband with a net by QLR Disain. The headband is suitable for all head sizes.<\/p>\n","protected":false},"excerpt":{"rendered":"<p>Red headband with a net by QLR Disain. The headband is suitable for all head sizes.<\/p>\n","protected":false},"featured_media":3366545,"template":"","meta":{"_acf_changed":false},"product_brand":[],"product_cat":[1945,3296],"product_tag":[2819],"class_list":{"0":"post-3366540","1":"product","2":"type-product","3":"status-publish","4":"has-post-thumbnail","6":"product_cat-other-accessories","7":"product_cat-accessories-en","8":"product_tag-women","9":"pa_brand-qlr-disain","10":"pa_brand-qlr-disain-en","11":"pa_kingiidee-jah","12":"pa_kingiidee-yes-en","14":"first","15":"instock","16":"taxable","17":"shipping-taxable","18":"purchasable","19":"product-type-simple"},"acf":[],"yoast_head":"<!-- This site is optimized with the Yoast SEO plugin v26.0 - https:\/\/yoast.com\/wordpress\/plugins\/seo\/ -->\n<title>QLR Disain Red Net Headband - Tallinn Design House<\/title>\n<meta name=\"description\" content=\"QLR Disaini punase v\u00f5rguga peav\u00f5ru. Peav\u00f5ru on sobilik k\u00f5igile peasuurustele.\" \/>\n<meta name=\"robots\" content=\"index, follow, max-snippet:-1, max-image-preview:large, max-video-preview:-1\" \/>\n<link rel=\"canonical\" href=\"https:\/\/tallinndesignhouse.com\/toode\/peavoru-punase-vorguga\/\" \/>\n<meta property=\"og:locale\" content=\"en_US\" \/>\n<meta property=\"og:type\" content=\"article\" \/>\n<meta property=\"og:title\" content=\"QLR Disain Red Net Headband - Tallinn Design House\" \/>\n<meta property=\"og:description\" content=\"QLR Disaini punase v\u00f5rguga peav\u00f5ru. Peav\u00f5ru on sobilik k\u00f5igile peasuurustele.\" \/>\n<meta property=\"og:url\" content=\"https:\/\/tallinndesignhouse.com\/toode\/peavoru-punase-vorguga\/\" \/>\n<meta property=\"og:site_name\" content=\"Tallinn Design House\" \/>\n<meta property=\"article:modified_time\" content=\"2026-04-11T22:01:29+00:00\" \/>\n<meta property=\"og:image\" content=\"https:\/\/tallinndesignhouse.com\/wp-content\/uploads\/2024\/12\/QLR-Disain_peavoru-punase-vorguga.jpg\" \/>\n\t<meta property=\"og:image:width\" content=\"1080\" \/>\n\t<meta property=\"og:image:height\" content=\"1350\" \/>\n\t<meta property=\"og:image:type\" content=\"image\/jpeg\" \/>\n<meta name=\"twitter:card\" content=\"summary_large_image\" \/>\n<script type=\"application\/ld+json\" class=\"yoast-schema-graph\">{\"@context\":\"https:\/\/schema.org\",\"@graph\":[{\"@type\":\"WebPage\",\"@id\":\"https:\/\/tallinndesignhouse.com\/toode\/peavoru-punase-vorguga\/\",\"url\":\"https:\/\/tallinndesignhouse.com\/toode\/peavoru-punase-vorguga\/\",\"name\":\"QLR Disain Red Net Headband - Tallinn Design House\",\"isPartOf\":{\"@id\":\"https:\/\/tallinndesignhouse.com\/#website\"},\"primaryImageOfPage\":{\"@id\":\"https:\/\/tallinndesignhouse.com\/toode\/peavoru-punase-vorguga\/#primaryimage\"},\"image\":{\"@id\":\"https:\/\/tallinndesignhouse.com\/toode\/peavoru-punase-vorguga\/#primaryimage\"},\"thumbnailUrl\":\"https:\/\/tallinndesignhouse.com\/wp-content\/uploads\/2024\/12\/QLR-Disain_peavoru-punase-vorguga.jpg\",\"datePublished\":\"2024-12-04T08:50:04+00:00\",\"dateModified\":\"2026-04-11T22:01:29+00:00\",\"description\":\"QLR Disaini punase v\u00f5rguga peav\u00f5ru. Peav\u00f5ru on sobilik k\u00f5igile peasuurustele.\",\"breadcrumb\":{\"@id\":\"https:\/\/tallinndesignhouse.com\/toode\/peavoru-punase-vorguga\/#breadcrumb\"},\"inLanguage\":\"en-US\",\"potentialAction\":[{\"@type\":\"ReadAction\",\"target\":[\"https:\/\/tallinndesignhouse.com\/toode\/peavoru-punase-vorguga\/\"]}]},{\"@type\":\"ImageObject\",\"inLanguage\":\"en-US\",\"@id\":\"https:\/\/tallinndesignhouse.com\/toode\/peavoru-punase-vorguga\/#primaryimage\",\"url\":\"https:\/\/tallinndesignhouse.com\/wp-content\/uploads\/2024\/12\/QLR-Disain_peavoru-punase-vorguga.jpg\",\"contentUrl\":\"https:\/\/tallinndesignhouse.com\/wp-content\/uploads\/2024\/12\/QLR-Disain_peavoru-punase-vorguga.jpg\",\"width\":1080,\"height\":1350,\"caption\":\"QLR Disain_peavo\u0303ru punase vo\u0303rguga\"},{\"@type\":\"BreadcrumbList\",\"@id\":\"https:\/\/tallinndesignhouse.com\/toode\/peavoru-punase-vorguga\/#breadcrumb\",\"itemListElement\":[{\"@type\":\"ListItem\",\"position\":1,\"name\":\"Home\",\"item\":\"https:\/\/tallinndesignhouse.com\/en\/\"},{\"@type\":\"ListItem\",\"position\":2,\"name\":\"Shop\",\"item\":\"https:\/\/tallinndesignhouse.com\/en\/shop\/\"},{\"@type\":\"ListItem\",\"position\":3,\"name\":\"Red Net Headband\"}]},{\"@type\":\"WebSite\",\"@id\":\"https:\/\/tallinndesignhouse.com\/#website\",\"url\":\"https:\/\/tallinndesignhouse.com\/\",\"name\":\"Tallinn Design House\",\"description\":\"Eesti disain Rotermanni kvartalis\",\"potentialAction\":[{\"@type\":\"SearchAction\",\"target\":{\"@type\":\"EntryPoint\",\"urlTemplate\":\"https:\/\/tallinndesignhouse.com\/?s={search_term_string}\"},\"query-input\":{\"@type\":\"PropertyValueSpecification\",\"valueRequired\":true,\"valueName\":\"search_term_string\"}}],\"inLanguage\":\"en-US\"}]}<\/script>\n<!-- \/ Yoast SEO plugin. -->","yoast_head_json":{"title":"QLR Disain Red Net Headband - Tallinn Design House","description":"QLR Disaini punase v\u00f5rguga peav\u00f5ru. Peav\u00f5ru on sobilik k\u00f5igile peasuurustele.","robots":{"index":"index","follow":"follow","max-snippet":"max-snippet:-1","max-image-preview":"max-image-preview:large","max-video-preview":"max-video-preview:-1"},"canonical":"https:\/\/tallinndesignhouse.com\/toode\/peavoru-punase-vorguga\/","og_locale":"en_US","og_type":"article","og_title":"QLR Disain Red Net Headband - Tallinn Design House","og_description":"QLR Disaini punase v\u00f5rguga peav\u00f5ru. Peav\u00f5ru on sobilik k\u00f5igile peasuurustele.","og_url":"https:\/\/tallinndesignhouse.com\/toode\/peavoru-punase-vorguga\/","og_site_name":"Tallinn Design House","article_modified_time":"2026-04-11T22:01:29+00:00","og_image":[{"width":1080,"height":1350,"url":"https:\/\/tallinndesignhouse.com\/wp-content\/uploads\/2024\/12\/QLR-Disain_peavoru-punase-vorguga.jpg","type":"image\/jpeg"}],"twitter_card":"summary_large_image","schema":{"@context":"https:\/\/schema.org","@graph":[{"@type":"WebPage","@id":"https:\/\/tallinndesignhouse.com\/toode\/peavoru-punase-vorguga\/","url":"https:\/\/tallinndesignhouse.com\/toode\/peavoru-punase-vorguga\/","name":"QLR Disain Red Net Headband - Tallinn Design House","isPartOf":{"@id":"https:\/\/tallinndesignhouse.com\/#website"},"primaryImageOfPage":{"@id":"https:\/\/tallinndesignhouse.com\/toode\/peavoru-punase-vorguga\/#primaryimage"},"image":{"@id":"https:\/\/tallinndesignhouse.com\/toode\/peavoru-punase-vorguga\/#primaryimage"},"thumbnailUrl":"https:\/\/tallinndesignhouse.com\/wp-content\/uploads\/2024\/12\/QLR-Disain_peavoru-punase-vorguga.jpg","datePublished":"2024-12-04T08:50:04+00:00","dateModified":"2026-04-11T22:01:29+00:00","description":"QLR Disaini punase v\u00f5rguga peav\u00f5ru. Peav\u00f5ru on sobilik k\u00f5igile peasuurustele.","breadcrumb":{"@id":"https:\/\/tallinndesignhouse.com\/toode\/peavoru-punase-vorguga\/#breadcrumb"},"inLanguage":"en-US","potentialAction":[{"@type":"ReadAction","target":["https:\/\/tallinndesignhouse.com\/toode\/peavoru-punase-vorguga\/"]}]},{"@type":"ImageObject","inLanguage":"en-US","@id":"https:\/\/tallinndesignhouse.com\/toode\/peavoru-punase-vorguga\/#primaryimage","url":"https:\/\/tallinndesignhouse.com\/wp-content\/uploads\/2024\/12\/QLR-Disain_peavoru-punase-vorguga.jpg","contentUrl":"https:\/\/tallinndesignhouse.com\/wp-content\/uploads\/2024\/12\/QLR-Disain_peavoru-punase-vorguga.jpg","width":1080,"height":1350,"caption":"QLR Disain_peavo\u0303ru punase vo\u0303rguga"},{"@type":"BreadcrumbList","@id":"https:\/\/tallinndesignhouse.com\/toode\/peavoru-punase-vorguga\/#breadcrumb","itemListElement":[{"@type":"ListItem","position":1,"name":"Home","item":"https:\/\/tallinndesignhouse.com\/en\/"},{"@type":"ListItem","position":2,"name":"Shop","item":"https:\/\/tallinndesignhouse.com\/en\/shop\/"},{"@type":"ListItem","position":3,"name":"Red Net Headband"}]},{"@type":"WebSite","@id":"https:\/\/tallinndesignhouse.com\/#website","url":"https:\/\/tallinndesignhouse.com\/","name":"Tallinn Design House","description":"Eesti disain Rotermanni kvartalis","potentialAction":[{"@type":"SearchAction","target":{"@type":"EntryPoint","urlTemplate":"https:\/\/tallinndesignhouse.com\/?s={search_term_string}"},"query-input":{"@type":"PropertyValueSpecification","valueRequired":true,"valueName":"search_term_string"}}],"inLanguage":"en-US"}]}},"_links":{"self":[{"href":"https:\/\/tallinndesignhouse.com\/en\/wp-json\/wp\/v2\/product\/3366540","targetHints":{"allow":["GET"]}}],"collection":[{"href":"https:\/\/tallinndesignhouse.com\/en\/wp-json\/wp\/v2\/product"}],"about":[{"href":"https:\/\/tallinndesignhouse.com\/en\/wp-json\/wp\/v2\/types\/product"}],"wp:featuredmedia":[{"embeddable":true,"href":"https:\/\/tallinndesignhouse.com\/en\/wp-json\/wp\/v2\/media\/3366545"}],"wp:attachment":[{"href":"https:\/\/tallinndesignhouse.com\/en\/wp-json\/wp\/v2\/media?parent=3366540"}],"wp:term":[{"taxonomy":"product_brand","embeddable":true,"href":"https:\/\/tallinndesignhouse.com\/en\/wp-json\/wp\/v2\/product_brand?post=3366540"},{"taxonomy":"product_cat","embeddable":true,"href":"https:\/\/tallinndesignhouse.com\/en\/wp-json\/wp\/v2\/product_cat?post=3366540"},{"taxonomy":"product_tag","embeddable":true,"href":"https:\/\/tallinndesignhouse.com\/en\/wp-json\/wp\/v2\/product_tag?post=3366540"}],"curies":[{"name":"wp","href":"https:\/\/api.w.org\/{rel}","templated":true}]}}