{"id":3366559,"date":"2024-12-04T11:35:06","date_gmt":"2024-12-04T09:35:06","guid":{"rendered":"https:\/\/tallinndesignhouse.com\/toode\/peavoru-cherry-blossom-gold-big\/"},"modified":"2026-04-29T01:02:09","modified_gmt":"2026-04-28T22:02:09","slug":"peavoru-cherry-blossom-gold-big","status":"publish","type":"product","link":"https:\/\/tallinndesignhouse.com\/en\/toode\/peavoru-cherry-blossom-gold-big\/","title":{"rendered":"Headband Cherry Blossom Gold Big"},"content":{"rendered":"<p>Wide golden headband by QLR Disain, embroidered with pearls and twigs. The headband is suitable for all head sizes.<\/p>\n","protected":false},"excerpt":{"rendered":"<p>Wide golden headband by QLR Disain, embroidered with pearls and twigs. The headband is suitable for all head sizes.<\/p>\n","protected":false},"featured_media":3366568,"template":"","meta":{"_acf_changed":false},"product_brand":[],"product_cat":[113],"product_tag":[2818],"class_list":{"0":"post-3366559","1":"product","2":"type-product","3":"status-publish","4":"has-post-thumbnail","6":"product_cat-aksessuaarid","7":"product_tag-naised","8":"pa_brand-qlr-disain","10":"pa_kingiidee-jah","13":"first","14":"instock","15":"taxable","16":"shipping-taxable","17":"purchasable","18":"product-type-simple"},"acf":[],"yoast_head":"<!-- This site is optimized with the Yoast SEO plugin v26.0 - https:\/\/yoast.com\/wordpress\/plugins\/seo\/ -->\n<title>QLR Disain Headband Cherry Blossom Gold Big - Tallinn Design House<\/title>\n<meta name=\"description\" content=\"QLR Disain peav\u00f5ru Cherry Blossom Gold Big. Peav\u00f5ru on sobilik k\u00f5igile peasuurustele.\" \/>\n<meta name=\"robots\" content=\"index, follow, max-snippet:-1, max-image-preview:large, max-video-preview:-1\" \/>\n<link rel=\"canonical\" href=\"https:\/\/tallinndesignhouse.com\/toode\/peavoru-cherry-blossom-gold-big\/\" \/>\n<meta property=\"og:locale\" content=\"en_US\" \/>\n<meta property=\"og:type\" content=\"article\" \/>\n<meta property=\"og:title\" content=\"QLR Disain Headband Cherry Blossom Gold Big - Tallinn Design House\" \/>\n<meta property=\"og:description\" content=\"QLR Disain peav\u00f5ru Cherry Blossom Gold Big. Peav\u00f5ru on sobilik k\u00f5igile peasuurustele.\" \/>\n<meta property=\"og:url\" content=\"https:\/\/tallinndesignhouse.com\/toode\/peavoru-cherry-blossom-gold-big\/\" \/>\n<meta property=\"og:site_name\" content=\"Tallinn Design House\" \/>\n<meta property=\"article:modified_time\" content=\"2026-04-28T22:02:09+00:00\" \/>\n<meta property=\"og:image\" content=\"https:\/\/tallinndesignhouse.com\/wp-content\/uploads\/2024\/12\/QLR-Disain_Peavoru-Cherry-Blossom-Gold-Big.jpg\" \/>\n\t<meta property=\"og:image:width\" content=\"1080\" \/>\n\t<meta property=\"og:image:height\" content=\"1350\" \/>\n\t<meta property=\"og:image:type\" content=\"image\/jpeg\" \/>\n<meta name=\"twitter:card\" content=\"summary_large_image\" \/>\n<script type=\"application\/ld+json\" class=\"yoast-schema-graph\">{\"@context\":\"https:\/\/schema.org\",\"@graph\":[{\"@type\":\"WebPage\",\"@id\":\"https:\/\/tallinndesignhouse.com\/toode\/peavoru-cherry-blossom-gold-big\/\",\"url\":\"https:\/\/tallinndesignhouse.com\/toode\/peavoru-cherry-blossom-gold-big\/\",\"name\":\"QLR Disain Headband Cherry Blossom Gold Big - Tallinn Design House\",\"isPartOf\":{\"@id\":\"https:\/\/tallinndesignhouse.com\/#website\"},\"primaryImageOfPage\":{\"@id\":\"https:\/\/tallinndesignhouse.com\/toode\/peavoru-cherry-blossom-gold-big\/#primaryimage\"},\"image\":{\"@id\":\"https:\/\/tallinndesignhouse.com\/toode\/peavoru-cherry-blossom-gold-big\/#primaryimage\"},\"thumbnailUrl\":\"https:\/\/tallinndesignhouse.com\/wp-content\/uploads\/2024\/12\/QLR-Disain_Peavoru-Cherry-Blossom-Gold-Big.jpg\",\"datePublished\":\"2024-12-04T09:35:06+00:00\",\"dateModified\":\"2026-04-28T22:02:09+00:00\",\"description\":\"QLR Disain peav\u00f5ru Cherry Blossom Gold Big. Peav\u00f5ru on sobilik k\u00f5igile peasuurustele.\",\"breadcrumb\":{\"@id\":\"https:\/\/tallinndesignhouse.com\/toode\/peavoru-cherry-blossom-gold-big\/#breadcrumb\"},\"inLanguage\":\"en-US\",\"potentialAction\":[{\"@type\":\"ReadAction\",\"target\":[\"https:\/\/tallinndesignhouse.com\/toode\/peavoru-cherry-blossom-gold-big\/\"]}]},{\"@type\":\"ImageObject\",\"inLanguage\":\"en-US\",\"@id\":\"https:\/\/tallinndesignhouse.com\/toode\/peavoru-cherry-blossom-gold-big\/#primaryimage\",\"url\":\"https:\/\/tallinndesignhouse.com\/wp-content\/uploads\/2024\/12\/QLR-Disain_Peavoru-Cherry-Blossom-Gold-Big.jpg\",\"contentUrl\":\"https:\/\/tallinndesignhouse.com\/wp-content\/uploads\/2024\/12\/QLR-Disain_Peavoru-Cherry-Blossom-Gold-Big.jpg\",\"width\":1080,\"height\":1350,\"caption\":\"QLR Disain_Peavo\u0303ru Cherry Blossom Gold Big\"},{\"@type\":\"BreadcrumbList\",\"@id\":\"https:\/\/tallinndesignhouse.com\/toode\/peavoru-cherry-blossom-gold-big\/#breadcrumb\",\"itemListElement\":[{\"@type\":\"ListItem\",\"position\":1,\"name\":\"Home\",\"item\":\"https:\/\/tallinndesignhouse.com\/en\/\"},{\"@type\":\"ListItem\",\"position\":2,\"name\":\"Shop\",\"item\":\"https:\/\/tallinndesignhouse.com\/en\/shop\/\"},{\"@type\":\"ListItem\",\"position\":3,\"name\":\"Headband Cherry Blossom Gold Big\"}]},{\"@type\":\"WebSite\",\"@id\":\"https:\/\/tallinndesignhouse.com\/#website\",\"url\":\"https:\/\/tallinndesignhouse.com\/\",\"name\":\"Tallinn Design House\",\"description\":\"Eesti disain Rotermanni kvartalis\",\"potentialAction\":[{\"@type\":\"SearchAction\",\"target\":{\"@type\":\"EntryPoint\",\"urlTemplate\":\"https:\/\/tallinndesignhouse.com\/?s={search_term_string}\"},\"query-input\":{\"@type\":\"PropertyValueSpecification\",\"valueRequired\":true,\"valueName\":\"search_term_string\"}}],\"inLanguage\":\"en-US\"}]}<\/script>\n<!-- \/ Yoast SEO plugin. -->","yoast_head_json":{"title":"QLR Disain Headband Cherry Blossom Gold Big - Tallinn Design House","description":"QLR Disain peav\u00f5ru Cherry Blossom Gold Big. Peav\u00f5ru on sobilik k\u00f5igile peasuurustele.","robots":{"index":"index","follow":"follow","max-snippet":"max-snippet:-1","max-image-preview":"max-image-preview:large","max-video-preview":"max-video-preview:-1"},"canonical":"https:\/\/tallinndesignhouse.com\/toode\/peavoru-cherry-blossom-gold-big\/","og_locale":"en_US","og_type":"article","og_title":"QLR Disain Headband Cherry Blossom Gold Big - Tallinn Design House","og_description":"QLR Disain peav\u00f5ru Cherry Blossom Gold Big. Peav\u00f5ru on sobilik k\u00f5igile peasuurustele.","og_url":"https:\/\/tallinndesignhouse.com\/toode\/peavoru-cherry-blossom-gold-big\/","og_site_name":"Tallinn Design House","article_modified_time":"2026-04-28T22:02:09+00:00","og_image":[{"width":1080,"height":1350,"url":"https:\/\/tallinndesignhouse.com\/wp-content\/uploads\/2024\/12\/QLR-Disain_Peavoru-Cherry-Blossom-Gold-Big.jpg","type":"image\/jpeg"}],"twitter_card":"summary_large_image","schema":{"@context":"https:\/\/schema.org","@graph":[{"@type":"WebPage","@id":"https:\/\/tallinndesignhouse.com\/toode\/peavoru-cherry-blossom-gold-big\/","url":"https:\/\/tallinndesignhouse.com\/toode\/peavoru-cherry-blossom-gold-big\/","name":"QLR Disain Headband Cherry Blossom Gold Big - Tallinn Design House","isPartOf":{"@id":"https:\/\/tallinndesignhouse.com\/#website"},"primaryImageOfPage":{"@id":"https:\/\/tallinndesignhouse.com\/toode\/peavoru-cherry-blossom-gold-big\/#primaryimage"},"image":{"@id":"https:\/\/tallinndesignhouse.com\/toode\/peavoru-cherry-blossom-gold-big\/#primaryimage"},"thumbnailUrl":"https:\/\/tallinndesignhouse.com\/wp-content\/uploads\/2024\/12\/QLR-Disain_Peavoru-Cherry-Blossom-Gold-Big.jpg","datePublished":"2024-12-04T09:35:06+00:00","dateModified":"2026-04-28T22:02:09+00:00","description":"QLR Disain peav\u00f5ru Cherry Blossom Gold Big. Peav\u00f5ru on sobilik k\u00f5igile peasuurustele.","breadcrumb":{"@id":"https:\/\/tallinndesignhouse.com\/toode\/peavoru-cherry-blossom-gold-big\/#breadcrumb"},"inLanguage":"en-US","potentialAction":[{"@type":"ReadAction","target":["https:\/\/tallinndesignhouse.com\/toode\/peavoru-cherry-blossom-gold-big\/"]}]},{"@type":"ImageObject","inLanguage":"en-US","@id":"https:\/\/tallinndesignhouse.com\/toode\/peavoru-cherry-blossom-gold-big\/#primaryimage","url":"https:\/\/tallinndesignhouse.com\/wp-content\/uploads\/2024\/12\/QLR-Disain_Peavoru-Cherry-Blossom-Gold-Big.jpg","contentUrl":"https:\/\/tallinndesignhouse.com\/wp-content\/uploads\/2024\/12\/QLR-Disain_Peavoru-Cherry-Blossom-Gold-Big.jpg","width":1080,"height":1350,"caption":"QLR Disain_Peavo\u0303ru Cherry Blossom Gold Big"},{"@type":"BreadcrumbList","@id":"https:\/\/tallinndesignhouse.com\/toode\/peavoru-cherry-blossom-gold-big\/#breadcrumb","itemListElement":[{"@type":"ListItem","position":1,"name":"Home","item":"https:\/\/tallinndesignhouse.com\/en\/"},{"@type":"ListItem","position":2,"name":"Shop","item":"https:\/\/tallinndesignhouse.com\/en\/shop\/"},{"@type":"ListItem","position":3,"name":"Headband Cherry Blossom Gold Big"}]},{"@type":"WebSite","@id":"https:\/\/tallinndesignhouse.com\/#website","url":"https:\/\/tallinndesignhouse.com\/","name":"Tallinn Design House","description":"Eesti disain Rotermanni kvartalis","potentialAction":[{"@type":"SearchAction","target":{"@type":"EntryPoint","urlTemplate":"https:\/\/tallinndesignhouse.com\/?s={search_term_string}"},"query-input":{"@type":"PropertyValueSpecification","valueRequired":true,"valueName":"search_term_string"}}],"inLanguage":"en-US"}]}},"_links":{"self":[{"href":"https:\/\/tallinndesignhouse.com\/en\/wp-json\/wp\/v2\/product\/3366559","targetHints":{"allow":["GET"]}}],"collection":[{"href":"https:\/\/tallinndesignhouse.com\/en\/wp-json\/wp\/v2\/product"}],"about":[{"href":"https:\/\/tallinndesignhouse.com\/en\/wp-json\/wp\/v2\/types\/product"}],"wp:featuredmedia":[{"embeddable":true,"href":"https:\/\/tallinndesignhouse.com\/en\/wp-json\/wp\/v2\/media\/3366568"}],"wp:attachment":[{"href":"https:\/\/tallinndesignhouse.com\/en\/wp-json\/wp\/v2\/media?parent=3366559"}],"wp:term":[{"taxonomy":"product_brand","embeddable":true,"href":"https:\/\/tallinndesignhouse.com\/en\/wp-json\/wp\/v2\/product_brand?post=3366559"},{"taxonomy":"product_cat","embeddable":true,"href":"https:\/\/tallinndesignhouse.com\/en\/wp-json\/wp\/v2\/product_cat?post=3366559"},{"taxonomy":"product_tag","embeddable":true,"href":"https:\/\/tallinndesignhouse.com\/en\/wp-json\/wp\/v2\/product_tag?post=3366559"}],"curies":[{"name":"wp","href":"https:\/\/api.w.org\/{rel}","templated":true}]}}