{"id":3366689,"date":"2024-12-04T20:50:09","date_gmt":"2024-12-04T18:50:09","guid":{"rendered":"https:\/\/tallinndesignhouse.com\/toode\/vaike-must-kleit\/"},"modified":"2026-04-13T01:02:19","modified_gmt":"2026-04-12T22:02:19","slug":"vaike-must-kleit","status":"publish","type":"product","link":"https:\/\/tallinndesignhouse.com\/en\/toode\/vaike-must-kleit\/","title":{"rendered":"Little black dress"},"content":{"rendered":"<p>Little black dress by Raili N\u00f5lvak. With a hairy shoulder blade. Upwards with the length of the knee. With a thin stretch lining. Slightly stretchy fabric with structure. Lock on the back. Size 36 (chest 84 cm, waist 66 cm, hip 92 cm). Size 38 (chest 88 cm, waist 70 cm, hip 96 cm). Size 40 (chest 92 cm, waist 74 cm, hip 100 cm). Size 42 (chest 96 cm, waist 78 cm, hip 104 cm). Size 44 (chest 100 cm, waist 82 cm, hip 108 cm). Dorsal length 95 cm. Ingredients: 63% CO, 34% PL, 3% EA. Lining: 100% PA. Gentle linen. Don\u00b4t press your shoulders.<\/p>\n","protected":false},"excerpt":{"rendered":"<p>Little black dress by Raili N\u00f5lvak. With a hairy shoulder blade. Upwards with the length of the knee. With a thin stretch lining. Slightly stretchy fabric with structure. Lock on the back. Size 36 (chest 84 cm, waist 66 cm, hip 92 cm). Size 38 (chest 88 cm, waist 70 cm, hip 96 cm). Size [&hellip;]<\/p>\n","protected":false},"featured_media":3366706,"template":"","meta":{"_acf_changed":false},"product_brand":[],"product_cat":[2837,3718,1964],"product_tag":[2819],"class_list":{"0":"post-3366689","1":"product","2":"type-product","3":"status-publish","4":"has-post-thumbnail","6":"product_cat-clothes","7":"product_cat-winter-style","8":"product_cat-dresses","9":"product_tag-women","10":"pa_brand-raili-nolvak-en","12":"pa_suurus-44-en","13":"pa_suurus-36-en","14":"pa_suurus-40-en","15":"pa_suurus-38-en","17":"pa_suurus-42-en","23":"first","24":"instock","25":"taxable","26":"shipping-taxable","27":"purchasable","28":"product-type-variable"},"acf":[],"yoast_head":"<!-- This site is optimized with the Yoast SEO plugin v26.0 - https:\/\/yoast.com\/wordpress\/plugins\/seo\/ -->\n<title>Raili N\u00f5lvak Little black dress - Tallinn Design House<\/title>\n<meta name=\"description\" content=\"Raili N\u00f5lvak v\u00e4ike must kleit.\" \/>\n<meta name=\"robots\" content=\"index, follow, max-snippet:-1, max-image-preview:large, max-video-preview:-1\" \/>\n<link rel=\"canonical\" href=\"https:\/\/tallinndesignhouse.com\/toode\/vaike-must-kleit\/\" \/>\n<meta property=\"og:locale\" content=\"en_US\" \/>\n<meta property=\"og:type\" content=\"article\" \/>\n<meta property=\"og:title\" content=\"Raili N\u00f5lvak Little black dress - Tallinn Design House\" \/>\n<meta property=\"og:description\" content=\"Raili N\u00f5lvak v\u00e4ike must kleit.\" \/>\n<meta property=\"og:url\" content=\"https:\/\/tallinndesignhouse.com\/toode\/vaike-must-kleit\/\" \/>\n<meta property=\"og:site_name\" content=\"Tallinn Design House\" \/>\n<meta property=\"article:modified_time\" content=\"2026-04-12T22:02:19+00:00\" \/>\n<meta property=\"og:image\" content=\"https:\/\/tallinndesignhouse.com\/wp-content\/uploads\/2024\/12\/Raili-Nolvak-vaike-must-kleit.jpg\" \/>\n\t<meta property=\"og:image:width\" content=\"1080\" \/>\n\t<meta property=\"og:image:height\" content=\"1350\" \/>\n\t<meta property=\"og:image:type\" content=\"image\/jpeg\" \/>\n<meta name=\"twitter:card\" content=\"summary_large_image\" \/>\n<meta name=\"twitter:label1\" content=\"Est. reading time\" \/>\n\t<meta name=\"twitter:data1\" content=\"1 minute\" \/>\n<script type=\"application\/ld+json\" class=\"yoast-schema-graph\">{\"@context\":\"https:\/\/schema.org\",\"@graph\":[{\"@type\":\"WebPage\",\"@id\":\"https:\/\/tallinndesignhouse.com\/toode\/vaike-must-kleit\/\",\"url\":\"https:\/\/tallinndesignhouse.com\/toode\/vaike-must-kleit\/\",\"name\":\"Raili N\u00f5lvak Little black dress - Tallinn Design House\",\"isPartOf\":{\"@id\":\"https:\/\/tallinndesignhouse.com\/#website\"},\"primaryImageOfPage\":{\"@id\":\"https:\/\/tallinndesignhouse.com\/toode\/vaike-must-kleit\/#primaryimage\"},\"image\":{\"@id\":\"https:\/\/tallinndesignhouse.com\/toode\/vaike-must-kleit\/#primaryimage\"},\"thumbnailUrl\":\"https:\/\/tallinndesignhouse.com\/wp-content\/uploads\/2024\/12\/Raili-Nolvak-vaike-must-kleit.jpg\",\"datePublished\":\"2024-12-04T18:50:09+00:00\",\"dateModified\":\"2026-04-12T22:02:19+00:00\",\"description\":\"Raili N\u00f5lvak v\u00e4ike must kleit.\",\"breadcrumb\":{\"@id\":\"https:\/\/tallinndesignhouse.com\/toode\/vaike-must-kleit\/#breadcrumb\"},\"inLanguage\":\"en-US\",\"potentialAction\":[{\"@type\":\"ReadAction\",\"target\":[\"https:\/\/tallinndesignhouse.com\/toode\/vaike-must-kleit\/\"]}]},{\"@type\":\"ImageObject\",\"inLanguage\":\"en-US\",\"@id\":\"https:\/\/tallinndesignhouse.com\/toode\/vaike-must-kleit\/#primaryimage\",\"url\":\"https:\/\/tallinndesignhouse.com\/wp-content\/uploads\/2024\/12\/Raili-Nolvak-vaike-must-kleit.jpg\",\"contentUrl\":\"https:\/\/tallinndesignhouse.com\/wp-content\/uploads\/2024\/12\/Raili-Nolvak-vaike-must-kleit.jpg\",\"width\":1080,\"height\":1350,\"caption\":\"Raili No\u0303lvak va\u0308ike must kleit\"},{\"@type\":\"BreadcrumbList\",\"@id\":\"https:\/\/tallinndesignhouse.com\/toode\/vaike-must-kleit\/#breadcrumb\",\"itemListElement\":[{\"@type\":\"ListItem\",\"position\":1,\"name\":\"Home\",\"item\":\"https:\/\/tallinndesignhouse.com\/en\/\"},{\"@type\":\"ListItem\",\"position\":2,\"name\":\"Shop\",\"item\":\"https:\/\/tallinndesignhouse.com\/en\/shop\/\"},{\"@type\":\"ListItem\",\"position\":3,\"name\":\"Little black dress\"}]},{\"@type\":\"WebSite\",\"@id\":\"https:\/\/tallinndesignhouse.com\/#website\",\"url\":\"https:\/\/tallinndesignhouse.com\/\",\"name\":\"Tallinn Design House\",\"description\":\"Eesti disain Rotermanni kvartalis\",\"potentialAction\":[{\"@type\":\"SearchAction\",\"target\":{\"@type\":\"EntryPoint\",\"urlTemplate\":\"https:\/\/tallinndesignhouse.com\/?s={search_term_string}\"},\"query-input\":{\"@type\":\"PropertyValueSpecification\",\"valueRequired\":true,\"valueName\":\"search_term_string\"}}],\"inLanguage\":\"en-US\"}]}<\/script>\n<!-- \/ Yoast SEO plugin. -->","yoast_head_json":{"title":"Raili N\u00f5lvak Little black dress - Tallinn Design House","description":"Raili N\u00f5lvak v\u00e4ike must kleit.","robots":{"index":"index","follow":"follow","max-snippet":"max-snippet:-1","max-image-preview":"max-image-preview:large","max-video-preview":"max-video-preview:-1"},"canonical":"https:\/\/tallinndesignhouse.com\/toode\/vaike-must-kleit\/","og_locale":"en_US","og_type":"article","og_title":"Raili N\u00f5lvak Little black dress - Tallinn Design House","og_description":"Raili N\u00f5lvak v\u00e4ike must kleit.","og_url":"https:\/\/tallinndesignhouse.com\/toode\/vaike-must-kleit\/","og_site_name":"Tallinn Design House","article_modified_time":"2026-04-12T22:02:19+00:00","og_image":[{"width":1080,"height":1350,"url":"https:\/\/tallinndesignhouse.com\/wp-content\/uploads\/2024\/12\/Raili-Nolvak-vaike-must-kleit.jpg","type":"image\/jpeg"}],"twitter_card":"summary_large_image","twitter_misc":{"Est. reading time":"1 minute"},"schema":{"@context":"https:\/\/schema.org","@graph":[{"@type":"WebPage","@id":"https:\/\/tallinndesignhouse.com\/toode\/vaike-must-kleit\/","url":"https:\/\/tallinndesignhouse.com\/toode\/vaike-must-kleit\/","name":"Raili N\u00f5lvak Little black dress - Tallinn Design House","isPartOf":{"@id":"https:\/\/tallinndesignhouse.com\/#website"},"primaryImageOfPage":{"@id":"https:\/\/tallinndesignhouse.com\/toode\/vaike-must-kleit\/#primaryimage"},"image":{"@id":"https:\/\/tallinndesignhouse.com\/toode\/vaike-must-kleit\/#primaryimage"},"thumbnailUrl":"https:\/\/tallinndesignhouse.com\/wp-content\/uploads\/2024\/12\/Raili-Nolvak-vaike-must-kleit.jpg","datePublished":"2024-12-04T18:50:09+00:00","dateModified":"2026-04-12T22:02:19+00:00","description":"Raili N\u00f5lvak v\u00e4ike must kleit.","breadcrumb":{"@id":"https:\/\/tallinndesignhouse.com\/toode\/vaike-must-kleit\/#breadcrumb"},"inLanguage":"en-US","potentialAction":[{"@type":"ReadAction","target":["https:\/\/tallinndesignhouse.com\/toode\/vaike-must-kleit\/"]}]},{"@type":"ImageObject","inLanguage":"en-US","@id":"https:\/\/tallinndesignhouse.com\/toode\/vaike-must-kleit\/#primaryimage","url":"https:\/\/tallinndesignhouse.com\/wp-content\/uploads\/2024\/12\/Raili-Nolvak-vaike-must-kleit.jpg","contentUrl":"https:\/\/tallinndesignhouse.com\/wp-content\/uploads\/2024\/12\/Raili-Nolvak-vaike-must-kleit.jpg","width":1080,"height":1350,"caption":"Raili No\u0303lvak va\u0308ike must kleit"},{"@type":"BreadcrumbList","@id":"https:\/\/tallinndesignhouse.com\/toode\/vaike-must-kleit\/#breadcrumb","itemListElement":[{"@type":"ListItem","position":1,"name":"Home","item":"https:\/\/tallinndesignhouse.com\/en\/"},{"@type":"ListItem","position":2,"name":"Shop","item":"https:\/\/tallinndesignhouse.com\/en\/shop\/"},{"@type":"ListItem","position":3,"name":"Little black dress"}]},{"@type":"WebSite","@id":"https:\/\/tallinndesignhouse.com\/#website","url":"https:\/\/tallinndesignhouse.com\/","name":"Tallinn Design House","description":"Eesti disain Rotermanni kvartalis","potentialAction":[{"@type":"SearchAction","target":{"@type":"EntryPoint","urlTemplate":"https:\/\/tallinndesignhouse.com\/?s={search_term_string}"},"query-input":{"@type":"PropertyValueSpecification","valueRequired":true,"valueName":"search_term_string"}}],"inLanguage":"en-US"}]}},"_links":{"self":[{"href":"https:\/\/tallinndesignhouse.com\/en\/wp-json\/wp\/v2\/product\/3366689","targetHints":{"allow":["GET"]}}],"collection":[{"href":"https:\/\/tallinndesignhouse.com\/en\/wp-json\/wp\/v2\/product"}],"about":[{"href":"https:\/\/tallinndesignhouse.com\/en\/wp-json\/wp\/v2\/types\/product"}],"wp:featuredmedia":[{"embeddable":true,"href":"https:\/\/tallinndesignhouse.com\/en\/wp-json\/wp\/v2\/media\/3366706"}],"wp:attachment":[{"href":"https:\/\/tallinndesignhouse.com\/en\/wp-json\/wp\/v2\/media?parent=3366689"}],"wp:term":[{"taxonomy":"product_brand","embeddable":true,"href":"https:\/\/tallinndesignhouse.com\/en\/wp-json\/wp\/v2\/product_brand?post=3366689"},{"taxonomy":"product_cat","embeddable":true,"href":"https:\/\/tallinndesignhouse.com\/en\/wp-json\/wp\/v2\/product_cat?post=3366689"},{"taxonomy":"product_tag","embeddable":true,"href":"https:\/\/tallinndesignhouse.com\/en\/wp-json\/wp\/v2\/product_tag?post=3366689"}],"curies":[{"name":"wp","href":"https:\/\/api.w.org\/{rel}","templated":true}]}}