{"id":3366970,"date":"2024-12-11T20:35:08","date_gmt":"2024-12-11T18:35:08","guid":{"rendered":"https:\/\/tallinndesignhouse.com\/toode\/sark-mette-valge\/"},"modified":"2026-04-13T00:57:41","modified_gmt":"2026-04-12T21:57:41","slug":"sark-mette-valge","status":"publish","type":"product","link":"https:\/\/tallinndesignhouse.com\/en\/toode\/sark-mette-valge\/","title":{"rendered":"METTE Shirt &#8211; White"},"content":{"rendered":"<p>Elevate your wardrobe essentials with this classic white short-sleeved shirt by K\u00c4T. Crafted from luxurious fabric for a crisp yet soft finish, this shirt is perfect for both formal settings and casual chic looks. You can wear it loosely over a skirt or trousers, or for a touch of added flair, tuck it in from the side to create extra volume. Plus, the shirt features strings in the front, allowing you to get even more creative with its design. Strings in front. Button fastening at the back. Materials: 95% Polyester, 5% Elastan. Machine wash in 30 degrees Celsius or dry clean. K\u00e4tlin 164 cm and is wearing size XS. All the garments are designed and created in Estonia, that means everyone is fairly priced and we know that they enjoy as much making K\u00c4T products as we love designing them. Our fabrics are sourced from companies that care about their workers, nature and well-being.<\/p>\n","protected":false},"excerpt":{"rendered":"<p>Elevate your wardrobe essentials with this classic white short-sleeved shirt by K\u00c4T. Crafted from luxurious fabric for a crisp yet soft finish, this shirt is perfect for both formal settings and casual chic looks. You can wear it loosely over a skirt or trousers, or for a touch of added flair, tuck it in from [&hellip;]<\/p>\n","protected":false},"featured_media":3367903,"template":"","meta":{"_acf_changed":false},"product_brand":[],"product_cat":[1957,2837,3718],"product_tag":[2819],"class_list":{"0":"post-3366970","1":"product","2":"type-product","3":"status-publish","4":"has-post-thumbnail","6":"product_cat-shirts-and-blouses","7":"product_cat-clothes","8":"product_cat-winter-style","9":"product_tag-women","10":"pa_brand-kat-en","11":"pa_brand-kat","12":"pa_suurus-m","13":"pa_suurus-m-en","14":"pa_suurus-s","15":"pa_suurus-s-en","16":"pa_suurus-xs","17":"pa_suurus-xs-en","19":"first","20":"instock","21":"taxable","22":"shipping-taxable","23":"purchasable","24":"product-type-variable"},"acf":[],"yoast_head":"<!-- This site is optimized with the Yoast SEO plugin v26.0 - https:\/\/yoast.com\/wordpress\/plugins\/seo\/ -->\n<title>K\u00c4T METTE Shirt - White - Tallinn Design House<\/title>\n<meta name=\"description\" content=\"K\u00c4T s\u00e4rk METTE - valge. S\u00e4rgi ees n\u00f6\u00f6rid. N\u00f6\u00f6bi kinnitus tagak\u00fcljel. Materjalid: 95% pol\u00fcester, 5% elastan.\" \/>\n<meta name=\"robots\" content=\"index, follow, max-snippet:-1, max-image-preview:large, max-video-preview:-1\" \/>\n<link rel=\"canonical\" href=\"https:\/\/tallinndesignhouse.com\/toode\/sark-mette-valge\/\" \/>\n<meta property=\"og:locale\" content=\"en_US\" \/>\n<meta property=\"og:type\" content=\"article\" \/>\n<meta property=\"og:title\" content=\"K\u00c4T METTE Shirt - White - Tallinn Design House\" \/>\n<meta property=\"og:description\" content=\"K\u00c4T s\u00e4rk METTE - valge. S\u00e4rgi ees n\u00f6\u00f6rid. N\u00f6\u00f6bi kinnitus tagak\u00fcljel. Materjalid: 95% pol\u00fcester, 5% elastan.\" \/>\n<meta property=\"og:url\" content=\"https:\/\/tallinndesignhouse.com\/toode\/sark-mette-valge\/\" \/>\n<meta property=\"og:site_name\" content=\"Tallinn Design House\" \/>\n<meta property=\"article:modified_time\" content=\"2026-04-12T21:57:41+00:00\" \/>\n<meta property=\"og:image\" content=\"https:\/\/tallinndesignhouse.com\/wp-content\/uploads\/2024\/12\/KAT-Mette-sark-valge-.jpg\" \/>\n\t<meta property=\"og:image:width\" content=\"1080\" \/>\n\t<meta property=\"og:image:height\" content=\"1350\" \/>\n\t<meta property=\"og:image:type\" content=\"image\/jpeg\" \/>\n<meta name=\"twitter:card\" content=\"summary_large_image\" \/>\n<meta name=\"twitter:label1\" content=\"Est. reading time\" \/>\n\t<meta name=\"twitter:data1\" content=\"1 minute\" \/>\n<script type=\"application\/ld+json\" class=\"yoast-schema-graph\">{\"@context\":\"https:\/\/schema.org\",\"@graph\":[{\"@type\":\"WebPage\",\"@id\":\"https:\/\/tallinndesignhouse.com\/toode\/sark-mette-valge\/\",\"url\":\"https:\/\/tallinndesignhouse.com\/toode\/sark-mette-valge\/\",\"name\":\"K\u00c4T METTE Shirt - White - Tallinn Design House\",\"isPartOf\":{\"@id\":\"https:\/\/tallinndesignhouse.com\/#website\"},\"primaryImageOfPage\":{\"@id\":\"https:\/\/tallinndesignhouse.com\/toode\/sark-mette-valge\/#primaryimage\"},\"image\":{\"@id\":\"https:\/\/tallinndesignhouse.com\/toode\/sark-mette-valge\/#primaryimage\"},\"thumbnailUrl\":\"https:\/\/tallinndesignhouse.com\/wp-content\/uploads\/2024\/12\/KAT-Mette-sark-valge-.jpg\",\"datePublished\":\"2024-12-11T18:35:08+00:00\",\"dateModified\":\"2026-04-12T21:57:41+00:00\",\"description\":\"K\u00c4T s\u00e4rk METTE - valge. S\u00e4rgi ees n\u00f6\u00f6rid. N\u00f6\u00f6bi kinnitus tagak\u00fcljel. Materjalid: 95% pol\u00fcester, 5% elastan.\",\"breadcrumb\":{\"@id\":\"https:\/\/tallinndesignhouse.com\/toode\/sark-mette-valge\/#breadcrumb\"},\"inLanguage\":\"en-US\",\"potentialAction\":[{\"@type\":\"ReadAction\",\"target\":[\"https:\/\/tallinndesignhouse.com\/toode\/sark-mette-valge\/\"]}]},{\"@type\":\"ImageObject\",\"inLanguage\":\"en-US\",\"@id\":\"https:\/\/tallinndesignhouse.com\/toode\/sark-mette-valge\/#primaryimage\",\"url\":\"https:\/\/tallinndesignhouse.com\/wp-content\/uploads\/2024\/12\/KAT-Mette-sark-valge-.jpg\",\"contentUrl\":\"https:\/\/tallinndesignhouse.com\/wp-content\/uploads\/2024\/12\/KAT-Mette-sark-valge-.jpg\",\"width\":1080,\"height\":1350,\"caption\":\"KA\u0308T Mette sa\u0308rk valge-\"},{\"@type\":\"BreadcrumbList\",\"@id\":\"https:\/\/tallinndesignhouse.com\/toode\/sark-mette-valge\/#breadcrumb\",\"itemListElement\":[{\"@type\":\"ListItem\",\"position\":1,\"name\":\"Home\",\"item\":\"https:\/\/tallinndesignhouse.com\/en\/\"},{\"@type\":\"ListItem\",\"position\":2,\"name\":\"Shop\",\"item\":\"https:\/\/tallinndesignhouse.com\/en\/shop\/\"},{\"@type\":\"ListItem\",\"position\":3,\"name\":\"METTE Shirt &#8211; White\"}]},{\"@type\":\"WebSite\",\"@id\":\"https:\/\/tallinndesignhouse.com\/#website\",\"url\":\"https:\/\/tallinndesignhouse.com\/\",\"name\":\"Tallinn Design House\",\"description\":\"Eesti disain Rotermanni kvartalis\",\"potentialAction\":[{\"@type\":\"SearchAction\",\"target\":{\"@type\":\"EntryPoint\",\"urlTemplate\":\"https:\/\/tallinndesignhouse.com\/?s={search_term_string}\"},\"query-input\":{\"@type\":\"PropertyValueSpecification\",\"valueRequired\":true,\"valueName\":\"search_term_string\"}}],\"inLanguage\":\"en-US\"}]}<\/script>\n<!-- \/ Yoast SEO plugin. -->","yoast_head_json":{"title":"K\u00c4T METTE Shirt - White - Tallinn Design House","description":"K\u00c4T s\u00e4rk METTE - valge. S\u00e4rgi ees n\u00f6\u00f6rid. N\u00f6\u00f6bi kinnitus tagak\u00fcljel. Materjalid: 95% pol\u00fcester, 5% elastan.","robots":{"index":"index","follow":"follow","max-snippet":"max-snippet:-1","max-image-preview":"max-image-preview:large","max-video-preview":"max-video-preview:-1"},"canonical":"https:\/\/tallinndesignhouse.com\/toode\/sark-mette-valge\/","og_locale":"en_US","og_type":"article","og_title":"K\u00c4T METTE Shirt - White - Tallinn Design House","og_description":"K\u00c4T s\u00e4rk METTE - valge. S\u00e4rgi ees n\u00f6\u00f6rid. N\u00f6\u00f6bi kinnitus tagak\u00fcljel. Materjalid: 95% pol\u00fcester, 5% elastan.","og_url":"https:\/\/tallinndesignhouse.com\/toode\/sark-mette-valge\/","og_site_name":"Tallinn Design House","article_modified_time":"2026-04-12T21:57:41+00:00","og_image":[{"width":1080,"height":1350,"url":"https:\/\/tallinndesignhouse.com\/wp-content\/uploads\/2024\/12\/KAT-Mette-sark-valge-.jpg","type":"image\/jpeg"}],"twitter_card":"summary_large_image","twitter_misc":{"Est. reading time":"1 minute"},"schema":{"@context":"https:\/\/schema.org","@graph":[{"@type":"WebPage","@id":"https:\/\/tallinndesignhouse.com\/toode\/sark-mette-valge\/","url":"https:\/\/tallinndesignhouse.com\/toode\/sark-mette-valge\/","name":"K\u00c4T METTE Shirt - White - Tallinn Design House","isPartOf":{"@id":"https:\/\/tallinndesignhouse.com\/#website"},"primaryImageOfPage":{"@id":"https:\/\/tallinndesignhouse.com\/toode\/sark-mette-valge\/#primaryimage"},"image":{"@id":"https:\/\/tallinndesignhouse.com\/toode\/sark-mette-valge\/#primaryimage"},"thumbnailUrl":"https:\/\/tallinndesignhouse.com\/wp-content\/uploads\/2024\/12\/KAT-Mette-sark-valge-.jpg","datePublished":"2024-12-11T18:35:08+00:00","dateModified":"2026-04-12T21:57:41+00:00","description":"K\u00c4T s\u00e4rk METTE - valge. S\u00e4rgi ees n\u00f6\u00f6rid. N\u00f6\u00f6bi kinnitus tagak\u00fcljel. Materjalid: 95% pol\u00fcester, 5% elastan.","breadcrumb":{"@id":"https:\/\/tallinndesignhouse.com\/toode\/sark-mette-valge\/#breadcrumb"},"inLanguage":"en-US","potentialAction":[{"@type":"ReadAction","target":["https:\/\/tallinndesignhouse.com\/toode\/sark-mette-valge\/"]}]},{"@type":"ImageObject","inLanguage":"en-US","@id":"https:\/\/tallinndesignhouse.com\/toode\/sark-mette-valge\/#primaryimage","url":"https:\/\/tallinndesignhouse.com\/wp-content\/uploads\/2024\/12\/KAT-Mette-sark-valge-.jpg","contentUrl":"https:\/\/tallinndesignhouse.com\/wp-content\/uploads\/2024\/12\/KAT-Mette-sark-valge-.jpg","width":1080,"height":1350,"caption":"KA\u0308T Mette sa\u0308rk valge-"},{"@type":"BreadcrumbList","@id":"https:\/\/tallinndesignhouse.com\/toode\/sark-mette-valge\/#breadcrumb","itemListElement":[{"@type":"ListItem","position":1,"name":"Home","item":"https:\/\/tallinndesignhouse.com\/en\/"},{"@type":"ListItem","position":2,"name":"Shop","item":"https:\/\/tallinndesignhouse.com\/en\/shop\/"},{"@type":"ListItem","position":3,"name":"METTE Shirt &#8211; White"}]},{"@type":"WebSite","@id":"https:\/\/tallinndesignhouse.com\/#website","url":"https:\/\/tallinndesignhouse.com\/","name":"Tallinn Design House","description":"Eesti disain Rotermanni kvartalis","potentialAction":[{"@type":"SearchAction","target":{"@type":"EntryPoint","urlTemplate":"https:\/\/tallinndesignhouse.com\/?s={search_term_string}"},"query-input":{"@type":"PropertyValueSpecification","valueRequired":true,"valueName":"search_term_string"}}],"inLanguage":"en-US"}]}},"_links":{"self":[{"href":"https:\/\/tallinndesignhouse.com\/en\/wp-json\/wp\/v2\/product\/3366970","targetHints":{"allow":["GET"]}}],"collection":[{"href":"https:\/\/tallinndesignhouse.com\/en\/wp-json\/wp\/v2\/product"}],"about":[{"href":"https:\/\/tallinndesignhouse.com\/en\/wp-json\/wp\/v2\/types\/product"}],"wp:featuredmedia":[{"embeddable":true,"href":"https:\/\/tallinndesignhouse.com\/en\/wp-json\/wp\/v2\/media\/3367903"}],"wp:attachment":[{"href":"https:\/\/tallinndesignhouse.com\/en\/wp-json\/wp\/v2\/media?parent=3366970"}],"wp:term":[{"taxonomy":"product_brand","embeddable":true,"href":"https:\/\/tallinndesignhouse.com\/en\/wp-json\/wp\/v2\/product_brand?post=3366970"},{"taxonomy":"product_cat","embeddable":true,"href":"https:\/\/tallinndesignhouse.com\/en\/wp-json\/wp\/v2\/product_cat?post=3366970"},{"taxonomy":"product_tag","embeddable":true,"href":"https:\/\/tallinndesignhouse.com\/en\/wp-json\/wp\/v2\/product_tag?post=3366970"}],"curies":[{"name":"wp","href":"https:\/\/api.w.org\/{rel}","templated":true}]}}