{"id":3367995,"date":"2025-01-10T21:50:04","date_gmt":"2025-01-10T19:50:04","guid":{"rendered":"https:\/\/tallinndesignhouse.com\/toode\/korvarongad-twisted-loops-keskmised\/"},"modified":"2026-04-12T00:58:22","modified_gmt":"2026-04-11T21:58:22","slug":"korvarongad-twisted-loops-keskmised","status":"publish","type":"product","link":"https:\/\/tallinndesignhouse.com\/en\/toode\/korvarongad-twisted-loops-keskmised\/","title":{"rendered":"Earrings Twisted Loops \u2013 medium"},"content":{"rendered":"<p>As the pieces are formed to be symmetrically mirrored, there are two ways to wear them. The appearance changes, depending on the ear they\u2019re worn in. The earrings by Kadi Veesaar are made of silver. The surface is gold-plated and covered with the protective polymer coating. Earring posts and clutches are made of the sterling silver (925). Size: 30&#215;65 mm (Width x Height). Weight: 4.7 grams per earring. Material: silver, gold-plated, protective polymer coating, silver findings.<\/p>\n","protected":false},"excerpt":{"rendered":"<p>As the pieces are formed to be symmetrically mirrored, there are two ways to wear them. The appearance changes, depending on the ear they\u2019re worn in. The earrings by Kadi Veesaar are made of silver. The surface is gold-plated and covered with the protective polymer coating. Earring posts and clutches are made of the sterling [&hellip;]<\/p>\n","protected":false},"featured_media":3368005,"template":"","meta":{"_acf_changed":false},"product_brand":[],"product_cat":[1955,3223],"product_tag":[2819],"class_list":{"0":"post-3367995","1":"product","2":"type-product","3":"status-publish","4":"has-post-thumbnail","6":"product_cat-earrings","7":"product_cat-jewellery-en","8":"product_tag-women","9":"pa_brand-kadi-veesaar-jewellery-en","10":"pa_brand-kadi-veesaar-jewellery","12":"first","13":"instock","14":"taxable","15":"shipping-taxable","16":"purchasable","17":"product-type-simple"},"acf":[],"yoast_head":"<!-- This site is optimized with the Yoast SEO plugin v26.0 - https:\/\/yoast.com\/wordpress\/plugins\/seo\/ -->\n<title>Kadi Veesaar Earrings Twisted Loops \u2013 medium - Tallinn Design House<\/title>\n<meta name=\"description\" content=\"Kadi Veesaar k\u00f5rvar\u00f5ngad Twisted Loops \u2013 keskmised. Suurus: 30x65 mm (laius x k\u00f5rgus). Kaal: 4,7 grammi \u00fche k\u00f5rvar\u00f5nga kohta.\" \/>\n<meta name=\"robots\" content=\"index, follow, max-snippet:-1, max-image-preview:large, max-video-preview:-1\" \/>\n<link rel=\"canonical\" href=\"https:\/\/tallinndesignhouse.com\/toode\/korvarongad-twisted-loops-keskmised\/\" \/>\n<meta property=\"og:locale\" content=\"en_US\" \/>\n<meta property=\"og:type\" content=\"article\" \/>\n<meta property=\"og:title\" content=\"Kadi Veesaar Earrings Twisted Loops \u2013 medium - Tallinn Design House\" \/>\n<meta property=\"og:description\" content=\"Kadi Veesaar k\u00f5rvar\u00f5ngad Twisted Loops \u2013 keskmised. Suurus: 30x65 mm (laius x k\u00f5rgus). Kaal: 4,7 grammi \u00fche k\u00f5rvar\u00f5nga kohta.\" \/>\n<meta property=\"og:url\" content=\"https:\/\/tallinndesignhouse.com\/toode\/korvarongad-twisted-loops-keskmised\/\" \/>\n<meta property=\"og:site_name\" content=\"Tallinn Design House\" \/>\n<meta property=\"article:modified_time\" content=\"2026-04-11T21:58:22+00:00\" \/>\n<meta property=\"og:image\" content=\"https:\/\/tallinndesignhouse.com\/wp-content\/uploads\/2025\/01\/Kadi-Veesaar-korvarongad-Twisted-Loops-keskmine-2.jpg\" \/>\n\t<meta property=\"og:image:width\" content=\"1080\" \/>\n\t<meta property=\"og:image:height\" content=\"1350\" \/>\n\t<meta property=\"og:image:type\" content=\"image\/jpeg\" \/>\n<meta name=\"twitter:card\" content=\"summary_large_image\" \/>\n<meta name=\"twitter:label1\" content=\"Est. reading time\" \/>\n\t<meta name=\"twitter:data1\" content=\"1 minute\" \/>\n<script type=\"application\/ld+json\" class=\"yoast-schema-graph\">{\"@context\":\"https:\/\/schema.org\",\"@graph\":[{\"@type\":\"WebPage\",\"@id\":\"https:\/\/tallinndesignhouse.com\/toode\/korvarongad-twisted-loops-keskmised\/\",\"url\":\"https:\/\/tallinndesignhouse.com\/toode\/korvarongad-twisted-loops-keskmised\/\",\"name\":\"Kadi Veesaar Earrings Twisted Loops \u2013 medium - Tallinn Design House\",\"isPartOf\":{\"@id\":\"https:\/\/tallinndesignhouse.com\/#website\"},\"primaryImageOfPage\":{\"@id\":\"https:\/\/tallinndesignhouse.com\/toode\/korvarongad-twisted-loops-keskmised\/#primaryimage\"},\"image\":{\"@id\":\"https:\/\/tallinndesignhouse.com\/toode\/korvarongad-twisted-loops-keskmised\/#primaryimage\"},\"thumbnailUrl\":\"https:\/\/tallinndesignhouse.com\/wp-content\/uploads\/2025\/01\/Kadi-Veesaar-korvarongad-Twisted-Loops-keskmine-2.jpg\",\"datePublished\":\"2025-01-10T19:50:04+00:00\",\"dateModified\":\"2026-04-11T21:58:22+00:00\",\"description\":\"Kadi Veesaar k\u00f5rvar\u00f5ngad Twisted Loops \u2013 keskmised. Suurus: 30x65 mm (laius x k\u00f5rgus). Kaal: 4,7 grammi \u00fche k\u00f5rvar\u00f5nga kohta.\",\"breadcrumb\":{\"@id\":\"https:\/\/tallinndesignhouse.com\/toode\/korvarongad-twisted-loops-keskmised\/#breadcrumb\"},\"inLanguage\":\"en-US\",\"potentialAction\":[{\"@type\":\"ReadAction\",\"target\":[\"https:\/\/tallinndesignhouse.com\/toode\/korvarongad-twisted-loops-keskmised\/\"]}]},{\"@type\":\"ImageObject\",\"inLanguage\":\"en-US\",\"@id\":\"https:\/\/tallinndesignhouse.com\/toode\/korvarongad-twisted-loops-keskmised\/#primaryimage\",\"url\":\"https:\/\/tallinndesignhouse.com\/wp-content\/uploads\/2025\/01\/Kadi-Veesaar-korvarongad-Twisted-Loops-keskmine-2.jpg\",\"contentUrl\":\"https:\/\/tallinndesignhouse.com\/wp-content\/uploads\/2025\/01\/Kadi-Veesaar-korvarongad-Twisted-Loops-keskmine-2.jpg\",\"width\":1080,\"height\":1350,\"caption\":\"Kadi Veesaar ko\u0303rvaro\u0303ngad Twisted Loops keskmine - 2\"},{\"@type\":\"BreadcrumbList\",\"@id\":\"https:\/\/tallinndesignhouse.com\/toode\/korvarongad-twisted-loops-keskmised\/#breadcrumb\",\"itemListElement\":[{\"@type\":\"ListItem\",\"position\":1,\"name\":\"Home\",\"item\":\"https:\/\/tallinndesignhouse.com\/en\/\"},{\"@type\":\"ListItem\",\"position\":2,\"name\":\"Shop\",\"item\":\"https:\/\/tallinndesignhouse.com\/en\/shop\/\"},{\"@type\":\"ListItem\",\"position\":3,\"name\":\"Earrings Twisted Loops \u2013 medium\"}]},{\"@type\":\"WebSite\",\"@id\":\"https:\/\/tallinndesignhouse.com\/#website\",\"url\":\"https:\/\/tallinndesignhouse.com\/\",\"name\":\"Tallinn Design House\",\"description\":\"Eesti disain Rotermanni kvartalis\",\"potentialAction\":[{\"@type\":\"SearchAction\",\"target\":{\"@type\":\"EntryPoint\",\"urlTemplate\":\"https:\/\/tallinndesignhouse.com\/?s={search_term_string}\"},\"query-input\":{\"@type\":\"PropertyValueSpecification\",\"valueRequired\":true,\"valueName\":\"search_term_string\"}}],\"inLanguage\":\"en-US\"}]}<\/script>\n<!-- \/ Yoast SEO plugin. -->","yoast_head_json":{"title":"Kadi Veesaar Earrings Twisted Loops \u2013 medium - Tallinn Design House","description":"Kadi Veesaar k\u00f5rvar\u00f5ngad Twisted Loops \u2013 keskmised. Suurus: 30x65 mm (laius x k\u00f5rgus). Kaal: 4,7 grammi \u00fche k\u00f5rvar\u00f5nga kohta.","robots":{"index":"index","follow":"follow","max-snippet":"max-snippet:-1","max-image-preview":"max-image-preview:large","max-video-preview":"max-video-preview:-1"},"canonical":"https:\/\/tallinndesignhouse.com\/toode\/korvarongad-twisted-loops-keskmised\/","og_locale":"en_US","og_type":"article","og_title":"Kadi Veesaar Earrings Twisted Loops \u2013 medium - Tallinn Design House","og_description":"Kadi Veesaar k\u00f5rvar\u00f5ngad Twisted Loops \u2013 keskmised. Suurus: 30x65 mm (laius x k\u00f5rgus). Kaal: 4,7 grammi \u00fche k\u00f5rvar\u00f5nga kohta.","og_url":"https:\/\/tallinndesignhouse.com\/toode\/korvarongad-twisted-loops-keskmised\/","og_site_name":"Tallinn Design House","article_modified_time":"2026-04-11T21:58:22+00:00","og_image":[{"width":1080,"height":1350,"url":"https:\/\/tallinndesignhouse.com\/wp-content\/uploads\/2025\/01\/Kadi-Veesaar-korvarongad-Twisted-Loops-keskmine-2.jpg","type":"image\/jpeg"}],"twitter_card":"summary_large_image","twitter_misc":{"Est. reading time":"1 minute"},"schema":{"@context":"https:\/\/schema.org","@graph":[{"@type":"WebPage","@id":"https:\/\/tallinndesignhouse.com\/toode\/korvarongad-twisted-loops-keskmised\/","url":"https:\/\/tallinndesignhouse.com\/toode\/korvarongad-twisted-loops-keskmised\/","name":"Kadi Veesaar Earrings Twisted Loops \u2013 medium - Tallinn Design House","isPartOf":{"@id":"https:\/\/tallinndesignhouse.com\/#website"},"primaryImageOfPage":{"@id":"https:\/\/tallinndesignhouse.com\/toode\/korvarongad-twisted-loops-keskmised\/#primaryimage"},"image":{"@id":"https:\/\/tallinndesignhouse.com\/toode\/korvarongad-twisted-loops-keskmised\/#primaryimage"},"thumbnailUrl":"https:\/\/tallinndesignhouse.com\/wp-content\/uploads\/2025\/01\/Kadi-Veesaar-korvarongad-Twisted-Loops-keskmine-2.jpg","datePublished":"2025-01-10T19:50:04+00:00","dateModified":"2026-04-11T21:58:22+00:00","description":"Kadi Veesaar k\u00f5rvar\u00f5ngad Twisted Loops \u2013 keskmised. Suurus: 30x65 mm (laius x k\u00f5rgus). Kaal: 4,7 grammi \u00fche k\u00f5rvar\u00f5nga kohta.","breadcrumb":{"@id":"https:\/\/tallinndesignhouse.com\/toode\/korvarongad-twisted-loops-keskmised\/#breadcrumb"},"inLanguage":"en-US","potentialAction":[{"@type":"ReadAction","target":["https:\/\/tallinndesignhouse.com\/toode\/korvarongad-twisted-loops-keskmised\/"]}]},{"@type":"ImageObject","inLanguage":"en-US","@id":"https:\/\/tallinndesignhouse.com\/toode\/korvarongad-twisted-loops-keskmised\/#primaryimage","url":"https:\/\/tallinndesignhouse.com\/wp-content\/uploads\/2025\/01\/Kadi-Veesaar-korvarongad-Twisted-Loops-keskmine-2.jpg","contentUrl":"https:\/\/tallinndesignhouse.com\/wp-content\/uploads\/2025\/01\/Kadi-Veesaar-korvarongad-Twisted-Loops-keskmine-2.jpg","width":1080,"height":1350,"caption":"Kadi Veesaar ko\u0303rvaro\u0303ngad Twisted Loops keskmine - 2"},{"@type":"BreadcrumbList","@id":"https:\/\/tallinndesignhouse.com\/toode\/korvarongad-twisted-loops-keskmised\/#breadcrumb","itemListElement":[{"@type":"ListItem","position":1,"name":"Home","item":"https:\/\/tallinndesignhouse.com\/en\/"},{"@type":"ListItem","position":2,"name":"Shop","item":"https:\/\/tallinndesignhouse.com\/en\/shop\/"},{"@type":"ListItem","position":3,"name":"Earrings Twisted Loops \u2013 medium"}]},{"@type":"WebSite","@id":"https:\/\/tallinndesignhouse.com\/#website","url":"https:\/\/tallinndesignhouse.com\/","name":"Tallinn Design House","description":"Eesti disain Rotermanni kvartalis","potentialAction":[{"@type":"SearchAction","target":{"@type":"EntryPoint","urlTemplate":"https:\/\/tallinndesignhouse.com\/?s={search_term_string}"},"query-input":{"@type":"PropertyValueSpecification","valueRequired":true,"valueName":"search_term_string"}}],"inLanguage":"en-US"}]}},"_links":{"self":[{"href":"https:\/\/tallinndesignhouse.com\/en\/wp-json\/wp\/v2\/product\/3367995","targetHints":{"allow":["GET"]}}],"collection":[{"href":"https:\/\/tallinndesignhouse.com\/en\/wp-json\/wp\/v2\/product"}],"about":[{"href":"https:\/\/tallinndesignhouse.com\/en\/wp-json\/wp\/v2\/types\/product"}],"wp:featuredmedia":[{"embeddable":true,"href":"https:\/\/tallinndesignhouse.com\/en\/wp-json\/wp\/v2\/media\/3368005"}],"wp:attachment":[{"href":"https:\/\/tallinndesignhouse.com\/en\/wp-json\/wp\/v2\/media?parent=3367995"}],"wp:term":[{"taxonomy":"product_brand","embeddable":true,"href":"https:\/\/tallinndesignhouse.com\/en\/wp-json\/wp\/v2\/product_brand?post=3367995"},{"taxonomy":"product_cat","embeddable":true,"href":"https:\/\/tallinndesignhouse.com\/en\/wp-json\/wp\/v2\/product_cat?post=3367995"},{"taxonomy":"product_tag","embeddable":true,"href":"https:\/\/tallinndesignhouse.com\/en\/wp-json\/wp\/v2\/product_tag?post=3367995"}],"curies":[{"name":"wp","href":"https:\/\/api.w.org\/{rel}","templated":true}]}}