{"id":3368134,"date":"2025-01-13T10:35:06","date_gmt":"2025-01-13T08:35:06","guid":{"rendered":"https:\/\/tallinndesignhouse.com\/toode\/korvarongad-full\/"},"modified":"2026-04-13T01:00:17","modified_gmt":"2026-04-12T22:00:17","slug":"korvarongad-full","status":"publish","type":"product","link":"https:\/\/tallinndesignhouse.com\/en\/toode\/korvarongad-full\/","title":{"rendered":"Earrings Full"},"content":{"rendered":"<p>The jewelry by Maarja Niinem\u00e4gi is inspired by the same elevation lines on the map, which show the heights of the landscapes and the depths of the waters. Anodizing (painting metal by electrolysis) is done by hand, which allows you to play with the paint and so each piece of jewelry can be a little different. The jewelry is made of anodized titanium and the earrings have silver backs. Length: ca 4,5 cm. Care: Fingerprints may be left on tin jewelry. In this case, the jewelry should be washed with warm water and a mild dishwashing detergent.<\/p>\n","protected":false},"excerpt":{"rendered":"<p>The jewelry by Maarja Niinem\u00e4gi is inspired by the same elevation lines on the map, which show the heights of the landscapes and the depths of the waters. Anodizing (painting metal by electrolysis) is done by hand, which allows you to play with the paint and so each piece of jewelry can be a little [&hellip;]<\/p>\n","protected":false},"featured_media":3368167,"template":"","meta":{"_acf_changed":false},"product_brand":[],"product_cat":[3223,1955],"product_tag":[2819],"class_list":{"0":"post-3368134","1":"product","2":"type-product","3":"status-publish","4":"has-post-thumbnail","6":"product_cat-jewellery-en","7":"product_cat-earrings","8":"product_tag-women","9":"pa_brand-maarja-niinemagi-jewellery-en","11":"pa_varv-blue-en","14":"first","15":"instock","16":"taxable","17":"shipping-taxable","18":"purchasable","19":"product-type-variable"},"acf":[],"yoast_head":"<!-- This site is optimized with the Yoast SEO plugin v26.0 - https:\/\/yoast.com\/wordpress\/plugins\/seo\/ -->\n<title>Maarja Niinem\u00e4gi Earrings Full - Tallinn Design House<\/title>\n<meta name=\"description\" content=\"Maarja Niinem\u00e4gi k\u00f5rvar\u00f5ngad Full. Ehted on valmistatud anodeeritud titaanist ja k\u00f5rvar\u00f5ngastel on h\u00f5betagused. Pikkus: ca 4,5 cm.\" \/>\n<meta name=\"robots\" content=\"index, follow, max-snippet:-1, max-image-preview:large, max-video-preview:-1\" \/>\n<link rel=\"canonical\" href=\"https:\/\/tallinndesignhouse.com\/toode\/korvarongad-full\/\" \/>\n<meta property=\"og:locale\" content=\"en_US\" \/>\n<meta property=\"og:type\" content=\"article\" \/>\n<meta property=\"og:title\" content=\"Maarja Niinem\u00e4gi Earrings Full - Tallinn Design House\" \/>\n<meta property=\"og:description\" content=\"Maarja Niinem\u00e4gi k\u00f5rvar\u00f5ngad Full. Ehted on valmistatud anodeeritud titaanist ja k\u00f5rvar\u00f5ngastel on h\u00f5betagused. Pikkus: ca 4,5 cm.\" \/>\n<meta property=\"og:url\" content=\"https:\/\/tallinndesignhouse.com\/toode\/korvarongad-full\/\" \/>\n<meta property=\"og:site_name\" content=\"Tallinn Design House\" \/>\n<meta property=\"article:modified_time\" content=\"2026-04-12T22:00:17+00:00\" \/>\n<meta property=\"og:image\" content=\"https:\/\/tallinndesignhouse.com\/wp-content\/uploads\/2025\/01\/Maarja-Niinemagi-korvarongad-Full-sinine-1.jpg\" \/>\n\t<meta property=\"og:image:width\" content=\"1080\" \/>\n\t<meta property=\"og:image:height\" content=\"1350\" \/>\n\t<meta property=\"og:image:type\" content=\"image\/jpeg\" \/>\n<meta name=\"twitter:card\" content=\"summary_large_image\" \/>\n<script type=\"application\/ld+json\" class=\"yoast-schema-graph\">{\"@context\":\"https:\/\/schema.org\",\"@graph\":[{\"@type\":\"WebPage\",\"@id\":\"https:\/\/tallinndesignhouse.com\/toode\/korvarongad-full\/\",\"url\":\"https:\/\/tallinndesignhouse.com\/toode\/korvarongad-full\/\",\"name\":\"Maarja Niinem\u00e4gi Earrings Full - Tallinn Design House\",\"isPartOf\":{\"@id\":\"https:\/\/tallinndesignhouse.com\/#website\"},\"primaryImageOfPage\":{\"@id\":\"https:\/\/tallinndesignhouse.com\/toode\/korvarongad-full\/#primaryimage\"},\"image\":{\"@id\":\"https:\/\/tallinndesignhouse.com\/toode\/korvarongad-full\/#primaryimage\"},\"thumbnailUrl\":\"https:\/\/tallinndesignhouse.com\/wp-content\/uploads\/2025\/01\/Maarja-Niinemagi-korvarongad-Full-sinine-1.jpg\",\"datePublished\":\"2025-01-13T08:35:06+00:00\",\"dateModified\":\"2026-04-12T22:00:17+00:00\",\"description\":\"Maarja Niinem\u00e4gi k\u00f5rvar\u00f5ngad Full. Ehted on valmistatud anodeeritud titaanist ja k\u00f5rvar\u00f5ngastel on h\u00f5betagused. Pikkus: ca 4,5 cm.\",\"breadcrumb\":{\"@id\":\"https:\/\/tallinndesignhouse.com\/toode\/korvarongad-full\/#breadcrumb\"},\"inLanguage\":\"en-US\",\"potentialAction\":[{\"@type\":\"ReadAction\",\"target\":[\"https:\/\/tallinndesignhouse.com\/toode\/korvarongad-full\/\"]}]},{\"@type\":\"ImageObject\",\"inLanguage\":\"en-US\",\"@id\":\"https:\/\/tallinndesignhouse.com\/toode\/korvarongad-full\/#primaryimage\",\"url\":\"https:\/\/tallinndesignhouse.com\/wp-content\/uploads\/2025\/01\/Maarja-Niinemagi-korvarongad-Full-sinine-1.jpg\",\"contentUrl\":\"https:\/\/tallinndesignhouse.com\/wp-content\/uploads\/2025\/01\/Maarja-Niinemagi-korvarongad-Full-sinine-1.jpg\",\"width\":1080,\"height\":1350,\"caption\":\"Maarja Niinema\u0308gi ko\u0303rvaro\u0303ngad Full sinine 1\"},{\"@type\":\"BreadcrumbList\",\"@id\":\"https:\/\/tallinndesignhouse.com\/toode\/korvarongad-full\/#breadcrumb\",\"itemListElement\":[{\"@type\":\"ListItem\",\"position\":1,\"name\":\"Home\",\"item\":\"https:\/\/tallinndesignhouse.com\/en\/\"},{\"@type\":\"ListItem\",\"position\":2,\"name\":\"Shop\",\"item\":\"https:\/\/tallinndesignhouse.com\/en\/shop\/\"},{\"@type\":\"ListItem\",\"position\":3,\"name\":\"Earrings Full\"}]},{\"@type\":\"WebSite\",\"@id\":\"https:\/\/tallinndesignhouse.com\/#website\",\"url\":\"https:\/\/tallinndesignhouse.com\/\",\"name\":\"Tallinn Design House\",\"description\":\"Eesti disain Rotermanni kvartalis\",\"potentialAction\":[{\"@type\":\"SearchAction\",\"target\":{\"@type\":\"EntryPoint\",\"urlTemplate\":\"https:\/\/tallinndesignhouse.com\/?s={search_term_string}\"},\"query-input\":{\"@type\":\"PropertyValueSpecification\",\"valueRequired\":true,\"valueName\":\"search_term_string\"}}],\"inLanguage\":\"en-US\"}]}<\/script>\n<!-- \/ Yoast SEO plugin. -->","yoast_head_json":{"title":"Maarja Niinem\u00e4gi Earrings Full - Tallinn Design House","description":"Maarja Niinem\u00e4gi k\u00f5rvar\u00f5ngad Full. Ehted on valmistatud anodeeritud titaanist ja k\u00f5rvar\u00f5ngastel on h\u00f5betagused. Pikkus: ca 4,5 cm.","robots":{"index":"index","follow":"follow","max-snippet":"max-snippet:-1","max-image-preview":"max-image-preview:large","max-video-preview":"max-video-preview:-1"},"canonical":"https:\/\/tallinndesignhouse.com\/toode\/korvarongad-full\/","og_locale":"en_US","og_type":"article","og_title":"Maarja Niinem\u00e4gi Earrings Full - Tallinn Design House","og_description":"Maarja Niinem\u00e4gi k\u00f5rvar\u00f5ngad Full. Ehted on valmistatud anodeeritud titaanist ja k\u00f5rvar\u00f5ngastel on h\u00f5betagused. Pikkus: ca 4,5 cm.","og_url":"https:\/\/tallinndesignhouse.com\/toode\/korvarongad-full\/","og_site_name":"Tallinn Design House","article_modified_time":"2026-04-12T22:00:17+00:00","og_image":[{"width":1080,"height":1350,"url":"https:\/\/tallinndesignhouse.com\/wp-content\/uploads\/2025\/01\/Maarja-Niinemagi-korvarongad-Full-sinine-1.jpg","type":"image\/jpeg"}],"twitter_card":"summary_large_image","schema":{"@context":"https:\/\/schema.org","@graph":[{"@type":"WebPage","@id":"https:\/\/tallinndesignhouse.com\/toode\/korvarongad-full\/","url":"https:\/\/tallinndesignhouse.com\/toode\/korvarongad-full\/","name":"Maarja Niinem\u00e4gi Earrings Full - Tallinn Design House","isPartOf":{"@id":"https:\/\/tallinndesignhouse.com\/#website"},"primaryImageOfPage":{"@id":"https:\/\/tallinndesignhouse.com\/toode\/korvarongad-full\/#primaryimage"},"image":{"@id":"https:\/\/tallinndesignhouse.com\/toode\/korvarongad-full\/#primaryimage"},"thumbnailUrl":"https:\/\/tallinndesignhouse.com\/wp-content\/uploads\/2025\/01\/Maarja-Niinemagi-korvarongad-Full-sinine-1.jpg","datePublished":"2025-01-13T08:35:06+00:00","dateModified":"2026-04-12T22:00:17+00:00","description":"Maarja Niinem\u00e4gi k\u00f5rvar\u00f5ngad Full. Ehted on valmistatud anodeeritud titaanist ja k\u00f5rvar\u00f5ngastel on h\u00f5betagused. Pikkus: ca 4,5 cm.","breadcrumb":{"@id":"https:\/\/tallinndesignhouse.com\/toode\/korvarongad-full\/#breadcrumb"},"inLanguage":"en-US","potentialAction":[{"@type":"ReadAction","target":["https:\/\/tallinndesignhouse.com\/toode\/korvarongad-full\/"]}]},{"@type":"ImageObject","inLanguage":"en-US","@id":"https:\/\/tallinndesignhouse.com\/toode\/korvarongad-full\/#primaryimage","url":"https:\/\/tallinndesignhouse.com\/wp-content\/uploads\/2025\/01\/Maarja-Niinemagi-korvarongad-Full-sinine-1.jpg","contentUrl":"https:\/\/tallinndesignhouse.com\/wp-content\/uploads\/2025\/01\/Maarja-Niinemagi-korvarongad-Full-sinine-1.jpg","width":1080,"height":1350,"caption":"Maarja Niinema\u0308gi ko\u0303rvaro\u0303ngad Full sinine 1"},{"@type":"BreadcrumbList","@id":"https:\/\/tallinndesignhouse.com\/toode\/korvarongad-full\/#breadcrumb","itemListElement":[{"@type":"ListItem","position":1,"name":"Home","item":"https:\/\/tallinndesignhouse.com\/en\/"},{"@type":"ListItem","position":2,"name":"Shop","item":"https:\/\/tallinndesignhouse.com\/en\/shop\/"},{"@type":"ListItem","position":3,"name":"Earrings Full"}]},{"@type":"WebSite","@id":"https:\/\/tallinndesignhouse.com\/#website","url":"https:\/\/tallinndesignhouse.com\/","name":"Tallinn Design House","description":"Eesti disain Rotermanni kvartalis","potentialAction":[{"@type":"SearchAction","target":{"@type":"EntryPoint","urlTemplate":"https:\/\/tallinndesignhouse.com\/?s={search_term_string}"},"query-input":{"@type":"PropertyValueSpecification","valueRequired":true,"valueName":"search_term_string"}}],"inLanguage":"en-US"}]}},"_links":{"self":[{"href":"https:\/\/tallinndesignhouse.com\/en\/wp-json\/wp\/v2\/product\/3368134","targetHints":{"allow":["GET"]}}],"collection":[{"href":"https:\/\/tallinndesignhouse.com\/en\/wp-json\/wp\/v2\/product"}],"about":[{"href":"https:\/\/tallinndesignhouse.com\/en\/wp-json\/wp\/v2\/types\/product"}],"wp:featuredmedia":[{"embeddable":true,"href":"https:\/\/tallinndesignhouse.com\/en\/wp-json\/wp\/v2\/media\/3368167"}],"wp:attachment":[{"href":"https:\/\/tallinndesignhouse.com\/en\/wp-json\/wp\/v2\/media?parent=3368134"}],"wp:term":[{"taxonomy":"product_brand","embeddable":true,"href":"https:\/\/tallinndesignhouse.com\/en\/wp-json\/wp\/v2\/product_brand?post=3368134"},{"taxonomy":"product_cat","embeddable":true,"href":"https:\/\/tallinndesignhouse.com\/en\/wp-json\/wp\/v2\/product_cat?post=3368134"},{"taxonomy":"product_tag","embeddable":true,"href":"https:\/\/tallinndesignhouse.com\/en\/wp-json\/wp\/v2\/product_tag?post=3368134"}],"curies":[{"name":"wp","href":"https:\/\/api.w.org\/{rel}","templated":true}]}}