{"id":3368600,"date":"2025-01-23T15:05:07","date_gmt":"2025-01-23T13:05:07","guid":{"rendered":"https:\/\/tallinndesignhouse.com\/toode\/mohaarist-sall-aino\/"},"modified":"2026-05-03T01:01:13","modified_gmt":"2026-05-02T22:01:13","slug":"mohaarist-sall-aino","status":"publish","type":"product","link":"https:\/\/tallinndesignhouse.com\/en\/toode\/mohaarist-sall-aino\/","title":{"rendered":"Mohair scarf Aino"},"content":{"rendered":"<p>The Aino triangular scarf by \u00c4rni Blum is crafted from luxurious Japanese silk mohair, is both a chic accessory and a practical wardrobe staple. Its styling possibilities are truly endless\u2014wrap it as a headscarf, tie it around your neck as an elegant kerchief, or use it as a unique hair accessory. The only limit is your imagination! Small and lightweight, yet surprisingly warm, the Aino scarf is made from soft and breathable mohair, offering luxurious comfort even for the most sensitive skin. Its timeless design and versatility make it a must-have piece that adds a touch of warmth and care to every outfit and occasion. Designed and knitted in Estonia. Material: 65% mohair, 35% silk. Knit care: hand wash up to 20-30\u00baC (cold). Do not rub, wring, or let the knit soak. Arrange the knit flat on a dry towel and allow to air dry. You can shape the knit gently while it\u00b4s still damp.<\/p>\n","protected":false},"excerpt":{"rendered":"<p>The Aino triangular scarf by \u00c4rni Blum is crafted from luxurious Japanese silk mohair, is both a chic accessory and a practical wardrobe staple. Its styling possibilities are truly endless\u2014wrap it as a headscarf, tie it around your neck as an elegant kerchief, or use it as a unique hair accessory. The only limit is [&hellip;]<\/p>\n","protected":false},"featured_media":3388243,"template":"","meta":{"_acf_changed":false},"product_brand":[],"product_cat":[883,113,3717],"product_tag":[2818],"class_list":{"0":"post-3368600","1":"product","2":"type-product","3":"status-publish","4":"has-post-thumbnail","6":"product_cat-peakatted_ja_sallid","7":"product_cat-aksessuaarid","8":"product_cat-kevadised-tooted","9":"product_tag-naised","10":"pa_brand-arni-blum","12":"pa_varv-must","13":"pa_varv-pruun","14":"pa_varv-hall","16":"pa_varv-lilla","18":"pa_varv-roosa","22":"pa_varv-valge","25":"first","26":"instock","27":"taxable","28":"shipping-taxable","29":"purchasable","30":"product-type-variable"},"acf":[],"yoast_head":"<!-- This site is optimized with the Yoast SEO plugin v26.0 - https:\/\/yoast.com\/wordpress\/plugins\/seo\/ -->\n<title>\u00c4rni Blum Mohair scarf Aino - Tallinn Design House<\/title>\n<meta name=\"description\" content=\"\u00c4rni Blum moh\u00e4\u00e4rist sall Aino. Disainitud ja kootud Eestis, Saaremaal. Materjal: 65% moh\u00e4\u00e4r, 35% siid.\" \/>\n<meta name=\"robots\" content=\"index, follow, max-snippet:-1, max-image-preview:large, max-video-preview:-1\" \/>\n<link rel=\"canonical\" href=\"https:\/\/tallinndesignhouse.com\/toode\/mohaarist-sall-aino\/\" \/>\n<meta property=\"og:locale\" content=\"en_US\" \/>\n<meta property=\"og:type\" content=\"article\" \/>\n<meta property=\"og:title\" content=\"\u00c4rni Blum Mohair scarf Aino - Tallinn Design House\" \/>\n<meta property=\"og:description\" content=\"\u00c4rni Blum moh\u00e4\u00e4rist sall Aino. Disainitud ja kootud Eestis, Saaremaal. Materjal: 65% moh\u00e4\u00e4r, 35% siid.\" \/>\n<meta property=\"og:url\" content=\"https:\/\/tallinndesignhouse.com\/toode\/mohaarist-sall-aino\/\" \/>\n<meta property=\"og:site_name\" content=\"Tallinn Design House\" \/>\n<meta property=\"article:modified_time\" content=\"2026-05-02T22:01:13+00:00\" \/>\n<meta property=\"og:image\" content=\"https:\/\/tallinndesignhouse.com\/wp-content\/uploads\/2025\/01\/Mohaarist-Aino-sall-Arni-Blum-7.jpg\" \/>\n\t<meta property=\"og:image:width\" content=\"1080\" \/>\n\t<meta property=\"og:image:height\" content=\"1350\" \/>\n\t<meta property=\"og:image:type\" content=\"image\/jpeg\" \/>\n<meta name=\"twitter:card\" content=\"summary_large_image\" \/>\n<meta name=\"twitter:label1\" content=\"Est. reading time\" \/>\n\t<meta name=\"twitter:data1\" content=\"1 minute\" \/>\n<script type=\"application\/ld+json\" class=\"yoast-schema-graph\">{\"@context\":\"https:\/\/schema.org\",\"@graph\":[{\"@type\":\"WebPage\",\"@id\":\"https:\/\/tallinndesignhouse.com\/toode\/mohaarist-sall-aino\/\",\"url\":\"https:\/\/tallinndesignhouse.com\/toode\/mohaarist-sall-aino\/\",\"name\":\"\u00c4rni Blum Mohair scarf Aino - Tallinn Design House\",\"isPartOf\":{\"@id\":\"https:\/\/tallinndesignhouse.com\/#website\"},\"primaryImageOfPage\":{\"@id\":\"https:\/\/tallinndesignhouse.com\/toode\/mohaarist-sall-aino\/#primaryimage\"},\"image\":{\"@id\":\"https:\/\/tallinndesignhouse.com\/toode\/mohaarist-sall-aino\/#primaryimage\"},\"thumbnailUrl\":\"https:\/\/tallinndesignhouse.com\/wp-content\/uploads\/2025\/01\/Mohaarist-Aino-sall-Arni-Blum-7.jpg\",\"datePublished\":\"2025-01-23T13:05:07+00:00\",\"dateModified\":\"2026-05-02T22:01:13+00:00\",\"description\":\"\u00c4rni Blum moh\u00e4\u00e4rist sall Aino. Disainitud ja kootud Eestis, Saaremaal. Materjal: 65% moh\u00e4\u00e4r, 35% siid.\",\"breadcrumb\":{\"@id\":\"https:\/\/tallinndesignhouse.com\/toode\/mohaarist-sall-aino\/#breadcrumb\"},\"inLanguage\":\"en-US\",\"potentialAction\":[{\"@type\":\"ReadAction\",\"target\":[\"https:\/\/tallinndesignhouse.com\/toode\/mohaarist-sall-aino\/\"]}]},{\"@type\":\"ImageObject\",\"inLanguage\":\"en-US\",\"@id\":\"https:\/\/tallinndesignhouse.com\/toode\/mohaarist-sall-aino\/#primaryimage\",\"url\":\"https:\/\/tallinndesignhouse.com\/wp-content\/uploads\/2025\/01\/Mohaarist-Aino-sall-Arni-Blum-7.jpg\",\"contentUrl\":\"https:\/\/tallinndesignhouse.com\/wp-content\/uploads\/2025\/01\/Mohaarist-Aino-sall-Arni-Blum-7.jpg\",\"width\":1080,\"height\":1350,\"caption\":\"Moha\u0308a\u0308rist Aino sall A\u0308rni Blum 7\"},{\"@type\":\"BreadcrumbList\",\"@id\":\"https:\/\/tallinndesignhouse.com\/toode\/mohaarist-sall-aino\/#breadcrumb\",\"itemListElement\":[{\"@type\":\"ListItem\",\"position\":1,\"name\":\"Home\",\"item\":\"https:\/\/tallinndesignhouse.com\/en\/\"},{\"@type\":\"ListItem\",\"position\":2,\"name\":\"Shop\",\"item\":\"https:\/\/tallinndesignhouse.com\/en\/shop\/\"},{\"@type\":\"ListItem\",\"position\":3,\"name\":\"Mohair scarf Aino\"}]},{\"@type\":\"WebSite\",\"@id\":\"https:\/\/tallinndesignhouse.com\/#website\",\"url\":\"https:\/\/tallinndesignhouse.com\/\",\"name\":\"Tallinn Design House\",\"description\":\"Eesti disain Rotermanni kvartalis\",\"potentialAction\":[{\"@type\":\"SearchAction\",\"target\":{\"@type\":\"EntryPoint\",\"urlTemplate\":\"https:\/\/tallinndesignhouse.com\/?s={search_term_string}\"},\"query-input\":{\"@type\":\"PropertyValueSpecification\",\"valueRequired\":true,\"valueName\":\"search_term_string\"}}],\"inLanguage\":\"en-US\"}]}<\/script>\n<!-- \/ Yoast SEO plugin. -->","yoast_head_json":{"title":"\u00c4rni Blum Mohair scarf Aino - Tallinn Design House","description":"\u00c4rni Blum moh\u00e4\u00e4rist sall Aino. Disainitud ja kootud Eestis, Saaremaal. Materjal: 65% moh\u00e4\u00e4r, 35% siid.","robots":{"index":"index","follow":"follow","max-snippet":"max-snippet:-1","max-image-preview":"max-image-preview:large","max-video-preview":"max-video-preview:-1"},"canonical":"https:\/\/tallinndesignhouse.com\/toode\/mohaarist-sall-aino\/","og_locale":"en_US","og_type":"article","og_title":"\u00c4rni Blum Mohair scarf Aino - Tallinn Design House","og_description":"\u00c4rni Blum moh\u00e4\u00e4rist sall Aino. Disainitud ja kootud Eestis, Saaremaal. Materjal: 65% moh\u00e4\u00e4r, 35% siid.","og_url":"https:\/\/tallinndesignhouse.com\/toode\/mohaarist-sall-aino\/","og_site_name":"Tallinn Design House","article_modified_time":"2026-05-02T22:01:13+00:00","og_image":[{"width":1080,"height":1350,"url":"https:\/\/tallinndesignhouse.com\/wp-content\/uploads\/2025\/01\/Mohaarist-Aino-sall-Arni-Blum-7.jpg","type":"image\/jpeg"}],"twitter_card":"summary_large_image","twitter_misc":{"Est. reading time":"1 minute"},"schema":{"@context":"https:\/\/schema.org","@graph":[{"@type":"WebPage","@id":"https:\/\/tallinndesignhouse.com\/toode\/mohaarist-sall-aino\/","url":"https:\/\/tallinndesignhouse.com\/toode\/mohaarist-sall-aino\/","name":"\u00c4rni Blum Mohair scarf Aino - Tallinn Design House","isPartOf":{"@id":"https:\/\/tallinndesignhouse.com\/#website"},"primaryImageOfPage":{"@id":"https:\/\/tallinndesignhouse.com\/toode\/mohaarist-sall-aino\/#primaryimage"},"image":{"@id":"https:\/\/tallinndesignhouse.com\/toode\/mohaarist-sall-aino\/#primaryimage"},"thumbnailUrl":"https:\/\/tallinndesignhouse.com\/wp-content\/uploads\/2025\/01\/Mohaarist-Aino-sall-Arni-Blum-7.jpg","datePublished":"2025-01-23T13:05:07+00:00","dateModified":"2026-05-02T22:01:13+00:00","description":"\u00c4rni Blum moh\u00e4\u00e4rist sall Aino. Disainitud ja kootud Eestis, Saaremaal. Materjal: 65% moh\u00e4\u00e4r, 35% siid.","breadcrumb":{"@id":"https:\/\/tallinndesignhouse.com\/toode\/mohaarist-sall-aino\/#breadcrumb"},"inLanguage":"en-US","potentialAction":[{"@type":"ReadAction","target":["https:\/\/tallinndesignhouse.com\/toode\/mohaarist-sall-aino\/"]}]},{"@type":"ImageObject","inLanguage":"en-US","@id":"https:\/\/tallinndesignhouse.com\/toode\/mohaarist-sall-aino\/#primaryimage","url":"https:\/\/tallinndesignhouse.com\/wp-content\/uploads\/2025\/01\/Mohaarist-Aino-sall-Arni-Blum-7.jpg","contentUrl":"https:\/\/tallinndesignhouse.com\/wp-content\/uploads\/2025\/01\/Mohaarist-Aino-sall-Arni-Blum-7.jpg","width":1080,"height":1350,"caption":"Moha\u0308a\u0308rist Aino sall A\u0308rni Blum 7"},{"@type":"BreadcrumbList","@id":"https:\/\/tallinndesignhouse.com\/toode\/mohaarist-sall-aino\/#breadcrumb","itemListElement":[{"@type":"ListItem","position":1,"name":"Home","item":"https:\/\/tallinndesignhouse.com\/en\/"},{"@type":"ListItem","position":2,"name":"Shop","item":"https:\/\/tallinndesignhouse.com\/en\/shop\/"},{"@type":"ListItem","position":3,"name":"Mohair scarf Aino"}]},{"@type":"WebSite","@id":"https:\/\/tallinndesignhouse.com\/#website","url":"https:\/\/tallinndesignhouse.com\/","name":"Tallinn Design House","description":"Eesti disain Rotermanni kvartalis","potentialAction":[{"@type":"SearchAction","target":{"@type":"EntryPoint","urlTemplate":"https:\/\/tallinndesignhouse.com\/?s={search_term_string}"},"query-input":{"@type":"PropertyValueSpecification","valueRequired":true,"valueName":"search_term_string"}}],"inLanguage":"en-US"}]}},"_links":{"self":[{"href":"https:\/\/tallinndesignhouse.com\/en\/wp-json\/wp\/v2\/product\/3368600","targetHints":{"allow":["GET"]}}],"collection":[{"href":"https:\/\/tallinndesignhouse.com\/en\/wp-json\/wp\/v2\/product"}],"about":[{"href":"https:\/\/tallinndesignhouse.com\/en\/wp-json\/wp\/v2\/types\/product"}],"wp:featuredmedia":[{"embeddable":true,"href":"https:\/\/tallinndesignhouse.com\/en\/wp-json\/wp\/v2\/media\/3388243"}],"wp:attachment":[{"href":"https:\/\/tallinndesignhouse.com\/en\/wp-json\/wp\/v2\/media?parent=3368600"}],"wp:term":[{"taxonomy":"product_brand","embeddable":true,"href":"https:\/\/tallinndesignhouse.com\/en\/wp-json\/wp\/v2\/product_brand?post=3368600"},{"taxonomy":"product_cat","embeddable":true,"href":"https:\/\/tallinndesignhouse.com\/en\/wp-json\/wp\/v2\/product_cat?post=3368600"},{"taxonomy":"product_tag","embeddable":true,"href":"https:\/\/tallinndesignhouse.com\/en\/wp-json\/wp\/v2\/product_tag?post=3368600"}],"curies":[{"name":"wp","href":"https:\/\/api.w.org\/{rel}","templated":true}]}}