{"id":3368769,"date":"2025-01-30T10:35:04","date_gmt":"2025-01-30T08:35:04","guid":{"rendered":"https:\/\/tallinndesignhouse.com\/toode\/sugavniisutav-sheavoi-50-ml\/"},"modified":"2026-04-29T01:01:44","modified_gmt":"2026-04-28T22:01:44","slug":"sugavniisutav-sheavoi-50-ml","status":"publish","type":"product","link":"https:\/\/tallinndesignhouse.com\/en\/toode\/sugavniisutav-sheavoi-50-ml\/","title":{"rendered":"Deeply Moisturizing Shea Butter 50 ml"},"content":{"rendered":"<p>Nurme\u2019s Shea Butter is an incredibly effective moisturizer that helps maintain the skin\u00b4s moisture balance and improves elasticity. It protects the skin from extreme weather conditions in winter and soothes sun damage in summer, making it perfect for the whole family. As a natural product, the color, scent, and texture of the shea butter may vary. Temperature changes may cause a grainy texture, but this does not affect the product\u00b4s qualities. Try Nurme\u00b4s rich shea butter oil, conveniently packaged for easy use. Nurme Shea Butter is refined to remove impurities and unwanted compounds. How to use: Apply a small amount to dry skin areas and massage until fully absorbed. For soft heels, apply a thick layer to your feet, cover with plastic socks, and wake up with extra soft feet in the morning. Important: Before use, ensure you are not allergic to any of the product\u00b4s ingredients. INCI: Butyrospermum Parkii (Shea) Butter*, Butyrospermum Parkii (Shea) Oil, Tocopherol (Vitamin-E), Helianthus Annuus (Sunflower) Seed Oil. *Organic.<\/p>\n","protected":false},"excerpt":{"rendered":"<p>Nurme\u2019s Shea Butter is an incredibly effective moisturizer that helps maintain the skin\u00b4s moisture balance and improves elasticity. It protects the skin from extreme weather conditions in winter and soothes sun damage in summer, making it perfect for the whole family. As a natural product, the color, scent, and texture of the shea butter may [&hellip;]<\/p>\n","protected":false},"featured_media":3368775,"template":"","meta":{"_acf_changed":false},"product_brand":[],"product_cat":[871],"product_tag":[2818],"class_list":{"0":"post-3368769","1":"product","2":"type-product","3":"status-publish","4":"has-post-thumbnail","6":"product_cat-keha","7":"product_tag-naised","8":"pa_brand-nurme","11":"first","12":"instock","13":"taxable","14":"shipping-taxable","15":"purchasable","16":"product-type-simple"},"acf":[],"yoast_head":"<!-- This site is optimized with the Yoast SEO plugin v26.0 - https:\/\/yoast.com\/wordpress\/plugins\/seo\/ -->\n<title>Nurme Deeply Moisturizing Shea Butter 50 ml - Tallinn Design House<\/title>\n<meta name=\"description\" content=\"Nurme s\u00fcgavniisutav sheav\u00f5i 50 ml. See kaitseb nahka ektreemsete ilmaolude eest talvisel ajal ja leevendab p\u00e4ikesekahjustusi suvel.\" \/>\n<meta name=\"robots\" content=\"index, follow, max-snippet:-1, max-image-preview:large, max-video-preview:-1\" \/>\n<link rel=\"canonical\" href=\"https:\/\/tallinndesignhouse.com\/toode\/sugavniisutav-sheavoi-50-ml\/\" \/>\n<meta property=\"og:locale\" content=\"en_US\" \/>\n<meta property=\"og:type\" content=\"article\" \/>\n<meta property=\"og:title\" content=\"Nurme Deeply Moisturizing Shea Butter 50 ml - Tallinn Design House\" \/>\n<meta property=\"og:description\" content=\"Nurme s\u00fcgavniisutav sheav\u00f5i 50 ml. See kaitseb nahka ektreemsete ilmaolude eest talvisel ajal ja leevendab p\u00e4ikesekahjustusi suvel.\" \/>\n<meta property=\"og:url\" content=\"https:\/\/tallinndesignhouse.com\/toode\/sugavniisutav-sheavoi-50-ml\/\" \/>\n<meta property=\"og:site_name\" content=\"Tallinn Design House\" \/>\n<meta property=\"article:modified_time\" content=\"2026-04-28T22:01:44+00:00\" \/>\n<meta property=\"og:image\" content=\"https:\/\/tallinndesignhouse.com\/wp-content\/uploads\/2025\/01\/Nurme-Sugavniisutav-sheavoi-50-ml.jpg\" \/>\n\t<meta property=\"og:image:width\" content=\"1080\" \/>\n\t<meta property=\"og:image:height\" content=\"1350\" \/>\n\t<meta property=\"og:image:type\" content=\"image\/jpeg\" \/>\n<meta name=\"twitter:card\" content=\"summary_large_image\" \/>\n<meta name=\"twitter:label1\" content=\"Est. reading time\" \/>\n\t<meta name=\"twitter:data1\" content=\"1 minute\" \/>\n<script type=\"application\/ld+json\" class=\"yoast-schema-graph\">{\"@context\":\"https:\/\/schema.org\",\"@graph\":[{\"@type\":\"WebPage\",\"@id\":\"https:\/\/tallinndesignhouse.com\/toode\/sugavniisutav-sheavoi-50-ml\/\",\"url\":\"https:\/\/tallinndesignhouse.com\/toode\/sugavniisutav-sheavoi-50-ml\/\",\"name\":\"Nurme Deeply Moisturizing Shea Butter 50 ml - Tallinn Design House\",\"isPartOf\":{\"@id\":\"https:\/\/tallinndesignhouse.com\/#website\"},\"primaryImageOfPage\":{\"@id\":\"https:\/\/tallinndesignhouse.com\/toode\/sugavniisutav-sheavoi-50-ml\/#primaryimage\"},\"image\":{\"@id\":\"https:\/\/tallinndesignhouse.com\/toode\/sugavniisutav-sheavoi-50-ml\/#primaryimage\"},\"thumbnailUrl\":\"https:\/\/tallinndesignhouse.com\/wp-content\/uploads\/2025\/01\/Nurme-Sugavniisutav-sheavoi-50-ml.jpg\",\"datePublished\":\"2025-01-30T08:35:04+00:00\",\"dateModified\":\"2026-04-28T22:01:44+00:00\",\"description\":\"Nurme s\u00fcgavniisutav sheav\u00f5i 50 ml. See kaitseb nahka ektreemsete ilmaolude eest talvisel ajal ja leevendab p\u00e4ikesekahjustusi suvel.\",\"breadcrumb\":{\"@id\":\"https:\/\/tallinndesignhouse.com\/toode\/sugavniisutav-sheavoi-50-ml\/#breadcrumb\"},\"inLanguage\":\"en-US\",\"potentialAction\":[{\"@type\":\"ReadAction\",\"target\":[\"https:\/\/tallinndesignhouse.com\/toode\/sugavniisutav-sheavoi-50-ml\/\"]}]},{\"@type\":\"ImageObject\",\"inLanguage\":\"en-US\",\"@id\":\"https:\/\/tallinndesignhouse.com\/toode\/sugavniisutav-sheavoi-50-ml\/#primaryimage\",\"url\":\"https:\/\/tallinndesignhouse.com\/wp-content\/uploads\/2025\/01\/Nurme-Sugavniisutav-sheavoi-50-ml.jpg\",\"contentUrl\":\"https:\/\/tallinndesignhouse.com\/wp-content\/uploads\/2025\/01\/Nurme-Sugavniisutav-sheavoi-50-ml.jpg\",\"width\":1080,\"height\":1350,\"caption\":\"Nurme Su\u0308gavniisutav sheavo\u0303i 50 ml\"},{\"@type\":\"BreadcrumbList\",\"@id\":\"https:\/\/tallinndesignhouse.com\/toode\/sugavniisutav-sheavoi-50-ml\/#breadcrumb\",\"itemListElement\":[{\"@type\":\"ListItem\",\"position\":1,\"name\":\"Home\",\"item\":\"https:\/\/tallinndesignhouse.com\/en\/\"},{\"@type\":\"ListItem\",\"position\":2,\"name\":\"Shop\",\"item\":\"https:\/\/tallinndesignhouse.com\/en\/shop\/\"},{\"@type\":\"ListItem\",\"position\":3,\"name\":\"Deeply Moisturizing Shea Butter 50 ml\"}]},{\"@type\":\"WebSite\",\"@id\":\"https:\/\/tallinndesignhouse.com\/#website\",\"url\":\"https:\/\/tallinndesignhouse.com\/\",\"name\":\"Tallinn Design House\",\"description\":\"Eesti disain Rotermanni kvartalis\",\"potentialAction\":[{\"@type\":\"SearchAction\",\"target\":{\"@type\":\"EntryPoint\",\"urlTemplate\":\"https:\/\/tallinndesignhouse.com\/?s={search_term_string}\"},\"query-input\":{\"@type\":\"PropertyValueSpecification\",\"valueRequired\":true,\"valueName\":\"search_term_string\"}}],\"inLanguage\":\"en-US\"}]}<\/script>\n<!-- \/ Yoast SEO plugin. -->","yoast_head_json":{"title":"Nurme Deeply Moisturizing Shea Butter 50 ml - Tallinn Design House","description":"Nurme s\u00fcgavniisutav sheav\u00f5i 50 ml. See kaitseb nahka ektreemsete ilmaolude eest talvisel ajal ja leevendab p\u00e4ikesekahjustusi suvel.","robots":{"index":"index","follow":"follow","max-snippet":"max-snippet:-1","max-image-preview":"max-image-preview:large","max-video-preview":"max-video-preview:-1"},"canonical":"https:\/\/tallinndesignhouse.com\/toode\/sugavniisutav-sheavoi-50-ml\/","og_locale":"en_US","og_type":"article","og_title":"Nurme Deeply Moisturizing Shea Butter 50 ml - Tallinn Design House","og_description":"Nurme s\u00fcgavniisutav sheav\u00f5i 50 ml. See kaitseb nahka ektreemsete ilmaolude eest talvisel ajal ja leevendab p\u00e4ikesekahjustusi suvel.","og_url":"https:\/\/tallinndesignhouse.com\/toode\/sugavniisutav-sheavoi-50-ml\/","og_site_name":"Tallinn Design House","article_modified_time":"2026-04-28T22:01:44+00:00","og_image":[{"width":1080,"height":1350,"url":"https:\/\/tallinndesignhouse.com\/wp-content\/uploads\/2025\/01\/Nurme-Sugavniisutav-sheavoi-50-ml.jpg","type":"image\/jpeg"}],"twitter_card":"summary_large_image","twitter_misc":{"Est. reading time":"1 minute"},"schema":{"@context":"https:\/\/schema.org","@graph":[{"@type":"WebPage","@id":"https:\/\/tallinndesignhouse.com\/toode\/sugavniisutav-sheavoi-50-ml\/","url":"https:\/\/tallinndesignhouse.com\/toode\/sugavniisutav-sheavoi-50-ml\/","name":"Nurme Deeply Moisturizing Shea Butter 50 ml - Tallinn Design House","isPartOf":{"@id":"https:\/\/tallinndesignhouse.com\/#website"},"primaryImageOfPage":{"@id":"https:\/\/tallinndesignhouse.com\/toode\/sugavniisutav-sheavoi-50-ml\/#primaryimage"},"image":{"@id":"https:\/\/tallinndesignhouse.com\/toode\/sugavniisutav-sheavoi-50-ml\/#primaryimage"},"thumbnailUrl":"https:\/\/tallinndesignhouse.com\/wp-content\/uploads\/2025\/01\/Nurme-Sugavniisutav-sheavoi-50-ml.jpg","datePublished":"2025-01-30T08:35:04+00:00","dateModified":"2026-04-28T22:01:44+00:00","description":"Nurme s\u00fcgavniisutav sheav\u00f5i 50 ml. See kaitseb nahka ektreemsete ilmaolude eest talvisel ajal ja leevendab p\u00e4ikesekahjustusi suvel.","breadcrumb":{"@id":"https:\/\/tallinndesignhouse.com\/toode\/sugavniisutav-sheavoi-50-ml\/#breadcrumb"},"inLanguage":"en-US","potentialAction":[{"@type":"ReadAction","target":["https:\/\/tallinndesignhouse.com\/toode\/sugavniisutav-sheavoi-50-ml\/"]}]},{"@type":"ImageObject","inLanguage":"en-US","@id":"https:\/\/tallinndesignhouse.com\/toode\/sugavniisutav-sheavoi-50-ml\/#primaryimage","url":"https:\/\/tallinndesignhouse.com\/wp-content\/uploads\/2025\/01\/Nurme-Sugavniisutav-sheavoi-50-ml.jpg","contentUrl":"https:\/\/tallinndesignhouse.com\/wp-content\/uploads\/2025\/01\/Nurme-Sugavniisutav-sheavoi-50-ml.jpg","width":1080,"height":1350,"caption":"Nurme Su\u0308gavniisutav sheavo\u0303i 50 ml"},{"@type":"BreadcrumbList","@id":"https:\/\/tallinndesignhouse.com\/toode\/sugavniisutav-sheavoi-50-ml\/#breadcrumb","itemListElement":[{"@type":"ListItem","position":1,"name":"Home","item":"https:\/\/tallinndesignhouse.com\/en\/"},{"@type":"ListItem","position":2,"name":"Shop","item":"https:\/\/tallinndesignhouse.com\/en\/shop\/"},{"@type":"ListItem","position":3,"name":"Deeply Moisturizing Shea Butter 50 ml"}]},{"@type":"WebSite","@id":"https:\/\/tallinndesignhouse.com\/#website","url":"https:\/\/tallinndesignhouse.com\/","name":"Tallinn Design House","description":"Eesti disain Rotermanni kvartalis","potentialAction":[{"@type":"SearchAction","target":{"@type":"EntryPoint","urlTemplate":"https:\/\/tallinndesignhouse.com\/?s={search_term_string}"},"query-input":{"@type":"PropertyValueSpecification","valueRequired":true,"valueName":"search_term_string"}}],"inLanguage":"en-US"}]}},"_links":{"self":[{"href":"https:\/\/tallinndesignhouse.com\/en\/wp-json\/wp\/v2\/product\/3368769","targetHints":{"allow":["GET"]}}],"collection":[{"href":"https:\/\/tallinndesignhouse.com\/en\/wp-json\/wp\/v2\/product"}],"about":[{"href":"https:\/\/tallinndesignhouse.com\/en\/wp-json\/wp\/v2\/types\/product"}],"wp:featuredmedia":[{"embeddable":true,"href":"https:\/\/tallinndesignhouse.com\/en\/wp-json\/wp\/v2\/media\/3368775"}],"wp:attachment":[{"href":"https:\/\/tallinndesignhouse.com\/en\/wp-json\/wp\/v2\/media?parent=3368769"}],"wp:term":[{"taxonomy":"product_brand","embeddable":true,"href":"https:\/\/tallinndesignhouse.com\/en\/wp-json\/wp\/v2\/product_brand?post=3368769"},{"taxonomy":"product_cat","embeddable":true,"href":"https:\/\/tallinndesignhouse.com\/en\/wp-json\/wp\/v2\/product_cat?post=3368769"},{"taxonomy":"product_tag","embeddable":true,"href":"https:\/\/tallinndesignhouse.com\/en\/wp-json\/wp\/v2\/product_tag?post=3368769"}],"curies":[{"name":"wp","href":"https:\/\/api.w.org\/{rel}","templated":true}]}}