{"id":3368773,"date":"2025-01-30T10:35:05","date_gmt":"2025-01-30T08:35:05","guid":{"rendered":"https:\/\/tallinndesignhouse.com\/toode\/intensiivistav-paevitusoli-100-ml\/"},"modified":"2026-05-02T01:02:20","modified_gmt":"2026-05-01T22:02:20","slug":"intensiivistav-paevitusoli-100-ml","status":"publish","type":"product","link":"https:\/\/tallinndesignhouse.com\/en\/toode\/intensiivistav-paevitusoli-100-ml\/","title":{"rendered":"Intensifying Tanning Oil 100 ml"},"content":{"rendered":"<p>Nurme\u00b4s Intensifying Tanning Oil is a perfect blend of seven natural oils, each serving a unique purpose\u2014nourishing, protecting, and moisturizing your skin while promoting a deep, rich tan. The tanning oil is water-resistant and can be used alongside sunscreen to achieve a long-lasting, deep bronze glow. If your skin gets sunburned, use 100% shea butter to soothe and repair the damage. Keep the product away from direct sunlight. Note that the tanning oil may stain swimwear. It is free from chemical modifications, parabens, artificial colors, fragrances, preservatives, and UV filters. How to use: Gently apply to clean skin before tanning. Massage the oil evenly for optimal absorption. Avoid prolonged sun exposure as the product does not contain SPF protection. Important: Before use, ensure you are not allergic to any of the product\u00b4s ingredients. INCI: Helianthus Annuus Seed (Sunflower) Oil, Prunus Amygdalus Dulcis (Sweet almond) Oil, Caprylic \/ Capric Triglyceride (Coconut) Oil, Persea Gratissima (Avocado) Oil, Argania Spinosa Kernel (Argania) Oil, Butyrospermum Parkii (Shea) Oil, Daucus Carota Sativa Seed (Carrot) Oil, Tocopherol (Vitamin E).<\/p>\n","protected":false},"excerpt":{"rendered":"<p>Nurme\u00b4s Intensifying Tanning Oil is a perfect blend of seven natural oils, each serving a unique purpose\u2014nourishing, protecting, and moisturizing your skin while promoting a deep, rich tan. The tanning oil is water-resistant and can be used alongside sunscreen to achieve a long-lasting, deep bronze glow. If your skin gets sunburned, use 100% shea butter [&hellip;]<\/p>\n","protected":false},"featured_media":3368777,"template":"","meta":{"_acf_changed":false},"product_brand":[],"product_cat":[118],"product_tag":[2818],"class_list":{"0":"post-3368773","1":"product","2":"type-product","3":"status-publish","4":"has-post-thumbnail","6":"product_cat-ilu","7":"product_tag-naised","8":"pa_brand-nurme","11":"first","12":"instock","13":"taxable","14":"shipping-taxable","15":"purchasable","16":"product-type-simple"},"acf":[],"yoast_head":"<!-- This site is optimized with the Yoast SEO plugin v26.0 - https:\/\/yoast.com\/wordpress\/plugins\/seo\/ -->\n<title>Nurme Intensifying Tanning Oil 100 ml - Tallinn Design House<\/title>\n<meta name=\"description\" content=\"Nurme intensiivistav p\u00e4evitus\u00f5li 100 ml. Nurme p\u00e4evitus\u00f5li on veekindel.\" \/>\n<meta name=\"robots\" content=\"index, follow, max-snippet:-1, max-image-preview:large, max-video-preview:-1\" \/>\n<link rel=\"canonical\" href=\"https:\/\/tallinndesignhouse.com\/toode\/intensiivistav-paevitusoli-100-ml\/\" \/>\n<meta property=\"og:locale\" content=\"en_US\" \/>\n<meta property=\"og:type\" content=\"article\" \/>\n<meta property=\"og:title\" content=\"Nurme Intensifying Tanning Oil 100 ml - Tallinn Design House\" \/>\n<meta property=\"og:description\" content=\"Nurme intensiivistav p\u00e4evitus\u00f5li 100 ml. Nurme p\u00e4evitus\u00f5li on veekindel.\" \/>\n<meta property=\"og:url\" content=\"https:\/\/tallinndesignhouse.com\/toode\/intensiivistav-paevitusoli-100-ml\/\" \/>\n<meta property=\"og:site_name\" content=\"Tallinn Design House\" \/>\n<meta property=\"article:modified_time\" content=\"2026-05-01T22:02:20+00:00\" \/>\n<meta property=\"og:image\" content=\"https:\/\/tallinndesignhouse.com\/wp-content\/uploads\/2025\/01\/Nurme-Intensiivistav-paevitusoli.jpg\" \/>\n\t<meta property=\"og:image:width\" content=\"1080\" \/>\n\t<meta property=\"og:image:height\" content=\"1350\" \/>\n\t<meta property=\"og:image:type\" content=\"image\/jpeg\" \/>\n<meta name=\"twitter:card\" content=\"summary_large_image\" \/>\n<meta name=\"twitter:label1\" content=\"Est. reading time\" \/>\n\t<meta name=\"twitter:data1\" content=\"1 minute\" \/>\n<script type=\"application\/ld+json\" class=\"yoast-schema-graph\">{\"@context\":\"https:\/\/schema.org\",\"@graph\":[{\"@type\":\"WebPage\",\"@id\":\"https:\/\/tallinndesignhouse.com\/toode\/intensiivistav-paevitusoli-100-ml\/\",\"url\":\"https:\/\/tallinndesignhouse.com\/toode\/intensiivistav-paevitusoli-100-ml\/\",\"name\":\"Nurme Intensifying Tanning Oil 100 ml - Tallinn Design House\",\"isPartOf\":{\"@id\":\"https:\/\/tallinndesignhouse.com\/#website\"},\"primaryImageOfPage\":{\"@id\":\"https:\/\/tallinndesignhouse.com\/toode\/intensiivistav-paevitusoli-100-ml\/#primaryimage\"},\"image\":{\"@id\":\"https:\/\/tallinndesignhouse.com\/toode\/intensiivistav-paevitusoli-100-ml\/#primaryimage\"},\"thumbnailUrl\":\"https:\/\/tallinndesignhouse.com\/wp-content\/uploads\/2025\/01\/Nurme-Intensiivistav-paevitusoli.jpg\",\"datePublished\":\"2025-01-30T08:35:05+00:00\",\"dateModified\":\"2026-05-01T22:02:20+00:00\",\"description\":\"Nurme intensiivistav p\u00e4evitus\u00f5li 100 ml. Nurme p\u00e4evitus\u00f5li on veekindel.\",\"breadcrumb\":{\"@id\":\"https:\/\/tallinndesignhouse.com\/toode\/intensiivistav-paevitusoli-100-ml\/#breadcrumb\"},\"inLanguage\":\"en-US\",\"potentialAction\":[{\"@type\":\"ReadAction\",\"target\":[\"https:\/\/tallinndesignhouse.com\/toode\/intensiivistav-paevitusoli-100-ml\/\"]}]},{\"@type\":\"ImageObject\",\"inLanguage\":\"en-US\",\"@id\":\"https:\/\/tallinndesignhouse.com\/toode\/intensiivistav-paevitusoli-100-ml\/#primaryimage\",\"url\":\"https:\/\/tallinndesignhouse.com\/wp-content\/uploads\/2025\/01\/Nurme-Intensiivistav-paevitusoli.jpg\",\"contentUrl\":\"https:\/\/tallinndesignhouse.com\/wp-content\/uploads\/2025\/01\/Nurme-Intensiivistav-paevitusoli.jpg\",\"width\":1080,\"height\":1350,\"caption\":\"Nurme Intensiivistav pa\u0308evituso\u0303li\"},{\"@type\":\"BreadcrumbList\",\"@id\":\"https:\/\/tallinndesignhouse.com\/toode\/intensiivistav-paevitusoli-100-ml\/#breadcrumb\",\"itemListElement\":[{\"@type\":\"ListItem\",\"position\":1,\"name\":\"Home\",\"item\":\"https:\/\/tallinndesignhouse.com\/en\/\"},{\"@type\":\"ListItem\",\"position\":2,\"name\":\"Shop\",\"item\":\"https:\/\/tallinndesignhouse.com\/en\/shop\/\"},{\"@type\":\"ListItem\",\"position\":3,\"name\":\"Intensifying Tanning Oil 100 ml\"}]},{\"@type\":\"WebSite\",\"@id\":\"https:\/\/tallinndesignhouse.com\/#website\",\"url\":\"https:\/\/tallinndesignhouse.com\/\",\"name\":\"Tallinn Design House\",\"description\":\"Eesti disain Rotermanni kvartalis\",\"potentialAction\":[{\"@type\":\"SearchAction\",\"target\":{\"@type\":\"EntryPoint\",\"urlTemplate\":\"https:\/\/tallinndesignhouse.com\/?s={search_term_string}\"},\"query-input\":{\"@type\":\"PropertyValueSpecification\",\"valueRequired\":true,\"valueName\":\"search_term_string\"}}],\"inLanguage\":\"en-US\"}]}<\/script>\n<!-- \/ Yoast SEO plugin. -->","yoast_head_json":{"title":"Nurme Intensifying Tanning Oil 100 ml - Tallinn Design House","description":"Nurme intensiivistav p\u00e4evitus\u00f5li 100 ml. Nurme p\u00e4evitus\u00f5li on veekindel.","robots":{"index":"index","follow":"follow","max-snippet":"max-snippet:-1","max-image-preview":"max-image-preview:large","max-video-preview":"max-video-preview:-1"},"canonical":"https:\/\/tallinndesignhouse.com\/toode\/intensiivistav-paevitusoli-100-ml\/","og_locale":"en_US","og_type":"article","og_title":"Nurme Intensifying Tanning Oil 100 ml - Tallinn Design House","og_description":"Nurme intensiivistav p\u00e4evitus\u00f5li 100 ml. Nurme p\u00e4evitus\u00f5li on veekindel.","og_url":"https:\/\/tallinndesignhouse.com\/toode\/intensiivistav-paevitusoli-100-ml\/","og_site_name":"Tallinn Design House","article_modified_time":"2026-05-01T22:02:20+00:00","og_image":[{"width":1080,"height":1350,"url":"https:\/\/tallinndesignhouse.com\/wp-content\/uploads\/2025\/01\/Nurme-Intensiivistav-paevitusoli.jpg","type":"image\/jpeg"}],"twitter_card":"summary_large_image","twitter_misc":{"Est. reading time":"1 minute"},"schema":{"@context":"https:\/\/schema.org","@graph":[{"@type":"WebPage","@id":"https:\/\/tallinndesignhouse.com\/toode\/intensiivistav-paevitusoli-100-ml\/","url":"https:\/\/tallinndesignhouse.com\/toode\/intensiivistav-paevitusoli-100-ml\/","name":"Nurme Intensifying Tanning Oil 100 ml - Tallinn Design House","isPartOf":{"@id":"https:\/\/tallinndesignhouse.com\/#website"},"primaryImageOfPage":{"@id":"https:\/\/tallinndesignhouse.com\/toode\/intensiivistav-paevitusoli-100-ml\/#primaryimage"},"image":{"@id":"https:\/\/tallinndesignhouse.com\/toode\/intensiivistav-paevitusoli-100-ml\/#primaryimage"},"thumbnailUrl":"https:\/\/tallinndesignhouse.com\/wp-content\/uploads\/2025\/01\/Nurme-Intensiivistav-paevitusoli.jpg","datePublished":"2025-01-30T08:35:05+00:00","dateModified":"2026-05-01T22:02:20+00:00","description":"Nurme intensiivistav p\u00e4evitus\u00f5li 100 ml. Nurme p\u00e4evitus\u00f5li on veekindel.","breadcrumb":{"@id":"https:\/\/tallinndesignhouse.com\/toode\/intensiivistav-paevitusoli-100-ml\/#breadcrumb"},"inLanguage":"en-US","potentialAction":[{"@type":"ReadAction","target":["https:\/\/tallinndesignhouse.com\/toode\/intensiivistav-paevitusoli-100-ml\/"]}]},{"@type":"ImageObject","inLanguage":"en-US","@id":"https:\/\/tallinndesignhouse.com\/toode\/intensiivistav-paevitusoli-100-ml\/#primaryimage","url":"https:\/\/tallinndesignhouse.com\/wp-content\/uploads\/2025\/01\/Nurme-Intensiivistav-paevitusoli.jpg","contentUrl":"https:\/\/tallinndesignhouse.com\/wp-content\/uploads\/2025\/01\/Nurme-Intensiivistav-paevitusoli.jpg","width":1080,"height":1350,"caption":"Nurme Intensiivistav pa\u0308evituso\u0303li"},{"@type":"BreadcrumbList","@id":"https:\/\/tallinndesignhouse.com\/toode\/intensiivistav-paevitusoli-100-ml\/#breadcrumb","itemListElement":[{"@type":"ListItem","position":1,"name":"Home","item":"https:\/\/tallinndesignhouse.com\/en\/"},{"@type":"ListItem","position":2,"name":"Shop","item":"https:\/\/tallinndesignhouse.com\/en\/shop\/"},{"@type":"ListItem","position":3,"name":"Intensifying Tanning Oil 100 ml"}]},{"@type":"WebSite","@id":"https:\/\/tallinndesignhouse.com\/#website","url":"https:\/\/tallinndesignhouse.com\/","name":"Tallinn Design House","description":"Eesti disain Rotermanni kvartalis","potentialAction":[{"@type":"SearchAction","target":{"@type":"EntryPoint","urlTemplate":"https:\/\/tallinndesignhouse.com\/?s={search_term_string}"},"query-input":{"@type":"PropertyValueSpecification","valueRequired":true,"valueName":"search_term_string"}}],"inLanguage":"en-US"}]}},"_links":{"self":[{"href":"https:\/\/tallinndesignhouse.com\/en\/wp-json\/wp\/v2\/product\/3368773","targetHints":{"allow":["GET"]}}],"collection":[{"href":"https:\/\/tallinndesignhouse.com\/en\/wp-json\/wp\/v2\/product"}],"about":[{"href":"https:\/\/tallinndesignhouse.com\/en\/wp-json\/wp\/v2\/types\/product"}],"wp:featuredmedia":[{"embeddable":true,"href":"https:\/\/tallinndesignhouse.com\/en\/wp-json\/wp\/v2\/media\/3368777"}],"wp:attachment":[{"href":"https:\/\/tallinndesignhouse.com\/en\/wp-json\/wp\/v2\/media?parent=3368773"}],"wp:term":[{"taxonomy":"product_brand","embeddable":true,"href":"https:\/\/tallinndesignhouse.com\/en\/wp-json\/wp\/v2\/product_brand?post=3368773"},{"taxonomy":"product_cat","embeddable":true,"href":"https:\/\/tallinndesignhouse.com\/en\/wp-json\/wp\/v2\/product_cat?post=3368773"},{"taxonomy":"product_tag","embeddable":true,"href":"https:\/\/tallinndesignhouse.com\/en\/wp-json\/wp\/v2\/product_tag?post=3368773"}],"curies":[{"name":"wp","href":"https:\/\/api.w.org\/{rel}","templated":true}]}}