{"id":3368888,"date":"2025-01-30T14:50:07","date_gmt":"2025-01-30T12:50:07","guid":{"rendered":"https:\/\/tallinndesignhouse.com\/toode\/triiksark-maiko\/"},"modified":"2026-05-02T01:03:04","modified_gmt":"2026-05-01T22:03:04","slug":"triiksark-maiko","status":"publish","type":"product","link":"https:\/\/tallinndesignhouse.com\/en\/toode\/triiksark-maiko\/","title":{"rendered":"Maiko blouse"},"content":{"rendered":"<p>MAIKO blouse by Ellen Richard has wide sleeves, a collar and a long belt, which allows you to style in different ways. The blouse is spacious enough to fit both 36 and 38 wearers. MAIKO is perfect to combine over wide trousers or a narrow skirt, you can wear it festively with heels or casually with sneakers. The product is handmade in Estonia. Chest circumference: 112 cm. Hip: 112 cm. Length from shoulder: 72 cm. Material: 94% cotton, 6% elastane. Care: 30C machine wash.<\/p>\n","protected":false},"excerpt":{"rendered":"<p>MAIKO blouse by Ellen Richard has wide sleeves, a collar and a long belt, which allows you to style in different ways. The blouse is spacious enough to fit both 36 and 38 wearers. MAIKO is perfect to combine over wide trousers or a narrow skirt, you can wear it festively with heels or casually [&hellip;]<\/p>\n","protected":false},"featured_media":3369070,"template":"","meta":{"_acf_changed":false},"product_brand":[],"product_cat":[888,887],"product_tag":[2819],"class_list":{"0":"post-3368888","1":"product","2":"type-product","3":"status-publish","4":"has-post-thumbnail","6":"product_cat-sargid_ja_pluusid","7":"product_cat-roivad","8":"product_tag-women","9":"pa_brand-ellen-richard-en","11":"pa_suurus-36-en","13":"pa_varv-black-en","14":"pa_varv-white-en-en","18":"first","19":"instock","20":"taxable","21":"shipping-taxable","22":"purchasable","23":"product-type-variable"},"acf":[],"yoast_head":"<!-- This site is optimized with the Yoast SEO plugin v26.0 - https:\/\/yoast.com\/wordpress\/plugins\/seo\/ -->\n<title>Ellen Richard Maiko blouse - Tallinn Design House<\/title>\n<meta name=\"description\" content=\"Ellen Richard h\u00f5lmiks\u00e4rk Maiko. Toode on valminud k\u00e4sit\u00f6\u00f6na Eestis.\" \/>\n<meta name=\"robots\" content=\"index, follow, max-snippet:-1, max-image-preview:large, max-video-preview:-1\" \/>\n<link rel=\"canonical\" href=\"https:\/\/tallinndesignhouse.com\/toode\/triiksark-maiko\/\" \/>\n<meta property=\"og:locale\" content=\"en_US\" \/>\n<meta property=\"og:type\" content=\"article\" \/>\n<meta property=\"og:title\" content=\"Ellen Richard Maiko blouse - Tallinn Design House\" \/>\n<meta property=\"og:description\" content=\"Ellen Richard h\u00f5lmiks\u00e4rk Maiko. Toode on valminud k\u00e4sit\u00f6\u00f6na Eestis.\" \/>\n<meta property=\"og:url\" content=\"https:\/\/tallinndesignhouse.com\/toode\/triiksark-maiko\/\" \/>\n<meta property=\"og:site_name\" content=\"Tallinn Design House\" \/>\n<meta property=\"article:modified_time\" content=\"2026-05-01T22:03:04+00:00\" \/>\n<meta property=\"og:image\" content=\"https:\/\/tallinndesignhouse.com\/wp-content\/uploads\/2025\/01\/Ellen-Richard-holmiksark-Maiko_.jpg\" \/>\n\t<meta property=\"og:image:width\" content=\"1080\" \/>\n\t<meta property=\"og:image:height\" content=\"1350\" \/>\n\t<meta property=\"og:image:type\" content=\"image\/jpeg\" \/>\n<meta name=\"twitter:card\" content=\"summary_large_image\" \/>\n<meta name=\"twitter:label1\" content=\"Est. reading time\" \/>\n\t<meta name=\"twitter:data1\" content=\"1 minute\" \/>\n<script type=\"application\/ld+json\" class=\"yoast-schema-graph\">{\"@context\":\"https:\/\/schema.org\",\"@graph\":[{\"@type\":\"WebPage\",\"@id\":\"https:\/\/tallinndesignhouse.com\/toode\/triiksark-maiko\/\",\"url\":\"https:\/\/tallinndesignhouse.com\/toode\/triiksark-maiko\/\",\"name\":\"Ellen Richard Maiko blouse - Tallinn Design House\",\"isPartOf\":{\"@id\":\"https:\/\/tallinndesignhouse.com\/#website\"},\"primaryImageOfPage\":{\"@id\":\"https:\/\/tallinndesignhouse.com\/toode\/triiksark-maiko\/#primaryimage\"},\"image\":{\"@id\":\"https:\/\/tallinndesignhouse.com\/toode\/triiksark-maiko\/#primaryimage\"},\"thumbnailUrl\":\"https:\/\/tallinndesignhouse.com\/wp-content\/uploads\/2025\/01\/Ellen-Richard-holmiksark-Maiko_.jpg\",\"datePublished\":\"2025-01-30T12:50:07+00:00\",\"dateModified\":\"2026-05-01T22:03:04+00:00\",\"description\":\"Ellen Richard h\u00f5lmiks\u00e4rk Maiko. Toode on valminud k\u00e4sit\u00f6\u00f6na Eestis.\",\"breadcrumb\":{\"@id\":\"https:\/\/tallinndesignhouse.com\/toode\/triiksark-maiko\/#breadcrumb\"},\"inLanguage\":\"en-US\",\"potentialAction\":[{\"@type\":\"ReadAction\",\"target\":[\"https:\/\/tallinndesignhouse.com\/toode\/triiksark-maiko\/\"]}]},{\"@type\":\"ImageObject\",\"inLanguage\":\"en-US\",\"@id\":\"https:\/\/tallinndesignhouse.com\/toode\/triiksark-maiko\/#primaryimage\",\"url\":\"https:\/\/tallinndesignhouse.com\/wp-content\/uploads\/2025\/01\/Ellen-Richard-holmiksark-Maiko_.jpg\",\"contentUrl\":\"https:\/\/tallinndesignhouse.com\/wp-content\/uploads\/2025\/01\/Ellen-Richard-holmiksark-Maiko_.jpg\",\"width\":1080,\"height\":1350,\"caption\":\"Ellen Richard ho\u0303lmiksa\u0308rk Maiko_\"},{\"@type\":\"BreadcrumbList\",\"@id\":\"https:\/\/tallinndesignhouse.com\/toode\/triiksark-maiko\/#breadcrumb\",\"itemListElement\":[{\"@type\":\"ListItem\",\"position\":1,\"name\":\"Home\",\"item\":\"https:\/\/tallinndesignhouse.com\/en\/\"},{\"@type\":\"ListItem\",\"position\":2,\"name\":\"Shop\",\"item\":\"https:\/\/tallinndesignhouse.com\/en\/shop\/\"},{\"@type\":\"ListItem\",\"position\":3,\"name\":\"Maiko blouse\"}]},{\"@type\":\"WebSite\",\"@id\":\"https:\/\/tallinndesignhouse.com\/#website\",\"url\":\"https:\/\/tallinndesignhouse.com\/\",\"name\":\"Tallinn Design House\",\"description\":\"Eesti disain Rotermanni kvartalis\",\"potentialAction\":[{\"@type\":\"SearchAction\",\"target\":{\"@type\":\"EntryPoint\",\"urlTemplate\":\"https:\/\/tallinndesignhouse.com\/?s={search_term_string}\"},\"query-input\":{\"@type\":\"PropertyValueSpecification\",\"valueRequired\":true,\"valueName\":\"search_term_string\"}}],\"inLanguage\":\"en-US\"}]}<\/script>\n<!-- \/ Yoast SEO plugin. -->","yoast_head_json":{"title":"Ellen Richard Maiko blouse - Tallinn Design House","description":"Ellen Richard h\u00f5lmiks\u00e4rk Maiko. Toode on valminud k\u00e4sit\u00f6\u00f6na Eestis.","robots":{"index":"index","follow":"follow","max-snippet":"max-snippet:-1","max-image-preview":"max-image-preview:large","max-video-preview":"max-video-preview:-1"},"canonical":"https:\/\/tallinndesignhouse.com\/toode\/triiksark-maiko\/","og_locale":"en_US","og_type":"article","og_title":"Ellen Richard Maiko blouse - Tallinn Design House","og_description":"Ellen Richard h\u00f5lmiks\u00e4rk Maiko. Toode on valminud k\u00e4sit\u00f6\u00f6na Eestis.","og_url":"https:\/\/tallinndesignhouse.com\/toode\/triiksark-maiko\/","og_site_name":"Tallinn Design House","article_modified_time":"2026-05-01T22:03:04+00:00","og_image":[{"width":1080,"height":1350,"url":"https:\/\/tallinndesignhouse.com\/wp-content\/uploads\/2025\/01\/Ellen-Richard-holmiksark-Maiko_.jpg","type":"image\/jpeg"}],"twitter_card":"summary_large_image","twitter_misc":{"Est. reading time":"1 minute"},"schema":{"@context":"https:\/\/schema.org","@graph":[{"@type":"WebPage","@id":"https:\/\/tallinndesignhouse.com\/toode\/triiksark-maiko\/","url":"https:\/\/tallinndesignhouse.com\/toode\/triiksark-maiko\/","name":"Ellen Richard Maiko blouse - Tallinn Design House","isPartOf":{"@id":"https:\/\/tallinndesignhouse.com\/#website"},"primaryImageOfPage":{"@id":"https:\/\/tallinndesignhouse.com\/toode\/triiksark-maiko\/#primaryimage"},"image":{"@id":"https:\/\/tallinndesignhouse.com\/toode\/triiksark-maiko\/#primaryimage"},"thumbnailUrl":"https:\/\/tallinndesignhouse.com\/wp-content\/uploads\/2025\/01\/Ellen-Richard-holmiksark-Maiko_.jpg","datePublished":"2025-01-30T12:50:07+00:00","dateModified":"2026-05-01T22:03:04+00:00","description":"Ellen Richard h\u00f5lmiks\u00e4rk Maiko. Toode on valminud k\u00e4sit\u00f6\u00f6na Eestis.","breadcrumb":{"@id":"https:\/\/tallinndesignhouse.com\/toode\/triiksark-maiko\/#breadcrumb"},"inLanguage":"en-US","potentialAction":[{"@type":"ReadAction","target":["https:\/\/tallinndesignhouse.com\/toode\/triiksark-maiko\/"]}]},{"@type":"ImageObject","inLanguage":"en-US","@id":"https:\/\/tallinndesignhouse.com\/toode\/triiksark-maiko\/#primaryimage","url":"https:\/\/tallinndesignhouse.com\/wp-content\/uploads\/2025\/01\/Ellen-Richard-holmiksark-Maiko_.jpg","contentUrl":"https:\/\/tallinndesignhouse.com\/wp-content\/uploads\/2025\/01\/Ellen-Richard-holmiksark-Maiko_.jpg","width":1080,"height":1350,"caption":"Ellen Richard ho\u0303lmiksa\u0308rk Maiko_"},{"@type":"BreadcrumbList","@id":"https:\/\/tallinndesignhouse.com\/toode\/triiksark-maiko\/#breadcrumb","itemListElement":[{"@type":"ListItem","position":1,"name":"Home","item":"https:\/\/tallinndesignhouse.com\/en\/"},{"@type":"ListItem","position":2,"name":"Shop","item":"https:\/\/tallinndesignhouse.com\/en\/shop\/"},{"@type":"ListItem","position":3,"name":"Maiko blouse"}]},{"@type":"WebSite","@id":"https:\/\/tallinndesignhouse.com\/#website","url":"https:\/\/tallinndesignhouse.com\/","name":"Tallinn Design House","description":"Eesti disain Rotermanni kvartalis","potentialAction":[{"@type":"SearchAction","target":{"@type":"EntryPoint","urlTemplate":"https:\/\/tallinndesignhouse.com\/?s={search_term_string}"},"query-input":{"@type":"PropertyValueSpecification","valueRequired":true,"valueName":"search_term_string"}}],"inLanguage":"en-US"}]}},"_links":{"self":[{"href":"https:\/\/tallinndesignhouse.com\/en\/wp-json\/wp\/v2\/product\/3368888","targetHints":{"allow":["GET"]}}],"collection":[{"href":"https:\/\/tallinndesignhouse.com\/en\/wp-json\/wp\/v2\/product"}],"about":[{"href":"https:\/\/tallinndesignhouse.com\/en\/wp-json\/wp\/v2\/types\/product"}],"wp:featuredmedia":[{"embeddable":true,"href":"https:\/\/tallinndesignhouse.com\/en\/wp-json\/wp\/v2\/media\/3369070"}],"wp:attachment":[{"href":"https:\/\/tallinndesignhouse.com\/en\/wp-json\/wp\/v2\/media?parent=3368888"}],"wp:term":[{"taxonomy":"product_brand","embeddable":true,"href":"https:\/\/tallinndesignhouse.com\/en\/wp-json\/wp\/v2\/product_brand?post=3368888"},{"taxonomy":"product_cat","embeddable":true,"href":"https:\/\/tallinndesignhouse.com\/en\/wp-json\/wp\/v2\/product_cat?post=3368888"},{"taxonomy":"product_tag","embeddable":true,"href":"https:\/\/tallinndesignhouse.com\/en\/wp-json\/wp\/v2\/product_tag?post=3368888"}],"curies":[{"name":"wp","href":"https:\/\/api.w.org\/{rel}","templated":true}]}}