{"id":3368964,"date":"2025-01-30T15:20:07","date_gmt":"2025-01-30T13:20:07","guid":{"rendered":"https:\/\/tallinndesignhouse.com\/toode\/korvarongad-double-moon\/"},"modified":"2026-04-29T00:56:44","modified_gmt":"2026-04-28T21:56:44","slug":"korvarongad-double-moon","status":"publish","type":"product","link":"https:\/\/tallinndesignhouse.com\/en\/toode\/korvarongad-double-moon\/","title":{"rendered":"Double Moon earrings"},"content":{"rendered":"<p>Lightweight leather earrings by Gerda Retter. Dimensions: 5 x 3 cm. Material: Italian cowhide and silver back.<\/p>\n","protected":false},"excerpt":{"rendered":"<p>Lightweight leather earrings by Gerda Retter. Dimensions: 5 x 3 cm. Material: Italian cowhide and silver back.<\/p>\n","protected":false},"featured_media":3368947,"template":"","meta":{"_acf_changed":false},"product_brand":[],"product_cat":[1955,3223],"product_tag":[2818],"class_list":{"0":"post-3368964","1":"product","2":"type-product","3":"status-publish","4":"has-post-thumbnail","6":"product_cat-earrings","7":"product_cat-jewellery-en","8":"product_tag-naised","9":"pa_brand-gerda-retter-design-en","11":"pa_kingiidee-yes-en","13":"pa_varv-must","14":"pa_varv-karamell","15":"pa_varv-roheline","16":"pa_varv-helesinine","20":"pa_varv-purpur","23":"pa_varv-valge","26":"first","27":"instock","28":"taxable","29":"shipping-taxable","30":"purchasable","31":"product-type-variable"},"acf":[],"yoast_head":"<!-- This site is optimized with the Yoast SEO plugin v26.0 - https:\/\/yoast.com\/wordpress\/plugins\/seo\/ -->\n<title>Gerda Retter Double Moon earrings - Tallinn Design House<\/title>\n<meta name=\"description\" content=\"Gerda Retter k\u00f5rvar\u00f5ngad Double Moon. M\u00f5\u00f5dud: 5 x 3 cm. Materjal: Itaalia veisenahk ja h\u00f5bedast tagune.\" \/>\n<meta name=\"robots\" content=\"index, follow, max-snippet:-1, max-image-preview:large, max-video-preview:-1\" \/>\n<link rel=\"canonical\" href=\"https:\/\/tallinndesignhouse.com\/toode\/korvarongad-double-moon\/\" \/>\n<meta property=\"og:locale\" content=\"en_US\" \/>\n<meta property=\"og:type\" content=\"article\" \/>\n<meta property=\"og:title\" content=\"Gerda Retter Double Moon earrings - Tallinn Design House\" \/>\n<meta property=\"og:description\" content=\"Gerda Retter k\u00f5rvar\u00f5ngad Double Moon. M\u00f5\u00f5dud: 5 x 3 cm. Materjal: Itaalia veisenahk ja h\u00f5bedast tagune.\" \/>\n<meta property=\"og:url\" content=\"https:\/\/tallinndesignhouse.com\/toode\/korvarongad-double-moon\/\" \/>\n<meta property=\"og:site_name\" content=\"Tallinn Design House\" \/>\n<meta property=\"article:modified_time\" content=\"2026-04-28T21:56:44+00:00\" \/>\n<meta property=\"og:image\" content=\"https:\/\/tallinndesignhouse.com\/wp-content\/uploads\/2025\/01\/Gerda-Retter-Double-Moon-korvarongad-must.jpg\" \/>\n\t<meta property=\"og:image:width\" content=\"1080\" \/>\n\t<meta property=\"og:image:height\" content=\"1350\" \/>\n\t<meta property=\"og:image:type\" content=\"image\/jpeg\" \/>\n<meta name=\"twitter:card\" content=\"summary_large_image\" \/>\n<meta name=\"twitter:label1\" content=\"Est. reading time\" \/>\n\t<meta name=\"twitter:data1\" content=\"1 minute\" \/>\n<script type=\"application\/ld+json\" class=\"yoast-schema-graph\">{\"@context\":\"https:\/\/schema.org\",\"@graph\":[{\"@type\":\"WebPage\",\"@id\":\"https:\/\/tallinndesignhouse.com\/toode\/korvarongad-double-moon\/\",\"url\":\"https:\/\/tallinndesignhouse.com\/toode\/korvarongad-double-moon\/\",\"name\":\"Gerda Retter Double Moon earrings - Tallinn Design House\",\"isPartOf\":{\"@id\":\"https:\/\/tallinndesignhouse.com\/#website\"},\"primaryImageOfPage\":{\"@id\":\"https:\/\/tallinndesignhouse.com\/toode\/korvarongad-double-moon\/#primaryimage\"},\"image\":{\"@id\":\"https:\/\/tallinndesignhouse.com\/toode\/korvarongad-double-moon\/#primaryimage\"},\"thumbnailUrl\":\"https:\/\/tallinndesignhouse.com\/wp-content\/uploads\/2025\/01\/Gerda-Retter-Double-Moon-korvarongad-must.jpg\",\"datePublished\":\"2025-01-30T13:20:07+00:00\",\"dateModified\":\"2026-04-28T21:56:44+00:00\",\"description\":\"Gerda Retter k\u00f5rvar\u00f5ngad Double Moon. M\u00f5\u00f5dud: 5 x 3 cm. Materjal: Itaalia veisenahk ja h\u00f5bedast tagune.\",\"breadcrumb\":{\"@id\":\"https:\/\/tallinndesignhouse.com\/toode\/korvarongad-double-moon\/#breadcrumb\"},\"inLanguage\":\"en-US\",\"potentialAction\":[{\"@type\":\"ReadAction\",\"target\":[\"https:\/\/tallinndesignhouse.com\/toode\/korvarongad-double-moon\/\"]}]},{\"@type\":\"ImageObject\",\"inLanguage\":\"en-US\",\"@id\":\"https:\/\/tallinndesignhouse.com\/toode\/korvarongad-double-moon\/#primaryimage\",\"url\":\"https:\/\/tallinndesignhouse.com\/wp-content\/uploads\/2025\/01\/Gerda-Retter-Double-Moon-korvarongad-must.jpg\",\"contentUrl\":\"https:\/\/tallinndesignhouse.com\/wp-content\/uploads\/2025\/01\/Gerda-Retter-Double-Moon-korvarongad-must.jpg\",\"width\":1080,\"height\":1350,\"caption\":\"Gerda Retter Double Moon ko\u0303rvaro\u0303ngad must\"},{\"@type\":\"BreadcrumbList\",\"@id\":\"https:\/\/tallinndesignhouse.com\/toode\/korvarongad-double-moon\/#breadcrumb\",\"itemListElement\":[{\"@type\":\"ListItem\",\"position\":1,\"name\":\"Home\",\"item\":\"https:\/\/tallinndesignhouse.com\/en\/\"},{\"@type\":\"ListItem\",\"position\":2,\"name\":\"Shop\",\"item\":\"https:\/\/tallinndesignhouse.com\/en\/shop\/\"},{\"@type\":\"ListItem\",\"position\":3,\"name\":\"Double Moon earrings\"}]},{\"@type\":\"WebSite\",\"@id\":\"https:\/\/tallinndesignhouse.com\/#website\",\"url\":\"https:\/\/tallinndesignhouse.com\/\",\"name\":\"Tallinn Design House\",\"description\":\"Eesti disain Rotermanni kvartalis\",\"potentialAction\":[{\"@type\":\"SearchAction\",\"target\":{\"@type\":\"EntryPoint\",\"urlTemplate\":\"https:\/\/tallinndesignhouse.com\/?s={search_term_string}\"},\"query-input\":{\"@type\":\"PropertyValueSpecification\",\"valueRequired\":true,\"valueName\":\"search_term_string\"}}],\"inLanguage\":\"en-US\"}]}<\/script>\n<!-- \/ Yoast SEO plugin. -->","yoast_head_json":{"title":"Gerda Retter Double Moon earrings - Tallinn Design House","description":"Gerda Retter k\u00f5rvar\u00f5ngad Double Moon. M\u00f5\u00f5dud: 5 x 3 cm. Materjal: Itaalia veisenahk ja h\u00f5bedast tagune.","robots":{"index":"index","follow":"follow","max-snippet":"max-snippet:-1","max-image-preview":"max-image-preview:large","max-video-preview":"max-video-preview:-1"},"canonical":"https:\/\/tallinndesignhouse.com\/toode\/korvarongad-double-moon\/","og_locale":"en_US","og_type":"article","og_title":"Gerda Retter Double Moon earrings - Tallinn Design House","og_description":"Gerda Retter k\u00f5rvar\u00f5ngad Double Moon. M\u00f5\u00f5dud: 5 x 3 cm. Materjal: Itaalia veisenahk ja h\u00f5bedast tagune.","og_url":"https:\/\/tallinndesignhouse.com\/toode\/korvarongad-double-moon\/","og_site_name":"Tallinn Design House","article_modified_time":"2026-04-28T21:56:44+00:00","og_image":[{"width":1080,"height":1350,"url":"https:\/\/tallinndesignhouse.com\/wp-content\/uploads\/2025\/01\/Gerda-Retter-Double-Moon-korvarongad-must.jpg","type":"image\/jpeg"}],"twitter_card":"summary_large_image","twitter_misc":{"Est. reading time":"1 minute"},"schema":{"@context":"https:\/\/schema.org","@graph":[{"@type":"WebPage","@id":"https:\/\/tallinndesignhouse.com\/toode\/korvarongad-double-moon\/","url":"https:\/\/tallinndesignhouse.com\/toode\/korvarongad-double-moon\/","name":"Gerda Retter Double Moon earrings - Tallinn Design House","isPartOf":{"@id":"https:\/\/tallinndesignhouse.com\/#website"},"primaryImageOfPage":{"@id":"https:\/\/tallinndesignhouse.com\/toode\/korvarongad-double-moon\/#primaryimage"},"image":{"@id":"https:\/\/tallinndesignhouse.com\/toode\/korvarongad-double-moon\/#primaryimage"},"thumbnailUrl":"https:\/\/tallinndesignhouse.com\/wp-content\/uploads\/2025\/01\/Gerda-Retter-Double-Moon-korvarongad-must.jpg","datePublished":"2025-01-30T13:20:07+00:00","dateModified":"2026-04-28T21:56:44+00:00","description":"Gerda Retter k\u00f5rvar\u00f5ngad Double Moon. M\u00f5\u00f5dud: 5 x 3 cm. Materjal: Itaalia veisenahk ja h\u00f5bedast tagune.","breadcrumb":{"@id":"https:\/\/tallinndesignhouse.com\/toode\/korvarongad-double-moon\/#breadcrumb"},"inLanguage":"en-US","potentialAction":[{"@type":"ReadAction","target":["https:\/\/tallinndesignhouse.com\/toode\/korvarongad-double-moon\/"]}]},{"@type":"ImageObject","inLanguage":"en-US","@id":"https:\/\/tallinndesignhouse.com\/toode\/korvarongad-double-moon\/#primaryimage","url":"https:\/\/tallinndesignhouse.com\/wp-content\/uploads\/2025\/01\/Gerda-Retter-Double-Moon-korvarongad-must.jpg","contentUrl":"https:\/\/tallinndesignhouse.com\/wp-content\/uploads\/2025\/01\/Gerda-Retter-Double-Moon-korvarongad-must.jpg","width":1080,"height":1350,"caption":"Gerda Retter Double Moon ko\u0303rvaro\u0303ngad must"},{"@type":"BreadcrumbList","@id":"https:\/\/tallinndesignhouse.com\/toode\/korvarongad-double-moon\/#breadcrumb","itemListElement":[{"@type":"ListItem","position":1,"name":"Home","item":"https:\/\/tallinndesignhouse.com\/en\/"},{"@type":"ListItem","position":2,"name":"Shop","item":"https:\/\/tallinndesignhouse.com\/en\/shop\/"},{"@type":"ListItem","position":3,"name":"Double Moon earrings"}]},{"@type":"WebSite","@id":"https:\/\/tallinndesignhouse.com\/#website","url":"https:\/\/tallinndesignhouse.com\/","name":"Tallinn Design House","description":"Eesti disain Rotermanni kvartalis","potentialAction":[{"@type":"SearchAction","target":{"@type":"EntryPoint","urlTemplate":"https:\/\/tallinndesignhouse.com\/?s={search_term_string}"},"query-input":{"@type":"PropertyValueSpecification","valueRequired":true,"valueName":"search_term_string"}}],"inLanguage":"en-US"}]}},"_links":{"self":[{"href":"https:\/\/tallinndesignhouse.com\/en\/wp-json\/wp\/v2\/product\/3368964","targetHints":{"allow":["GET"]}}],"collection":[{"href":"https:\/\/tallinndesignhouse.com\/en\/wp-json\/wp\/v2\/product"}],"about":[{"href":"https:\/\/tallinndesignhouse.com\/en\/wp-json\/wp\/v2\/types\/product"}],"wp:featuredmedia":[{"embeddable":true,"href":"https:\/\/tallinndesignhouse.com\/en\/wp-json\/wp\/v2\/media\/3368947"}],"wp:attachment":[{"href":"https:\/\/tallinndesignhouse.com\/en\/wp-json\/wp\/v2\/media?parent=3368964"}],"wp:term":[{"taxonomy":"product_brand","embeddable":true,"href":"https:\/\/tallinndesignhouse.com\/en\/wp-json\/wp\/v2\/product_brand?post=3368964"},{"taxonomy":"product_cat","embeddable":true,"href":"https:\/\/tallinndesignhouse.com\/en\/wp-json\/wp\/v2\/product_cat?post=3368964"},{"taxonomy":"product_tag","embeddable":true,"href":"https:\/\/tallinndesignhouse.com\/en\/wp-json\/wp\/v2\/product_tag?post=3368964"}],"curies":[{"name":"wp","href":"https:\/\/api.w.org\/{rel}","templated":true}]}}