{"id":3369349,"date":"2025-02-12T14:50:04","date_gmt":"2025-02-12T12:50:04","guid":{"rendered":"https:\/\/tallinndesignhouse.com\/toode\/korvarongad-vortex-coffee\/"},"modified":"2026-04-29T00:59:55","modified_gmt":"2026-04-28T21:59:55","slug":"korvarongad-vortex-coffee","status":"publish","type":"product","link":"https:\/\/tallinndesignhouse.com\/en\/toode\/korvarongad-vortex-coffee\/","title":{"rendered":"Earrings Vortex Coffee"},"content":{"rendered":"<p>Create a bold statement with the Vortex earrings, crafted with geometrical cones in an elevated, sophisticated style that will turn heads. The four lines of each cone measure 4cm, and the total length of this stylish earring is 7 cm. A tasteful, exclusive addition to your wardrobe. Made of 925 recycled silver or silver base with 18K gold plate finish. Hand-\u0455elected bog stone from the Estonian island of Saaremaa. Please note that each stone as a natural product has its own unique size, colour and pattern. The earrings are 7cm long (of which the four-line cone is 4cm). Earrings come in pairs. Weight: 18g per earring. Clean using a soft polishing cloth or professional cleaning products. Store in a closed bag or box. Brand: By Mer.<\/p>\n","protected":false},"excerpt":{"rendered":"<p>Create a bold statement with the Vortex earrings, crafted with geometrical cones in an elevated, sophisticated style that will turn heads. The four lines of each cone measure 4cm, and the total length of this stylish earring is 7 cm. A tasteful, exclusive addition to your wardrobe. Made of 925 recycled silver or silver base [&hellip;]<\/p>\n","protected":false},"featured_media":3369353,"template":"","meta":{"_acf_changed":false},"product_brand":[],"product_cat":[876,116],"product_tag":[2818],"class_list":{"0":"post-3369349","1":"product","2":"type-product","3":"status-publish","4":"has-post-thumbnail","6":"product_cat-korvarongad","7":"product_cat-ehted","8":"product_tag-naised","9":"pa_brand-by-mer","12":"first","13":"instock","14":"taxable","15":"shipping-taxable","16":"purchasable","17":"product-type-simple"},"acf":[],"yoast_head":"<!-- This site is optimized with the Yoast SEO plugin v26.0 - https:\/\/yoast.com\/wordpress\/plugins\/seo\/ -->\n<title>By Mer Earrings Vortex Coffee - Tallinn Design House<\/title>\n<meta name=\"description\" content=\"By Mer k\u00f5rvar\u00f5ngad Vortex Coffee. Valmistatud 925 taaskasutatud h\u00f5bedast. K\u00f5rvar\u00f5ngad on kaunistatud k\u00e4sitsi valitud rabakiviga Saaremaa saarelt.\" \/>\n<meta name=\"robots\" content=\"index, follow, max-snippet:-1, max-image-preview:large, max-video-preview:-1\" \/>\n<link rel=\"canonical\" href=\"https:\/\/tallinndesignhouse.com\/toode\/korvarongad-vortex-coffee\/\" \/>\n<meta property=\"og:locale\" content=\"en_US\" \/>\n<meta property=\"og:type\" content=\"article\" \/>\n<meta property=\"og:title\" content=\"By Mer Earrings Vortex Coffee - Tallinn Design House\" \/>\n<meta property=\"og:description\" content=\"By Mer k\u00f5rvar\u00f5ngad Vortex Coffee. Valmistatud 925 taaskasutatud h\u00f5bedast. K\u00f5rvar\u00f5ngad on kaunistatud k\u00e4sitsi valitud rabakiviga Saaremaa saarelt.\" \/>\n<meta property=\"og:url\" content=\"https:\/\/tallinndesignhouse.com\/toode\/korvarongad-vortex-coffee\/\" \/>\n<meta property=\"og:site_name\" content=\"Tallinn Design House\" \/>\n<meta property=\"article:modified_time\" content=\"2026-04-28T21:59:55+00:00\" \/>\n<meta property=\"og:image\" content=\"https:\/\/tallinndesignhouse.com\/wp-content\/uploads\/2025\/02\/By-Mer-korvarongad-Vortex-coffee_2.jpg\" \/>\n\t<meta property=\"og:image:width\" content=\"1080\" \/>\n\t<meta property=\"og:image:height\" content=\"1350\" \/>\n\t<meta property=\"og:image:type\" content=\"image\/jpeg\" \/>\n<meta name=\"twitter:card\" content=\"summary_large_image\" \/>\n<meta name=\"twitter:label1\" content=\"Est. reading time\" \/>\n\t<meta name=\"twitter:data1\" content=\"1 minute\" \/>\n<script type=\"application\/ld+json\" class=\"yoast-schema-graph\">{\"@context\":\"https:\/\/schema.org\",\"@graph\":[{\"@type\":\"WebPage\",\"@id\":\"https:\/\/tallinndesignhouse.com\/toode\/korvarongad-vortex-coffee\/\",\"url\":\"https:\/\/tallinndesignhouse.com\/toode\/korvarongad-vortex-coffee\/\",\"name\":\"By Mer Earrings Vortex Coffee - Tallinn Design House\",\"isPartOf\":{\"@id\":\"https:\/\/tallinndesignhouse.com\/#website\"},\"primaryImageOfPage\":{\"@id\":\"https:\/\/tallinndesignhouse.com\/toode\/korvarongad-vortex-coffee\/#primaryimage\"},\"image\":{\"@id\":\"https:\/\/tallinndesignhouse.com\/toode\/korvarongad-vortex-coffee\/#primaryimage\"},\"thumbnailUrl\":\"https:\/\/tallinndesignhouse.com\/wp-content\/uploads\/2025\/02\/By-Mer-korvarongad-Vortex-coffee_2.jpg\",\"datePublished\":\"2025-02-12T12:50:04+00:00\",\"dateModified\":\"2026-04-28T21:59:55+00:00\",\"description\":\"By Mer k\u00f5rvar\u00f5ngad Vortex Coffee. Valmistatud 925 taaskasutatud h\u00f5bedast. K\u00f5rvar\u00f5ngad on kaunistatud k\u00e4sitsi valitud rabakiviga Saaremaa saarelt.\",\"breadcrumb\":{\"@id\":\"https:\/\/tallinndesignhouse.com\/toode\/korvarongad-vortex-coffee\/#breadcrumb\"},\"inLanguage\":\"en-US\",\"potentialAction\":[{\"@type\":\"ReadAction\",\"target\":[\"https:\/\/tallinndesignhouse.com\/toode\/korvarongad-vortex-coffee\/\"]}]},{\"@type\":\"ImageObject\",\"inLanguage\":\"en-US\",\"@id\":\"https:\/\/tallinndesignhouse.com\/toode\/korvarongad-vortex-coffee\/#primaryimage\",\"url\":\"https:\/\/tallinndesignhouse.com\/wp-content\/uploads\/2025\/02\/By-Mer-korvarongad-Vortex-coffee_2.jpg\",\"contentUrl\":\"https:\/\/tallinndesignhouse.com\/wp-content\/uploads\/2025\/02\/By-Mer-korvarongad-Vortex-coffee_2.jpg\",\"width\":1080,\"height\":1350,\"caption\":\"By Mer ko\u0303rvaro\u0303ngad Vortex coffee_2\"},{\"@type\":\"BreadcrumbList\",\"@id\":\"https:\/\/tallinndesignhouse.com\/toode\/korvarongad-vortex-coffee\/#breadcrumb\",\"itemListElement\":[{\"@type\":\"ListItem\",\"position\":1,\"name\":\"Home\",\"item\":\"https:\/\/tallinndesignhouse.com\/en\/\"},{\"@type\":\"ListItem\",\"position\":2,\"name\":\"Shop\",\"item\":\"https:\/\/tallinndesignhouse.com\/en\/shop\/\"},{\"@type\":\"ListItem\",\"position\":3,\"name\":\"Earrings Vortex Coffee\"}]},{\"@type\":\"WebSite\",\"@id\":\"https:\/\/tallinndesignhouse.com\/#website\",\"url\":\"https:\/\/tallinndesignhouse.com\/\",\"name\":\"Tallinn Design House\",\"description\":\"Eesti disain Rotermanni kvartalis\",\"potentialAction\":[{\"@type\":\"SearchAction\",\"target\":{\"@type\":\"EntryPoint\",\"urlTemplate\":\"https:\/\/tallinndesignhouse.com\/?s={search_term_string}\"},\"query-input\":{\"@type\":\"PropertyValueSpecification\",\"valueRequired\":true,\"valueName\":\"search_term_string\"}}],\"inLanguage\":\"en-US\"}]}<\/script>\n<!-- \/ Yoast SEO plugin. -->","yoast_head_json":{"title":"By Mer Earrings Vortex Coffee - Tallinn Design House","description":"By Mer k\u00f5rvar\u00f5ngad Vortex Coffee. Valmistatud 925 taaskasutatud h\u00f5bedast. K\u00f5rvar\u00f5ngad on kaunistatud k\u00e4sitsi valitud rabakiviga Saaremaa saarelt.","robots":{"index":"index","follow":"follow","max-snippet":"max-snippet:-1","max-image-preview":"max-image-preview:large","max-video-preview":"max-video-preview:-1"},"canonical":"https:\/\/tallinndesignhouse.com\/toode\/korvarongad-vortex-coffee\/","og_locale":"en_US","og_type":"article","og_title":"By Mer Earrings Vortex Coffee - Tallinn Design House","og_description":"By Mer k\u00f5rvar\u00f5ngad Vortex Coffee. Valmistatud 925 taaskasutatud h\u00f5bedast. K\u00f5rvar\u00f5ngad on kaunistatud k\u00e4sitsi valitud rabakiviga Saaremaa saarelt.","og_url":"https:\/\/tallinndesignhouse.com\/toode\/korvarongad-vortex-coffee\/","og_site_name":"Tallinn Design House","article_modified_time":"2026-04-28T21:59:55+00:00","og_image":[{"width":1080,"height":1350,"url":"https:\/\/tallinndesignhouse.com\/wp-content\/uploads\/2025\/02\/By-Mer-korvarongad-Vortex-coffee_2.jpg","type":"image\/jpeg"}],"twitter_card":"summary_large_image","twitter_misc":{"Est. reading time":"1 minute"},"schema":{"@context":"https:\/\/schema.org","@graph":[{"@type":"WebPage","@id":"https:\/\/tallinndesignhouse.com\/toode\/korvarongad-vortex-coffee\/","url":"https:\/\/tallinndesignhouse.com\/toode\/korvarongad-vortex-coffee\/","name":"By Mer Earrings Vortex Coffee - Tallinn Design House","isPartOf":{"@id":"https:\/\/tallinndesignhouse.com\/#website"},"primaryImageOfPage":{"@id":"https:\/\/tallinndesignhouse.com\/toode\/korvarongad-vortex-coffee\/#primaryimage"},"image":{"@id":"https:\/\/tallinndesignhouse.com\/toode\/korvarongad-vortex-coffee\/#primaryimage"},"thumbnailUrl":"https:\/\/tallinndesignhouse.com\/wp-content\/uploads\/2025\/02\/By-Mer-korvarongad-Vortex-coffee_2.jpg","datePublished":"2025-02-12T12:50:04+00:00","dateModified":"2026-04-28T21:59:55+00:00","description":"By Mer k\u00f5rvar\u00f5ngad Vortex Coffee. Valmistatud 925 taaskasutatud h\u00f5bedast. K\u00f5rvar\u00f5ngad on kaunistatud k\u00e4sitsi valitud rabakiviga Saaremaa saarelt.","breadcrumb":{"@id":"https:\/\/tallinndesignhouse.com\/toode\/korvarongad-vortex-coffee\/#breadcrumb"},"inLanguage":"en-US","potentialAction":[{"@type":"ReadAction","target":["https:\/\/tallinndesignhouse.com\/toode\/korvarongad-vortex-coffee\/"]}]},{"@type":"ImageObject","inLanguage":"en-US","@id":"https:\/\/tallinndesignhouse.com\/toode\/korvarongad-vortex-coffee\/#primaryimage","url":"https:\/\/tallinndesignhouse.com\/wp-content\/uploads\/2025\/02\/By-Mer-korvarongad-Vortex-coffee_2.jpg","contentUrl":"https:\/\/tallinndesignhouse.com\/wp-content\/uploads\/2025\/02\/By-Mer-korvarongad-Vortex-coffee_2.jpg","width":1080,"height":1350,"caption":"By Mer ko\u0303rvaro\u0303ngad Vortex coffee_2"},{"@type":"BreadcrumbList","@id":"https:\/\/tallinndesignhouse.com\/toode\/korvarongad-vortex-coffee\/#breadcrumb","itemListElement":[{"@type":"ListItem","position":1,"name":"Home","item":"https:\/\/tallinndesignhouse.com\/en\/"},{"@type":"ListItem","position":2,"name":"Shop","item":"https:\/\/tallinndesignhouse.com\/en\/shop\/"},{"@type":"ListItem","position":3,"name":"Earrings Vortex Coffee"}]},{"@type":"WebSite","@id":"https:\/\/tallinndesignhouse.com\/#website","url":"https:\/\/tallinndesignhouse.com\/","name":"Tallinn Design House","description":"Eesti disain Rotermanni kvartalis","potentialAction":[{"@type":"SearchAction","target":{"@type":"EntryPoint","urlTemplate":"https:\/\/tallinndesignhouse.com\/?s={search_term_string}"},"query-input":{"@type":"PropertyValueSpecification","valueRequired":true,"valueName":"search_term_string"}}],"inLanguage":"en-US"}]}},"_links":{"self":[{"href":"https:\/\/tallinndesignhouse.com\/en\/wp-json\/wp\/v2\/product\/3369349","targetHints":{"allow":["GET"]}}],"collection":[{"href":"https:\/\/tallinndesignhouse.com\/en\/wp-json\/wp\/v2\/product"}],"about":[{"href":"https:\/\/tallinndesignhouse.com\/en\/wp-json\/wp\/v2\/types\/product"}],"wp:featuredmedia":[{"embeddable":true,"href":"https:\/\/tallinndesignhouse.com\/en\/wp-json\/wp\/v2\/media\/3369353"}],"wp:attachment":[{"href":"https:\/\/tallinndesignhouse.com\/en\/wp-json\/wp\/v2\/media?parent=3369349"}],"wp:term":[{"taxonomy":"product_brand","embeddable":true,"href":"https:\/\/tallinndesignhouse.com\/en\/wp-json\/wp\/v2\/product_brand?post=3369349"},{"taxonomy":"product_cat","embeddable":true,"href":"https:\/\/tallinndesignhouse.com\/en\/wp-json\/wp\/v2\/product_cat?post=3369349"},{"taxonomy":"product_tag","embeddable":true,"href":"https:\/\/tallinndesignhouse.com\/en\/wp-json\/wp\/v2\/product_tag?post=3369349"}],"curies":[{"name":"wp","href":"https:\/\/api.w.org\/{rel}","templated":true}]}}