{"id":3370072,"date":"2025-02-27T13:50:04","date_gmt":"2025-02-27T11:50:04","guid":{"rendered":"https:\/\/tallinndesignhouse.com\/toode\/malle-leis-horisondid-xv-2000-kasitoovaip-140-x-200-cm\/"},"modified":"2026-04-13T01:00:04","modified_gmt":"2026-04-12T22:00:04","slug":"malle-leis-horisondid-xv-2000-kasitoovaip-140-x-200-cm","status":"publish","type":"product","link":"https:\/\/tallinndesignhouse.com\/en\/toode\/malle-leis-horisondid-xv-2000-kasitoovaip-140-x-200-cm\/","title":{"rendered":"Malle Leis HORIZONS XV (2000) Rug 140 x 200 cm"},"content":{"rendered":"<p>M. LEIS HORIZONS XV (2000) rug by Miurio is based on artwork by a famous Estonian oil painter and graphic artist Malle Leis (1940-2017). Original serigraphy: Horizons XV (2000) \u2013 one unique copy. Size of paper: 74\u00d7104 cm. One of the central elements of Leis\u2019s work, both in painting and graphics, has been a continued interest in plant motifs and nature. At first glance, the flora depicted by Leis may seem simple and decorative, but deep philosophical reflections can also be perceived under the depiction of the rich beauty of nature, in which a leaf that sprouts in the spring becomes fruit in the autumn and birth turns into death. In these works, one can seek a depiction of the cycle of life and the mysteries that accompany it. This is a hand-tufted rug. Tufted using the finest New Zealand Merino Wool and Viscose. Handmade in India. Production time 8-10 weeks after final order confirmation. Available for delivery within 3-5 days. Material: New Zeland merino wool (70%), viscose (30%). Diameter 250 cm. Measures: 140 x 200 cm.<\/p>\n","protected":false},"excerpt":{"rendered":"<p>M. LEIS HORIZONS XV (2000) rug by Miurio is based on artwork by a famous Estonian oil painter and graphic artist Malle Leis (1940-2017). Original serigraphy: Horizons XV (2000) \u2013 one unique copy. Size of paper: 74\u00d7104 cm. One of the central elements of Leis\u2019s work, both in painting and graphics, has been a continued [&hellip;]<\/p>\n","protected":false},"featured_media":3370042,"template":"","meta":{"_acf_changed":false},"product_brand":[],"product_cat":[2002,2552],"product_tag":[2003],"class_list":{"0":"post-3370072","1":"product","2":"type-product","3":"status-publish","4":"has-post-thumbnail","6":"product_cat-furnishings","7":"product_cat-home","8":"product_tag-home","9":"pa_brand-miurio-en","12":"first","13":"instock","14":"taxable","15":"shipping-taxable","16":"purchasable","17":"product-type-simple"},"acf":[],"yoast_head":"<!-- This site is optimized with the Yoast SEO plugin v26.0 - https:\/\/yoast.com\/wordpress\/plugins\/seo\/ -->\n<title>Miurio Malle Leis HORIZONS XV (2000) Rug 140 x 200 cm - Tallinn Design House<\/title>\n<meta name=\"description\" content=\"Miurio Malle Leis HORISONDID XV (2000) k\u00e4sit\u00f6\u00f6vaip 140 x 200 cm. Materjal: 70% Uus-Meremaa meriinovill, 30% viskoos. M\u00f5\u00f5dud: 140 x 200 cm.\" \/>\n<meta name=\"robots\" content=\"index, follow, max-snippet:-1, max-image-preview:large, max-video-preview:-1\" \/>\n<link rel=\"canonical\" href=\"https:\/\/tallinndesignhouse.com\/toode\/malle-leis-horisondid-xv-2000-kasitoovaip-140-x-200-cm\/\" \/>\n<meta property=\"og:locale\" content=\"en_US\" \/>\n<meta property=\"og:type\" content=\"article\" \/>\n<meta property=\"og:title\" content=\"Miurio Malle Leis HORIZONS XV (2000) Rug 140 x 200 cm - Tallinn Design House\" \/>\n<meta property=\"og:description\" content=\"Miurio Malle Leis HORISONDID XV (2000) k\u00e4sit\u00f6\u00f6vaip 140 x 200 cm. Materjal: 70% Uus-Meremaa meriinovill, 30% viskoos. M\u00f5\u00f5dud: 140 x 200 cm.\" \/>\n<meta property=\"og:url\" content=\"https:\/\/tallinndesignhouse.com\/toode\/malle-leis-horisondid-xv-2000-kasitoovaip-140-x-200-cm\/\" \/>\n<meta property=\"og:site_name\" content=\"Tallinn Design House\" \/>\n<meta property=\"article:modified_time\" content=\"2026-04-12T22:00:04+00:00\" \/>\n<meta property=\"og:image\" content=\"https:\/\/tallinndesignhouse.com\/wp-content\/uploads\/2025\/02\/Miurio-ja-Malle-Leis-kasitoovaip-HORISONDID-XV_6.jpg\" \/>\n\t<meta property=\"og:image:width\" content=\"1080\" \/>\n\t<meta property=\"og:image:height\" content=\"1350\" \/>\n\t<meta property=\"og:image:type\" content=\"image\/jpeg\" \/>\n<meta name=\"twitter:card\" content=\"summary_large_image\" \/>\n<meta name=\"twitter:label1\" content=\"Est. reading time\" \/>\n\t<meta name=\"twitter:data1\" content=\"1 minute\" \/>\n<script type=\"application\/ld+json\" class=\"yoast-schema-graph\">{\"@context\":\"https:\/\/schema.org\",\"@graph\":[{\"@type\":\"WebPage\",\"@id\":\"https:\/\/tallinndesignhouse.com\/toode\/malle-leis-horisondid-xv-2000-kasitoovaip-140-x-200-cm\/\",\"url\":\"https:\/\/tallinndesignhouse.com\/toode\/malle-leis-horisondid-xv-2000-kasitoovaip-140-x-200-cm\/\",\"name\":\"Miurio Malle Leis HORIZONS XV (2000) Rug 140 x 200 cm - Tallinn Design House\",\"isPartOf\":{\"@id\":\"https:\/\/tallinndesignhouse.com\/#website\"},\"primaryImageOfPage\":{\"@id\":\"https:\/\/tallinndesignhouse.com\/toode\/malle-leis-horisondid-xv-2000-kasitoovaip-140-x-200-cm\/#primaryimage\"},\"image\":{\"@id\":\"https:\/\/tallinndesignhouse.com\/toode\/malle-leis-horisondid-xv-2000-kasitoovaip-140-x-200-cm\/#primaryimage\"},\"thumbnailUrl\":\"https:\/\/tallinndesignhouse.com\/wp-content\/uploads\/2025\/02\/Miurio-ja-Malle-Leis-kasitoovaip-HORISONDID-XV_6.jpg\",\"datePublished\":\"2025-02-27T11:50:04+00:00\",\"dateModified\":\"2026-04-12T22:00:04+00:00\",\"description\":\"Miurio Malle Leis HORISONDID XV (2000) k\u00e4sit\u00f6\u00f6vaip 140 x 200 cm. Materjal: 70% Uus-Meremaa meriinovill, 30% viskoos. M\u00f5\u00f5dud: 140 x 200 cm.\",\"breadcrumb\":{\"@id\":\"https:\/\/tallinndesignhouse.com\/toode\/malle-leis-horisondid-xv-2000-kasitoovaip-140-x-200-cm\/#breadcrumb\"},\"inLanguage\":\"en-US\",\"potentialAction\":[{\"@type\":\"ReadAction\",\"target\":[\"https:\/\/tallinndesignhouse.com\/toode\/malle-leis-horisondid-xv-2000-kasitoovaip-140-x-200-cm\/\"]}]},{\"@type\":\"ImageObject\",\"inLanguage\":\"en-US\",\"@id\":\"https:\/\/tallinndesignhouse.com\/toode\/malle-leis-horisondid-xv-2000-kasitoovaip-140-x-200-cm\/#primaryimage\",\"url\":\"https:\/\/tallinndesignhouse.com\/wp-content\/uploads\/2025\/02\/Miurio-ja-Malle-Leis-kasitoovaip-HORISONDID-XV_6.jpg\",\"contentUrl\":\"https:\/\/tallinndesignhouse.com\/wp-content\/uploads\/2025\/02\/Miurio-ja-Malle-Leis-kasitoovaip-HORISONDID-XV_6.jpg\",\"width\":1080,\"height\":1350,\"caption\":\"Miurio ja Malle Leis ka\u0308sito\u0308o\u0308vaip HORISONDID XV_6\"},{\"@type\":\"BreadcrumbList\",\"@id\":\"https:\/\/tallinndesignhouse.com\/toode\/malle-leis-horisondid-xv-2000-kasitoovaip-140-x-200-cm\/#breadcrumb\",\"itemListElement\":[{\"@type\":\"ListItem\",\"position\":1,\"name\":\"Home\",\"item\":\"https:\/\/tallinndesignhouse.com\/en\/\"},{\"@type\":\"ListItem\",\"position\":2,\"name\":\"Shop\",\"item\":\"https:\/\/tallinndesignhouse.com\/en\/shop\/\"},{\"@type\":\"ListItem\",\"position\":3,\"name\":\"Malle Leis HORIZONS XV (2000) Rug 140 x 200 cm\"}]},{\"@type\":\"WebSite\",\"@id\":\"https:\/\/tallinndesignhouse.com\/#website\",\"url\":\"https:\/\/tallinndesignhouse.com\/\",\"name\":\"Tallinn Design House\",\"description\":\"Eesti disain Rotermanni kvartalis\",\"potentialAction\":[{\"@type\":\"SearchAction\",\"target\":{\"@type\":\"EntryPoint\",\"urlTemplate\":\"https:\/\/tallinndesignhouse.com\/?s={search_term_string}\"},\"query-input\":{\"@type\":\"PropertyValueSpecification\",\"valueRequired\":true,\"valueName\":\"search_term_string\"}}],\"inLanguage\":\"en-US\"}]}<\/script>\n<!-- \/ Yoast SEO plugin. -->","yoast_head_json":{"title":"Miurio Malle Leis HORIZONS XV (2000) Rug 140 x 200 cm - Tallinn Design House","description":"Miurio Malle Leis HORISONDID XV (2000) k\u00e4sit\u00f6\u00f6vaip 140 x 200 cm. Materjal: 70% Uus-Meremaa meriinovill, 30% viskoos. M\u00f5\u00f5dud: 140 x 200 cm.","robots":{"index":"index","follow":"follow","max-snippet":"max-snippet:-1","max-image-preview":"max-image-preview:large","max-video-preview":"max-video-preview:-1"},"canonical":"https:\/\/tallinndesignhouse.com\/toode\/malle-leis-horisondid-xv-2000-kasitoovaip-140-x-200-cm\/","og_locale":"en_US","og_type":"article","og_title":"Miurio Malle Leis HORIZONS XV (2000) Rug 140 x 200 cm - Tallinn Design House","og_description":"Miurio Malle Leis HORISONDID XV (2000) k\u00e4sit\u00f6\u00f6vaip 140 x 200 cm. Materjal: 70% Uus-Meremaa meriinovill, 30% viskoos. M\u00f5\u00f5dud: 140 x 200 cm.","og_url":"https:\/\/tallinndesignhouse.com\/toode\/malle-leis-horisondid-xv-2000-kasitoovaip-140-x-200-cm\/","og_site_name":"Tallinn Design House","article_modified_time":"2026-04-12T22:00:04+00:00","og_image":[{"width":1080,"height":1350,"url":"https:\/\/tallinndesignhouse.com\/wp-content\/uploads\/2025\/02\/Miurio-ja-Malle-Leis-kasitoovaip-HORISONDID-XV_6.jpg","type":"image\/jpeg"}],"twitter_card":"summary_large_image","twitter_misc":{"Est. reading time":"1 minute"},"schema":{"@context":"https:\/\/schema.org","@graph":[{"@type":"WebPage","@id":"https:\/\/tallinndesignhouse.com\/toode\/malle-leis-horisondid-xv-2000-kasitoovaip-140-x-200-cm\/","url":"https:\/\/tallinndesignhouse.com\/toode\/malle-leis-horisondid-xv-2000-kasitoovaip-140-x-200-cm\/","name":"Miurio Malle Leis HORIZONS XV (2000) Rug 140 x 200 cm - Tallinn Design House","isPartOf":{"@id":"https:\/\/tallinndesignhouse.com\/#website"},"primaryImageOfPage":{"@id":"https:\/\/tallinndesignhouse.com\/toode\/malle-leis-horisondid-xv-2000-kasitoovaip-140-x-200-cm\/#primaryimage"},"image":{"@id":"https:\/\/tallinndesignhouse.com\/toode\/malle-leis-horisondid-xv-2000-kasitoovaip-140-x-200-cm\/#primaryimage"},"thumbnailUrl":"https:\/\/tallinndesignhouse.com\/wp-content\/uploads\/2025\/02\/Miurio-ja-Malle-Leis-kasitoovaip-HORISONDID-XV_6.jpg","datePublished":"2025-02-27T11:50:04+00:00","dateModified":"2026-04-12T22:00:04+00:00","description":"Miurio Malle Leis HORISONDID XV (2000) k\u00e4sit\u00f6\u00f6vaip 140 x 200 cm. Materjal: 70% Uus-Meremaa meriinovill, 30% viskoos. M\u00f5\u00f5dud: 140 x 200 cm.","breadcrumb":{"@id":"https:\/\/tallinndesignhouse.com\/toode\/malle-leis-horisondid-xv-2000-kasitoovaip-140-x-200-cm\/#breadcrumb"},"inLanguage":"en-US","potentialAction":[{"@type":"ReadAction","target":["https:\/\/tallinndesignhouse.com\/toode\/malle-leis-horisondid-xv-2000-kasitoovaip-140-x-200-cm\/"]}]},{"@type":"ImageObject","inLanguage":"en-US","@id":"https:\/\/tallinndesignhouse.com\/toode\/malle-leis-horisondid-xv-2000-kasitoovaip-140-x-200-cm\/#primaryimage","url":"https:\/\/tallinndesignhouse.com\/wp-content\/uploads\/2025\/02\/Miurio-ja-Malle-Leis-kasitoovaip-HORISONDID-XV_6.jpg","contentUrl":"https:\/\/tallinndesignhouse.com\/wp-content\/uploads\/2025\/02\/Miurio-ja-Malle-Leis-kasitoovaip-HORISONDID-XV_6.jpg","width":1080,"height":1350,"caption":"Miurio ja Malle Leis ka\u0308sito\u0308o\u0308vaip HORISONDID XV_6"},{"@type":"BreadcrumbList","@id":"https:\/\/tallinndesignhouse.com\/toode\/malle-leis-horisondid-xv-2000-kasitoovaip-140-x-200-cm\/#breadcrumb","itemListElement":[{"@type":"ListItem","position":1,"name":"Home","item":"https:\/\/tallinndesignhouse.com\/en\/"},{"@type":"ListItem","position":2,"name":"Shop","item":"https:\/\/tallinndesignhouse.com\/en\/shop\/"},{"@type":"ListItem","position":3,"name":"Malle Leis HORIZONS XV (2000) Rug 140 x 200 cm"}]},{"@type":"WebSite","@id":"https:\/\/tallinndesignhouse.com\/#website","url":"https:\/\/tallinndesignhouse.com\/","name":"Tallinn Design House","description":"Eesti disain Rotermanni kvartalis","potentialAction":[{"@type":"SearchAction","target":{"@type":"EntryPoint","urlTemplate":"https:\/\/tallinndesignhouse.com\/?s={search_term_string}"},"query-input":{"@type":"PropertyValueSpecification","valueRequired":true,"valueName":"search_term_string"}}],"inLanguage":"en-US"}]}},"_links":{"self":[{"href":"https:\/\/tallinndesignhouse.com\/en\/wp-json\/wp\/v2\/product\/3370072","targetHints":{"allow":["GET"]}}],"collection":[{"href":"https:\/\/tallinndesignhouse.com\/en\/wp-json\/wp\/v2\/product"}],"about":[{"href":"https:\/\/tallinndesignhouse.com\/en\/wp-json\/wp\/v2\/types\/product"}],"wp:featuredmedia":[{"embeddable":true,"href":"https:\/\/tallinndesignhouse.com\/en\/wp-json\/wp\/v2\/media\/3370042"}],"wp:attachment":[{"href":"https:\/\/tallinndesignhouse.com\/en\/wp-json\/wp\/v2\/media?parent=3370072"}],"wp:term":[{"taxonomy":"product_brand","embeddable":true,"href":"https:\/\/tallinndesignhouse.com\/en\/wp-json\/wp\/v2\/product_brand?post=3370072"},{"taxonomy":"product_cat","embeddable":true,"href":"https:\/\/tallinndesignhouse.com\/en\/wp-json\/wp\/v2\/product_cat?post=3370072"},{"taxonomy":"product_tag","embeddable":true,"href":"https:\/\/tallinndesignhouse.com\/en\/wp-json\/wp\/v2\/product_tag?post=3370072"}],"curies":[{"name":"wp","href":"https:\/\/api.w.org\/{rel}","templated":true}]}}