{"id":3370129,"date":"2025-02-27T15:35:08","date_gmt":"2025-02-27T13:35:08","guid":{"rendered":"https:\/\/tallinndesignhouse.com\/toode\/meeste-hommikumantel-tumepruun\/"},"modified":"2026-04-13T00:59:14","modified_gmt":"2026-04-12T21:59:14","slug":"meeste-hommikumantel-tumepruun","status":"publish","type":"product","link":"https:\/\/tallinndesignhouse.com\/en\/toode\/meeste-hommikumantel-tumepruun\/","title":{"rendered":"Bathrobe for Men Dark Brown"},"content":{"rendered":"<p>An exclusive dark brown men\u00b4s bathrobe made from luxurious Milano Velour velvet fabric. Designed for ultimate comfort, it features two convenient side pockets, a belt, and a hanging loop. A minimalist Marat logo is embroidered on the chest. Start your mornings in style and comfort. Milano Velour is a premium velvet fabric with a fine vertical stripe pattern, known for its dense weave and exceptionally smooth surface. Its luxurious texture combines softness with a velvety feel, offering four-way stretch for a perfect fit and maximum comfort. Material: 60% cotton, 40% polyester. CARE INSTRUCTIONS: This fabric is easy to maintain \u2013 machine washable on a gentle cycle with cold water. Ironing is neither necessary nor recommended, as heat may damage the unique velvet texture. To ensure longevity and a polished look, air drying is recommended after washing.<\/p>\n","protected":false},"excerpt":{"rendered":"<p>An exclusive dark brown men\u00b4s bathrobe made from luxurious Milano Velour velvet fabric. Designed for ultimate comfort, it features two convenient side pockets, a belt, and a hanging loop. A minimalist Marat logo is embroidered on the chest. Start your mornings in style and comfort. Milano Velour is a premium velvet fabric with a fine [&hellip;]<\/p>\n","protected":false},"featured_media":3370294,"template":"","meta":{"_acf_changed":false},"product_brand":[],"product_cat":[1979,2837,3718],"product_tag":[2821],"class_list":{"0":"post-3370129","1":"product","2":"type-product","3":"status-publish","4":"has-post-thumbnail","6":"product_cat-boudoir","7":"product_cat-clothes","8":"product_cat-winter-style","9":"product_tag-men","10":"pa_brand-marat-en","12":"pa_kingiidee-yes-en","14":"pa_suurus-l-en","16":"pa_suurus-m-en","18":"pa_suurus-s-en","20":"pa_suurus-xl-en","22":"pa_suurus-xxl-en","24":"pa_suurus-xxxl-en","27":"first","28":"instock","29":"taxable","30":"shipping-taxable","31":"purchasable","32":"product-type-variable"},"acf":[],"yoast_head":"<!-- This site is optimized with the Yoast SEO plugin v26.0 - https:\/\/yoast.com\/wordpress\/plugins\/seo\/ -->\n<title>Marat Bathrobe for Men Dark Brown - Tallinn Design House<\/title>\n<meta name=\"description\" content=\"Marat meeste hommikumantel tumepruun. Hommikumantlil on kaks mugavat k\u00fcljetaskut, v\u00f6\u00f6 ja riputusaas. Materjal: 60% puuvill, 40% pol\u00fcester.\" \/>\n<meta name=\"robots\" content=\"index, follow, max-snippet:-1, max-image-preview:large, max-video-preview:-1\" \/>\n<link rel=\"canonical\" href=\"https:\/\/tallinndesignhouse.com\/toode\/meeste-hommikumantel-tumepruun\/\" \/>\n<meta property=\"og:locale\" content=\"en_US\" \/>\n<meta property=\"og:type\" content=\"article\" \/>\n<meta property=\"og:title\" content=\"Marat Bathrobe for Men Dark Brown - Tallinn Design House\" \/>\n<meta property=\"og:description\" content=\"Marat meeste hommikumantel tumepruun. Hommikumantlil on kaks mugavat k\u00fcljetaskut, v\u00f6\u00f6 ja riputusaas. Materjal: 60% puuvill, 40% pol\u00fcester.\" \/>\n<meta property=\"og:url\" content=\"https:\/\/tallinndesignhouse.com\/toode\/meeste-hommikumantel-tumepruun\/\" \/>\n<meta property=\"og:site_name\" content=\"Tallinn Design House\" \/>\n<meta property=\"article:modified_time\" content=\"2026-04-12T21:59:14+00:00\" \/>\n<meta property=\"og:image\" content=\"https:\/\/tallinndesignhouse.com\/wp-content\/uploads\/2025\/02\/Marat-Meeste-hommikumantel-tumepruun_.jpg\" \/>\n\t<meta property=\"og:image:width\" content=\"1080\" \/>\n\t<meta property=\"og:image:height\" content=\"1350\" \/>\n\t<meta property=\"og:image:type\" content=\"image\/jpeg\" \/>\n<meta name=\"twitter:card\" content=\"summary_large_image\" \/>\n<meta name=\"twitter:label1\" content=\"Est. reading time\" \/>\n\t<meta name=\"twitter:data1\" content=\"1 minute\" \/>\n<script type=\"application\/ld+json\" class=\"yoast-schema-graph\">{\"@context\":\"https:\/\/schema.org\",\"@graph\":[{\"@type\":\"WebPage\",\"@id\":\"https:\/\/tallinndesignhouse.com\/toode\/meeste-hommikumantel-tumepruun\/\",\"url\":\"https:\/\/tallinndesignhouse.com\/toode\/meeste-hommikumantel-tumepruun\/\",\"name\":\"Marat Bathrobe for Men Dark Brown - Tallinn Design House\",\"isPartOf\":{\"@id\":\"https:\/\/tallinndesignhouse.com\/#website\"},\"primaryImageOfPage\":{\"@id\":\"https:\/\/tallinndesignhouse.com\/toode\/meeste-hommikumantel-tumepruun\/#primaryimage\"},\"image\":{\"@id\":\"https:\/\/tallinndesignhouse.com\/toode\/meeste-hommikumantel-tumepruun\/#primaryimage\"},\"thumbnailUrl\":\"https:\/\/tallinndesignhouse.com\/wp-content\/uploads\/2025\/02\/Marat-Meeste-hommikumantel-tumepruun_.jpg\",\"datePublished\":\"2025-02-27T13:35:08+00:00\",\"dateModified\":\"2026-04-12T21:59:14+00:00\",\"description\":\"Marat meeste hommikumantel tumepruun. Hommikumantlil on kaks mugavat k\u00fcljetaskut, v\u00f6\u00f6 ja riputusaas. Materjal: 60% puuvill, 40% pol\u00fcester.\",\"breadcrumb\":{\"@id\":\"https:\/\/tallinndesignhouse.com\/toode\/meeste-hommikumantel-tumepruun\/#breadcrumb\"},\"inLanguage\":\"en-US\",\"potentialAction\":[{\"@type\":\"ReadAction\",\"target\":[\"https:\/\/tallinndesignhouse.com\/toode\/meeste-hommikumantel-tumepruun\/\"]}]},{\"@type\":\"ImageObject\",\"inLanguage\":\"en-US\",\"@id\":\"https:\/\/tallinndesignhouse.com\/toode\/meeste-hommikumantel-tumepruun\/#primaryimage\",\"url\":\"https:\/\/tallinndesignhouse.com\/wp-content\/uploads\/2025\/02\/Marat-Meeste-hommikumantel-tumepruun_.jpg\",\"contentUrl\":\"https:\/\/tallinndesignhouse.com\/wp-content\/uploads\/2025\/02\/Marat-Meeste-hommikumantel-tumepruun_.jpg\",\"width\":1080,\"height\":1350,\"caption\":\"Marat Meeste hommikumantel tumepruun_\"},{\"@type\":\"BreadcrumbList\",\"@id\":\"https:\/\/tallinndesignhouse.com\/toode\/meeste-hommikumantel-tumepruun\/#breadcrumb\",\"itemListElement\":[{\"@type\":\"ListItem\",\"position\":1,\"name\":\"Home\",\"item\":\"https:\/\/tallinndesignhouse.com\/en\/\"},{\"@type\":\"ListItem\",\"position\":2,\"name\":\"Shop\",\"item\":\"https:\/\/tallinndesignhouse.com\/en\/shop\/\"},{\"@type\":\"ListItem\",\"position\":3,\"name\":\"Bathrobe for Men Dark Brown\"}]},{\"@type\":\"WebSite\",\"@id\":\"https:\/\/tallinndesignhouse.com\/#website\",\"url\":\"https:\/\/tallinndesignhouse.com\/\",\"name\":\"Tallinn Design House\",\"description\":\"Eesti disain Rotermanni kvartalis\",\"potentialAction\":[{\"@type\":\"SearchAction\",\"target\":{\"@type\":\"EntryPoint\",\"urlTemplate\":\"https:\/\/tallinndesignhouse.com\/?s={search_term_string}\"},\"query-input\":{\"@type\":\"PropertyValueSpecification\",\"valueRequired\":true,\"valueName\":\"search_term_string\"}}],\"inLanguage\":\"en-US\"}]}<\/script>\n<!-- \/ Yoast SEO plugin. -->","yoast_head_json":{"title":"Marat Bathrobe for Men Dark Brown - Tallinn Design House","description":"Marat meeste hommikumantel tumepruun. Hommikumantlil on kaks mugavat k\u00fcljetaskut, v\u00f6\u00f6 ja riputusaas. Materjal: 60% puuvill, 40% pol\u00fcester.","robots":{"index":"index","follow":"follow","max-snippet":"max-snippet:-1","max-image-preview":"max-image-preview:large","max-video-preview":"max-video-preview:-1"},"canonical":"https:\/\/tallinndesignhouse.com\/toode\/meeste-hommikumantel-tumepruun\/","og_locale":"en_US","og_type":"article","og_title":"Marat Bathrobe for Men Dark Brown - Tallinn Design House","og_description":"Marat meeste hommikumantel tumepruun. Hommikumantlil on kaks mugavat k\u00fcljetaskut, v\u00f6\u00f6 ja riputusaas. Materjal: 60% puuvill, 40% pol\u00fcester.","og_url":"https:\/\/tallinndesignhouse.com\/toode\/meeste-hommikumantel-tumepruun\/","og_site_name":"Tallinn Design House","article_modified_time":"2026-04-12T21:59:14+00:00","og_image":[{"width":1080,"height":1350,"url":"https:\/\/tallinndesignhouse.com\/wp-content\/uploads\/2025\/02\/Marat-Meeste-hommikumantel-tumepruun_.jpg","type":"image\/jpeg"}],"twitter_card":"summary_large_image","twitter_misc":{"Est. reading time":"1 minute"},"schema":{"@context":"https:\/\/schema.org","@graph":[{"@type":"WebPage","@id":"https:\/\/tallinndesignhouse.com\/toode\/meeste-hommikumantel-tumepruun\/","url":"https:\/\/tallinndesignhouse.com\/toode\/meeste-hommikumantel-tumepruun\/","name":"Marat Bathrobe for Men Dark Brown - Tallinn Design House","isPartOf":{"@id":"https:\/\/tallinndesignhouse.com\/#website"},"primaryImageOfPage":{"@id":"https:\/\/tallinndesignhouse.com\/toode\/meeste-hommikumantel-tumepruun\/#primaryimage"},"image":{"@id":"https:\/\/tallinndesignhouse.com\/toode\/meeste-hommikumantel-tumepruun\/#primaryimage"},"thumbnailUrl":"https:\/\/tallinndesignhouse.com\/wp-content\/uploads\/2025\/02\/Marat-Meeste-hommikumantel-tumepruun_.jpg","datePublished":"2025-02-27T13:35:08+00:00","dateModified":"2026-04-12T21:59:14+00:00","description":"Marat meeste hommikumantel tumepruun. Hommikumantlil on kaks mugavat k\u00fcljetaskut, v\u00f6\u00f6 ja riputusaas. Materjal: 60% puuvill, 40% pol\u00fcester.","breadcrumb":{"@id":"https:\/\/tallinndesignhouse.com\/toode\/meeste-hommikumantel-tumepruun\/#breadcrumb"},"inLanguage":"en-US","potentialAction":[{"@type":"ReadAction","target":["https:\/\/tallinndesignhouse.com\/toode\/meeste-hommikumantel-tumepruun\/"]}]},{"@type":"ImageObject","inLanguage":"en-US","@id":"https:\/\/tallinndesignhouse.com\/toode\/meeste-hommikumantel-tumepruun\/#primaryimage","url":"https:\/\/tallinndesignhouse.com\/wp-content\/uploads\/2025\/02\/Marat-Meeste-hommikumantel-tumepruun_.jpg","contentUrl":"https:\/\/tallinndesignhouse.com\/wp-content\/uploads\/2025\/02\/Marat-Meeste-hommikumantel-tumepruun_.jpg","width":1080,"height":1350,"caption":"Marat Meeste hommikumantel tumepruun_"},{"@type":"BreadcrumbList","@id":"https:\/\/tallinndesignhouse.com\/toode\/meeste-hommikumantel-tumepruun\/#breadcrumb","itemListElement":[{"@type":"ListItem","position":1,"name":"Home","item":"https:\/\/tallinndesignhouse.com\/en\/"},{"@type":"ListItem","position":2,"name":"Shop","item":"https:\/\/tallinndesignhouse.com\/en\/shop\/"},{"@type":"ListItem","position":3,"name":"Bathrobe for Men Dark Brown"}]},{"@type":"WebSite","@id":"https:\/\/tallinndesignhouse.com\/#website","url":"https:\/\/tallinndesignhouse.com\/","name":"Tallinn Design House","description":"Eesti disain Rotermanni kvartalis","potentialAction":[{"@type":"SearchAction","target":{"@type":"EntryPoint","urlTemplate":"https:\/\/tallinndesignhouse.com\/?s={search_term_string}"},"query-input":{"@type":"PropertyValueSpecification","valueRequired":true,"valueName":"search_term_string"}}],"inLanguage":"en-US"}]}},"_links":{"self":[{"href":"https:\/\/tallinndesignhouse.com\/en\/wp-json\/wp\/v2\/product\/3370129","targetHints":{"allow":["GET"]}}],"collection":[{"href":"https:\/\/tallinndesignhouse.com\/en\/wp-json\/wp\/v2\/product"}],"about":[{"href":"https:\/\/tallinndesignhouse.com\/en\/wp-json\/wp\/v2\/types\/product"}],"wp:featuredmedia":[{"embeddable":true,"href":"https:\/\/tallinndesignhouse.com\/en\/wp-json\/wp\/v2\/media\/3370294"}],"wp:attachment":[{"href":"https:\/\/tallinndesignhouse.com\/en\/wp-json\/wp\/v2\/media?parent=3370129"}],"wp:term":[{"taxonomy":"product_brand","embeddable":true,"href":"https:\/\/tallinndesignhouse.com\/en\/wp-json\/wp\/v2\/product_brand?post=3370129"},{"taxonomy":"product_cat","embeddable":true,"href":"https:\/\/tallinndesignhouse.com\/en\/wp-json\/wp\/v2\/product_cat?post=3370129"},{"taxonomy":"product_tag","embeddable":true,"href":"https:\/\/tallinndesignhouse.com\/en\/wp-json\/wp\/v2\/product_tag?post=3370129"}],"curies":[{"name":"wp","href":"https:\/\/api.w.org\/{rel}","templated":true}]}}