{"id":3370199,"date":"2025-02-27T15:35:16","date_gmt":"2025-02-27T13:35:16","guid":{"rendered":"https:\/\/tallinndesignhouse.com\/toode\/naiste-samet-dressipuksid-tumesinine\/"},"modified":"2026-04-17T16:30:29","modified_gmt":"2026-04-17T13:30:29","slug":"naiste-samet-dressipuksid-tumesinine","status":"publish","type":"product","link":"https:\/\/tallinndesignhouse.com\/en\/toode\/naiste-samet-dressipuksid-tumesinine\/","title":{"rendered":"Naiste samet dressip\u00fcksid tumesinine"},"content":{"rendered":"<p>Peenikeste vertikaalsete triipudega samet annab p\u00fckstele efektse ja m\u00f5nusalt pehme v\u00e4limuse. V\u00f6\u00f6kohas asuv Marati logodega pael lisab isikup\u00e4rase detaili ja v\u00f5imaldab p\u00fckse vastavalt vajadusele kohandada. Lisaks on p\u00fckstel ka kaks praktilist k\u00fcljetaskut. Need tumesinised p\u00fcksid sobivad ideaalselt kokku Marati tumesinise bomber stiilis naiste dressipluusiga. Sametine kangas muudab toote naha vastas \u00fclimalt pehmeks. Kanga kvaliteet ei lase v\u00e4rvil tuhmuda ja v\u00e4lja venida. Sametkangas optimeerib kehasoojust. Universaalne l\u00f5ige, mis ei piira sinu liikumist. Materjal: 60% puuvill, 40% pol\u00fcester.<\/p>\n","protected":false},"excerpt":{"rendered":"<p>Peenikeste vertikaalsete triipudega samet annab p\u00fckstele efektse ja m\u00f5nusalt pehme v\u00e4limuse. V\u00f6\u00f6kohas asuv Marati logodega pael lisab isikup\u00e4rase detaili ja v\u00f5imaldab p\u00fckse vastavalt vajadusele kohandada. Lisaks on p\u00fckstel ka kaks praktilist k\u00fcljetaskut. Need tumesinised p\u00fcksid sobivad ideaalselt kokku Marati tumesinise bomber stiilis naiste dressipluusiga. Sametine kangas muudab toote naha vastas \u00fclimalt pehmeks. Kanga kvaliteet ei [&hellip;]<\/p>\n","protected":false},"featured_media":3370415,"template":"","meta":{"_acf_changed":false},"product_brand":[],"product_cat":[2013,2837,3718],"product_tag":[2819],"class_list":{"0":"post-3370199","1":"product","2":"type-product","3":"status-publish","4":"has-post-thumbnail","6":"product_cat-pants","7":"product_cat-clothes","8":"product_cat-winter-style","9":"product_tag-women","10":"pa_brand-marat-en","11":"pa_suurus-m-en","12":"pa_suurus-s-en","13":"pa_suurus-xl-en","14":"pa_suurus-xxl-en","15":"pa_suurus-xxxl-en","16":"pa_suurus-l-en","18":"first","19":"instock","20":"taxable","21":"shipping-taxable","22":"product-type-variable"},"acf":[],"yoast_head":"<!-- This site is optimized with the Yoast SEO plugin v26.0 - https:\/\/yoast.com\/wordpress\/plugins\/seo\/ -->\n<title>Marat Naiste samet dressip\u00fcksid tumesinine - Tallinn Design House<\/title>\n<meta name=\"description\" content=\"Marat naiste samet dressip\u00fcksid tumesinine. Materjal: 60% puuvill, 40% pol\u00fcester.\" \/>\n<meta name=\"robots\" content=\"index, follow, max-snippet:-1, max-image-preview:large, max-video-preview:-1\" \/>\n<link rel=\"canonical\" href=\"https:\/\/tallinndesignhouse.com\/toode\/naiste-samet-dressipuksid-tumesinine\/\" \/>\n<meta property=\"og:locale\" content=\"en_US\" \/>\n<meta property=\"og:type\" content=\"article\" \/>\n<meta property=\"og:title\" content=\"Marat Naiste samet dressip\u00fcksid tumesinine - Tallinn Design House\" \/>\n<meta property=\"og:description\" content=\"Marat naiste samet dressip\u00fcksid tumesinine. Materjal: 60% puuvill, 40% pol\u00fcester.\" \/>\n<meta property=\"og:url\" content=\"https:\/\/tallinndesignhouse.com\/toode\/naiste-samet-dressipuksid-tumesinine\/\" \/>\n<meta property=\"og:site_name\" content=\"Tallinn Design House\" \/>\n<meta property=\"article:modified_time\" content=\"2026-04-17T13:30:29+00:00\" \/>\n<meta property=\"og:image\" content=\"https:\/\/tallinndesignhouse.com\/wp-content\/uploads\/2025\/02\/Marat-Naiste-samet-dressipuksid-tumesinine_.jpg\" \/>\n\t<meta property=\"og:image:width\" content=\"1080\" \/>\n\t<meta property=\"og:image:height\" content=\"1350\" \/>\n\t<meta property=\"og:image:type\" content=\"image\/jpeg\" \/>\n<meta name=\"twitter:card\" content=\"summary_large_image\" \/>\n<script type=\"application\/ld+json\" class=\"yoast-schema-graph\">{\"@context\":\"https:\/\/schema.org\",\"@graph\":[{\"@type\":\"WebPage\",\"@id\":\"https:\/\/tallinndesignhouse.com\/toode\/naiste-samet-dressipuksid-tumesinine\/\",\"url\":\"https:\/\/tallinndesignhouse.com\/toode\/naiste-samet-dressipuksid-tumesinine\/\",\"name\":\"Marat Naiste samet dressip\u00fcksid tumesinine - Tallinn Design House\",\"isPartOf\":{\"@id\":\"https:\/\/tallinndesignhouse.com\/#website\"},\"primaryImageOfPage\":{\"@id\":\"https:\/\/tallinndesignhouse.com\/toode\/naiste-samet-dressipuksid-tumesinine\/#primaryimage\"},\"image\":{\"@id\":\"https:\/\/tallinndesignhouse.com\/toode\/naiste-samet-dressipuksid-tumesinine\/#primaryimage\"},\"thumbnailUrl\":\"https:\/\/tallinndesignhouse.com\/wp-content\/uploads\/2025\/02\/Marat-Naiste-samet-dressipuksid-tumesinine_.jpg\",\"datePublished\":\"2025-02-27T13:35:16+00:00\",\"dateModified\":\"2026-04-17T13:30:29+00:00\",\"description\":\"Marat naiste samet dressip\u00fcksid tumesinine. Materjal: 60% puuvill, 40% pol\u00fcester.\",\"breadcrumb\":{\"@id\":\"https:\/\/tallinndesignhouse.com\/toode\/naiste-samet-dressipuksid-tumesinine\/#breadcrumb\"},\"inLanguage\":\"en-US\",\"potentialAction\":[{\"@type\":\"ReadAction\",\"target\":[\"https:\/\/tallinndesignhouse.com\/toode\/naiste-samet-dressipuksid-tumesinine\/\"]}]},{\"@type\":\"ImageObject\",\"inLanguage\":\"en-US\",\"@id\":\"https:\/\/tallinndesignhouse.com\/toode\/naiste-samet-dressipuksid-tumesinine\/#primaryimage\",\"url\":\"https:\/\/tallinndesignhouse.com\/wp-content\/uploads\/2025\/02\/Marat-Naiste-samet-dressipuksid-tumesinine_.jpg\",\"contentUrl\":\"https:\/\/tallinndesignhouse.com\/wp-content\/uploads\/2025\/02\/Marat-Naiste-samet-dressipuksid-tumesinine_.jpg\",\"width\":1080,\"height\":1350,\"caption\":\"Marat Naiste samet dressipu\u0308ksid tumesinine_\"},{\"@type\":\"BreadcrumbList\",\"@id\":\"https:\/\/tallinndesignhouse.com\/toode\/naiste-samet-dressipuksid-tumesinine\/#breadcrumb\",\"itemListElement\":[{\"@type\":\"ListItem\",\"position\":1,\"name\":\"Home\",\"item\":\"https:\/\/tallinndesignhouse.com\/en\/\"},{\"@type\":\"ListItem\",\"position\":2,\"name\":\"Shop\",\"item\":\"https:\/\/tallinndesignhouse.com\/en\/shop\/\"},{\"@type\":\"ListItem\",\"position\":3,\"name\":\"Naiste samet dressip\u00fcksid tumesinine\"}]},{\"@type\":\"WebSite\",\"@id\":\"https:\/\/tallinndesignhouse.com\/#website\",\"url\":\"https:\/\/tallinndesignhouse.com\/\",\"name\":\"Tallinn Design House\",\"description\":\"Eesti disain Rotermanni kvartalis\",\"potentialAction\":[{\"@type\":\"SearchAction\",\"target\":{\"@type\":\"EntryPoint\",\"urlTemplate\":\"https:\/\/tallinndesignhouse.com\/?s={search_term_string}\"},\"query-input\":{\"@type\":\"PropertyValueSpecification\",\"valueRequired\":true,\"valueName\":\"search_term_string\"}}],\"inLanguage\":\"en-US\"}]}<\/script>\n<!-- \/ Yoast SEO plugin. -->","yoast_head_json":{"title":"Marat Naiste samet dressip\u00fcksid tumesinine - Tallinn Design House","description":"Marat naiste samet dressip\u00fcksid tumesinine. Materjal: 60% puuvill, 40% pol\u00fcester.","robots":{"index":"index","follow":"follow","max-snippet":"max-snippet:-1","max-image-preview":"max-image-preview:large","max-video-preview":"max-video-preview:-1"},"canonical":"https:\/\/tallinndesignhouse.com\/toode\/naiste-samet-dressipuksid-tumesinine\/","og_locale":"en_US","og_type":"article","og_title":"Marat Naiste samet dressip\u00fcksid tumesinine - Tallinn Design House","og_description":"Marat naiste samet dressip\u00fcksid tumesinine. Materjal: 60% puuvill, 40% pol\u00fcester.","og_url":"https:\/\/tallinndesignhouse.com\/toode\/naiste-samet-dressipuksid-tumesinine\/","og_site_name":"Tallinn Design House","article_modified_time":"2026-04-17T13:30:29+00:00","og_image":[{"width":1080,"height":1350,"url":"https:\/\/tallinndesignhouse.com\/wp-content\/uploads\/2025\/02\/Marat-Naiste-samet-dressipuksid-tumesinine_.jpg","type":"image\/jpeg"}],"twitter_card":"summary_large_image","schema":{"@context":"https:\/\/schema.org","@graph":[{"@type":"WebPage","@id":"https:\/\/tallinndesignhouse.com\/toode\/naiste-samet-dressipuksid-tumesinine\/","url":"https:\/\/tallinndesignhouse.com\/toode\/naiste-samet-dressipuksid-tumesinine\/","name":"Marat Naiste samet dressip\u00fcksid tumesinine - Tallinn Design House","isPartOf":{"@id":"https:\/\/tallinndesignhouse.com\/#website"},"primaryImageOfPage":{"@id":"https:\/\/tallinndesignhouse.com\/toode\/naiste-samet-dressipuksid-tumesinine\/#primaryimage"},"image":{"@id":"https:\/\/tallinndesignhouse.com\/toode\/naiste-samet-dressipuksid-tumesinine\/#primaryimage"},"thumbnailUrl":"https:\/\/tallinndesignhouse.com\/wp-content\/uploads\/2025\/02\/Marat-Naiste-samet-dressipuksid-tumesinine_.jpg","datePublished":"2025-02-27T13:35:16+00:00","dateModified":"2026-04-17T13:30:29+00:00","description":"Marat naiste samet dressip\u00fcksid tumesinine. Materjal: 60% puuvill, 40% pol\u00fcester.","breadcrumb":{"@id":"https:\/\/tallinndesignhouse.com\/toode\/naiste-samet-dressipuksid-tumesinine\/#breadcrumb"},"inLanguage":"en-US","potentialAction":[{"@type":"ReadAction","target":["https:\/\/tallinndesignhouse.com\/toode\/naiste-samet-dressipuksid-tumesinine\/"]}]},{"@type":"ImageObject","inLanguage":"en-US","@id":"https:\/\/tallinndesignhouse.com\/toode\/naiste-samet-dressipuksid-tumesinine\/#primaryimage","url":"https:\/\/tallinndesignhouse.com\/wp-content\/uploads\/2025\/02\/Marat-Naiste-samet-dressipuksid-tumesinine_.jpg","contentUrl":"https:\/\/tallinndesignhouse.com\/wp-content\/uploads\/2025\/02\/Marat-Naiste-samet-dressipuksid-tumesinine_.jpg","width":1080,"height":1350,"caption":"Marat Naiste samet dressipu\u0308ksid tumesinine_"},{"@type":"BreadcrumbList","@id":"https:\/\/tallinndesignhouse.com\/toode\/naiste-samet-dressipuksid-tumesinine\/#breadcrumb","itemListElement":[{"@type":"ListItem","position":1,"name":"Home","item":"https:\/\/tallinndesignhouse.com\/en\/"},{"@type":"ListItem","position":2,"name":"Shop","item":"https:\/\/tallinndesignhouse.com\/en\/shop\/"},{"@type":"ListItem","position":3,"name":"Naiste samet dressip\u00fcksid tumesinine"}]},{"@type":"WebSite","@id":"https:\/\/tallinndesignhouse.com\/#website","url":"https:\/\/tallinndesignhouse.com\/","name":"Tallinn Design House","description":"Eesti disain Rotermanni kvartalis","potentialAction":[{"@type":"SearchAction","target":{"@type":"EntryPoint","urlTemplate":"https:\/\/tallinndesignhouse.com\/?s={search_term_string}"},"query-input":{"@type":"PropertyValueSpecification","valueRequired":true,"valueName":"search_term_string"}}],"inLanguage":"en-US"}]}},"_links":{"self":[{"href":"https:\/\/tallinndesignhouse.com\/en\/wp-json\/wp\/v2\/product\/3370199","targetHints":{"allow":["GET"]}}],"collection":[{"href":"https:\/\/tallinndesignhouse.com\/en\/wp-json\/wp\/v2\/product"}],"about":[{"href":"https:\/\/tallinndesignhouse.com\/en\/wp-json\/wp\/v2\/types\/product"}],"wp:featuredmedia":[{"embeddable":true,"href":"https:\/\/tallinndesignhouse.com\/en\/wp-json\/wp\/v2\/media\/3370415"}],"wp:attachment":[{"href":"https:\/\/tallinndesignhouse.com\/en\/wp-json\/wp\/v2\/media?parent=3370199"}],"wp:term":[{"taxonomy":"product_brand","embeddable":true,"href":"https:\/\/tallinndesignhouse.com\/en\/wp-json\/wp\/v2\/product_brand?post=3370199"},{"taxonomy":"product_cat","embeddable":true,"href":"https:\/\/tallinndesignhouse.com\/en\/wp-json\/wp\/v2\/product_cat?post=3370199"},{"taxonomy":"product_tag","embeddable":true,"href":"https:\/\/tallinndesignhouse.com\/en\/wp-json\/wp\/v2\/product_tag?post=3370199"}],"curies":[{"name":"wp","href":"https:\/\/api.w.org\/{rel}","templated":true}]}}