{"id":3370406,"date":"2025-02-27T15:50:16","date_gmt":"2025-02-27T13:50:16","guid":{"rendered":"https:\/\/tallinndesignhouse.com\/toode\/universaalne-kott\/"},"modified":"2026-04-18T00:59:13","modified_gmt":"2026-04-17T21:59:13","slug":"universaalne-kott","status":"publish","type":"product","link":"https:\/\/tallinndesignhouse.com\/en\/toode\/universaalne-kott\/","title":{"rendered":"Universal Bag"},"content":{"rendered":"<p>The versatile and multifunctional Marat bag. Take it to the store, the beach, a friend\u2019s house, work, or school. Perfect for any occasion and spacious enough to hold all your essentials. Material: 100% polyester. Dimensions (cm): 50x29x12 (length x height x width) or 17 liters.<\/p>\n","protected":false},"excerpt":{"rendered":"<p>The versatile and multifunctional Marat bag. Take it to the store, the beach, a friend\u2019s house, work, or school. Perfect for any occasion and spacious enough to hold all your essentials. Material: 100% polyester. Dimensions (cm): 50x29x12 (length x height x width) or 17 liters.<\/p>\n","protected":false},"featured_media":3370547,"template":"","meta":{"_acf_changed":false},"product_brand":[],"product_cat":[877,113],"product_tag":[2818],"class_list":{"0":"post-3370406","1":"product","2":"type-product","3":"status-publish","4":"has-post-thumbnail","6":"product_cat-kotid","7":"product_cat-aksessuaarid","8":"product_tag-naised","9":"pa_brand-marat-en","10":"pa_brand-marat","12":"first","13":"instock","14":"taxable","15":"shipping-taxable","16":"purchasable","17":"product-type-simple"},"acf":[],"yoast_head":"<!-- This site is optimized with the Yoast SEO plugin v26.0 - https:\/\/yoast.com\/wordpress\/plugins\/seo\/ -->\n<title>Marat Universal Bag - Tallinn Design House<\/title>\n<meta name=\"description\" content=\"Marat universaalne kott. Materjal: 100% pol\u00fcester. Koti m\u00f5\u00f5dud (cm): 50x29x12 (pikkus x k\u00f5rgus x laius) v\u00f5i 17 liitrit.\" \/>\n<meta name=\"robots\" content=\"index, follow, max-snippet:-1, max-image-preview:large, max-video-preview:-1\" \/>\n<link rel=\"canonical\" href=\"https:\/\/tallinndesignhouse.com\/toode\/universaalne-kott\/\" \/>\n<meta property=\"og:locale\" content=\"en_US\" \/>\n<meta property=\"og:type\" content=\"article\" \/>\n<meta property=\"og:title\" content=\"Marat Universal Bag - Tallinn Design House\" \/>\n<meta property=\"og:description\" content=\"Marat universaalne kott. Materjal: 100% pol\u00fcester. Koti m\u00f5\u00f5dud (cm): 50x29x12 (pikkus x k\u00f5rgus x laius) v\u00f5i 17 liitrit.\" \/>\n<meta property=\"og:url\" content=\"https:\/\/tallinndesignhouse.com\/toode\/universaalne-kott\/\" \/>\n<meta property=\"og:site_name\" content=\"Tallinn Design House\" \/>\n<meta property=\"article:modified_time\" content=\"2026-04-17T21:59:13+00:00\" \/>\n<meta property=\"og:image\" content=\"https:\/\/tallinndesignhouse.com\/wp-content\/uploads\/2025\/02\/Marat-Universaalne-kott_.jpg\" \/>\n\t<meta property=\"og:image:width\" content=\"1080\" \/>\n\t<meta property=\"og:image:height\" content=\"1350\" \/>\n\t<meta property=\"og:image:type\" content=\"image\/jpeg\" \/>\n<meta name=\"twitter:card\" content=\"summary_large_image\" \/>\n<meta name=\"twitter:label1\" content=\"Est. reading time\" \/>\n\t<meta name=\"twitter:data1\" content=\"1 minute\" \/>\n<script type=\"application\/ld+json\" class=\"yoast-schema-graph\">{\"@context\":\"https:\/\/schema.org\",\"@graph\":[{\"@type\":\"WebPage\",\"@id\":\"https:\/\/tallinndesignhouse.com\/toode\/universaalne-kott\/\",\"url\":\"https:\/\/tallinndesignhouse.com\/toode\/universaalne-kott\/\",\"name\":\"Marat Universal Bag - Tallinn Design House\",\"isPartOf\":{\"@id\":\"https:\/\/tallinndesignhouse.com\/#website\"},\"primaryImageOfPage\":{\"@id\":\"https:\/\/tallinndesignhouse.com\/toode\/universaalne-kott\/#primaryimage\"},\"image\":{\"@id\":\"https:\/\/tallinndesignhouse.com\/toode\/universaalne-kott\/#primaryimage\"},\"thumbnailUrl\":\"https:\/\/tallinndesignhouse.com\/wp-content\/uploads\/2025\/02\/Marat-Universaalne-kott_.jpg\",\"datePublished\":\"2025-02-27T13:50:16+00:00\",\"dateModified\":\"2026-04-17T21:59:13+00:00\",\"description\":\"Marat universaalne kott. Materjal: 100% pol\u00fcester. Koti m\u00f5\u00f5dud (cm): 50x29x12 (pikkus x k\u00f5rgus x laius) v\u00f5i 17 liitrit.\",\"breadcrumb\":{\"@id\":\"https:\/\/tallinndesignhouse.com\/toode\/universaalne-kott\/#breadcrumb\"},\"inLanguage\":\"en-US\",\"potentialAction\":[{\"@type\":\"ReadAction\",\"target\":[\"https:\/\/tallinndesignhouse.com\/toode\/universaalne-kott\/\"]}]},{\"@type\":\"ImageObject\",\"inLanguage\":\"en-US\",\"@id\":\"https:\/\/tallinndesignhouse.com\/toode\/universaalne-kott\/#primaryimage\",\"url\":\"https:\/\/tallinndesignhouse.com\/wp-content\/uploads\/2025\/02\/Marat-Universaalne-kott_.jpg\",\"contentUrl\":\"https:\/\/tallinndesignhouse.com\/wp-content\/uploads\/2025\/02\/Marat-Universaalne-kott_.jpg\",\"width\":1080,\"height\":1350,\"caption\":\"Marat Universaalne kott_\"},{\"@type\":\"BreadcrumbList\",\"@id\":\"https:\/\/tallinndesignhouse.com\/toode\/universaalne-kott\/#breadcrumb\",\"itemListElement\":[{\"@type\":\"ListItem\",\"position\":1,\"name\":\"Home\",\"item\":\"https:\/\/tallinndesignhouse.com\/en\/\"},{\"@type\":\"ListItem\",\"position\":2,\"name\":\"Shop\",\"item\":\"https:\/\/tallinndesignhouse.com\/en\/shop\/\"},{\"@type\":\"ListItem\",\"position\":3,\"name\":\"Universal Bag\"}]},{\"@type\":\"WebSite\",\"@id\":\"https:\/\/tallinndesignhouse.com\/#website\",\"url\":\"https:\/\/tallinndesignhouse.com\/\",\"name\":\"Tallinn Design House\",\"description\":\"Eesti disain Rotermanni kvartalis\",\"potentialAction\":[{\"@type\":\"SearchAction\",\"target\":{\"@type\":\"EntryPoint\",\"urlTemplate\":\"https:\/\/tallinndesignhouse.com\/?s={search_term_string}\"},\"query-input\":{\"@type\":\"PropertyValueSpecification\",\"valueRequired\":true,\"valueName\":\"search_term_string\"}}],\"inLanguage\":\"en-US\"}]}<\/script>\n<!-- \/ Yoast SEO plugin. -->","yoast_head_json":{"title":"Marat Universal Bag - Tallinn Design House","description":"Marat universaalne kott. Materjal: 100% pol\u00fcester. Koti m\u00f5\u00f5dud (cm): 50x29x12 (pikkus x k\u00f5rgus x laius) v\u00f5i 17 liitrit.","robots":{"index":"index","follow":"follow","max-snippet":"max-snippet:-1","max-image-preview":"max-image-preview:large","max-video-preview":"max-video-preview:-1"},"canonical":"https:\/\/tallinndesignhouse.com\/toode\/universaalne-kott\/","og_locale":"en_US","og_type":"article","og_title":"Marat Universal Bag - Tallinn Design House","og_description":"Marat universaalne kott. Materjal: 100% pol\u00fcester. Koti m\u00f5\u00f5dud (cm): 50x29x12 (pikkus x k\u00f5rgus x laius) v\u00f5i 17 liitrit.","og_url":"https:\/\/tallinndesignhouse.com\/toode\/universaalne-kott\/","og_site_name":"Tallinn Design House","article_modified_time":"2026-04-17T21:59:13+00:00","og_image":[{"width":1080,"height":1350,"url":"https:\/\/tallinndesignhouse.com\/wp-content\/uploads\/2025\/02\/Marat-Universaalne-kott_.jpg","type":"image\/jpeg"}],"twitter_card":"summary_large_image","twitter_misc":{"Est. reading time":"1 minute"},"schema":{"@context":"https:\/\/schema.org","@graph":[{"@type":"WebPage","@id":"https:\/\/tallinndesignhouse.com\/toode\/universaalne-kott\/","url":"https:\/\/tallinndesignhouse.com\/toode\/universaalne-kott\/","name":"Marat Universal Bag - Tallinn Design House","isPartOf":{"@id":"https:\/\/tallinndesignhouse.com\/#website"},"primaryImageOfPage":{"@id":"https:\/\/tallinndesignhouse.com\/toode\/universaalne-kott\/#primaryimage"},"image":{"@id":"https:\/\/tallinndesignhouse.com\/toode\/universaalne-kott\/#primaryimage"},"thumbnailUrl":"https:\/\/tallinndesignhouse.com\/wp-content\/uploads\/2025\/02\/Marat-Universaalne-kott_.jpg","datePublished":"2025-02-27T13:50:16+00:00","dateModified":"2026-04-17T21:59:13+00:00","description":"Marat universaalne kott. Materjal: 100% pol\u00fcester. Koti m\u00f5\u00f5dud (cm): 50x29x12 (pikkus x k\u00f5rgus x laius) v\u00f5i 17 liitrit.","breadcrumb":{"@id":"https:\/\/tallinndesignhouse.com\/toode\/universaalne-kott\/#breadcrumb"},"inLanguage":"en-US","potentialAction":[{"@type":"ReadAction","target":["https:\/\/tallinndesignhouse.com\/toode\/universaalne-kott\/"]}]},{"@type":"ImageObject","inLanguage":"en-US","@id":"https:\/\/tallinndesignhouse.com\/toode\/universaalne-kott\/#primaryimage","url":"https:\/\/tallinndesignhouse.com\/wp-content\/uploads\/2025\/02\/Marat-Universaalne-kott_.jpg","contentUrl":"https:\/\/tallinndesignhouse.com\/wp-content\/uploads\/2025\/02\/Marat-Universaalne-kott_.jpg","width":1080,"height":1350,"caption":"Marat Universaalne kott_"},{"@type":"BreadcrumbList","@id":"https:\/\/tallinndesignhouse.com\/toode\/universaalne-kott\/#breadcrumb","itemListElement":[{"@type":"ListItem","position":1,"name":"Home","item":"https:\/\/tallinndesignhouse.com\/en\/"},{"@type":"ListItem","position":2,"name":"Shop","item":"https:\/\/tallinndesignhouse.com\/en\/shop\/"},{"@type":"ListItem","position":3,"name":"Universal Bag"}]},{"@type":"WebSite","@id":"https:\/\/tallinndesignhouse.com\/#website","url":"https:\/\/tallinndesignhouse.com\/","name":"Tallinn Design House","description":"Eesti disain Rotermanni kvartalis","potentialAction":[{"@type":"SearchAction","target":{"@type":"EntryPoint","urlTemplate":"https:\/\/tallinndesignhouse.com\/?s={search_term_string}"},"query-input":{"@type":"PropertyValueSpecification","valueRequired":true,"valueName":"search_term_string"}}],"inLanguage":"en-US"}]}},"_links":{"self":[{"href":"https:\/\/tallinndesignhouse.com\/en\/wp-json\/wp\/v2\/product\/3370406","targetHints":{"allow":["GET"]}}],"collection":[{"href":"https:\/\/tallinndesignhouse.com\/en\/wp-json\/wp\/v2\/product"}],"about":[{"href":"https:\/\/tallinndesignhouse.com\/en\/wp-json\/wp\/v2\/types\/product"}],"wp:featuredmedia":[{"embeddable":true,"href":"https:\/\/tallinndesignhouse.com\/en\/wp-json\/wp\/v2\/media\/3370547"}],"wp:attachment":[{"href":"https:\/\/tallinndesignhouse.com\/en\/wp-json\/wp\/v2\/media?parent=3370406"}],"wp:term":[{"taxonomy":"product_brand","embeddable":true,"href":"https:\/\/tallinndesignhouse.com\/en\/wp-json\/wp\/v2\/product_brand?post=3370406"},{"taxonomy":"product_cat","embeddable":true,"href":"https:\/\/tallinndesignhouse.com\/en\/wp-json\/wp\/v2\/product_cat?post=3370406"},{"taxonomy":"product_tag","embeddable":true,"href":"https:\/\/tallinndesignhouse.com\/en\/wp-json\/wp\/v2\/product_tag?post=3370406"}],"curies":[{"name":"wp","href":"https:\/\/api.w.org\/{rel}","templated":true}]}}