{"id":3371128,"date":"2025-03-02T20:05:03","date_gmt":"2025-03-02T18:05:03","guid":{"rendered":"https:\/\/tallinndesignhouse.com\/toode\/postkaardipakk-i-sugaval-metsas\/"},"modified":"2026-04-12T00:58:48","modified_gmt":"2026-04-11T21:58:48","slug":"postkaardipakk-i-sugaval-metsas","status":"publish","type":"product","link":"https:\/\/tallinndesignhouse.com\/en\/toode\/postkaardipakk-i-sugaval-metsas\/","title":{"rendered":"Postcard Set I Deep in the Forest"},"content":{"rendered":"<p>Postcard Set \u201cDeep in the Forest\u201d of 10 postcards. The postcards are printed on 255g glossy paper. Dimensions: 14 x 10 cm. Postcards contain the original work of the artist Maari Soekov (1991) \u2013 freelancing illustrator, painter and graphic designer. Maari\u2019s art speaks of magic and mystery, connecting with the primordial spirit of nature, the ethereal layers of being human. With its roots in the poetry of reality, her paintings reflect tender and fleeting moments of the everyday.<\/p>\n","protected":false},"excerpt":{"rendered":"<p>Postcard Set \u201cDeep in the Forest\u201d of 10 postcards. The postcards are printed on 255g glossy paper. Dimensions: 14 x 10 cm. Postcards contain the original work of the artist Maari Soekov (1991) \u2013 freelancing illustrator, painter and graphic designer. Maari\u2019s art speaks of magic and mystery, connecting with the primordial spirit of nature, the [&hellip;]<\/p>\n","protected":false},"featured_media":3371130,"template":"","meta":{"_acf_changed":false},"product_brand":[],"product_cat":[2552,2652],"product_tag":[2003],"class_list":{"0":"post-3371128","1":"product","2":"type-product","3":"status-publish","4":"has-post-thumbnail","6":"product_cat-home","7":"product_cat-art-and-posters","8":"product_tag-home","9":"pa_brand-maari-soekov","10":"pa_brand-maari-soekov-en","12":"first","13":"instock","14":"taxable","15":"shipping-taxable","16":"purchasable","17":"product-type-simple"},"acf":[],"yoast_head":"<!-- This site is optimized with the Yoast SEO plugin v26.0 - https:\/\/yoast.com\/wordpress\/plugins\/seo\/ -->\n<title>Maari Soekov Postcard Set I Deep in the Forest - Tallinn Design House<\/title>\n<meta name=\"description\" content=\"Maari Soekov postkaardipakk I S\u00fcgaval metsas. Postkaardid on tr\u00fckitud 255 g l\u00e4ikivale paberile. M\u00f5\u00f5dud: 14 x 10 cm.\" \/>\n<meta name=\"robots\" content=\"index, follow, max-snippet:-1, max-image-preview:large, max-video-preview:-1\" \/>\n<link rel=\"canonical\" href=\"https:\/\/tallinndesignhouse.com\/toode\/postkaardipakk-i-sugaval-metsas\/\" \/>\n<meta property=\"og:locale\" content=\"en_US\" \/>\n<meta property=\"og:type\" content=\"article\" \/>\n<meta property=\"og:title\" content=\"Maari Soekov Postcard Set I Deep in the Forest - Tallinn Design House\" \/>\n<meta property=\"og:description\" content=\"Maari Soekov postkaardipakk I S\u00fcgaval metsas. Postkaardid on tr\u00fckitud 255 g l\u00e4ikivale paberile. M\u00f5\u00f5dud: 14 x 10 cm.\" \/>\n<meta property=\"og:url\" content=\"https:\/\/tallinndesignhouse.com\/toode\/postkaardipakk-i-sugaval-metsas\/\" \/>\n<meta property=\"og:site_name\" content=\"Tallinn Design House\" \/>\n<meta property=\"article:modified_time\" content=\"2026-04-11T21:58:48+00:00\" \/>\n<meta property=\"og:image\" content=\"https:\/\/tallinndesignhouse.com\/wp-content\/uploads\/2025\/03\/Maari-Soekov-postkaardipakk-Sugaval-metsas_.jpg\" \/>\n\t<meta property=\"og:image:width\" content=\"1080\" \/>\n\t<meta property=\"og:image:height\" content=\"1350\" \/>\n\t<meta property=\"og:image:type\" content=\"image\/jpeg\" \/>\n<meta name=\"twitter:card\" content=\"summary_large_image\" \/>\n<script type=\"application\/ld+json\" class=\"yoast-schema-graph\">{\"@context\":\"https:\/\/schema.org\",\"@graph\":[{\"@type\":\"WebPage\",\"@id\":\"https:\/\/tallinndesignhouse.com\/toode\/postkaardipakk-i-sugaval-metsas\/\",\"url\":\"https:\/\/tallinndesignhouse.com\/toode\/postkaardipakk-i-sugaval-metsas\/\",\"name\":\"Maari Soekov Postcard Set I Deep in the Forest - Tallinn Design House\",\"isPartOf\":{\"@id\":\"https:\/\/tallinndesignhouse.com\/#website\"},\"primaryImageOfPage\":{\"@id\":\"https:\/\/tallinndesignhouse.com\/toode\/postkaardipakk-i-sugaval-metsas\/#primaryimage\"},\"image\":{\"@id\":\"https:\/\/tallinndesignhouse.com\/toode\/postkaardipakk-i-sugaval-metsas\/#primaryimage\"},\"thumbnailUrl\":\"https:\/\/tallinndesignhouse.com\/wp-content\/uploads\/2025\/03\/Maari-Soekov-postkaardipakk-Sugaval-metsas_.jpg\",\"datePublished\":\"2025-03-02T18:05:03+00:00\",\"dateModified\":\"2026-04-11T21:58:48+00:00\",\"description\":\"Maari Soekov postkaardipakk I S\u00fcgaval metsas. Postkaardid on tr\u00fckitud 255 g l\u00e4ikivale paberile. M\u00f5\u00f5dud: 14 x 10 cm.\",\"breadcrumb\":{\"@id\":\"https:\/\/tallinndesignhouse.com\/toode\/postkaardipakk-i-sugaval-metsas\/#breadcrumb\"},\"inLanguage\":\"en-US\",\"potentialAction\":[{\"@type\":\"ReadAction\",\"target\":[\"https:\/\/tallinndesignhouse.com\/toode\/postkaardipakk-i-sugaval-metsas\/\"]}]},{\"@type\":\"ImageObject\",\"inLanguage\":\"en-US\",\"@id\":\"https:\/\/tallinndesignhouse.com\/toode\/postkaardipakk-i-sugaval-metsas\/#primaryimage\",\"url\":\"https:\/\/tallinndesignhouse.com\/wp-content\/uploads\/2025\/03\/Maari-Soekov-postkaardipakk-Sugaval-metsas_.jpg\",\"contentUrl\":\"https:\/\/tallinndesignhouse.com\/wp-content\/uploads\/2025\/03\/Maari-Soekov-postkaardipakk-Sugaval-metsas_.jpg\",\"width\":1080,\"height\":1350,\"caption\":\"Maari Soekov postkaardipakk Su\u0308gaval metsas_\"},{\"@type\":\"BreadcrumbList\",\"@id\":\"https:\/\/tallinndesignhouse.com\/toode\/postkaardipakk-i-sugaval-metsas\/#breadcrumb\",\"itemListElement\":[{\"@type\":\"ListItem\",\"position\":1,\"name\":\"Home\",\"item\":\"https:\/\/tallinndesignhouse.com\/en\/\"},{\"@type\":\"ListItem\",\"position\":2,\"name\":\"Shop\",\"item\":\"https:\/\/tallinndesignhouse.com\/en\/shop\/\"},{\"@type\":\"ListItem\",\"position\":3,\"name\":\"Postcard Set I Deep in the Forest\"}]},{\"@type\":\"WebSite\",\"@id\":\"https:\/\/tallinndesignhouse.com\/#website\",\"url\":\"https:\/\/tallinndesignhouse.com\/\",\"name\":\"Tallinn Design House\",\"description\":\"Eesti disain Rotermanni kvartalis\",\"potentialAction\":[{\"@type\":\"SearchAction\",\"target\":{\"@type\":\"EntryPoint\",\"urlTemplate\":\"https:\/\/tallinndesignhouse.com\/?s={search_term_string}\"},\"query-input\":{\"@type\":\"PropertyValueSpecification\",\"valueRequired\":true,\"valueName\":\"search_term_string\"}}],\"inLanguage\":\"en-US\"}]}<\/script>\n<!-- \/ Yoast SEO plugin. -->","yoast_head_json":{"title":"Maari Soekov Postcard Set I Deep in the Forest - Tallinn Design House","description":"Maari Soekov postkaardipakk I S\u00fcgaval metsas. Postkaardid on tr\u00fckitud 255 g l\u00e4ikivale paberile. M\u00f5\u00f5dud: 14 x 10 cm.","robots":{"index":"index","follow":"follow","max-snippet":"max-snippet:-1","max-image-preview":"max-image-preview:large","max-video-preview":"max-video-preview:-1"},"canonical":"https:\/\/tallinndesignhouse.com\/toode\/postkaardipakk-i-sugaval-metsas\/","og_locale":"en_US","og_type":"article","og_title":"Maari Soekov Postcard Set I Deep in the Forest - Tallinn Design House","og_description":"Maari Soekov postkaardipakk I S\u00fcgaval metsas. Postkaardid on tr\u00fckitud 255 g l\u00e4ikivale paberile. M\u00f5\u00f5dud: 14 x 10 cm.","og_url":"https:\/\/tallinndesignhouse.com\/toode\/postkaardipakk-i-sugaval-metsas\/","og_site_name":"Tallinn Design House","article_modified_time":"2026-04-11T21:58:48+00:00","og_image":[{"width":1080,"height":1350,"url":"https:\/\/tallinndesignhouse.com\/wp-content\/uploads\/2025\/03\/Maari-Soekov-postkaardipakk-Sugaval-metsas_.jpg","type":"image\/jpeg"}],"twitter_card":"summary_large_image","schema":{"@context":"https:\/\/schema.org","@graph":[{"@type":"WebPage","@id":"https:\/\/tallinndesignhouse.com\/toode\/postkaardipakk-i-sugaval-metsas\/","url":"https:\/\/tallinndesignhouse.com\/toode\/postkaardipakk-i-sugaval-metsas\/","name":"Maari Soekov Postcard Set I Deep in the Forest - Tallinn Design House","isPartOf":{"@id":"https:\/\/tallinndesignhouse.com\/#website"},"primaryImageOfPage":{"@id":"https:\/\/tallinndesignhouse.com\/toode\/postkaardipakk-i-sugaval-metsas\/#primaryimage"},"image":{"@id":"https:\/\/tallinndesignhouse.com\/toode\/postkaardipakk-i-sugaval-metsas\/#primaryimage"},"thumbnailUrl":"https:\/\/tallinndesignhouse.com\/wp-content\/uploads\/2025\/03\/Maari-Soekov-postkaardipakk-Sugaval-metsas_.jpg","datePublished":"2025-03-02T18:05:03+00:00","dateModified":"2026-04-11T21:58:48+00:00","description":"Maari Soekov postkaardipakk I S\u00fcgaval metsas. Postkaardid on tr\u00fckitud 255 g l\u00e4ikivale paberile. M\u00f5\u00f5dud: 14 x 10 cm.","breadcrumb":{"@id":"https:\/\/tallinndesignhouse.com\/toode\/postkaardipakk-i-sugaval-metsas\/#breadcrumb"},"inLanguage":"en-US","potentialAction":[{"@type":"ReadAction","target":["https:\/\/tallinndesignhouse.com\/toode\/postkaardipakk-i-sugaval-metsas\/"]}]},{"@type":"ImageObject","inLanguage":"en-US","@id":"https:\/\/tallinndesignhouse.com\/toode\/postkaardipakk-i-sugaval-metsas\/#primaryimage","url":"https:\/\/tallinndesignhouse.com\/wp-content\/uploads\/2025\/03\/Maari-Soekov-postkaardipakk-Sugaval-metsas_.jpg","contentUrl":"https:\/\/tallinndesignhouse.com\/wp-content\/uploads\/2025\/03\/Maari-Soekov-postkaardipakk-Sugaval-metsas_.jpg","width":1080,"height":1350,"caption":"Maari Soekov postkaardipakk Su\u0308gaval metsas_"},{"@type":"BreadcrumbList","@id":"https:\/\/tallinndesignhouse.com\/toode\/postkaardipakk-i-sugaval-metsas\/#breadcrumb","itemListElement":[{"@type":"ListItem","position":1,"name":"Home","item":"https:\/\/tallinndesignhouse.com\/en\/"},{"@type":"ListItem","position":2,"name":"Shop","item":"https:\/\/tallinndesignhouse.com\/en\/shop\/"},{"@type":"ListItem","position":3,"name":"Postcard Set I Deep in the Forest"}]},{"@type":"WebSite","@id":"https:\/\/tallinndesignhouse.com\/#website","url":"https:\/\/tallinndesignhouse.com\/","name":"Tallinn Design House","description":"Eesti disain Rotermanni kvartalis","potentialAction":[{"@type":"SearchAction","target":{"@type":"EntryPoint","urlTemplate":"https:\/\/tallinndesignhouse.com\/?s={search_term_string}"},"query-input":{"@type":"PropertyValueSpecification","valueRequired":true,"valueName":"search_term_string"}}],"inLanguage":"en-US"}]}},"_links":{"self":[{"href":"https:\/\/tallinndesignhouse.com\/en\/wp-json\/wp\/v2\/product\/3371128","targetHints":{"allow":["GET"]}}],"collection":[{"href":"https:\/\/tallinndesignhouse.com\/en\/wp-json\/wp\/v2\/product"}],"about":[{"href":"https:\/\/tallinndesignhouse.com\/en\/wp-json\/wp\/v2\/types\/product"}],"wp:featuredmedia":[{"embeddable":true,"href":"https:\/\/tallinndesignhouse.com\/en\/wp-json\/wp\/v2\/media\/3371130"}],"wp:attachment":[{"href":"https:\/\/tallinndesignhouse.com\/en\/wp-json\/wp\/v2\/media?parent=3371128"}],"wp:term":[{"taxonomy":"product_brand","embeddable":true,"href":"https:\/\/tallinndesignhouse.com\/en\/wp-json\/wp\/v2\/product_brand?post=3371128"},{"taxonomy":"product_cat","embeddable":true,"href":"https:\/\/tallinndesignhouse.com\/en\/wp-json\/wp\/v2\/product_cat?post=3371128"},{"taxonomy":"product_tag","embeddable":true,"href":"https:\/\/tallinndesignhouse.com\/en\/wp-json\/wp\/v2\/product_tag?post=3371128"}],"curies":[{"name":"wp","href":"https:\/\/api.w.org\/{rel}","templated":true}]}}