{"id":3371536,"date":"2025-03-07T11:05:03","date_gmt":"2025-03-07T09:05:03","guid":{"rendered":"https:\/\/tallinndesignhouse.com\/toode\/top-nyxa\/"},"modified":"2026-04-29T00:57:32","modified_gmt":"2026-04-28T21:57:32","slug":"top-nyxa","status":"publish","type":"product","link":"https:\/\/tallinndesignhouse.com\/en\/toode\/top-nyxa\/","title":{"rendered":"Nyxa top"},"content":{"rendered":"<p>Top Nyxa by Liisa Kanem\u00e4gi. The silk keeps it skin-friendly, the fluff keeps it interesting. Perfect for nights out and making people wonder if they should touch it (they probably will). Handmade in Estonia: Crafted from premium quality yarn. Sustainable Craftsmanship: Made using a fully-fashioned knitting method, which means very low waste. Signature one-of-a-kind knit. Material: 65% cruelly free silk, 35% polyamide &#8211; silk brings skin- friendly luxury, polyamide brings the fluff factor. Cruelty-free silk, also known as peace silk or Ahimsa silk, is produced without harming silkworms, allowing them to complete their natural lifecycle. Care Instructions: Hand wash or dry clean; iron on low temperature.<\/p>\n","protected":false},"excerpt":{"rendered":"<p>Top Nyxa by Liisa Kanem\u00e4gi. The silk keeps it skin-friendly, the fluff keeps it interesting. Perfect for nights out and making people wonder if they should touch it (they probably will). Handmade in Estonia: Crafted from premium quality yarn. Sustainable Craftsmanship: Made using a fully-fashioned knitting method, which means very low waste. Signature one-of-a-kind knit. [&hellip;]<\/p>\n","protected":false},"featured_media":3371563,"template":"","meta":{"_acf_changed":false},"product_brand":[],"product_cat":[2078,2837],"product_tag":[2818],"class_list":{"0":"post-3371536","1":"product","2":"type-product","3":"status-publish","4":"has-post-thumbnail","6":"product_cat-knitwear","7":"product_cat-clothes","8":"product_tag-naised","9":"pa_brand-liisakanemagi-en","11":"pa_suurus-s-en","13":"pa_varv-must","14":"pa_varv-must-valge","18":"first","19":"instock","20":"taxable","21":"shipping-taxable","22":"purchasable","23":"product-type-variable"},"acf":[],"yoast_head":"<!-- This site is optimized with the Yoast SEO plugin v26.0 - https:\/\/yoast.com\/wordpress\/plugins\/seo\/ -->\n<title>Liisa Kanem\u00e4gi Nyxa top - Tallinn Design House<\/title>\n<meta name=\"description\" content=\"Liisa Kanem\u00e4gi top Nyxa. Materjal: 65% julmusevaba siid, 35% pol\u00fcamiid \u2013 siid annab luksusliku pehmuse, pol\u00fcamiid lisab kohevust.\" \/>\n<meta name=\"robots\" content=\"index, follow, max-snippet:-1, max-image-preview:large, max-video-preview:-1\" \/>\n<link rel=\"canonical\" href=\"https:\/\/tallinndesignhouse.com\/toode\/top-nyxa\/\" \/>\n<meta property=\"og:locale\" content=\"en_US\" \/>\n<meta property=\"og:type\" content=\"article\" \/>\n<meta property=\"og:title\" content=\"Liisa Kanem\u00e4gi Nyxa top - Tallinn Design House\" \/>\n<meta property=\"og:description\" content=\"Liisa Kanem\u00e4gi top Nyxa. Materjal: 65% julmusevaba siid, 35% pol\u00fcamiid \u2013 siid annab luksusliku pehmuse, pol\u00fcamiid lisab kohevust.\" \/>\n<meta property=\"og:url\" content=\"https:\/\/tallinndesignhouse.com\/toode\/top-nyxa\/\" \/>\n<meta property=\"og:site_name\" content=\"Tallinn Design House\" \/>\n<meta property=\"article:modified_time\" content=\"2026-04-28T21:57:32+00:00\" \/>\n<meta property=\"og:image\" content=\"https:\/\/tallinndesignhouse.com\/wp-content\/uploads\/2025\/03\/Liisa-Kanemagi-top-Nyxa_6.jpg\" \/>\n\t<meta property=\"og:image:width\" content=\"1080\" \/>\n\t<meta property=\"og:image:height\" content=\"1350\" \/>\n\t<meta property=\"og:image:type\" content=\"image\/jpeg\" \/>\n<meta name=\"twitter:card\" content=\"summary_large_image\" \/>\n<meta name=\"twitter:label1\" content=\"Est. reading time\" \/>\n\t<meta name=\"twitter:data1\" content=\"1 minute\" \/>\n<script type=\"application\/ld+json\" class=\"yoast-schema-graph\">{\"@context\":\"https:\/\/schema.org\",\"@graph\":[{\"@type\":\"WebPage\",\"@id\":\"https:\/\/tallinndesignhouse.com\/toode\/top-nyxa\/\",\"url\":\"https:\/\/tallinndesignhouse.com\/toode\/top-nyxa\/\",\"name\":\"Liisa Kanem\u00e4gi Nyxa top - Tallinn Design House\",\"isPartOf\":{\"@id\":\"https:\/\/tallinndesignhouse.com\/#website\"},\"primaryImageOfPage\":{\"@id\":\"https:\/\/tallinndesignhouse.com\/toode\/top-nyxa\/#primaryimage\"},\"image\":{\"@id\":\"https:\/\/tallinndesignhouse.com\/toode\/top-nyxa\/#primaryimage\"},\"thumbnailUrl\":\"https:\/\/tallinndesignhouse.com\/wp-content\/uploads\/2025\/03\/Liisa-Kanemagi-top-Nyxa_6.jpg\",\"datePublished\":\"2025-03-07T09:05:03+00:00\",\"dateModified\":\"2026-04-28T21:57:32+00:00\",\"description\":\"Liisa Kanem\u00e4gi top Nyxa. Materjal: 65% julmusevaba siid, 35% pol\u00fcamiid \u2013 siid annab luksusliku pehmuse, pol\u00fcamiid lisab kohevust.\",\"breadcrumb\":{\"@id\":\"https:\/\/tallinndesignhouse.com\/toode\/top-nyxa\/#breadcrumb\"},\"inLanguage\":\"en-US\",\"potentialAction\":[{\"@type\":\"ReadAction\",\"target\":[\"https:\/\/tallinndesignhouse.com\/toode\/top-nyxa\/\"]}]},{\"@type\":\"ImageObject\",\"inLanguage\":\"en-US\",\"@id\":\"https:\/\/tallinndesignhouse.com\/toode\/top-nyxa\/#primaryimage\",\"url\":\"https:\/\/tallinndesignhouse.com\/wp-content\/uploads\/2025\/03\/Liisa-Kanemagi-top-Nyxa_6.jpg\",\"contentUrl\":\"https:\/\/tallinndesignhouse.com\/wp-content\/uploads\/2025\/03\/Liisa-Kanemagi-top-Nyxa_6.jpg\",\"width\":1080,\"height\":1350,\"caption\":\"Liisa Kanema\u0308gi top Nyxa_6\"},{\"@type\":\"BreadcrumbList\",\"@id\":\"https:\/\/tallinndesignhouse.com\/toode\/top-nyxa\/#breadcrumb\",\"itemListElement\":[{\"@type\":\"ListItem\",\"position\":1,\"name\":\"Home\",\"item\":\"https:\/\/tallinndesignhouse.com\/en\/\"},{\"@type\":\"ListItem\",\"position\":2,\"name\":\"Shop\",\"item\":\"https:\/\/tallinndesignhouse.com\/en\/shop\/\"},{\"@type\":\"ListItem\",\"position\":3,\"name\":\"Nyxa top\"}]},{\"@type\":\"WebSite\",\"@id\":\"https:\/\/tallinndesignhouse.com\/#website\",\"url\":\"https:\/\/tallinndesignhouse.com\/\",\"name\":\"Tallinn Design House\",\"description\":\"Eesti disain Rotermanni kvartalis\",\"potentialAction\":[{\"@type\":\"SearchAction\",\"target\":{\"@type\":\"EntryPoint\",\"urlTemplate\":\"https:\/\/tallinndesignhouse.com\/?s={search_term_string}\"},\"query-input\":{\"@type\":\"PropertyValueSpecification\",\"valueRequired\":true,\"valueName\":\"search_term_string\"}}],\"inLanguage\":\"en-US\"}]}<\/script>\n<!-- \/ Yoast SEO plugin. -->","yoast_head_json":{"title":"Liisa Kanem\u00e4gi Nyxa top - Tallinn Design House","description":"Liisa Kanem\u00e4gi top Nyxa. Materjal: 65% julmusevaba siid, 35% pol\u00fcamiid \u2013 siid annab luksusliku pehmuse, pol\u00fcamiid lisab kohevust.","robots":{"index":"index","follow":"follow","max-snippet":"max-snippet:-1","max-image-preview":"max-image-preview:large","max-video-preview":"max-video-preview:-1"},"canonical":"https:\/\/tallinndesignhouse.com\/toode\/top-nyxa\/","og_locale":"en_US","og_type":"article","og_title":"Liisa Kanem\u00e4gi Nyxa top - Tallinn Design House","og_description":"Liisa Kanem\u00e4gi top Nyxa. Materjal: 65% julmusevaba siid, 35% pol\u00fcamiid \u2013 siid annab luksusliku pehmuse, pol\u00fcamiid lisab kohevust.","og_url":"https:\/\/tallinndesignhouse.com\/toode\/top-nyxa\/","og_site_name":"Tallinn Design House","article_modified_time":"2026-04-28T21:57:32+00:00","og_image":[{"width":1080,"height":1350,"url":"https:\/\/tallinndesignhouse.com\/wp-content\/uploads\/2025\/03\/Liisa-Kanemagi-top-Nyxa_6.jpg","type":"image\/jpeg"}],"twitter_card":"summary_large_image","twitter_misc":{"Est. reading time":"1 minute"},"schema":{"@context":"https:\/\/schema.org","@graph":[{"@type":"WebPage","@id":"https:\/\/tallinndesignhouse.com\/toode\/top-nyxa\/","url":"https:\/\/tallinndesignhouse.com\/toode\/top-nyxa\/","name":"Liisa Kanem\u00e4gi Nyxa top - Tallinn Design House","isPartOf":{"@id":"https:\/\/tallinndesignhouse.com\/#website"},"primaryImageOfPage":{"@id":"https:\/\/tallinndesignhouse.com\/toode\/top-nyxa\/#primaryimage"},"image":{"@id":"https:\/\/tallinndesignhouse.com\/toode\/top-nyxa\/#primaryimage"},"thumbnailUrl":"https:\/\/tallinndesignhouse.com\/wp-content\/uploads\/2025\/03\/Liisa-Kanemagi-top-Nyxa_6.jpg","datePublished":"2025-03-07T09:05:03+00:00","dateModified":"2026-04-28T21:57:32+00:00","description":"Liisa Kanem\u00e4gi top Nyxa. Materjal: 65% julmusevaba siid, 35% pol\u00fcamiid \u2013 siid annab luksusliku pehmuse, pol\u00fcamiid lisab kohevust.","breadcrumb":{"@id":"https:\/\/tallinndesignhouse.com\/toode\/top-nyxa\/#breadcrumb"},"inLanguage":"en-US","potentialAction":[{"@type":"ReadAction","target":["https:\/\/tallinndesignhouse.com\/toode\/top-nyxa\/"]}]},{"@type":"ImageObject","inLanguage":"en-US","@id":"https:\/\/tallinndesignhouse.com\/toode\/top-nyxa\/#primaryimage","url":"https:\/\/tallinndesignhouse.com\/wp-content\/uploads\/2025\/03\/Liisa-Kanemagi-top-Nyxa_6.jpg","contentUrl":"https:\/\/tallinndesignhouse.com\/wp-content\/uploads\/2025\/03\/Liisa-Kanemagi-top-Nyxa_6.jpg","width":1080,"height":1350,"caption":"Liisa Kanema\u0308gi top Nyxa_6"},{"@type":"BreadcrumbList","@id":"https:\/\/tallinndesignhouse.com\/toode\/top-nyxa\/#breadcrumb","itemListElement":[{"@type":"ListItem","position":1,"name":"Home","item":"https:\/\/tallinndesignhouse.com\/en\/"},{"@type":"ListItem","position":2,"name":"Shop","item":"https:\/\/tallinndesignhouse.com\/en\/shop\/"},{"@type":"ListItem","position":3,"name":"Nyxa top"}]},{"@type":"WebSite","@id":"https:\/\/tallinndesignhouse.com\/#website","url":"https:\/\/tallinndesignhouse.com\/","name":"Tallinn Design House","description":"Eesti disain Rotermanni kvartalis","potentialAction":[{"@type":"SearchAction","target":{"@type":"EntryPoint","urlTemplate":"https:\/\/tallinndesignhouse.com\/?s={search_term_string}"},"query-input":{"@type":"PropertyValueSpecification","valueRequired":true,"valueName":"search_term_string"}}],"inLanguage":"en-US"}]}},"_links":{"self":[{"href":"https:\/\/tallinndesignhouse.com\/en\/wp-json\/wp\/v2\/product\/3371536","targetHints":{"allow":["GET"]}}],"collection":[{"href":"https:\/\/tallinndesignhouse.com\/en\/wp-json\/wp\/v2\/product"}],"about":[{"href":"https:\/\/tallinndesignhouse.com\/en\/wp-json\/wp\/v2\/types\/product"}],"wp:featuredmedia":[{"embeddable":true,"href":"https:\/\/tallinndesignhouse.com\/en\/wp-json\/wp\/v2\/media\/3371563"}],"wp:attachment":[{"href":"https:\/\/tallinndesignhouse.com\/en\/wp-json\/wp\/v2\/media?parent=3371536"}],"wp:term":[{"taxonomy":"product_brand","embeddable":true,"href":"https:\/\/tallinndesignhouse.com\/en\/wp-json\/wp\/v2\/product_brand?post=3371536"},{"taxonomy":"product_cat","embeddable":true,"href":"https:\/\/tallinndesignhouse.com\/en\/wp-json\/wp\/v2\/product_cat?post=3371536"},{"taxonomy":"product_tag","embeddable":true,"href":"https:\/\/tallinndesignhouse.com\/en\/wp-json\/wp\/v2\/product_tag?post=3371536"}],"curies":[{"name":"wp","href":"https:\/\/api.w.org\/{rel}","templated":true}]}}