{"id":3371777,"date":"2025-03-09T09:50:08","date_gmt":"2025-03-09T07:50:08","guid":{"rendered":"https:\/\/tallinndesignhouse.com\/toode\/polar-black-pearl-korvarongad\/"},"modified":"2026-04-29T01:01:24","modified_gmt":"2026-04-28T22:01:24","slug":"polar-black-pearl-korvarongad","status":"publish","type":"product","link":"https:\/\/tallinndesignhouse.com\/en\/toode\/polar-black-pearl-korvarongad\/","title":{"rendered":"Polar Black Pearl Earrings"},"content":{"rendered":"<p>Polar Black Pearl earrings by NRTN. Introducing Stellar Drift, the latest capsule collection from collection DRIFT by NRTN. Inspired by the celestial choreography of stars in expanding galaxies, this capsule collection combines modern elegance with abstract curves. Each piece captures the essence of cosmic motion, offering a visual symphony that elevates your style. Embrace the allure of Stellar Drift\u2014a celebration of wandering beauty inspired by the motion of stars. Materials: Freshwater pearls, Powder-coated brass, Silver 925. Size: 22 \u00d7 22 \u00d7 6 mm \/each. Weight: 4.6 g \/pair.<\/p>\n","protected":false},"excerpt":{"rendered":"<p>Polar Black Pearl earrings by NRTN. Introducing Stellar Drift, the latest capsule collection from collection DRIFT by NRTN. Inspired by the celestial choreography of stars in expanding galaxies, this capsule collection combines modern elegance with abstract curves. Each piece captures the essence of cosmic motion, offering a visual symphony that elevates your style. Embrace the [&hellip;]<\/p>\n","protected":false},"featured_media":3371803,"template":"","meta":{"_acf_changed":false},"product_brand":[],"product_cat":[876,116,3717],"product_tag":[2818],"class_list":{"0":"post-3371777","1":"product","2":"type-product","3":"status-publish","4":"has-post-thumbnail","6":"product_cat-korvarongad","7":"product_cat-ehted","8":"product_cat-kevadised-tooted","9":"product_tag-naised","10":"pa_brand-nrtn","12":"first","13":"instock","14":"taxable","15":"shipping-taxable","16":"purchasable","17":"product-type-simple"},"acf":[],"yoast_head":"<!-- This site is optimized with the Yoast SEO plugin v26.0 - https:\/\/yoast.com\/wordpress\/plugins\/seo\/ -->\n<title>NRTN Polar Black Pearl Earrings - Tallinn Design House<\/title>\n<meta name=\"description\" content=\"NRTN Polar Black Pearl k\u00f5rvar\u00f5ngad. Materjalid: mageveep\u00e4rlid, pulberv\u00e4rvitud messing, 925 h\u00f5be. Suurus: 22 \u00d7 22 \u00d7 6 mm (iga k\u00f5rvar\u00f5ngas). Kaal: 4,6 g (paar).\" \/>\n<meta name=\"robots\" content=\"index, follow, max-snippet:-1, max-image-preview:large, max-video-preview:-1\" \/>\n<link rel=\"canonical\" href=\"https:\/\/tallinndesignhouse.com\/toode\/polar-black-pearl-korvarongad\/\" \/>\n<meta property=\"og:locale\" content=\"en_US\" \/>\n<meta property=\"og:type\" content=\"article\" \/>\n<meta property=\"og:title\" content=\"NRTN Polar Black Pearl Earrings - Tallinn Design House\" \/>\n<meta property=\"og:description\" content=\"NRTN Polar Black Pearl k\u00f5rvar\u00f5ngad. Materjalid: mageveep\u00e4rlid, pulberv\u00e4rvitud messing, 925 h\u00f5be. Suurus: 22 \u00d7 22 \u00d7 6 mm (iga k\u00f5rvar\u00f5ngas). Kaal: 4,6 g (paar).\" \/>\n<meta property=\"og:url\" content=\"https:\/\/tallinndesignhouse.com\/toode\/polar-black-pearl-korvarongad\/\" \/>\n<meta property=\"og:site_name\" content=\"Tallinn Design House\" \/>\n<meta property=\"article:modified_time\" content=\"2026-04-28T22:01:24+00:00\" \/>\n<meta property=\"og:image\" content=\"https:\/\/tallinndesignhouse.com\/wp-content\/uploads\/2025\/03\/NRTN-Polar-Black-Pearl-korvarongad_2.jpg\" \/>\n\t<meta property=\"og:image:width\" content=\"1080\" \/>\n\t<meta property=\"og:image:height\" content=\"1350\" \/>\n\t<meta property=\"og:image:type\" content=\"image\/jpeg\" \/>\n<meta name=\"twitter:card\" content=\"summary_large_image\" \/>\n<meta name=\"twitter:label1\" content=\"Est. reading time\" \/>\n\t<meta name=\"twitter:data1\" content=\"1 minute\" \/>\n<script type=\"application\/ld+json\" class=\"yoast-schema-graph\">{\"@context\":\"https:\/\/schema.org\",\"@graph\":[{\"@type\":\"WebPage\",\"@id\":\"https:\/\/tallinndesignhouse.com\/toode\/polar-black-pearl-korvarongad\/\",\"url\":\"https:\/\/tallinndesignhouse.com\/toode\/polar-black-pearl-korvarongad\/\",\"name\":\"NRTN Polar Black Pearl Earrings - Tallinn Design House\",\"isPartOf\":{\"@id\":\"https:\/\/tallinndesignhouse.com\/#website\"},\"primaryImageOfPage\":{\"@id\":\"https:\/\/tallinndesignhouse.com\/toode\/polar-black-pearl-korvarongad\/#primaryimage\"},\"image\":{\"@id\":\"https:\/\/tallinndesignhouse.com\/toode\/polar-black-pearl-korvarongad\/#primaryimage\"},\"thumbnailUrl\":\"https:\/\/tallinndesignhouse.com\/wp-content\/uploads\/2025\/03\/NRTN-Polar-Black-Pearl-korvarongad_2.jpg\",\"datePublished\":\"2025-03-09T07:50:08+00:00\",\"dateModified\":\"2026-04-28T22:01:24+00:00\",\"description\":\"NRTN Polar Black Pearl k\u00f5rvar\u00f5ngad. Materjalid: mageveep\u00e4rlid, pulberv\u00e4rvitud messing, 925 h\u00f5be. Suurus: 22 \u00d7 22 \u00d7 6 mm (iga k\u00f5rvar\u00f5ngas). Kaal: 4,6 g (paar).\",\"breadcrumb\":{\"@id\":\"https:\/\/tallinndesignhouse.com\/toode\/polar-black-pearl-korvarongad\/#breadcrumb\"},\"inLanguage\":\"en-US\",\"potentialAction\":[{\"@type\":\"ReadAction\",\"target\":[\"https:\/\/tallinndesignhouse.com\/toode\/polar-black-pearl-korvarongad\/\"]}]},{\"@type\":\"ImageObject\",\"inLanguage\":\"en-US\",\"@id\":\"https:\/\/tallinndesignhouse.com\/toode\/polar-black-pearl-korvarongad\/#primaryimage\",\"url\":\"https:\/\/tallinndesignhouse.com\/wp-content\/uploads\/2025\/03\/NRTN-Polar-Black-Pearl-korvarongad_2.jpg\",\"contentUrl\":\"https:\/\/tallinndesignhouse.com\/wp-content\/uploads\/2025\/03\/NRTN-Polar-Black-Pearl-korvarongad_2.jpg\",\"width\":1080,\"height\":1350,\"caption\":\"NRTN Polar Black Pearl ko\u0303rvaro\u0303ngad_2\"},{\"@type\":\"BreadcrumbList\",\"@id\":\"https:\/\/tallinndesignhouse.com\/toode\/polar-black-pearl-korvarongad\/#breadcrumb\",\"itemListElement\":[{\"@type\":\"ListItem\",\"position\":1,\"name\":\"Home\",\"item\":\"https:\/\/tallinndesignhouse.com\/en\/\"},{\"@type\":\"ListItem\",\"position\":2,\"name\":\"Shop\",\"item\":\"https:\/\/tallinndesignhouse.com\/en\/shop\/\"},{\"@type\":\"ListItem\",\"position\":3,\"name\":\"Polar Black Pearl Earrings\"}]},{\"@type\":\"WebSite\",\"@id\":\"https:\/\/tallinndesignhouse.com\/#website\",\"url\":\"https:\/\/tallinndesignhouse.com\/\",\"name\":\"Tallinn Design House\",\"description\":\"Eesti disain Rotermanni kvartalis\",\"potentialAction\":[{\"@type\":\"SearchAction\",\"target\":{\"@type\":\"EntryPoint\",\"urlTemplate\":\"https:\/\/tallinndesignhouse.com\/?s={search_term_string}\"},\"query-input\":{\"@type\":\"PropertyValueSpecification\",\"valueRequired\":true,\"valueName\":\"search_term_string\"}}],\"inLanguage\":\"en-US\"}]}<\/script>\n<!-- \/ Yoast SEO plugin. -->","yoast_head_json":{"title":"NRTN Polar Black Pearl Earrings - Tallinn Design House","description":"NRTN Polar Black Pearl k\u00f5rvar\u00f5ngad. Materjalid: mageveep\u00e4rlid, pulberv\u00e4rvitud messing, 925 h\u00f5be. Suurus: 22 \u00d7 22 \u00d7 6 mm (iga k\u00f5rvar\u00f5ngas). Kaal: 4,6 g (paar).","robots":{"index":"index","follow":"follow","max-snippet":"max-snippet:-1","max-image-preview":"max-image-preview:large","max-video-preview":"max-video-preview:-1"},"canonical":"https:\/\/tallinndesignhouse.com\/toode\/polar-black-pearl-korvarongad\/","og_locale":"en_US","og_type":"article","og_title":"NRTN Polar Black Pearl Earrings - Tallinn Design House","og_description":"NRTN Polar Black Pearl k\u00f5rvar\u00f5ngad. Materjalid: mageveep\u00e4rlid, pulberv\u00e4rvitud messing, 925 h\u00f5be. Suurus: 22 \u00d7 22 \u00d7 6 mm (iga k\u00f5rvar\u00f5ngas). Kaal: 4,6 g (paar).","og_url":"https:\/\/tallinndesignhouse.com\/toode\/polar-black-pearl-korvarongad\/","og_site_name":"Tallinn Design House","article_modified_time":"2026-04-28T22:01:24+00:00","og_image":[{"width":1080,"height":1350,"url":"https:\/\/tallinndesignhouse.com\/wp-content\/uploads\/2025\/03\/NRTN-Polar-Black-Pearl-korvarongad_2.jpg","type":"image\/jpeg"}],"twitter_card":"summary_large_image","twitter_misc":{"Est. reading time":"1 minute"},"schema":{"@context":"https:\/\/schema.org","@graph":[{"@type":"WebPage","@id":"https:\/\/tallinndesignhouse.com\/toode\/polar-black-pearl-korvarongad\/","url":"https:\/\/tallinndesignhouse.com\/toode\/polar-black-pearl-korvarongad\/","name":"NRTN Polar Black Pearl Earrings - Tallinn Design House","isPartOf":{"@id":"https:\/\/tallinndesignhouse.com\/#website"},"primaryImageOfPage":{"@id":"https:\/\/tallinndesignhouse.com\/toode\/polar-black-pearl-korvarongad\/#primaryimage"},"image":{"@id":"https:\/\/tallinndesignhouse.com\/toode\/polar-black-pearl-korvarongad\/#primaryimage"},"thumbnailUrl":"https:\/\/tallinndesignhouse.com\/wp-content\/uploads\/2025\/03\/NRTN-Polar-Black-Pearl-korvarongad_2.jpg","datePublished":"2025-03-09T07:50:08+00:00","dateModified":"2026-04-28T22:01:24+00:00","description":"NRTN Polar Black Pearl k\u00f5rvar\u00f5ngad. Materjalid: mageveep\u00e4rlid, pulberv\u00e4rvitud messing, 925 h\u00f5be. Suurus: 22 \u00d7 22 \u00d7 6 mm (iga k\u00f5rvar\u00f5ngas). Kaal: 4,6 g (paar).","breadcrumb":{"@id":"https:\/\/tallinndesignhouse.com\/toode\/polar-black-pearl-korvarongad\/#breadcrumb"},"inLanguage":"en-US","potentialAction":[{"@type":"ReadAction","target":["https:\/\/tallinndesignhouse.com\/toode\/polar-black-pearl-korvarongad\/"]}]},{"@type":"ImageObject","inLanguage":"en-US","@id":"https:\/\/tallinndesignhouse.com\/toode\/polar-black-pearl-korvarongad\/#primaryimage","url":"https:\/\/tallinndesignhouse.com\/wp-content\/uploads\/2025\/03\/NRTN-Polar-Black-Pearl-korvarongad_2.jpg","contentUrl":"https:\/\/tallinndesignhouse.com\/wp-content\/uploads\/2025\/03\/NRTN-Polar-Black-Pearl-korvarongad_2.jpg","width":1080,"height":1350,"caption":"NRTN Polar Black Pearl ko\u0303rvaro\u0303ngad_2"},{"@type":"BreadcrumbList","@id":"https:\/\/tallinndesignhouse.com\/toode\/polar-black-pearl-korvarongad\/#breadcrumb","itemListElement":[{"@type":"ListItem","position":1,"name":"Home","item":"https:\/\/tallinndesignhouse.com\/en\/"},{"@type":"ListItem","position":2,"name":"Shop","item":"https:\/\/tallinndesignhouse.com\/en\/shop\/"},{"@type":"ListItem","position":3,"name":"Polar Black Pearl Earrings"}]},{"@type":"WebSite","@id":"https:\/\/tallinndesignhouse.com\/#website","url":"https:\/\/tallinndesignhouse.com\/","name":"Tallinn Design House","description":"Eesti disain Rotermanni kvartalis","potentialAction":[{"@type":"SearchAction","target":{"@type":"EntryPoint","urlTemplate":"https:\/\/tallinndesignhouse.com\/?s={search_term_string}"},"query-input":{"@type":"PropertyValueSpecification","valueRequired":true,"valueName":"search_term_string"}}],"inLanguage":"en-US"}]}},"_links":{"self":[{"href":"https:\/\/tallinndesignhouse.com\/en\/wp-json\/wp\/v2\/product\/3371777","targetHints":{"allow":["GET"]}}],"collection":[{"href":"https:\/\/tallinndesignhouse.com\/en\/wp-json\/wp\/v2\/product"}],"about":[{"href":"https:\/\/tallinndesignhouse.com\/en\/wp-json\/wp\/v2\/types\/product"}],"wp:featuredmedia":[{"embeddable":true,"href":"https:\/\/tallinndesignhouse.com\/en\/wp-json\/wp\/v2\/media\/3371803"}],"wp:attachment":[{"href":"https:\/\/tallinndesignhouse.com\/en\/wp-json\/wp\/v2\/media?parent=3371777"}],"wp:term":[{"taxonomy":"product_brand","embeddable":true,"href":"https:\/\/tallinndesignhouse.com\/en\/wp-json\/wp\/v2\/product_brand?post=3371777"},{"taxonomy":"product_cat","embeddable":true,"href":"https:\/\/tallinndesignhouse.com\/en\/wp-json\/wp\/v2\/product_cat?post=3371777"},{"taxonomy":"product_tag","embeddable":true,"href":"https:\/\/tallinndesignhouse.com\/en\/wp-json\/wp\/v2\/product_tag?post=3371777"}],"curies":[{"name":"wp","href":"https:\/\/api.w.org\/{rel}","templated":true}]}}