{"id":3371918,"date":"2025-03-10T18:50:03","date_gmt":"2025-03-10T16:50:03","guid":{"rendered":"https:\/\/tallinndesignhouse.com\/toode\/lina-villased-puksid-hazel\/"},"modified":"2026-05-14T01:00:11","modified_gmt":"2026-05-13T22:00:11","slug":"lina-villased-puksid-hazel","status":"publish","type":"product","link":"https:\/\/tallinndesignhouse.com\/en\/toode\/lina-villased-puksid-hazel\/","title":{"rendered":"Linen Wool Pants Hazel"},"content":{"rendered":"<p>The Linen Wool pants Hazel by Muulin are a wide-leg everyday option for the conscious woman. The front is fastened with a zipper and two buttons, it has two side pockets and the fabric is soft and skin-friendly. The basic design gives you the possibility to mix and match different outfits and the cut is made to be relaxed and comfortable. Hazel is made to be the basic pant carrying the quality you deserve in your wardrobe. Model height 170 cm \u2013 wearing size S. Fabric: softened 85% linen \/ 15%  wool (oeko-tex), lining: 100% natural viscose.<\/p>\n","protected":false},"excerpt":{"rendered":"<p>The Linen Wool pants Hazel by Muulin are a wide-leg everyday option for the conscious woman. The front is fastened with a zipper and two buttons, it has two side pockets and the fabric is soft and skin-friendly. The basic design gives you the possibility to mix and match different outfits and the cut is [&hellip;]<\/p>\n","protected":false},"featured_media":3371956,"template":"","meta":{"_acf_changed":false},"product_brand":[],"product_cat":[2837,2013],"product_tag":[2819],"class_list":{"0":"post-3371918","1":"product","2":"type-product","3":"status-publish","4":"has-post-thumbnail","6":"product_cat-clothes","7":"product_cat-pants","8":"product_tag-women","9":"pa_brand-muulin-en","11":"pa_suurus-l-en","12":"pa_suurus-m-en","13":"pa_suurus-s-en","18":"first","19":"instock","20":"taxable","21":"shipping-taxable","22":"purchasable","23":"product-type-variable"},"acf":[],"yoast_head":"<!-- This site is optimized with the Yoast SEO plugin v26.0 - https:\/\/yoast.com\/wordpress\/plugins\/seo\/ -->\n<title>Muulin Linen Wool Pants Hazel - Tallinn Design House<\/title>\n<meta name=\"description\" content=\"Muulin lina-villased p\u00fcksid Hazel. Kvaliteetselt k\u00e4sit\u00f6\u00f6na valmistatud p\u00fcksid on vajalik lisa sinu garderoobile.\" \/>\n<meta name=\"robots\" content=\"index, follow, max-snippet:-1, max-image-preview:large, max-video-preview:-1\" \/>\n<link rel=\"canonical\" href=\"https:\/\/tallinndesignhouse.com\/toode\/lina-villased-puksid-hazel\/\" \/>\n<meta property=\"og:locale\" content=\"en_US\" \/>\n<meta property=\"og:type\" content=\"article\" \/>\n<meta property=\"og:title\" content=\"Muulin Linen Wool Pants Hazel - Tallinn Design House\" \/>\n<meta property=\"og:description\" content=\"Muulin lina-villased p\u00fcksid Hazel. Kvaliteetselt k\u00e4sit\u00f6\u00f6na valmistatud p\u00fcksid on vajalik lisa sinu garderoobile.\" \/>\n<meta property=\"og:url\" content=\"https:\/\/tallinndesignhouse.com\/toode\/lina-villased-puksid-hazel\/\" \/>\n<meta property=\"og:site_name\" content=\"Tallinn Design House\" \/>\n<meta property=\"article:modified_time\" content=\"2026-05-13T22:00:11+00:00\" \/>\n<meta property=\"og:image\" content=\"https:\/\/tallinndesignhouse.com\/wp-content\/uploads\/2025\/03\/Muulin-lina-villased-puksid-Hazel_4.jpg\" \/>\n\t<meta property=\"og:image:width\" content=\"1080\" \/>\n\t<meta property=\"og:image:height\" content=\"1350\" \/>\n\t<meta property=\"og:image:type\" content=\"image\/jpeg\" \/>\n<meta name=\"twitter:card\" content=\"summary_large_image\" \/>\n<script type=\"application\/ld+json\" class=\"yoast-schema-graph\">{\"@context\":\"https:\/\/schema.org\",\"@graph\":[{\"@type\":\"WebPage\",\"@id\":\"https:\/\/tallinndesignhouse.com\/toode\/lina-villased-puksid-hazel\/\",\"url\":\"https:\/\/tallinndesignhouse.com\/toode\/lina-villased-puksid-hazel\/\",\"name\":\"Muulin Linen Wool Pants Hazel - Tallinn Design House\",\"isPartOf\":{\"@id\":\"https:\/\/tallinndesignhouse.com\/#website\"},\"primaryImageOfPage\":{\"@id\":\"https:\/\/tallinndesignhouse.com\/toode\/lina-villased-puksid-hazel\/#primaryimage\"},\"image\":{\"@id\":\"https:\/\/tallinndesignhouse.com\/toode\/lina-villased-puksid-hazel\/#primaryimage\"},\"thumbnailUrl\":\"https:\/\/tallinndesignhouse.com\/wp-content\/uploads\/2025\/03\/Muulin-lina-villased-puksid-Hazel_4.jpg\",\"datePublished\":\"2025-03-10T16:50:03+00:00\",\"dateModified\":\"2026-05-13T22:00:11+00:00\",\"description\":\"Muulin lina-villased p\u00fcksid Hazel. Kvaliteetselt k\u00e4sit\u00f6\u00f6na valmistatud p\u00fcksid on vajalik lisa sinu garderoobile.\",\"breadcrumb\":{\"@id\":\"https:\/\/tallinndesignhouse.com\/toode\/lina-villased-puksid-hazel\/#breadcrumb\"},\"inLanguage\":\"en-US\",\"potentialAction\":[{\"@type\":\"ReadAction\",\"target\":[\"https:\/\/tallinndesignhouse.com\/toode\/lina-villased-puksid-hazel\/\"]}]},{\"@type\":\"ImageObject\",\"inLanguage\":\"en-US\",\"@id\":\"https:\/\/tallinndesignhouse.com\/toode\/lina-villased-puksid-hazel\/#primaryimage\",\"url\":\"https:\/\/tallinndesignhouse.com\/wp-content\/uploads\/2025\/03\/Muulin-lina-villased-puksid-Hazel_4.jpg\",\"contentUrl\":\"https:\/\/tallinndesignhouse.com\/wp-content\/uploads\/2025\/03\/Muulin-lina-villased-puksid-Hazel_4.jpg\",\"width\":1080,\"height\":1350,\"caption\":\"Muulin lina-villased pu\u0308ksid Hazel_4\"},{\"@type\":\"BreadcrumbList\",\"@id\":\"https:\/\/tallinndesignhouse.com\/toode\/lina-villased-puksid-hazel\/#breadcrumb\",\"itemListElement\":[{\"@type\":\"ListItem\",\"position\":1,\"name\":\"Home\",\"item\":\"https:\/\/tallinndesignhouse.com\/en\/\"},{\"@type\":\"ListItem\",\"position\":2,\"name\":\"Shop\",\"item\":\"https:\/\/tallinndesignhouse.com\/en\/shop\/\"},{\"@type\":\"ListItem\",\"position\":3,\"name\":\"Linen Wool Pants Hazel\"}]},{\"@type\":\"WebSite\",\"@id\":\"https:\/\/tallinndesignhouse.com\/#website\",\"url\":\"https:\/\/tallinndesignhouse.com\/\",\"name\":\"Tallinn Design House\",\"description\":\"Eesti disain Rotermanni kvartalis\",\"potentialAction\":[{\"@type\":\"SearchAction\",\"target\":{\"@type\":\"EntryPoint\",\"urlTemplate\":\"https:\/\/tallinndesignhouse.com\/?s={search_term_string}\"},\"query-input\":{\"@type\":\"PropertyValueSpecification\",\"valueRequired\":true,\"valueName\":\"search_term_string\"}}],\"inLanguage\":\"en-US\"}]}<\/script>\n<!-- \/ Yoast SEO plugin. -->","yoast_head_json":{"title":"Muulin Linen Wool Pants Hazel - Tallinn Design House","description":"Muulin lina-villased p\u00fcksid Hazel. Kvaliteetselt k\u00e4sit\u00f6\u00f6na valmistatud p\u00fcksid on vajalik lisa sinu garderoobile.","robots":{"index":"index","follow":"follow","max-snippet":"max-snippet:-1","max-image-preview":"max-image-preview:large","max-video-preview":"max-video-preview:-1"},"canonical":"https:\/\/tallinndesignhouse.com\/toode\/lina-villased-puksid-hazel\/","og_locale":"en_US","og_type":"article","og_title":"Muulin Linen Wool Pants Hazel - Tallinn Design House","og_description":"Muulin lina-villased p\u00fcksid Hazel. Kvaliteetselt k\u00e4sit\u00f6\u00f6na valmistatud p\u00fcksid on vajalik lisa sinu garderoobile.","og_url":"https:\/\/tallinndesignhouse.com\/toode\/lina-villased-puksid-hazel\/","og_site_name":"Tallinn Design House","article_modified_time":"2026-05-13T22:00:11+00:00","og_image":[{"width":1080,"height":1350,"url":"https:\/\/tallinndesignhouse.com\/wp-content\/uploads\/2025\/03\/Muulin-lina-villased-puksid-Hazel_4.jpg","type":"image\/jpeg"}],"twitter_card":"summary_large_image","schema":{"@context":"https:\/\/schema.org","@graph":[{"@type":"WebPage","@id":"https:\/\/tallinndesignhouse.com\/toode\/lina-villased-puksid-hazel\/","url":"https:\/\/tallinndesignhouse.com\/toode\/lina-villased-puksid-hazel\/","name":"Muulin Linen Wool Pants Hazel - Tallinn Design House","isPartOf":{"@id":"https:\/\/tallinndesignhouse.com\/#website"},"primaryImageOfPage":{"@id":"https:\/\/tallinndesignhouse.com\/toode\/lina-villased-puksid-hazel\/#primaryimage"},"image":{"@id":"https:\/\/tallinndesignhouse.com\/toode\/lina-villased-puksid-hazel\/#primaryimage"},"thumbnailUrl":"https:\/\/tallinndesignhouse.com\/wp-content\/uploads\/2025\/03\/Muulin-lina-villased-puksid-Hazel_4.jpg","datePublished":"2025-03-10T16:50:03+00:00","dateModified":"2026-05-13T22:00:11+00:00","description":"Muulin lina-villased p\u00fcksid Hazel. Kvaliteetselt k\u00e4sit\u00f6\u00f6na valmistatud p\u00fcksid on vajalik lisa sinu garderoobile.","breadcrumb":{"@id":"https:\/\/tallinndesignhouse.com\/toode\/lina-villased-puksid-hazel\/#breadcrumb"},"inLanguage":"en-US","potentialAction":[{"@type":"ReadAction","target":["https:\/\/tallinndesignhouse.com\/toode\/lina-villased-puksid-hazel\/"]}]},{"@type":"ImageObject","inLanguage":"en-US","@id":"https:\/\/tallinndesignhouse.com\/toode\/lina-villased-puksid-hazel\/#primaryimage","url":"https:\/\/tallinndesignhouse.com\/wp-content\/uploads\/2025\/03\/Muulin-lina-villased-puksid-Hazel_4.jpg","contentUrl":"https:\/\/tallinndesignhouse.com\/wp-content\/uploads\/2025\/03\/Muulin-lina-villased-puksid-Hazel_4.jpg","width":1080,"height":1350,"caption":"Muulin lina-villased pu\u0308ksid Hazel_4"},{"@type":"BreadcrumbList","@id":"https:\/\/tallinndesignhouse.com\/toode\/lina-villased-puksid-hazel\/#breadcrumb","itemListElement":[{"@type":"ListItem","position":1,"name":"Home","item":"https:\/\/tallinndesignhouse.com\/en\/"},{"@type":"ListItem","position":2,"name":"Shop","item":"https:\/\/tallinndesignhouse.com\/en\/shop\/"},{"@type":"ListItem","position":3,"name":"Linen Wool Pants Hazel"}]},{"@type":"WebSite","@id":"https:\/\/tallinndesignhouse.com\/#website","url":"https:\/\/tallinndesignhouse.com\/","name":"Tallinn Design House","description":"Eesti disain Rotermanni kvartalis","potentialAction":[{"@type":"SearchAction","target":{"@type":"EntryPoint","urlTemplate":"https:\/\/tallinndesignhouse.com\/?s={search_term_string}"},"query-input":{"@type":"PropertyValueSpecification","valueRequired":true,"valueName":"search_term_string"}}],"inLanguage":"en-US"}]}},"_links":{"self":[{"href":"https:\/\/tallinndesignhouse.com\/en\/wp-json\/wp\/v2\/product\/3371918","targetHints":{"allow":["GET"]}}],"collection":[{"href":"https:\/\/tallinndesignhouse.com\/en\/wp-json\/wp\/v2\/product"}],"about":[{"href":"https:\/\/tallinndesignhouse.com\/en\/wp-json\/wp\/v2\/types\/product"}],"wp:featuredmedia":[{"embeddable":true,"href":"https:\/\/tallinndesignhouse.com\/en\/wp-json\/wp\/v2\/media\/3371956"}],"wp:attachment":[{"href":"https:\/\/tallinndesignhouse.com\/en\/wp-json\/wp\/v2\/media?parent=3371918"}],"wp:term":[{"taxonomy":"product_brand","embeddable":true,"href":"https:\/\/tallinndesignhouse.com\/en\/wp-json\/wp\/v2\/product_brand?post=3371918"},{"taxonomy":"product_cat","embeddable":true,"href":"https:\/\/tallinndesignhouse.com\/en\/wp-json\/wp\/v2\/product_cat?post=3371918"},{"taxonomy":"product_tag","embeddable":true,"href":"https:\/\/tallinndesignhouse.com\/en\/wp-json\/wp\/v2\/product_tag?post=3371918"}],"curies":[{"name":"wp","href":"https:\/\/api.w.org\/{rel}","templated":true}]}}