{"id":3372511,"date":"2025-03-17T14:05:04","date_gmt":"2025-03-17T12:05:04","guid":{"rendered":"https:\/\/tallinndesignhouse.com\/toode\/siidist-padjakate-lilleoie-karussell-sinine-unenagu-koos-sisupadjaga\/"},"modified":"2026-04-29T00:57:53","modified_gmt":"2026-04-28T21:57:53","slug":"siidist-padjakate-lilleoie-karussell-sinine-unenagu-koos-sisupadjaga","status":"publish","type":"product","link":"https:\/\/tallinndesignhouse.com\/en\/toode\/siidist-padjakate-lilleoie-karussell-sinine-unenagu-koos-sisupadjaga\/","title":{"rendered":"Flower Carousel Blue Dream Silk Cushion With Pillow Insert"},"content":{"rendered":"<p>This cheerful flower carousel brings the flowers, birds and magical fairytale into your home. Light peach colour cushion cover in size 45x45cm by K\u00e4tlin Kaljuvee. Silky black piping adds framing finish to the cushion, cover is with concealed zipper. We sell only the cushion cover in size 45x45cm, pillow is included. Material: 100% silk.<\/p>\n","protected":false},"excerpt":{"rendered":"<p>This cheerful flower carousel brings the flowers, birds and magical fairytale into your home. Light peach colour cushion cover in size 45x45cm by K\u00e4tlin Kaljuvee. Silky black piping adds framing finish to the cushion, cover is with concealed zipper. We sell only the cushion cover in size 45x45cm, pillow is included. Material: 100% silk.<\/p>\n","protected":false},"featured_media":3372517,"template":"","meta":{"_acf_changed":false},"product_brand":[],"product_cat":[892,875],"product_tag":[1828],"class_list":{"0":"post-3372511","1":"product","2":"type-product","3":"status-publish","4":"has-post-thumbnail","6":"product_cat-tekstiil","7":"product_cat-kodu","8":"product_tag-kodu","9":"pa_brand-katlin-kaljuvee","12":"first","13":"instock","14":"taxable","15":"shipping-taxable","16":"purchasable","17":"product-type-simple"},"acf":[],"yoast_head":"<!-- This site is optimized with the Yoast SEO plugin v26.0 - https:\/\/yoast.com\/wordpress\/plugins\/seo\/ -->\n<title>K\u00e4tlin Kaljuvee Flower Carousel Blue Dream Silk Cushion With Pillow Insert - Tallinn Design House<\/title>\n<meta name=\"description\" content=\"K\u00e4tlin Kaljuvee siidist padjakate Lille\u00f5ie Karussell Sinine Unen\u00e4gu koos sisupadjaga. P\u00fc\u00fcri sisse sobib padi suuruses 45x45cm. Materjal: 100% siid.\" \/>\n<meta name=\"robots\" content=\"index, follow, max-snippet:-1, max-image-preview:large, max-video-preview:-1\" \/>\n<link rel=\"canonical\" href=\"https:\/\/tallinndesignhouse.com\/toode\/siidist-padjakate-lilleoie-karussell-sinine-unenagu-koos-sisupadjaga\/\" \/>\n<meta property=\"og:locale\" content=\"en_US\" \/>\n<meta property=\"og:type\" content=\"article\" \/>\n<meta property=\"og:title\" content=\"K\u00e4tlin Kaljuvee Flower Carousel Blue Dream Silk Cushion With Pillow Insert - Tallinn Design House\" \/>\n<meta property=\"og:description\" content=\"K\u00e4tlin Kaljuvee siidist padjakate Lille\u00f5ie Karussell Sinine Unen\u00e4gu koos sisupadjaga. P\u00fc\u00fcri sisse sobib padi suuruses 45x45cm. Materjal: 100% siid.\" \/>\n<meta property=\"og:url\" content=\"https:\/\/tallinndesignhouse.com\/toode\/siidist-padjakate-lilleoie-karussell-sinine-unenagu-koos-sisupadjaga\/\" \/>\n<meta property=\"og:site_name\" content=\"Tallinn Design House\" \/>\n<meta property=\"article:modified_time\" content=\"2026-04-28T21:57:53+00:00\" \/>\n<meta property=\"og:image\" content=\"https:\/\/tallinndesignhouse.com\/wp-content\/uploads\/2025\/03\/Katlin-Kaljuvee_siidist-padjakate-Lilleoie-Karussell-Sinine-Unenagu_3.jpg\" \/>\n\t<meta property=\"og:image:width\" content=\"1080\" \/>\n\t<meta property=\"og:image:height\" content=\"1350\" \/>\n\t<meta property=\"og:image:type\" content=\"image\/jpeg\" \/>\n<meta name=\"twitter:card\" content=\"summary_large_image\" \/>\n<script type=\"application\/ld+json\" class=\"yoast-schema-graph\">{\"@context\":\"https:\/\/schema.org\",\"@graph\":[{\"@type\":\"WebPage\",\"@id\":\"https:\/\/tallinndesignhouse.com\/toode\/siidist-padjakate-lilleoie-karussell-sinine-unenagu-koos-sisupadjaga\/\",\"url\":\"https:\/\/tallinndesignhouse.com\/toode\/siidist-padjakate-lilleoie-karussell-sinine-unenagu-koos-sisupadjaga\/\",\"name\":\"K\u00e4tlin Kaljuvee Flower Carousel Blue Dream Silk Cushion With Pillow Insert - Tallinn Design House\",\"isPartOf\":{\"@id\":\"https:\/\/tallinndesignhouse.com\/#website\"},\"primaryImageOfPage\":{\"@id\":\"https:\/\/tallinndesignhouse.com\/toode\/siidist-padjakate-lilleoie-karussell-sinine-unenagu-koos-sisupadjaga\/#primaryimage\"},\"image\":{\"@id\":\"https:\/\/tallinndesignhouse.com\/toode\/siidist-padjakate-lilleoie-karussell-sinine-unenagu-koos-sisupadjaga\/#primaryimage\"},\"thumbnailUrl\":\"https:\/\/tallinndesignhouse.com\/wp-content\/uploads\/2025\/03\/Katlin-Kaljuvee_siidist-padjakate-Lilleoie-Karussell-Sinine-Unenagu_3.jpg\",\"datePublished\":\"2025-03-17T12:05:04+00:00\",\"dateModified\":\"2026-04-28T21:57:53+00:00\",\"description\":\"K\u00e4tlin Kaljuvee siidist padjakate Lille\u00f5ie Karussell Sinine Unen\u00e4gu koos sisupadjaga. P\u00fc\u00fcri sisse sobib padi suuruses 45x45cm. Materjal: 100% siid.\",\"breadcrumb\":{\"@id\":\"https:\/\/tallinndesignhouse.com\/toode\/siidist-padjakate-lilleoie-karussell-sinine-unenagu-koos-sisupadjaga\/#breadcrumb\"},\"inLanguage\":\"en-US\",\"potentialAction\":[{\"@type\":\"ReadAction\",\"target\":[\"https:\/\/tallinndesignhouse.com\/toode\/siidist-padjakate-lilleoie-karussell-sinine-unenagu-koos-sisupadjaga\/\"]}]},{\"@type\":\"ImageObject\",\"inLanguage\":\"en-US\",\"@id\":\"https:\/\/tallinndesignhouse.com\/toode\/siidist-padjakate-lilleoie-karussell-sinine-unenagu-koos-sisupadjaga\/#primaryimage\",\"url\":\"https:\/\/tallinndesignhouse.com\/wp-content\/uploads\/2025\/03\/Katlin-Kaljuvee_siidist-padjakate-Lilleoie-Karussell-Sinine-Unenagu_3.jpg\",\"contentUrl\":\"https:\/\/tallinndesignhouse.com\/wp-content\/uploads\/2025\/03\/Katlin-Kaljuvee_siidist-padjakate-Lilleoie-Karussell-Sinine-Unenagu_3.jpg\",\"width\":1080,\"height\":1350,\"caption\":\"Ka\u0308tlin Kaljuvee_siidist padjakate Lilleo\u0303ie Karussell Sinine Unena\u0308gu_3\"},{\"@type\":\"BreadcrumbList\",\"@id\":\"https:\/\/tallinndesignhouse.com\/toode\/siidist-padjakate-lilleoie-karussell-sinine-unenagu-koos-sisupadjaga\/#breadcrumb\",\"itemListElement\":[{\"@type\":\"ListItem\",\"position\":1,\"name\":\"Home\",\"item\":\"https:\/\/tallinndesignhouse.com\/en\/\"},{\"@type\":\"ListItem\",\"position\":2,\"name\":\"Shop\",\"item\":\"https:\/\/tallinndesignhouse.com\/en\/shop\/\"},{\"@type\":\"ListItem\",\"position\":3,\"name\":\"Flower Carousel Blue Dream Silk Cushion With Pillow Insert\"}]},{\"@type\":\"WebSite\",\"@id\":\"https:\/\/tallinndesignhouse.com\/#website\",\"url\":\"https:\/\/tallinndesignhouse.com\/\",\"name\":\"Tallinn Design House\",\"description\":\"Eesti disain Rotermanni kvartalis\",\"potentialAction\":[{\"@type\":\"SearchAction\",\"target\":{\"@type\":\"EntryPoint\",\"urlTemplate\":\"https:\/\/tallinndesignhouse.com\/?s={search_term_string}\"},\"query-input\":{\"@type\":\"PropertyValueSpecification\",\"valueRequired\":true,\"valueName\":\"search_term_string\"}}],\"inLanguage\":\"en-US\"}]}<\/script>\n<!-- \/ Yoast SEO plugin. -->","yoast_head_json":{"title":"K\u00e4tlin Kaljuvee Flower Carousel Blue Dream Silk Cushion With Pillow Insert - Tallinn Design House","description":"K\u00e4tlin Kaljuvee siidist padjakate Lille\u00f5ie Karussell Sinine Unen\u00e4gu koos sisupadjaga. P\u00fc\u00fcri sisse sobib padi suuruses 45x45cm. Materjal: 100% siid.","robots":{"index":"index","follow":"follow","max-snippet":"max-snippet:-1","max-image-preview":"max-image-preview:large","max-video-preview":"max-video-preview:-1"},"canonical":"https:\/\/tallinndesignhouse.com\/toode\/siidist-padjakate-lilleoie-karussell-sinine-unenagu-koos-sisupadjaga\/","og_locale":"en_US","og_type":"article","og_title":"K\u00e4tlin Kaljuvee Flower Carousel Blue Dream Silk Cushion With Pillow Insert - Tallinn Design House","og_description":"K\u00e4tlin Kaljuvee siidist padjakate Lille\u00f5ie Karussell Sinine Unen\u00e4gu koos sisupadjaga. P\u00fc\u00fcri sisse sobib padi suuruses 45x45cm. Materjal: 100% siid.","og_url":"https:\/\/tallinndesignhouse.com\/toode\/siidist-padjakate-lilleoie-karussell-sinine-unenagu-koos-sisupadjaga\/","og_site_name":"Tallinn Design House","article_modified_time":"2026-04-28T21:57:53+00:00","og_image":[{"width":1080,"height":1350,"url":"https:\/\/tallinndesignhouse.com\/wp-content\/uploads\/2025\/03\/Katlin-Kaljuvee_siidist-padjakate-Lilleoie-Karussell-Sinine-Unenagu_3.jpg","type":"image\/jpeg"}],"twitter_card":"summary_large_image","schema":{"@context":"https:\/\/schema.org","@graph":[{"@type":"WebPage","@id":"https:\/\/tallinndesignhouse.com\/toode\/siidist-padjakate-lilleoie-karussell-sinine-unenagu-koos-sisupadjaga\/","url":"https:\/\/tallinndesignhouse.com\/toode\/siidist-padjakate-lilleoie-karussell-sinine-unenagu-koos-sisupadjaga\/","name":"K\u00e4tlin Kaljuvee Flower Carousel Blue Dream Silk Cushion With Pillow Insert - Tallinn Design House","isPartOf":{"@id":"https:\/\/tallinndesignhouse.com\/#website"},"primaryImageOfPage":{"@id":"https:\/\/tallinndesignhouse.com\/toode\/siidist-padjakate-lilleoie-karussell-sinine-unenagu-koos-sisupadjaga\/#primaryimage"},"image":{"@id":"https:\/\/tallinndesignhouse.com\/toode\/siidist-padjakate-lilleoie-karussell-sinine-unenagu-koos-sisupadjaga\/#primaryimage"},"thumbnailUrl":"https:\/\/tallinndesignhouse.com\/wp-content\/uploads\/2025\/03\/Katlin-Kaljuvee_siidist-padjakate-Lilleoie-Karussell-Sinine-Unenagu_3.jpg","datePublished":"2025-03-17T12:05:04+00:00","dateModified":"2026-04-28T21:57:53+00:00","description":"K\u00e4tlin Kaljuvee siidist padjakate Lille\u00f5ie Karussell Sinine Unen\u00e4gu koos sisupadjaga. P\u00fc\u00fcri sisse sobib padi suuruses 45x45cm. Materjal: 100% siid.","breadcrumb":{"@id":"https:\/\/tallinndesignhouse.com\/toode\/siidist-padjakate-lilleoie-karussell-sinine-unenagu-koos-sisupadjaga\/#breadcrumb"},"inLanguage":"en-US","potentialAction":[{"@type":"ReadAction","target":["https:\/\/tallinndesignhouse.com\/toode\/siidist-padjakate-lilleoie-karussell-sinine-unenagu-koos-sisupadjaga\/"]}]},{"@type":"ImageObject","inLanguage":"en-US","@id":"https:\/\/tallinndesignhouse.com\/toode\/siidist-padjakate-lilleoie-karussell-sinine-unenagu-koos-sisupadjaga\/#primaryimage","url":"https:\/\/tallinndesignhouse.com\/wp-content\/uploads\/2025\/03\/Katlin-Kaljuvee_siidist-padjakate-Lilleoie-Karussell-Sinine-Unenagu_3.jpg","contentUrl":"https:\/\/tallinndesignhouse.com\/wp-content\/uploads\/2025\/03\/Katlin-Kaljuvee_siidist-padjakate-Lilleoie-Karussell-Sinine-Unenagu_3.jpg","width":1080,"height":1350,"caption":"Ka\u0308tlin Kaljuvee_siidist padjakate Lilleo\u0303ie Karussell Sinine Unena\u0308gu_3"},{"@type":"BreadcrumbList","@id":"https:\/\/tallinndesignhouse.com\/toode\/siidist-padjakate-lilleoie-karussell-sinine-unenagu-koos-sisupadjaga\/#breadcrumb","itemListElement":[{"@type":"ListItem","position":1,"name":"Home","item":"https:\/\/tallinndesignhouse.com\/en\/"},{"@type":"ListItem","position":2,"name":"Shop","item":"https:\/\/tallinndesignhouse.com\/en\/shop\/"},{"@type":"ListItem","position":3,"name":"Flower Carousel Blue Dream Silk Cushion With Pillow Insert"}]},{"@type":"WebSite","@id":"https:\/\/tallinndesignhouse.com\/#website","url":"https:\/\/tallinndesignhouse.com\/","name":"Tallinn Design House","description":"Eesti disain Rotermanni kvartalis","potentialAction":[{"@type":"SearchAction","target":{"@type":"EntryPoint","urlTemplate":"https:\/\/tallinndesignhouse.com\/?s={search_term_string}"},"query-input":{"@type":"PropertyValueSpecification","valueRequired":true,"valueName":"search_term_string"}}],"inLanguage":"en-US"}]}},"_links":{"self":[{"href":"https:\/\/tallinndesignhouse.com\/en\/wp-json\/wp\/v2\/product\/3372511","targetHints":{"allow":["GET"]}}],"collection":[{"href":"https:\/\/tallinndesignhouse.com\/en\/wp-json\/wp\/v2\/product"}],"about":[{"href":"https:\/\/tallinndesignhouse.com\/en\/wp-json\/wp\/v2\/types\/product"}],"wp:featuredmedia":[{"embeddable":true,"href":"https:\/\/tallinndesignhouse.com\/en\/wp-json\/wp\/v2\/media\/3372517"}],"wp:attachment":[{"href":"https:\/\/tallinndesignhouse.com\/en\/wp-json\/wp\/v2\/media?parent=3372511"}],"wp:term":[{"taxonomy":"product_brand","embeddable":true,"href":"https:\/\/tallinndesignhouse.com\/en\/wp-json\/wp\/v2\/product_brand?post=3372511"},{"taxonomy":"product_cat","embeddable":true,"href":"https:\/\/tallinndesignhouse.com\/en\/wp-json\/wp\/v2\/product_cat?post=3372511"},{"taxonomy":"product_tag","embeddable":true,"href":"https:\/\/tallinndesignhouse.com\/en\/wp-json\/wp\/v2\/product_tag?post=3372511"}],"curies":[{"name":"wp","href":"https:\/\/api.w.org\/{rel}","templated":true}]}}