{"id":3372559,"date":"2025-03-17T15:05:05","date_gmt":"2025-03-17T13:05:05","guid":{"rendered":"https:\/\/tallinndesignhouse.com\/toode\/oversized-t-sark-iidne-paike\/"},"modified":"2026-04-13T00:57:44","modified_gmt":"2026-04-12T21:57:44","slug":"oversized-t-sark-iidne-paike","status":"publish","type":"product","link":"https:\/\/tallinndesignhouse.com\/en\/toode\/oversized-t-sark-iidne-paike\/","title":{"rendered":"Oversized T-Shirt Ancient Sun"},"content":{"rendered":"<p>100% cotton oversized t-shirt by K\u00e4tlin Kaljuvee has a comfortable, relaxed fit. Sizes M and L. The washed technique gives the shirt a unique, vintage-inspired look. The design, inspired by ancient symbols, tells a story of nature, birds, animals, and the sun that which continue to shine through the centuries. The &#8220;Ancient Sun&#8221; t-shirt features a flower element printed on the front, a sun and flower motif on the back, and a bird on the sleeve. Unisex, suitable for both men and women. Model in size S wearing the t-shirt in size M. The accurate color of the shirt is shown in the photo with the model.<\/p>\n","protected":false},"excerpt":{"rendered":"<p>100% cotton oversized t-shirt by K\u00e4tlin Kaljuvee has a comfortable, relaxed fit. Sizes M and L. The washed technique gives the shirt a unique, vintage-inspired look. The design, inspired by ancient symbols, tells a story of nature, birds, animals, and the sun that which continue to shine through the centuries. The &#8220;Ancient Sun&#8221; t-shirt features [&hellip;]<\/p>\n","protected":false},"featured_media":3372581,"template":"","meta":{"_acf_changed":false},"product_brand":[],"product_cat":[1957,2837],"product_tag":[2819],"class_list":{"0":"post-3372559","1":"product","2":"type-product","3":"status-publish","4":"has-post-thumbnail","6":"product_cat-shirts-and-blouses","7":"product_cat-clothes","8":"product_tag-women","9":"pa_brand-katlin-kaljuvee","10":"pa_brand-katlin-kaljuvee-en","11":"pa_suurus-l","12":"pa_suurus-l-en","13":"pa_suurus-m-en","14":"pa_suurus-m","16":"first","17":"instock","18":"taxable","19":"shipping-taxable","20":"purchasable","21":"product-type-variable"},"acf":[],"yoast_head":"<!-- This site is optimized with the Yoast SEO plugin v26.0 - https:\/\/yoast.com\/wordpress\/plugins\/seo\/ -->\n<title>K\u00e4tlin Kaljuvee Oversized T-Shirt Ancient Sun - Tallinn Design House<\/title>\n<meta name=\"description\" content=\"K\u00e4tlin Kaljuvee oversized T-s\u00e4rk Iidne P\u00e4ike.\" \/>\n<meta name=\"robots\" content=\"index, follow, max-snippet:-1, max-image-preview:large, max-video-preview:-1\" \/>\n<link rel=\"canonical\" href=\"https:\/\/tallinndesignhouse.com\/toode\/oversized-t-sark-iidne-paike\/\" \/>\n<meta property=\"og:locale\" content=\"en_US\" \/>\n<meta property=\"og:type\" content=\"article\" \/>\n<meta property=\"og:title\" content=\"K\u00e4tlin Kaljuvee Oversized T-Shirt Ancient Sun - Tallinn Design House\" \/>\n<meta property=\"og:description\" content=\"K\u00e4tlin Kaljuvee oversized T-s\u00e4rk Iidne P\u00e4ike.\" \/>\n<meta property=\"og:url\" content=\"https:\/\/tallinndesignhouse.com\/toode\/oversized-t-sark-iidne-paike\/\" \/>\n<meta property=\"og:site_name\" content=\"Tallinn Design House\" \/>\n<meta property=\"article:modified_time\" content=\"2026-04-12T21:57:44+00:00\" \/>\n<meta property=\"og:image\" content=\"https:\/\/tallinndesignhouse.com\/wp-content\/uploads\/2025\/03\/Katlin-Kaljuvee-Oversized-T-sark-Iidne-Paike_4.jpg\" \/>\n\t<meta property=\"og:image:width\" content=\"1080\" \/>\n\t<meta property=\"og:image:height\" content=\"1350\" \/>\n\t<meta property=\"og:image:type\" content=\"image\/jpeg\" \/>\n<meta name=\"twitter:card\" content=\"summary_large_image\" \/>\n<meta name=\"twitter:label1\" content=\"Est. reading time\" \/>\n\t<meta name=\"twitter:data1\" content=\"1 minute\" \/>\n<script type=\"application\/ld+json\" class=\"yoast-schema-graph\">{\"@context\":\"https:\/\/schema.org\",\"@graph\":[{\"@type\":\"WebPage\",\"@id\":\"https:\/\/tallinndesignhouse.com\/toode\/oversized-t-sark-iidne-paike\/\",\"url\":\"https:\/\/tallinndesignhouse.com\/toode\/oversized-t-sark-iidne-paike\/\",\"name\":\"K\u00e4tlin Kaljuvee Oversized T-Shirt Ancient Sun - Tallinn Design House\",\"isPartOf\":{\"@id\":\"https:\/\/tallinndesignhouse.com\/#website\"},\"primaryImageOfPage\":{\"@id\":\"https:\/\/tallinndesignhouse.com\/toode\/oversized-t-sark-iidne-paike\/#primaryimage\"},\"image\":{\"@id\":\"https:\/\/tallinndesignhouse.com\/toode\/oversized-t-sark-iidne-paike\/#primaryimage\"},\"thumbnailUrl\":\"https:\/\/tallinndesignhouse.com\/wp-content\/uploads\/2025\/03\/Katlin-Kaljuvee-Oversized-T-sark-Iidne-Paike_4.jpg\",\"datePublished\":\"2025-03-17T13:05:05+00:00\",\"dateModified\":\"2026-04-12T21:57:44+00:00\",\"description\":\"K\u00e4tlin Kaljuvee oversized T-s\u00e4rk Iidne P\u00e4ike.\",\"breadcrumb\":{\"@id\":\"https:\/\/tallinndesignhouse.com\/toode\/oversized-t-sark-iidne-paike\/#breadcrumb\"},\"inLanguage\":\"en-US\",\"potentialAction\":[{\"@type\":\"ReadAction\",\"target\":[\"https:\/\/tallinndesignhouse.com\/toode\/oversized-t-sark-iidne-paike\/\"]}]},{\"@type\":\"ImageObject\",\"inLanguage\":\"en-US\",\"@id\":\"https:\/\/tallinndesignhouse.com\/toode\/oversized-t-sark-iidne-paike\/#primaryimage\",\"url\":\"https:\/\/tallinndesignhouse.com\/wp-content\/uploads\/2025\/03\/Katlin-Kaljuvee-Oversized-T-sark-Iidne-Paike_4.jpg\",\"contentUrl\":\"https:\/\/tallinndesignhouse.com\/wp-content\/uploads\/2025\/03\/Katlin-Kaljuvee-Oversized-T-sark-Iidne-Paike_4.jpg\",\"width\":1080,\"height\":1350,\"caption\":\"Ka\u0308tlin Kaljuvee Oversized T-sa\u0308rk Iidne Pa\u0308ike_4\"},{\"@type\":\"BreadcrumbList\",\"@id\":\"https:\/\/tallinndesignhouse.com\/toode\/oversized-t-sark-iidne-paike\/#breadcrumb\",\"itemListElement\":[{\"@type\":\"ListItem\",\"position\":1,\"name\":\"Home\",\"item\":\"https:\/\/tallinndesignhouse.com\/en\/\"},{\"@type\":\"ListItem\",\"position\":2,\"name\":\"Shop\",\"item\":\"https:\/\/tallinndesignhouse.com\/en\/shop\/\"},{\"@type\":\"ListItem\",\"position\":3,\"name\":\"Oversized T-Shirt Ancient Sun\"}]},{\"@type\":\"WebSite\",\"@id\":\"https:\/\/tallinndesignhouse.com\/#website\",\"url\":\"https:\/\/tallinndesignhouse.com\/\",\"name\":\"Tallinn Design House\",\"description\":\"Eesti disain Rotermanni kvartalis\",\"potentialAction\":[{\"@type\":\"SearchAction\",\"target\":{\"@type\":\"EntryPoint\",\"urlTemplate\":\"https:\/\/tallinndesignhouse.com\/?s={search_term_string}\"},\"query-input\":{\"@type\":\"PropertyValueSpecification\",\"valueRequired\":true,\"valueName\":\"search_term_string\"}}],\"inLanguage\":\"en-US\"}]}<\/script>\n<!-- \/ Yoast SEO plugin. -->","yoast_head_json":{"title":"K\u00e4tlin Kaljuvee Oversized T-Shirt Ancient Sun - Tallinn Design House","description":"K\u00e4tlin Kaljuvee oversized T-s\u00e4rk Iidne P\u00e4ike.","robots":{"index":"index","follow":"follow","max-snippet":"max-snippet:-1","max-image-preview":"max-image-preview:large","max-video-preview":"max-video-preview:-1"},"canonical":"https:\/\/tallinndesignhouse.com\/toode\/oversized-t-sark-iidne-paike\/","og_locale":"en_US","og_type":"article","og_title":"K\u00e4tlin Kaljuvee Oversized T-Shirt Ancient Sun - Tallinn Design House","og_description":"K\u00e4tlin Kaljuvee oversized T-s\u00e4rk Iidne P\u00e4ike.","og_url":"https:\/\/tallinndesignhouse.com\/toode\/oversized-t-sark-iidne-paike\/","og_site_name":"Tallinn Design House","article_modified_time":"2026-04-12T21:57:44+00:00","og_image":[{"width":1080,"height":1350,"url":"https:\/\/tallinndesignhouse.com\/wp-content\/uploads\/2025\/03\/Katlin-Kaljuvee-Oversized-T-sark-Iidne-Paike_4.jpg","type":"image\/jpeg"}],"twitter_card":"summary_large_image","twitter_misc":{"Est. reading time":"1 minute"},"schema":{"@context":"https:\/\/schema.org","@graph":[{"@type":"WebPage","@id":"https:\/\/tallinndesignhouse.com\/toode\/oversized-t-sark-iidne-paike\/","url":"https:\/\/tallinndesignhouse.com\/toode\/oversized-t-sark-iidne-paike\/","name":"K\u00e4tlin Kaljuvee Oversized T-Shirt Ancient Sun - Tallinn Design House","isPartOf":{"@id":"https:\/\/tallinndesignhouse.com\/#website"},"primaryImageOfPage":{"@id":"https:\/\/tallinndesignhouse.com\/toode\/oversized-t-sark-iidne-paike\/#primaryimage"},"image":{"@id":"https:\/\/tallinndesignhouse.com\/toode\/oversized-t-sark-iidne-paike\/#primaryimage"},"thumbnailUrl":"https:\/\/tallinndesignhouse.com\/wp-content\/uploads\/2025\/03\/Katlin-Kaljuvee-Oversized-T-sark-Iidne-Paike_4.jpg","datePublished":"2025-03-17T13:05:05+00:00","dateModified":"2026-04-12T21:57:44+00:00","description":"K\u00e4tlin Kaljuvee oversized T-s\u00e4rk Iidne P\u00e4ike.","breadcrumb":{"@id":"https:\/\/tallinndesignhouse.com\/toode\/oversized-t-sark-iidne-paike\/#breadcrumb"},"inLanguage":"en-US","potentialAction":[{"@type":"ReadAction","target":["https:\/\/tallinndesignhouse.com\/toode\/oversized-t-sark-iidne-paike\/"]}]},{"@type":"ImageObject","inLanguage":"en-US","@id":"https:\/\/tallinndesignhouse.com\/toode\/oversized-t-sark-iidne-paike\/#primaryimage","url":"https:\/\/tallinndesignhouse.com\/wp-content\/uploads\/2025\/03\/Katlin-Kaljuvee-Oversized-T-sark-Iidne-Paike_4.jpg","contentUrl":"https:\/\/tallinndesignhouse.com\/wp-content\/uploads\/2025\/03\/Katlin-Kaljuvee-Oversized-T-sark-Iidne-Paike_4.jpg","width":1080,"height":1350,"caption":"Ka\u0308tlin Kaljuvee Oversized T-sa\u0308rk Iidne Pa\u0308ike_4"},{"@type":"BreadcrumbList","@id":"https:\/\/tallinndesignhouse.com\/toode\/oversized-t-sark-iidne-paike\/#breadcrumb","itemListElement":[{"@type":"ListItem","position":1,"name":"Home","item":"https:\/\/tallinndesignhouse.com\/en\/"},{"@type":"ListItem","position":2,"name":"Shop","item":"https:\/\/tallinndesignhouse.com\/en\/shop\/"},{"@type":"ListItem","position":3,"name":"Oversized T-Shirt Ancient Sun"}]},{"@type":"WebSite","@id":"https:\/\/tallinndesignhouse.com\/#website","url":"https:\/\/tallinndesignhouse.com\/","name":"Tallinn Design House","description":"Eesti disain Rotermanni kvartalis","potentialAction":[{"@type":"SearchAction","target":{"@type":"EntryPoint","urlTemplate":"https:\/\/tallinndesignhouse.com\/?s={search_term_string}"},"query-input":{"@type":"PropertyValueSpecification","valueRequired":true,"valueName":"search_term_string"}}],"inLanguage":"en-US"}]}},"_links":{"self":[{"href":"https:\/\/tallinndesignhouse.com\/en\/wp-json\/wp\/v2\/product\/3372559","targetHints":{"allow":["GET"]}}],"collection":[{"href":"https:\/\/tallinndesignhouse.com\/en\/wp-json\/wp\/v2\/product"}],"about":[{"href":"https:\/\/tallinndesignhouse.com\/en\/wp-json\/wp\/v2\/types\/product"}],"wp:featuredmedia":[{"embeddable":true,"href":"https:\/\/tallinndesignhouse.com\/en\/wp-json\/wp\/v2\/media\/3372581"}],"wp:attachment":[{"href":"https:\/\/tallinndesignhouse.com\/en\/wp-json\/wp\/v2\/media?parent=3372559"}],"wp:term":[{"taxonomy":"product_brand","embeddable":true,"href":"https:\/\/tallinndesignhouse.com\/en\/wp-json\/wp\/v2\/product_brand?post=3372559"},{"taxonomy":"product_cat","embeddable":true,"href":"https:\/\/tallinndesignhouse.com\/en\/wp-json\/wp\/v2\/product_cat?post=3372559"},{"taxonomy":"product_tag","embeddable":true,"href":"https:\/\/tallinndesignhouse.com\/en\/wp-json\/wp\/v2\/product_tag?post=3372559"}],"curies":[{"name":"wp","href":"https:\/\/api.w.org\/{rel}","templated":true}]}}