{"id":3372697,"date":"2025-03-19T14:05:06","date_gmt":"2025-03-19T12:05:06","guid":{"rendered":"https:\/\/tallinndesignhouse.com\/toode\/korvarongad-folded-lai\/"},"modified":"2026-04-12T00:58:38","modified_gmt":"2026-04-11T21:58:38","slug":"korvarongad-folded-lai","status":"publish","type":"product","link":"https:\/\/tallinndesignhouse.com\/en\/toode\/korvarongad-folded-lai\/","title":{"rendered":"Earrings Folded wide"},"content":{"rendered":"<p>Lisa Kroeber Jewellery earrings Folded. Materials: powder coated brass, sterling silver. Size: 2,9 x 2,3 cm. Weight per piece: 4,5 g.<\/p>\n","protected":false},"excerpt":{"rendered":"<p>Lisa Kroeber Jewellery earrings Folded. Materials: powder coated brass, sterling silver. Size: 2,9 x 2,3 cm. Weight per piece: 4,5 g.<\/p>\n","protected":false},"featured_media":3375984,"template":"","meta":{"_acf_changed":false},"product_brand":[],"product_cat":[1955,3223],"product_tag":[2819],"class_list":{"0":"post-3372697","1":"product","2":"type-product","3":"status-publish","4":"has-post-thumbnail","6":"product_cat-earrings","7":"product_cat-jewellery-en","8":"product_tag-women","9":"pa_brand-lisa-kroeber-jewellery","10":"pa_brand-lisa-kroeber-jewellery-en","11":"pa_mudel-folded","12":"pa_mudel-folded-en","13":"pa_varv-beez","14":"pa_varv-beige-en","15":"pa_varv-black-en","16":"pa_varv-blue-en","17":"pa_varv-bordoo","18":"pa_varv-brown-en","19":"pa_varv-burgundy-en","20":"pa_varv-dark-green-en","21":"pa_varv-dark-grey-en","22":"pa_varv-golden-en","23":"pa_varv-green-en","24":"pa_varv-helehall","25":"pa_varv-helelilla","26":"pa_varv-heleroosa","27":"pa_varv-helesinine","28":"pa_varv-kollane","29":"pa_varv-kuldne","30":"pa_varv-light-blue-en","31":"pa_varv-light-grey-en","32":"pa_varv-light-pink-en","33":"pa_varv-light-purple-en","34":"pa_varv-lilla","35":"pa_varv-magenta","36":"pa_varv-magenta-en","37":"pa_varv-mint-green-en-en","38":"pa_varv-mundiroheline","39":"pa_varv-must","40":"pa_varv-orange-en","41":"pa_varv-oranz","42":"pa_varv-pink-en","43":"pa_varv-pruun","44":"pa_varv-punane","45":"pa_varv-purple-en","46":"pa_varv-red-en","47":"pa_varv-roheline","48":"pa_varv-roosa","49":"pa_varv-sinine","50":"pa_varv-tumehall","51":"pa_varv-tumeroheline","52":"pa_varv-turkiis","53":"pa_varv-turquoise-en","54":"pa_varv-valge","55":"pa_varv-white-en-en","56":"pa_varv-yellow-en","58":"first","59":"instock","60":"taxable","61":"shipping-taxable","62":"purchasable","63":"product-type-variable"},"acf":[],"yoast_head":"<!-- This site is optimized with the Yoast SEO plugin v26.0 - https:\/\/yoast.com\/wordpress\/plugins\/seo\/ -->\n<title>Lisa Kroeber Earrings Folded wide - Tallinn Design House<\/title>\n<meta name=\"description\" content=\"Lisa Kroeber k\u00f5rvar\u00f5ngad Folded lai. M\u00f5\u00f5dud: 2,9 x 2,3 cm. Kaal: 4,5 g.\" \/>\n<meta name=\"robots\" content=\"index, follow, max-snippet:-1, max-image-preview:large, max-video-preview:-1\" \/>\n<link rel=\"canonical\" href=\"https:\/\/tallinndesignhouse.com\/toode\/korvarongad-folded-lai\/\" \/>\n<meta property=\"og:locale\" content=\"en_US\" \/>\n<meta property=\"og:type\" content=\"article\" \/>\n<meta property=\"og:title\" content=\"Lisa Kroeber Earrings Folded wide - Tallinn Design House\" \/>\n<meta property=\"og:description\" content=\"Lisa Kroeber k\u00f5rvar\u00f5ngad Folded lai. M\u00f5\u00f5dud: 2,9 x 2,3 cm. Kaal: 4,5 g.\" \/>\n<meta property=\"og:url\" content=\"https:\/\/tallinndesignhouse.com\/toode\/korvarongad-folded-lai\/\" \/>\n<meta property=\"og:site_name\" content=\"Tallinn Design House\" \/>\n<meta property=\"article:modified_time\" content=\"2026-04-11T21:58:38+00:00\" \/>\n<meta property=\"og:image\" content=\"https:\/\/tallinndesignhouse.com\/wp-content\/uploads\/2025\/03\/Lisa-Kroeber-korvarongad-Folded-lai_magenta.png\" \/>\n\t<meta property=\"og:image:width\" content=\"1080\" \/>\n\t<meta property=\"og:image:height\" content=\"1350\" \/>\n\t<meta property=\"og:image:type\" content=\"image\/png\" \/>\n<meta name=\"twitter:card\" content=\"summary_large_image\" \/>\n<script type=\"application\/ld+json\" class=\"yoast-schema-graph\">{\"@context\":\"https:\/\/schema.org\",\"@graph\":[{\"@type\":\"WebPage\",\"@id\":\"https:\/\/tallinndesignhouse.com\/toode\/korvarongad-folded-lai\/\",\"url\":\"https:\/\/tallinndesignhouse.com\/toode\/korvarongad-folded-lai\/\",\"name\":\"Lisa Kroeber Earrings Folded wide - Tallinn Design House\",\"isPartOf\":{\"@id\":\"https:\/\/tallinndesignhouse.com\/#website\"},\"primaryImageOfPage\":{\"@id\":\"https:\/\/tallinndesignhouse.com\/toode\/korvarongad-folded-lai\/#primaryimage\"},\"image\":{\"@id\":\"https:\/\/tallinndesignhouse.com\/toode\/korvarongad-folded-lai\/#primaryimage\"},\"thumbnailUrl\":\"https:\/\/tallinndesignhouse.com\/wp-content\/uploads\/2025\/03\/Lisa-Kroeber-korvarongad-Folded-lai_magenta.png\",\"datePublished\":\"2025-03-19T12:05:06+00:00\",\"dateModified\":\"2026-04-11T21:58:38+00:00\",\"description\":\"Lisa Kroeber k\u00f5rvar\u00f5ngad Folded lai. M\u00f5\u00f5dud: 2,9 x 2,3 cm. Kaal: 4,5 g.\",\"breadcrumb\":{\"@id\":\"https:\/\/tallinndesignhouse.com\/toode\/korvarongad-folded-lai\/#breadcrumb\"},\"inLanguage\":\"en-US\",\"potentialAction\":[{\"@type\":\"ReadAction\",\"target\":[\"https:\/\/tallinndesignhouse.com\/toode\/korvarongad-folded-lai\/\"]}]},{\"@type\":\"ImageObject\",\"inLanguage\":\"en-US\",\"@id\":\"https:\/\/tallinndesignhouse.com\/toode\/korvarongad-folded-lai\/#primaryimage\",\"url\":\"https:\/\/tallinndesignhouse.com\/wp-content\/uploads\/2025\/03\/Lisa-Kroeber-korvarongad-Folded-lai_magenta.png\",\"contentUrl\":\"https:\/\/tallinndesignhouse.com\/wp-content\/uploads\/2025\/03\/Lisa-Kroeber-korvarongad-Folded-lai_magenta.png\",\"width\":1080,\"height\":1350,\"caption\":\"Lisa-Kroeber-ko\u0303rvaro\u0303ngad-Folded-lai_magenta\"},{\"@type\":\"BreadcrumbList\",\"@id\":\"https:\/\/tallinndesignhouse.com\/toode\/korvarongad-folded-lai\/#breadcrumb\",\"itemListElement\":[{\"@type\":\"ListItem\",\"position\":1,\"name\":\"Home\",\"item\":\"https:\/\/tallinndesignhouse.com\/en\/\"},{\"@type\":\"ListItem\",\"position\":2,\"name\":\"Shop\",\"item\":\"https:\/\/tallinndesignhouse.com\/en\/shop\/\"},{\"@type\":\"ListItem\",\"position\":3,\"name\":\"Earrings Folded wide\"}]},{\"@type\":\"WebSite\",\"@id\":\"https:\/\/tallinndesignhouse.com\/#website\",\"url\":\"https:\/\/tallinndesignhouse.com\/\",\"name\":\"Tallinn Design House\",\"description\":\"Eesti disain Rotermanni kvartalis\",\"potentialAction\":[{\"@type\":\"SearchAction\",\"target\":{\"@type\":\"EntryPoint\",\"urlTemplate\":\"https:\/\/tallinndesignhouse.com\/?s={search_term_string}\"},\"query-input\":{\"@type\":\"PropertyValueSpecification\",\"valueRequired\":true,\"valueName\":\"search_term_string\"}}],\"inLanguage\":\"en-US\"}]}<\/script>\n<!-- \/ Yoast SEO plugin. -->","yoast_head_json":{"title":"Lisa Kroeber Earrings Folded wide - Tallinn Design House","description":"Lisa Kroeber k\u00f5rvar\u00f5ngad Folded lai. M\u00f5\u00f5dud: 2,9 x 2,3 cm. Kaal: 4,5 g.","robots":{"index":"index","follow":"follow","max-snippet":"max-snippet:-1","max-image-preview":"max-image-preview:large","max-video-preview":"max-video-preview:-1"},"canonical":"https:\/\/tallinndesignhouse.com\/toode\/korvarongad-folded-lai\/","og_locale":"en_US","og_type":"article","og_title":"Lisa Kroeber Earrings Folded wide - Tallinn Design House","og_description":"Lisa Kroeber k\u00f5rvar\u00f5ngad Folded lai. M\u00f5\u00f5dud: 2,9 x 2,3 cm. Kaal: 4,5 g.","og_url":"https:\/\/tallinndesignhouse.com\/toode\/korvarongad-folded-lai\/","og_site_name":"Tallinn Design House","article_modified_time":"2026-04-11T21:58:38+00:00","og_image":[{"width":1080,"height":1350,"url":"https:\/\/tallinndesignhouse.com\/wp-content\/uploads\/2025\/03\/Lisa-Kroeber-korvarongad-Folded-lai_magenta.png","type":"image\/png"}],"twitter_card":"summary_large_image","schema":{"@context":"https:\/\/schema.org","@graph":[{"@type":"WebPage","@id":"https:\/\/tallinndesignhouse.com\/toode\/korvarongad-folded-lai\/","url":"https:\/\/tallinndesignhouse.com\/toode\/korvarongad-folded-lai\/","name":"Lisa Kroeber Earrings Folded wide - Tallinn Design House","isPartOf":{"@id":"https:\/\/tallinndesignhouse.com\/#website"},"primaryImageOfPage":{"@id":"https:\/\/tallinndesignhouse.com\/toode\/korvarongad-folded-lai\/#primaryimage"},"image":{"@id":"https:\/\/tallinndesignhouse.com\/toode\/korvarongad-folded-lai\/#primaryimage"},"thumbnailUrl":"https:\/\/tallinndesignhouse.com\/wp-content\/uploads\/2025\/03\/Lisa-Kroeber-korvarongad-Folded-lai_magenta.png","datePublished":"2025-03-19T12:05:06+00:00","dateModified":"2026-04-11T21:58:38+00:00","description":"Lisa Kroeber k\u00f5rvar\u00f5ngad Folded lai. M\u00f5\u00f5dud: 2,9 x 2,3 cm. Kaal: 4,5 g.","breadcrumb":{"@id":"https:\/\/tallinndesignhouse.com\/toode\/korvarongad-folded-lai\/#breadcrumb"},"inLanguage":"en-US","potentialAction":[{"@type":"ReadAction","target":["https:\/\/tallinndesignhouse.com\/toode\/korvarongad-folded-lai\/"]}]},{"@type":"ImageObject","inLanguage":"en-US","@id":"https:\/\/tallinndesignhouse.com\/toode\/korvarongad-folded-lai\/#primaryimage","url":"https:\/\/tallinndesignhouse.com\/wp-content\/uploads\/2025\/03\/Lisa-Kroeber-korvarongad-Folded-lai_magenta.png","contentUrl":"https:\/\/tallinndesignhouse.com\/wp-content\/uploads\/2025\/03\/Lisa-Kroeber-korvarongad-Folded-lai_magenta.png","width":1080,"height":1350,"caption":"Lisa-Kroeber-ko\u0303rvaro\u0303ngad-Folded-lai_magenta"},{"@type":"BreadcrumbList","@id":"https:\/\/tallinndesignhouse.com\/toode\/korvarongad-folded-lai\/#breadcrumb","itemListElement":[{"@type":"ListItem","position":1,"name":"Home","item":"https:\/\/tallinndesignhouse.com\/en\/"},{"@type":"ListItem","position":2,"name":"Shop","item":"https:\/\/tallinndesignhouse.com\/en\/shop\/"},{"@type":"ListItem","position":3,"name":"Earrings Folded wide"}]},{"@type":"WebSite","@id":"https:\/\/tallinndesignhouse.com\/#website","url":"https:\/\/tallinndesignhouse.com\/","name":"Tallinn Design House","description":"Eesti disain Rotermanni kvartalis","potentialAction":[{"@type":"SearchAction","target":{"@type":"EntryPoint","urlTemplate":"https:\/\/tallinndesignhouse.com\/?s={search_term_string}"},"query-input":{"@type":"PropertyValueSpecification","valueRequired":true,"valueName":"search_term_string"}}],"inLanguage":"en-US"}]}},"_links":{"self":[{"href":"https:\/\/tallinndesignhouse.com\/en\/wp-json\/wp\/v2\/product\/3372697","targetHints":{"allow":["GET"]}}],"collection":[{"href":"https:\/\/tallinndesignhouse.com\/en\/wp-json\/wp\/v2\/product"}],"about":[{"href":"https:\/\/tallinndesignhouse.com\/en\/wp-json\/wp\/v2\/types\/product"}],"wp:featuredmedia":[{"embeddable":true,"href":"https:\/\/tallinndesignhouse.com\/en\/wp-json\/wp\/v2\/media\/3375984"}],"wp:attachment":[{"href":"https:\/\/tallinndesignhouse.com\/en\/wp-json\/wp\/v2\/media?parent=3372697"}],"wp:term":[{"taxonomy":"product_brand","embeddable":true,"href":"https:\/\/tallinndesignhouse.com\/en\/wp-json\/wp\/v2\/product_brand?post=3372697"},{"taxonomy":"product_cat","embeddable":true,"href":"https:\/\/tallinndesignhouse.com\/en\/wp-json\/wp\/v2\/product_cat?post=3372697"},{"taxonomy":"product_tag","embeddable":true,"href":"https:\/\/tallinndesignhouse.com\/en\/wp-json\/wp\/v2\/product_tag?post=3372697"}],"curies":[{"name":"wp","href":"https:\/\/api.w.org\/{rel}","templated":true}]}}