{"id":3372725,"date":"2025-03-19T14:05:12","date_gmt":"2025-03-19T12:05:12","guid":{"rendered":"https:\/\/tallinndesignhouse.com\/toode\/korvarongad-folded-vertical\/"},"modified":"2026-04-29T00:59:15","modified_gmt":"2026-04-28T21:59:15","slug":"korvarongad-folded-vertical","status":"publish","type":"product","link":"https:\/\/tallinndesignhouse.com\/en\/toode\/korvarongad-folded-vertical\/","title":{"rendered":"Earrings Folded Vertical"},"content":{"rendered":"<p>FOLDED VERTICALs by Lisa Kroeber are statement earrings, they are bigger than their precursor and will play the main role in Your outfit. Materials: powder-coated brass, silver.<\/p>\n","protected":false},"excerpt":{"rendered":"<p>FOLDED VERTICALs by Lisa Kroeber are statement earrings, they are bigger than their precursor and will play the main role in Your outfit. Materials: powder-coated brass, silver.<\/p>\n","protected":false},"featured_media":3372741,"template":"","meta":{"_acf_changed":false},"product_brand":[],"product_cat":[3223,1955],"product_tag":[2819],"class_list":{"0":"post-3372725","1":"product","2":"type-product","3":"status-publish","4":"has-post-thumbnail","6":"product_cat-jewellery-en","7":"product_cat-earrings","8":"product_tag-women","9":"pa_brand-lisa-kroeber-jewellery","11":"pa_kingiidee-yes-en","13":"pa_varv-beez-punane","15":"pa_varv-must","17":"pa_varv-tuvi-sinine","19":"pa_varv-valge","22":"first","23":"instock","24":"taxable","25":"shipping-taxable","26":"purchasable","27":"product-type-variable"},"acf":[],"yoast_head":"<!-- This site is optimized with the Yoast SEO plugin v26.0 - https:\/\/yoast.com\/wordpress\/plugins\/seo\/ -->\n<title>Lisa Kroeber Earrings Folded Vertical - Tallinn Design House<\/title>\n<meta name=\"description\" content=\"Lisa Kroeber k\u00f5rvar\u00f5ngad Folded Vertical. Materjalid: pulberv\u00e4rvitud messing, h\u00f5be.\" \/>\n<meta name=\"robots\" content=\"index, follow, max-snippet:-1, max-image-preview:large, max-video-preview:-1\" \/>\n<link rel=\"canonical\" href=\"https:\/\/tallinndesignhouse.com\/toode\/korvarongad-folded-vertical\/\" \/>\n<meta property=\"og:locale\" content=\"en_US\" \/>\n<meta property=\"og:type\" content=\"article\" \/>\n<meta property=\"og:title\" content=\"Lisa Kroeber Earrings Folded Vertical - Tallinn Design House\" \/>\n<meta property=\"og:description\" content=\"Lisa Kroeber k\u00f5rvar\u00f5ngad Folded Vertical. Materjalid: pulberv\u00e4rvitud messing, h\u00f5be.\" \/>\n<meta property=\"og:url\" content=\"https:\/\/tallinndesignhouse.com\/toode\/korvarongad-folded-vertical\/\" \/>\n<meta property=\"og:site_name\" content=\"Tallinn Design House\" \/>\n<meta property=\"article:modified_time\" content=\"2026-04-28T21:59:15+00:00\" \/>\n<meta property=\"og:image\" content=\"https:\/\/tallinndesignhouse.com\/wp-content\/uploads\/2025\/03\/Lisa-Kroeber-korvarongad-Folded-Vertical.jpg\" \/>\n\t<meta property=\"og:image:width\" content=\"1080\" \/>\n\t<meta property=\"og:image:height\" content=\"1350\" \/>\n\t<meta property=\"og:image:type\" content=\"image\/jpeg\" \/>\n<meta name=\"twitter:card\" content=\"summary_large_image\" \/>\n<script type=\"application\/ld+json\" class=\"yoast-schema-graph\">{\"@context\":\"https:\/\/schema.org\",\"@graph\":[{\"@type\":\"WebPage\",\"@id\":\"https:\/\/tallinndesignhouse.com\/toode\/korvarongad-folded-vertical\/\",\"url\":\"https:\/\/tallinndesignhouse.com\/toode\/korvarongad-folded-vertical\/\",\"name\":\"Lisa Kroeber Earrings Folded Vertical - Tallinn Design House\",\"isPartOf\":{\"@id\":\"https:\/\/tallinndesignhouse.com\/#website\"},\"primaryImageOfPage\":{\"@id\":\"https:\/\/tallinndesignhouse.com\/toode\/korvarongad-folded-vertical\/#primaryimage\"},\"image\":{\"@id\":\"https:\/\/tallinndesignhouse.com\/toode\/korvarongad-folded-vertical\/#primaryimage\"},\"thumbnailUrl\":\"https:\/\/tallinndesignhouse.com\/wp-content\/uploads\/2025\/03\/Lisa-Kroeber-korvarongad-Folded-Vertical.jpg\",\"datePublished\":\"2025-03-19T12:05:12+00:00\",\"dateModified\":\"2026-04-28T21:59:15+00:00\",\"description\":\"Lisa Kroeber k\u00f5rvar\u00f5ngad Folded Vertical. Materjalid: pulberv\u00e4rvitud messing, h\u00f5be.\",\"breadcrumb\":{\"@id\":\"https:\/\/tallinndesignhouse.com\/toode\/korvarongad-folded-vertical\/#breadcrumb\"},\"inLanguage\":\"en-US\",\"potentialAction\":[{\"@type\":\"ReadAction\",\"target\":[\"https:\/\/tallinndesignhouse.com\/toode\/korvarongad-folded-vertical\/\"]}]},{\"@type\":\"ImageObject\",\"inLanguage\":\"en-US\",\"@id\":\"https:\/\/tallinndesignhouse.com\/toode\/korvarongad-folded-vertical\/#primaryimage\",\"url\":\"https:\/\/tallinndesignhouse.com\/wp-content\/uploads\/2025\/03\/Lisa-Kroeber-korvarongad-Folded-Vertical.jpg\",\"contentUrl\":\"https:\/\/tallinndesignhouse.com\/wp-content\/uploads\/2025\/03\/Lisa-Kroeber-korvarongad-Folded-Vertical.jpg\",\"width\":1080,\"height\":1350,\"caption\":\"Lisa Kroeber ko\u0303rvaro\u0303ngad Folded Vertical\"},{\"@type\":\"BreadcrumbList\",\"@id\":\"https:\/\/tallinndesignhouse.com\/toode\/korvarongad-folded-vertical\/#breadcrumb\",\"itemListElement\":[{\"@type\":\"ListItem\",\"position\":1,\"name\":\"Home\",\"item\":\"https:\/\/tallinndesignhouse.com\/en\/\"},{\"@type\":\"ListItem\",\"position\":2,\"name\":\"Shop\",\"item\":\"https:\/\/tallinndesignhouse.com\/en\/shop\/\"},{\"@type\":\"ListItem\",\"position\":3,\"name\":\"Earrings Folded Vertical\"}]},{\"@type\":\"WebSite\",\"@id\":\"https:\/\/tallinndesignhouse.com\/#website\",\"url\":\"https:\/\/tallinndesignhouse.com\/\",\"name\":\"Tallinn Design House\",\"description\":\"Eesti disain Rotermanni kvartalis\",\"potentialAction\":[{\"@type\":\"SearchAction\",\"target\":{\"@type\":\"EntryPoint\",\"urlTemplate\":\"https:\/\/tallinndesignhouse.com\/?s={search_term_string}\"},\"query-input\":{\"@type\":\"PropertyValueSpecification\",\"valueRequired\":true,\"valueName\":\"search_term_string\"}}],\"inLanguage\":\"en-US\"}]}<\/script>\n<!-- \/ Yoast SEO plugin. -->","yoast_head_json":{"title":"Lisa Kroeber Earrings Folded Vertical - Tallinn Design House","description":"Lisa Kroeber k\u00f5rvar\u00f5ngad Folded Vertical. Materjalid: pulberv\u00e4rvitud messing, h\u00f5be.","robots":{"index":"index","follow":"follow","max-snippet":"max-snippet:-1","max-image-preview":"max-image-preview:large","max-video-preview":"max-video-preview:-1"},"canonical":"https:\/\/tallinndesignhouse.com\/toode\/korvarongad-folded-vertical\/","og_locale":"en_US","og_type":"article","og_title":"Lisa Kroeber Earrings Folded Vertical - Tallinn Design House","og_description":"Lisa Kroeber k\u00f5rvar\u00f5ngad Folded Vertical. Materjalid: pulberv\u00e4rvitud messing, h\u00f5be.","og_url":"https:\/\/tallinndesignhouse.com\/toode\/korvarongad-folded-vertical\/","og_site_name":"Tallinn Design House","article_modified_time":"2026-04-28T21:59:15+00:00","og_image":[{"width":1080,"height":1350,"url":"https:\/\/tallinndesignhouse.com\/wp-content\/uploads\/2025\/03\/Lisa-Kroeber-korvarongad-Folded-Vertical.jpg","type":"image\/jpeg"}],"twitter_card":"summary_large_image","schema":{"@context":"https:\/\/schema.org","@graph":[{"@type":"WebPage","@id":"https:\/\/tallinndesignhouse.com\/toode\/korvarongad-folded-vertical\/","url":"https:\/\/tallinndesignhouse.com\/toode\/korvarongad-folded-vertical\/","name":"Lisa Kroeber Earrings Folded Vertical - Tallinn Design House","isPartOf":{"@id":"https:\/\/tallinndesignhouse.com\/#website"},"primaryImageOfPage":{"@id":"https:\/\/tallinndesignhouse.com\/toode\/korvarongad-folded-vertical\/#primaryimage"},"image":{"@id":"https:\/\/tallinndesignhouse.com\/toode\/korvarongad-folded-vertical\/#primaryimage"},"thumbnailUrl":"https:\/\/tallinndesignhouse.com\/wp-content\/uploads\/2025\/03\/Lisa-Kroeber-korvarongad-Folded-Vertical.jpg","datePublished":"2025-03-19T12:05:12+00:00","dateModified":"2026-04-28T21:59:15+00:00","description":"Lisa Kroeber k\u00f5rvar\u00f5ngad Folded Vertical. Materjalid: pulberv\u00e4rvitud messing, h\u00f5be.","breadcrumb":{"@id":"https:\/\/tallinndesignhouse.com\/toode\/korvarongad-folded-vertical\/#breadcrumb"},"inLanguage":"en-US","potentialAction":[{"@type":"ReadAction","target":["https:\/\/tallinndesignhouse.com\/toode\/korvarongad-folded-vertical\/"]}]},{"@type":"ImageObject","inLanguage":"en-US","@id":"https:\/\/tallinndesignhouse.com\/toode\/korvarongad-folded-vertical\/#primaryimage","url":"https:\/\/tallinndesignhouse.com\/wp-content\/uploads\/2025\/03\/Lisa-Kroeber-korvarongad-Folded-Vertical.jpg","contentUrl":"https:\/\/tallinndesignhouse.com\/wp-content\/uploads\/2025\/03\/Lisa-Kroeber-korvarongad-Folded-Vertical.jpg","width":1080,"height":1350,"caption":"Lisa Kroeber ko\u0303rvaro\u0303ngad Folded Vertical"},{"@type":"BreadcrumbList","@id":"https:\/\/tallinndesignhouse.com\/toode\/korvarongad-folded-vertical\/#breadcrumb","itemListElement":[{"@type":"ListItem","position":1,"name":"Home","item":"https:\/\/tallinndesignhouse.com\/en\/"},{"@type":"ListItem","position":2,"name":"Shop","item":"https:\/\/tallinndesignhouse.com\/en\/shop\/"},{"@type":"ListItem","position":3,"name":"Earrings Folded Vertical"}]},{"@type":"WebSite","@id":"https:\/\/tallinndesignhouse.com\/#website","url":"https:\/\/tallinndesignhouse.com\/","name":"Tallinn Design House","description":"Eesti disain Rotermanni kvartalis","potentialAction":[{"@type":"SearchAction","target":{"@type":"EntryPoint","urlTemplate":"https:\/\/tallinndesignhouse.com\/?s={search_term_string}"},"query-input":{"@type":"PropertyValueSpecification","valueRequired":true,"valueName":"search_term_string"}}],"inLanguage":"en-US"}]}},"_links":{"self":[{"href":"https:\/\/tallinndesignhouse.com\/en\/wp-json\/wp\/v2\/product\/3372725","targetHints":{"allow":["GET"]}}],"collection":[{"href":"https:\/\/tallinndesignhouse.com\/en\/wp-json\/wp\/v2\/product"}],"about":[{"href":"https:\/\/tallinndesignhouse.com\/en\/wp-json\/wp\/v2\/types\/product"}],"wp:featuredmedia":[{"embeddable":true,"href":"https:\/\/tallinndesignhouse.com\/en\/wp-json\/wp\/v2\/media\/3372741"}],"wp:attachment":[{"href":"https:\/\/tallinndesignhouse.com\/en\/wp-json\/wp\/v2\/media?parent=3372725"}],"wp:term":[{"taxonomy":"product_brand","embeddable":true,"href":"https:\/\/tallinndesignhouse.com\/en\/wp-json\/wp\/v2\/product_brand?post=3372725"},{"taxonomy":"product_cat","embeddable":true,"href":"https:\/\/tallinndesignhouse.com\/en\/wp-json\/wp\/v2\/product_cat?post=3372725"},{"taxonomy":"product_tag","embeddable":true,"href":"https:\/\/tallinndesignhouse.com\/en\/wp-json\/wp\/v2\/product_tag?post=3372725"}],"curies":[{"name":"wp","href":"https:\/\/api.w.org\/{rel}","templated":true}]}}