{"id":3372782,"date":"2025-03-20T11:05:03","date_gmt":"2025-03-20T09:05:03","guid":{"rendered":"https:\/\/tallinndesignhouse.com\/toode\/pleed-classic\/"},"modified":"2026-05-16T00:55:29","modified_gmt":"2026-05-15T21:55:29","slug":"pleed-classic","status":"publish","type":"product","link":"https:\/\/tallinndesignhouse.com\/en\/toode\/pleed-classic\/","title":{"rendered":"Plaid Classic"},"content":{"rendered":"<p>Delightfully soft and comforting Plaid Classic by Alpaka makes a decadent addition to any room. The plaid also makes an excellent companion to bring with you to a picnic, windy beach or an outdoor concert \u2013 there\u2019s nothing like wrapping yourself in something comfy on a day when it\u2019s cold and windy outside. We try to make responsible choices wherever we can, which is why our plaid is made from recycled alpaca and sheep wool, as it helps us to minimize textile waste, use less energy and water, ensuring that we are contributing to create an eco-friendly home for all of us. Material: 40% recycled alpaca, 45% wool, 15% acrylic. Since our throws are made of natural-fibers, some shedding will occur naturally. Care: dry cleaning or handwash 30\u00b0C, ironing on low temperature.<\/p>\n","protected":false},"excerpt":{"rendered":"<p>Delightfully soft and comforting Plaid Classic by Alpaka makes a decadent addition to any room. The plaid also makes an excellent companion to bring with you to a picnic, windy beach or an outdoor concert \u2013 there\u2019s nothing like wrapping yourself in something comfy on a day when it\u2019s cold and windy outside. We try [&hellip;]<\/p>\n","protected":false},"featured_media":3372818,"template":"","meta":{"_acf_changed":false},"product_brand":[],"product_cat":[2552,2055,3718],"product_tag":[2003],"class_list":{"0":"post-3372782","1":"product","2":"type-product","3":"status-publish","4":"has-post-thumbnail","6":"product_cat-home","7":"product_cat-textile","8":"product_cat-winter-style","9":"product_tag-home","10":"pa_brand-alpaka-en","12":"pa_kingiidee-ei","14":"pa_varv-must","15":"pa_varv-sinine","16":"pa_varv-kaamel","17":"pa_varv-kirsipunane","18":"pa_varv-tumesinine","19":"pa_varv-tumepruun","20":"pa_varv-tumeroheline","21":"pa_varv-tumehall","22":"pa_varv-heleroheline","23":"pa_varv-helesinine","24":"pa_varv-hobedane","27":"pa_varv-kollane","30":"pa_varv-lilla","31":"pa_varv-loodusvalge","32":"pa_varv-piimakohv","37":"pa_varv-rose","47":"first","48":"instock","49":"taxable","50":"shipping-taxable","51":"purchasable","52":"product-type-variable"},"acf":[],"yoast_head":"<!-- This site is optimized with the Yoast SEO plugin v26.0 - https:\/\/yoast.com\/wordpress\/plugins\/seo\/ -->\n<title>Alpaka Plaid Classic - Tallinn Design House<\/title>\n<meta name=\"description\" content=\"Alpaka pleed Classic on soe ja eriliselt m\u00f5nus sisustusdetail, mis toob tuppa \u00fclima hubasuse ja mugavuse. Materjal: 40% alpaka, 45% vill, 15% akr\u00fc\u00fcl.\" \/>\n<meta name=\"robots\" content=\"index, follow, max-snippet:-1, max-image-preview:large, max-video-preview:-1\" \/>\n<link rel=\"canonical\" href=\"https:\/\/tallinndesignhouse.com\/toode\/pleed-classic\/\" \/>\n<meta property=\"og:locale\" content=\"en_US\" \/>\n<meta property=\"og:type\" content=\"article\" \/>\n<meta property=\"og:title\" content=\"Alpaka Plaid Classic - Tallinn Design House\" \/>\n<meta property=\"og:description\" content=\"Alpaka pleed Classic on soe ja eriliselt m\u00f5nus sisustusdetail, mis toob tuppa \u00fclima hubasuse ja mugavuse. Materjal: 40% alpaka, 45% vill, 15% akr\u00fc\u00fcl.\" \/>\n<meta property=\"og:url\" content=\"https:\/\/tallinndesignhouse.com\/toode\/pleed-classic\/\" \/>\n<meta property=\"og:site_name\" content=\"Tallinn Design House\" \/>\n<meta property=\"article:modified_time\" content=\"2026-05-15T21:55:29+00:00\" \/>\n<meta property=\"og:image\" content=\"https:\/\/tallinndesignhouse.com\/wp-content\/uploads\/2025\/03\/Alpaka-pleed-Classic-heleroheline.jpg\" \/>\n\t<meta property=\"og:image:width\" content=\"1080\" \/>\n\t<meta property=\"og:image:height\" content=\"1350\" \/>\n\t<meta property=\"og:image:type\" content=\"image\/jpeg\" \/>\n<meta name=\"twitter:card\" content=\"summary_large_image\" \/>\n<meta name=\"twitter:label1\" content=\"Est. reading time\" \/>\n\t<meta name=\"twitter:data1\" content=\"1 minute\" \/>\n<script type=\"application\/ld+json\" class=\"yoast-schema-graph\">{\"@context\":\"https:\/\/schema.org\",\"@graph\":[{\"@type\":\"WebPage\",\"@id\":\"https:\/\/tallinndesignhouse.com\/toode\/pleed-classic\/\",\"url\":\"https:\/\/tallinndesignhouse.com\/toode\/pleed-classic\/\",\"name\":\"Alpaka Plaid Classic - Tallinn Design House\",\"isPartOf\":{\"@id\":\"https:\/\/tallinndesignhouse.com\/#website\"},\"primaryImageOfPage\":{\"@id\":\"https:\/\/tallinndesignhouse.com\/toode\/pleed-classic\/#primaryimage\"},\"image\":{\"@id\":\"https:\/\/tallinndesignhouse.com\/toode\/pleed-classic\/#primaryimage\"},\"thumbnailUrl\":\"https:\/\/tallinndesignhouse.com\/wp-content\/uploads\/2025\/03\/Alpaka-pleed-Classic-heleroheline.jpg\",\"datePublished\":\"2025-03-20T09:05:03+00:00\",\"dateModified\":\"2026-05-15T21:55:29+00:00\",\"description\":\"Alpaka pleed Classic on soe ja eriliselt m\u00f5nus sisustusdetail, mis toob tuppa \u00fclima hubasuse ja mugavuse. Materjal: 40% alpaka, 45% vill, 15% akr\u00fc\u00fcl.\",\"breadcrumb\":{\"@id\":\"https:\/\/tallinndesignhouse.com\/toode\/pleed-classic\/#breadcrumb\"},\"inLanguage\":\"en-US\",\"potentialAction\":[{\"@type\":\"ReadAction\",\"target\":[\"https:\/\/tallinndesignhouse.com\/toode\/pleed-classic\/\"]}]},{\"@type\":\"ImageObject\",\"inLanguage\":\"en-US\",\"@id\":\"https:\/\/tallinndesignhouse.com\/toode\/pleed-classic\/#primaryimage\",\"url\":\"https:\/\/tallinndesignhouse.com\/wp-content\/uploads\/2025\/03\/Alpaka-pleed-Classic-heleroheline.jpg\",\"contentUrl\":\"https:\/\/tallinndesignhouse.com\/wp-content\/uploads\/2025\/03\/Alpaka-pleed-Classic-heleroheline.jpg\",\"width\":1080,\"height\":1350,\"caption\":\"Alpaka pleed Classic heleroheline\"},{\"@type\":\"BreadcrumbList\",\"@id\":\"https:\/\/tallinndesignhouse.com\/toode\/pleed-classic\/#breadcrumb\",\"itemListElement\":[{\"@type\":\"ListItem\",\"position\":1,\"name\":\"Home\",\"item\":\"https:\/\/tallinndesignhouse.com\/en\/\"},{\"@type\":\"ListItem\",\"position\":2,\"name\":\"Shop\",\"item\":\"https:\/\/tallinndesignhouse.com\/en\/shop\/\"},{\"@type\":\"ListItem\",\"position\":3,\"name\":\"Plaid Classic\"}]},{\"@type\":\"WebSite\",\"@id\":\"https:\/\/tallinndesignhouse.com\/#website\",\"url\":\"https:\/\/tallinndesignhouse.com\/\",\"name\":\"Tallinn Design House\",\"description\":\"Eesti disain Rotermanni kvartalis\",\"potentialAction\":[{\"@type\":\"SearchAction\",\"target\":{\"@type\":\"EntryPoint\",\"urlTemplate\":\"https:\/\/tallinndesignhouse.com\/?s={search_term_string}\"},\"query-input\":{\"@type\":\"PropertyValueSpecification\",\"valueRequired\":true,\"valueName\":\"search_term_string\"}}],\"inLanguage\":\"en-US\"}]}<\/script>\n<!-- \/ Yoast SEO plugin. -->","yoast_head_json":{"title":"Alpaka Plaid Classic - Tallinn Design House","description":"Alpaka pleed Classic on soe ja eriliselt m\u00f5nus sisustusdetail, mis toob tuppa \u00fclima hubasuse ja mugavuse. Materjal: 40% alpaka, 45% vill, 15% akr\u00fc\u00fcl.","robots":{"index":"index","follow":"follow","max-snippet":"max-snippet:-1","max-image-preview":"max-image-preview:large","max-video-preview":"max-video-preview:-1"},"canonical":"https:\/\/tallinndesignhouse.com\/toode\/pleed-classic\/","og_locale":"en_US","og_type":"article","og_title":"Alpaka Plaid Classic - Tallinn Design House","og_description":"Alpaka pleed Classic on soe ja eriliselt m\u00f5nus sisustusdetail, mis toob tuppa \u00fclima hubasuse ja mugavuse. Materjal: 40% alpaka, 45% vill, 15% akr\u00fc\u00fcl.","og_url":"https:\/\/tallinndesignhouse.com\/toode\/pleed-classic\/","og_site_name":"Tallinn Design House","article_modified_time":"2026-05-15T21:55:29+00:00","og_image":[{"width":1080,"height":1350,"url":"https:\/\/tallinndesignhouse.com\/wp-content\/uploads\/2025\/03\/Alpaka-pleed-Classic-heleroheline.jpg","type":"image\/jpeg"}],"twitter_card":"summary_large_image","twitter_misc":{"Est. reading time":"1 minute"},"schema":{"@context":"https:\/\/schema.org","@graph":[{"@type":"WebPage","@id":"https:\/\/tallinndesignhouse.com\/toode\/pleed-classic\/","url":"https:\/\/tallinndesignhouse.com\/toode\/pleed-classic\/","name":"Alpaka Plaid Classic - Tallinn Design House","isPartOf":{"@id":"https:\/\/tallinndesignhouse.com\/#website"},"primaryImageOfPage":{"@id":"https:\/\/tallinndesignhouse.com\/toode\/pleed-classic\/#primaryimage"},"image":{"@id":"https:\/\/tallinndesignhouse.com\/toode\/pleed-classic\/#primaryimage"},"thumbnailUrl":"https:\/\/tallinndesignhouse.com\/wp-content\/uploads\/2025\/03\/Alpaka-pleed-Classic-heleroheline.jpg","datePublished":"2025-03-20T09:05:03+00:00","dateModified":"2026-05-15T21:55:29+00:00","description":"Alpaka pleed Classic on soe ja eriliselt m\u00f5nus sisustusdetail, mis toob tuppa \u00fclima hubasuse ja mugavuse. Materjal: 40% alpaka, 45% vill, 15% akr\u00fc\u00fcl.","breadcrumb":{"@id":"https:\/\/tallinndesignhouse.com\/toode\/pleed-classic\/#breadcrumb"},"inLanguage":"en-US","potentialAction":[{"@type":"ReadAction","target":["https:\/\/tallinndesignhouse.com\/toode\/pleed-classic\/"]}]},{"@type":"ImageObject","inLanguage":"en-US","@id":"https:\/\/tallinndesignhouse.com\/toode\/pleed-classic\/#primaryimage","url":"https:\/\/tallinndesignhouse.com\/wp-content\/uploads\/2025\/03\/Alpaka-pleed-Classic-heleroheline.jpg","contentUrl":"https:\/\/tallinndesignhouse.com\/wp-content\/uploads\/2025\/03\/Alpaka-pleed-Classic-heleroheline.jpg","width":1080,"height":1350,"caption":"Alpaka pleed Classic heleroheline"},{"@type":"BreadcrumbList","@id":"https:\/\/tallinndesignhouse.com\/toode\/pleed-classic\/#breadcrumb","itemListElement":[{"@type":"ListItem","position":1,"name":"Home","item":"https:\/\/tallinndesignhouse.com\/en\/"},{"@type":"ListItem","position":2,"name":"Shop","item":"https:\/\/tallinndesignhouse.com\/en\/shop\/"},{"@type":"ListItem","position":3,"name":"Plaid Classic"}]},{"@type":"WebSite","@id":"https:\/\/tallinndesignhouse.com\/#website","url":"https:\/\/tallinndesignhouse.com\/","name":"Tallinn Design House","description":"Eesti disain Rotermanni kvartalis","potentialAction":[{"@type":"SearchAction","target":{"@type":"EntryPoint","urlTemplate":"https:\/\/tallinndesignhouse.com\/?s={search_term_string}"},"query-input":{"@type":"PropertyValueSpecification","valueRequired":true,"valueName":"search_term_string"}}],"inLanguage":"en-US"}]}},"_links":{"self":[{"href":"https:\/\/tallinndesignhouse.com\/en\/wp-json\/wp\/v2\/product\/3372782","targetHints":{"allow":["GET"]}}],"collection":[{"href":"https:\/\/tallinndesignhouse.com\/en\/wp-json\/wp\/v2\/product"}],"about":[{"href":"https:\/\/tallinndesignhouse.com\/en\/wp-json\/wp\/v2\/types\/product"}],"wp:featuredmedia":[{"embeddable":true,"href":"https:\/\/tallinndesignhouse.com\/en\/wp-json\/wp\/v2\/media\/3372818"}],"wp:attachment":[{"href":"https:\/\/tallinndesignhouse.com\/en\/wp-json\/wp\/v2\/media?parent=3372782"}],"wp:term":[{"taxonomy":"product_brand","embeddable":true,"href":"https:\/\/tallinndesignhouse.com\/en\/wp-json\/wp\/v2\/product_brand?post=3372782"},{"taxonomy":"product_cat","embeddable":true,"href":"https:\/\/tallinndesignhouse.com\/en\/wp-json\/wp\/v2\/product_cat?post=3372782"},{"taxonomy":"product_tag","embeddable":true,"href":"https:\/\/tallinndesignhouse.com\/en\/wp-json\/wp\/v2\/product_tag?post=3372782"}],"curies":[{"name":"wp","href":"https:\/\/api.w.org\/{rel}","templated":true}]}}