{"id":3375755,"date":"2025-04-14T12:20:04","date_gmt":"2025-04-14T09:20:04","guid":{"rendered":"https:\/\/tallinndesignhouse.com\/toode\/bamboo-puksid-teddy-brown\/"},"modified":"2026-04-29T00:59:03","modified_gmt":"2026-04-28T21:59:03","slug":"bamboo-puksid-teddy-brown","status":"publish","type":"product","link":"https:\/\/tallinndesignhouse.com\/en\/toode\/bamboo-puksid-teddy-brown\/","title":{"rendered":"Bamboo joggers Teddy Brown"},"content":{"rendered":"<p>Bamboo joggers by Less Stress Clothes are stylish, pleasantly soft and ready to refresh your wardrobe! These pants, which are modeled after the already loved cotton sweatpants, are made of high-quality bamboo fabric. Bamboo material offers exceptional softness and durability while being an environmentally friendly choice. The well-thought-out OVERSIZE cut of the sweatpants is loose and suitable for different body types thanks to the ONESIZE size feature. In addition, the pants are UNISEX, i.e. suitable for both men and women. The distinctive element is the embroidered  logo on the side, which adds style points and makes them truly unique.<\/p>\n","protected":false},"excerpt":{"rendered":"<p>Bamboo joggers by Less Stress Clothes are stylish, pleasantly soft and ready to refresh your wardrobe! These pants, which are modeled after the already loved cotton sweatpants, are made of high-quality bamboo fabric. Bamboo material offers exceptional softness and durability while being an environmentally friendly choice. The well-thought-out OVERSIZE cut of the sweatpants is loose [&hellip;]<\/p>\n","protected":false},"featured_media":3375782,"template":"","meta":{"_acf_changed":false},"product_brand":[],"product_cat":[2013,2837],"product_tag":[2819],"class_list":{"0":"post-3375755","1":"product","2":"type-product","3":"status-publish","4":"has-post-thumbnail","6":"product_cat-pants","7":"product_cat-clothes","8":"product_tag-women","9":"pa_brand-less-stress-clothes","11":"pa_suurus-one-size-en","12":"pa_suurus-one-size","14":"first","15":"instock","16":"taxable","17":"shipping-taxable","18":"purchasable","19":"product-type-variable"},"acf":[],"yoast_head":"<!-- This site is optimized with the Yoast SEO plugin v26.0 - https:\/\/yoast.com\/wordpress\/plugins\/seo\/ -->\n<title>Less Stress Clothes Bamboo joggers Teddy Brown - Tallinn Design House<\/title>\n<meta name=\"description\" content=\"Less Stress Clothes bamboo p\u00fcksid Teddy Brown. H\u00e4sti l\u00e4bim\u00f5eldud OVERSIZE l\u00f5ige on avar ja sobib erinevatele kehat\u00fc\u00fcpidele t\u00e4nu ONESIZE suurusele.\" \/>\n<meta name=\"robots\" content=\"index, follow, max-snippet:-1, max-image-preview:large, max-video-preview:-1\" \/>\n<link rel=\"canonical\" href=\"https:\/\/tallinndesignhouse.com\/toode\/bamboo-puksid-teddy-brown\/\" \/>\n<meta property=\"og:locale\" content=\"en_US\" \/>\n<meta property=\"og:type\" content=\"article\" \/>\n<meta property=\"og:title\" content=\"Less Stress Clothes Bamboo joggers Teddy Brown - Tallinn Design House\" \/>\n<meta property=\"og:description\" content=\"Less Stress Clothes bamboo p\u00fcksid Teddy Brown. H\u00e4sti l\u00e4bim\u00f5eldud OVERSIZE l\u00f5ige on avar ja sobib erinevatele kehat\u00fc\u00fcpidele t\u00e4nu ONESIZE suurusele.\" \/>\n<meta property=\"og:url\" content=\"https:\/\/tallinndesignhouse.com\/toode\/bamboo-puksid-teddy-brown\/\" \/>\n<meta property=\"og:site_name\" content=\"Tallinn Design House\" \/>\n<meta property=\"article:modified_time\" content=\"2026-04-28T21:59:03+00:00\" \/>\n<meta property=\"og:image\" content=\"https:\/\/tallinndesignhouse.com\/wp-content\/uploads\/2025\/04\/Bamboo-puksid-Teddy-Brown-Less-Stress-Clothes_2.jpg\" \/>\n\t<meta property=\"og:image:width\" content=\"1080\" \/>\n\t<meta property=\"og:image:height\" content=\"1350\" \/>\n\t<meta property=\"og:image:type\" content=\"image\/jpeg\" \/>\n<meta name=\"twitter:card\" content=\"summary_large_image\" \/>\n<meta name=\"twitter:label1\" content=\"Est. reading time\" \/>\n\t<meta name=\"twitter:data1\" content=\"1 minute\" \/>\n<script type=\"application\/ld+json\" class=\"yoast-schema-graph\">{\"@context\":\"https:\/\/schema.org\",\"@graph\":[{\"@type\":\"WebPage\",\"@id\":\"https:\/\/tallinndesignhouse.com\/toode\/bamboo-puksid-teddy-brown\/\",\"url\":\"https:\/\/tallinndesignhouse.com\/toode\/bamboo-puksid-teddy-brown\/\",\"name\":\"Less Stress Clothes Bamboo joggers Teddy Brown - Tallinn Design House\",\"isPartOf\":{\"@id\":\"https:\/\/tallinndesignhouse.com\/#website\"},\"primaryImageOfPage\":{\"@id\":\"https:\/\/tallinndesignhouse.com\/toode\/bamboo-puksid-teddy-brown\/#primaryimage\"},\"image\":{\"@id\":\"https:\/\/tallinndesignhouse.com\/toode\/bamboo-puksid-teddy-brown\/#primaryimage\"},\"thumbnailUrl\":\"https:\/\/tallinndesignhouse.com\/wp-content\/uploads\/2025\/04\/Bamboo-puksid-Teddy-Brown-Less-Stress-Clothes_2.jpg\",\"datePublished\":\"2025-04-14T09:20:04+00:00\",\"dateModified\":\"2026-04-28T21:59:03+00:00\",\"description\":\"Less Stress Clothes bamboo p\u00fcksid Teddy Brown. H\u00e4sti l\u00e4bim\u00f5eldud OVERSIZE l\u00f5ige on avar ja sobib erinevatele kehat\u00fc\u00fcpidele t\u00e4nu ONESIZE suurusele.\",\"breadcrumb\":{\"@id\":\"https:\/\/tallinndesignhouse.com\/toode\/bamboo-puksid-teddy-brown\/#breadcrumb\"},\"inLanguage\":\"en-US\",\"potentialAction\":[{\"@type\":\"ReadAction\",\"target\":[\"https:\/\/tallinndesignhouse.com\/toode\/bamboo-puksid-teddy-brown\/\"]}]},{\"@type\":\"ImageObject\",\"inLanguage\":\"en-US\",\"@id\":\"https:\/\/tallinndesignhouse.com\/toode\/bamboo-puksid-teddy-brown\/#primaryimage\",\"url\":\"https:\/\/tallinndesignhouse.com\/wp-content\/uploads\/2025\/04\/Bamboo-puksid-Teddy-Brown-Less-Stress-Clothes_2.jpg\",\"contentUrl\":\"https:\/\/tallinndesignhouse.com\/wp-content\/uploads\/2025\/04\/Bamboo-puksid-Teddy-Brown-Less-Stress-Clothes_2.jpg\",\"width\":1080,\"height\":1350,\"caption\":\"Bamboo pu\u0308ksid Teddy Brown - Less Stress Clothes_2\"},{\"@type\":\"BreadcrumbList\",\"@id\":\"https:\/\/tallinndesignhouse.com\/toode\/bamboo-puksid-teddy-brown\/#breadcrumb\",\"itemListElement\":[{\"@type\":\"ListItem\",\"position\":1,\"name\":\"Home\",\"item\":\"https:\/\/tallinndesignhouse.com\/en\/\"},{\"@type\":\"ListItem\",\"position\":2,\"name\":\"Shop\",\"item\":\"https:\/\/tallinndesignhouse.com\/en\/shop\/\"},{\"@type\":\"ListItem\",\"position\":3,\"name\":\"Bamboo joggers Teddy Brown\"}]},{\"@type\":\"WebSite\",\"@id\":\"https:\/\/tallinndesignhouse.com\/#website\",\"url\":\"https:\/\/tallinndesignhouse.com\/\",\"name\":\"Tallinn Design House\",\"description\":\"Eesti disain Rotermanni kvartalis\",\"potentialAction\":[{\"@type\":\"SearchAction\",\"target\":{\"@type\":\"EntryPoint\",\"urlTemplate\":\"https:\/\/tallinndesignhouse.com\/?s={search_term_string}\"},\"query-input\":{\"@type\":\"PropertyValueSpecification\",\"valueRequired\":true,\"valueName\":\"search_term_string\"}}],\"inLanguage\":\"en-US\"}]}<\/script>\n<!-- \/ Yoast SEO plugin. -->","yoast_head_json":{"title":"Less Stress Clothes Bamboo joggers Teddy Brown - Tallinn Design House","description":"Less Stress Clothes bamboo p\u00fcksid Teddy Brown. H\u00e4sti l\u00e4bim\u00f5eldud OVERSIZE l\u00f5ige on avar ja sobib erinevatele kehat\u00fc\u00fcpidele t\u00e4nu ONESIZE suurusele.","robots":{"index":"index","follow":"follow","max-snippet":"max-snippet:-1","max-image-preview":"max-image-preview:large","max-video-preview":"max-video-preview:-1"},"canonical":"https:\/\/tallinndesignhouse.com\/toode\/bamboo-puksid-teddy-brown\/","og_locale":"en_US","og_type":"article","og_title":"Less Stress Clothes Bamboo joggers Teddy Brown - Tallinn Design House","og_description":"Less Stress Clothes bamboo p\u00fcksid Teddy Brown. H\u00e4sti l\u00e4bim\u00f5eldud OVERSIZE l\u00f5ige on avar ja sobib erinevatele kehat\u00fc\u00fcpidele t\u00e4nu ONESIZE suurusele.","og_url":"https:\/\/tallinndesignhouse.com\/toode\/bamboo-puksid-teddy-brown\/","og_site_name":"Tallinn Design House","article_modified_time":"2026-04-28T21:59:03+00:00","og_image":[{"width":1080,"height":1350,"url":"https:\/\/tallinndesignhouse.com\/wp-content\/uploads\/2025\/04\/Bamboo-puksid-Teddy-Brown-Less-Stress-Clothes_2.jpg","type":"image\/jpeg"}],"twitter_card":"summary_large_image","twitter_misc":{"Est. reading time":"1 minute"},"schema":{"@context":"https:\/\/schema.org","@graph":[{"@type":"WebPage","@id":"https:\/\/tallinndesignhouse.com\/toode\/bamboo-puksid-teddy-brown\/","url":"https:\/\/tallinndesignhouse.com\/toode\/bamboo-puksid-teddy-brown\/","name":"Less Stress Clothes Bamboo joggers Teddy Brown - Tallinn Design House","isPartOf":{"@id":"https:\/\/tallinndesignhouse.com\/#website"},"primaryImageOfPage":{"@id":"https:\/\/tallinndesignhouse.com\/toode\/bamboo-puksid-teddy-brown\/#primaryimage"},"image":{"@id":"https:\/\/tallinndesignhouse.com\/toode\/bamboo-puksid-teddy-brown\/#primaryimage"},"thumbnailUrl":"https:\/\/tallinndesignhouse.com\/wp-content\/uploads\/2025\/04\/Bamboo-puksid-Teddy-Brown-Less-Stress-Clothes_2.jpg","datePublished":"2025-04-14T09:20:04+00:00","dateModified":"2026-04-28T21:59:03+00:00","description":"Less Stress Clothes bamboo p\u00fcksid Teddy Brown. H\u00e4sti l\u00e4bim\u00f5eldud OVERSIZE l\u00f5ige on avar ja sobib erinevatele kehat\u00fc\u00fcpidele t\u00e4nu ONESIZE suurusele.","breadcrumb":{"@id":"https:\/\/tallinndesignhouse.com\/toode\/bamboo-puksid-teddy-brown\/#breadcrumb"},"inLanguage":"en-US","potentialAction":[{"@type":"ReadAction","target":["https:\/\/tallinndesignhouse.com\/toode\/bamboo-puksid-teddy-brown\/"]}]},{"@type":"ImageObject","inLanguage":"en-US","@id":"https:\/\/tallinndesignhouse.com\/toode\/bamboo-puksid-teddy-brown\/#primaryimage","url":"https:\/\/tallinndesignhouse.com\/wp-content\/uploads\/2025\/04\/Bamboo-puksid-Teddy-Brown-Less-Stress-Clothes_2.jpg","contentUrl":"https:\/\/tallinndesignhouse.com\/wp-content\/uploads\/2025\/04\/Bamboo-puksid-Teddy-Brown-Less-Stress-Clothes_2.jpg","width":1080,"height":1350,"caption":"Bamboo pu\u0308ksid Teddy Brown - Less Stress Clothes_2"},{"@type":"BreadcrumbList","@id":"https:\/\/tallinndesignhouse.com\/toode\/bamboo-puksid-teddy-brown\/#breadcrumb","itemListElement":[{"@type":"ListItem","position":1,"name":"Home","item":"https:\/\/tallinndesignhouse.com\/en\/"},{"@type":"ListItem","position":2,"name":"Shop","item":"https:\/\/tallinndesignhouse.com\/en\/shop\/"},{"@type":"ListItem","position":3,"name":"Bamboo joggers Teddy Brown"}]},{"@type":"WebSite","@id":"https:\/\/tallinndesignhouse.com\/#website","url":"https:\/\/tallinndesignhouse.com\/","name":"Tallinn Design House","description":"Eesti disain Rotermanni kvartalis","potentialAction":[{"@type":"SearchAction","target":{"@type":"EntryPoint","urlTemplate":"https:\/\/tallinndesignhouse.com\/?s={search_term_string}"},"query-input":{"@type":"PropertyValueSpecification","valueRequired":true,"valueName":"search_term_string"}}],"inLanguage":"en-US"}]}},"_links":{"self":[{"href":"https:\/\/tallinndesignhouse.com\/en\/wp-json\/wp\/v2\/product\/3375755","targetHints":{"allow":["GET"]}}],"collection":[{"href":"https:\/\/tallinndesignhouse.com\/en\/wp-json\/wp\/v2\/product"}],"about":[{"href":"https:\/\/tallinndesignhouse.com\/en\/wp-json\/wp\/v2\/types\/product"}],"wp:featuredmedia":[{"embeddable":true,"href":"https:\/\/tallinndesignhouse.com\/en\/wp-json\/wp\/v2\/media\/3375782"}],"wp:attachment":[{"href":"https:\/\/tallinndesignhouse.com\/en\/wp-json\/wp\/v2\/media?parent=3375755"}],"wp:term":[{"taxonomy":"product_brand","embeddable":true,"href":"https:\/\/tallinndesignhouse.com\/en\/wp-json\/wp\/v2\/product_brand?post=3375755"},{"taxonomy":"product_cat","embeddable":true,"href":"https:\/\/tallinndesignhouse.com\/en\/wp-json\/wp\/v2\/product_cat?post=3375755"},{"taxonomy":"product_tag","embeddable":true,"href":"https:\/\/tallinndesignhouse.com\/en\/wp-json\/wp\/v2\/product_tag?post=3375755"}],"curies":[{"name":"wp","href":"https:\/\/api.w.org\/{rel}","templated":true}]}}