{"id":3376000,"date":"2025-04-17T09:50:07","date_gmt":"2025-04-17T06:50:07","guid":{"rendered":"https:\/\/tallinndesignhouse.com\/toode\/vorkkangast-puksid-anett\/"},"modified":"2026-04-29T00:58:35","modified_gmt":"2026-04-28T21:58:35","slug":"vorkkangast-puksid-anett","status":"publish","type":"product","link":"https:\/\/tallinndesignhouse.com\/en\/toode\/vorkkangast-puksid-anett\/","title":{"rendered":"Anett Mesh Trousers"},"content":{"rendered":"<p>Chic yet comfy trousers in soft mesh by Kriss Soonik. With comfortable elasticated waist and removable Marabou trims on legs. Trim with hooks for Marabou. Material: 90% polyester, 10% elastane. Machine wash 30\u00b0C. Please remove Marabou trims before washing. Made in Estonia. Model measurements: height 176 cm; bust 79.5 cm; waist 62.5 cm; hips 91 cm. Model wears size M.<\/p>\n","protected":false},"excerpt":{"rendered":"<p>Chic yet comfy trousers in soft mesh by Kriss Soonik. With comfortable elasticated waist and removable Marabou trims on legs. Trim with hooks for Marabou. Material: 90% polyester, 10% elastane. Machine wash 30\u00b0C. Please remove Marabou trims before washing. Made in Estonia. Model measurements: height 176 cm; bust 79.5 cm; waist 62.5 cm; hips 91 [&hellip;]<\/p>\n","protected":false},"featured_media":3376045,"template":"","meta":{"_acf_changed":false},"product_brand":[],"product_cat":[2837,2013],"product_tag":[2818],"class_list":{"0":"post-3376000","1":"product","2":"type-product","3":"status-publish","4":"has-post-thumbnail","6":"product_cat-clothes","7":"product_cat-pants","8":"product_tag-naised","9":"pa_brand-kriss-soonik","11":"pa_suurus-l","13":"pa_suurus-m","15":"pa_suurus-s","18":"first","19":"instock","20":"taxable","21":"shipping-taxable","22":"purchasable","23":"product-type-variable"},"acf":[],"yoast_head":"<!-- This site is optimized with the Yoast SEO plugin v26.0 - https:\/\/yoast.com\/wordpress\/plugins\/seo\/ -->\n<title>Kriss SoonikAnett Mesh Trousers - Tallinn Design House<\/title>\n<meta name=\"description\" content=\"Kriss Soonik v\u00f5rkkangast p\u00fcksid Anett. Mugava elastse v\u00f6\u00f6koha ja eemaldatavate marabuusulgedest kaunistustega s\u00e4\u00e4reotstes.\" \/>\n<meta name=\"robots\" content=\"index, follow, max-snippet:-1, max-image-preview:large, max-video-preview:-1\" \/>\n<link rel=\"canonical\" href=\"https:\/\/tallinndesignhouse.com\/toode\/vorkkangast-puksid-anett\/\" \/>\n<meta property=\"og:locale\" content=\"en_US\" \/>\n<meta property=\"og:type\" content=\"article\" \/>\n<meta property=\"og:title\" content=\"Kriss SoonikAnett Mesh Trousers - Tallinn Design House\" \/>\n<meta property=\"og:description\" content=\"Kriss Soonik v\u00f5rkkangast p\u00fcksid Anett. Mugava elastse v\u00f6\u00f6koha ja eemaldatavate marabuusulgedest kaunistustega s\u00e4\u00e4reotstes.\" \/>\n<meta property=\"og:url\" content=\"https:\/\/tallinndesignhouse.com\/toode\/vorkkangast-puksid-anett\/\" \/>\n<meta property=\"og:site_name\" content=\"Tallinn Design House\" \/>\n<meta property=\"article:modified_time\" content=\"2026-04-28T21:58:35+00:00\" \/>\n<meta property=\"og:image\" content=\"https:\/\/tallinndesignhouse.com\/wp-content\/uploads\/2025\/04\/Vorkkangast-puksid-Anett-Kriss-Soonik_3.jpg\" \/>\n\t<meta property=\"og:image:width\" content=\"1080\" \/>\n\t<meta property=\"og:image:height\" content=\"1350\" \/>\n\t<meta property=\"og:image:type\" content=\"image\/jpeg\" \/>\n<meta name=\"twitter:card\" content=\"summary_large_image\" \/>\n<meta name=\"twitter:label1\" content=\"Est. reading time\" \/>\n\t<meta name=\"twitter:data1\" content=\"1 minute\" \/>\n<script type=\"application\/ld+json\" class=\"yoast-schema-graph\">{\"@context\":\"https:\/\/schema.org\",\"@graph\":[{\"@type\":\"WebPage\",\"@id\":\"https:\/\/tallinndesignhouse.com\/toode\/vorkkangast-puksid-anett\/\",\"url\":\"https:\/\/tallinndesignhouse.com\/toode\/vorkkangast-puksid-anett\/\",\"name\":\"Kriss SoonikAnett Mesh Trousers - Tallinn Design House\",\"isPartOf\":{\"@id\":\"https:\/\/tallinndesignhouse.com\/#website\"},\"primaryImageOfPage\":{\"@id\":\"https:\/\/tallinndesignhouse.com\/toode\/vorkkangast-puksid-anett\/#primaryimage\"},\"image\":{\"@id\":\"https:\/\/tallinndesignhouse.com\/toode\/vorkkangast-puksid-anett\/#primaryimage\"},\"thumbnailUrl\":\"https:\/\/tallinndesignhouse.com\/wp-content\/uploads\/2025\/04\/Vorkkangast-puksid-Anett-Kriss-Soonik_3.jpg\",\"datePublished\":\"2025-04-17T06:50:07+00:00\",\"dateModified\":\"2026-04-28T21:58:35+00:00\",\"description\":\"Kriss Soonik v\u00f5rkkangast p\u00fcksid Anett. Mugava elastse v\u00f6\u00f6koha ja eemaldatavate marabuusulgedest kaunistustega s\u00e4\u00e4reotstes.\",\"breadcrumb\":{\"@id\":\"https:\/\/tallinndesignhouse.com\/toode\/vorkkangast-puksid-anett\/#breadcrumb\"},\"inLanguage\":\"en-US\",\"potentialAction\":[{\"@type\":\"ReadAction\",\"target\":[\"https:\/\/tallinndesignhouse.com\/toode\/vorkkangast-puksid-anett\/\"]}]},{\"@type\":\"ImageObject\",\"inLanguage\":\"en-US\",\"@id\":\"https:\/\/tallinndesignhouse.com\/toode\/vorkkangast-puksid-anett\/#primaryimage\",\"url\":\"https:\/\/tallinndesignhouse.com\/wp-content\/uploads\/2025\/04\/Vorkkangast-puksid-Anett-Kriss-Soonik_3.jpg\",\"contentUrl\":\"https:\/\/tallinndesignhouse.com\/wp-content\/uploads\/2025\/04\/Vorkkangast-puksid-Anett-Kriss-Soonik_3.jpg\",\"width\":1080,\"height\":1350,\"caption\":\"Vo\u0303rkkangast pu\u0308ksid Anett - Kriss Soonik_3\"},{\"@type\":\"BreadcrumbList\",\"@id\":\"https:\/\/tallinndesignhouse.com\/toode\/vorkkangast-puksid-anett\/#breadcrumb\",\"itemListElement\":[{\"@type\":\"ListItem\",\"position\":1,\"name\":\"Home\",\"item\":\"https:\/\/tallinndesignhouse.com\/en\/\"},{\"@type\":\"ListItem\",\"position\":2,\"name\":\"Shop\",\"item\":\"https:\/\/tallinndesignhouse.com\/en\/shop\/\"},{\"@type\":\"ListItem\",\"position\":3,\"name\":\"Anett Mesh Trousers\"}]},{\"@type\":\"WebSite\",\"@id\":\"https:\/\/tallinndesignhouse.com\/#website\",\"url\":\"https:\/\/tallinndesignhouse.com\/\",\"name\":\"Tallinn Design House\",\"description\":\"Eesti disain Rotermanni kvartalis\",\"potentialAction\":[{\"@type\":\"SearchAction\",\"target\":{\"@type\":\"EntryPoint\",\"urlTemplate\":\"https:\/\/tallinndesignhouse.com\/?s={search_term_string}\"},\"query-input\":{\"@type\":\"PropertyValueSpecification\",\"valueRequired\":true,\"valueName\":\"search_term_string\"}}],\"inLanguage\":\"en-US\"}]}<\/script>\n<!-- \/ Yoast SEO plugin. -->","yoast_head_json":{"title":"Kriss SoonikAnett Mesh Trousers - Tallinn Design House","description":"Kriss Soonik v\u00f5rkkangast p\u00fcksid Anett. Mugava elastse v\u00f6\u00f6koha ja eemaldatavate marabuusulgedest kaunistustega s\u00e4\u00e4reotstes.","robots":{"index":"index","follow":"follow","max-snippet":"max-snippet:-1","max-image-preview":"max-image-preview:large","max-video-preview":"max-video-preview:-1"},"canonical":"https:\/\/tallinndesignhouse.com\/toode\/vorkkangast-puksid-anett\/","og_locale":"en_US","og_type":"article","og_title":"Kriss SoonikAnett Mesh Trousers - Tallinn Design House","og_description":"Kriss Soonik v\u00f5rkkangast p\u00fcksid Anett. Mugava elastse v\u00f6\u00f6koha ja eemaldatavate marabuusulgedest kaunistustega s\u00e4\u00e4reotstes.","og_url":"https:\/\/tallinndesignhouse.com\/toode\/vorkkangast-puksid-anett\/","og_site_name":"Tallinn Design House","article_modified_time":"2026-04-28T21:58:35+00:00","og_image":[{"width":1080,"height":1350,"url":"https:\/\/tallinndesignhouse.com\/wp-content\/uploads\/2025\/04\/Vorkkangast-puksid-Anett-Kriss-Soonik_3.jpg","type":"image\/jpeg"}],"twitter_card":"summary_large_image","twitter_misc":{"Est. reading time":"1 minute"},"schema":{"@context":"https:\/\/schema.org","@graph":[{"@type":"WebPage","@id":"https:\/\/tallinndesignhouse.com\/toode\/vorkkangast-puksid-anett\/","url":"https:\/\/tallinndesignhouse.com\/toode\/vorkkangast-puksid-anett\/","name":"Kriss SoonikAnett Mesh Trousers - Tallinn Design House","isPartOf":{"@id":"https:\/\/tallinndesignhouse.com\/#website"},"primaryImageOfPage":{"@id":"https:\/\/tallinndesignhouse.com\/toode\/vorkkangast-puksid-anett\/#primaryimage"},"image":{"@id":"https:\/\/tallinndesignhouse.com\/toode\/vorkkangast-puksid-anett\/#primaryimage"},"thumbnailUrl":"https:\/\/tallinndesignhouse.com\/wp-content\/uploads\/2025\/04\/Vorkkangast-puksid-Anett-Kriss-Soonik_3.jpg","datePublished":"2025-04-17T06:50:07+00:00","dateModified":"2026-04-28T21:58:35+00:00","description":"Kriss Soonik v\u00f5rkkangast p\u00fcksid Anett. Mugava elastse v\u00f6\u00f6koha ja eemaldatavate marabuusulgedest kaunistustega s\u00e4\u00e4reotstes.","breadcrumb":{"@id":"https:\/\/tallinndesignhouse.com\/toode\/vorkkangast-puksid-anett\/#breadcrumb"},"inLanguage":"en-US","potentialAction":[{"@type":"ReadAction","target":["https:\/\/tallinndesignhouse.com\/toode\/vorkkangast-puksid-anett\/"]}]},{"@type":"ImageObject","inLanguage":"en-US","@id":"https:\/\/tallinndesignhouse.com\/toode\/vorkkangast-puksid-anett\/#primaryimage","url":"https:\/\/tallinndesignhouse.com\/wp-content\/uploads\/2025\/04\/Vorkkangast-puksid-Anett-Kriss-Soonik_3.jpg","contentUrl":"https:\/\/tallinndesignhouse.com\/wp-content\/uploads\/2025\/04\/Vorkkangast-puksid-Anett-Kriss-Soonik_3.jpg","width":1080,"height":1350,"caption":"Vo\u0303rkkangast pu\u0308ksid Anett - Kriss Soonik_3"},{"@type":"BreadcrumbList","@id":"https:\/\/tallinndesignhouse.com\/toode\/vorkkangast-puksid-anett\/#breadcrumb","itemListElement":[{"@type":"ListItem","position":1,"name":"Home","item":"https:\/\/tallinndesignhouse.com\/en\/"},{"@type":"ListItem","position":2,"name":"Shop","item":"https:\/\/tallinndesignhouse.com\/en\/shop\/"},{"@type":"ListItem","position":3,"name":"Anett Mesh Trousers"}]},{"@type":"WebSite","@id":"https:\/\/tallinndesignhouse.com\/#website","url":"https:\/\/tallinndesignhouse.com\/","name":"Tallinn Design House","description":"Eesti disain Rotermanni kvartalis","potentialAction":[{"@type":"SearchAction","target":{"@type":"EntryPoint","urlTemplate":"https:\/\/tallinndesignhouse.com\/?s={search_term_string}"},"query-input":{"@type":"PropertyValueSpecification","valueRequired":true,"valueName":"search_term_string"}}],"inLanguage":"en-US"}]}},"_links":{"self":[{"href":"https:\/\/tallinndesignhouse.com\/en\/wp-json\/wp\/v2\/product\/3376000","targetHints":{"allow":["GET"]}}],"collection":[{"href":"https:\/\/tallinndesignhouse.com\/en\/wp-json\/wp\/v2\/product"}],"about":[{"href":"https:\/\/tallinndesignhouse.com\/en\/wp-json\/wp\/v2\/types\/product"}],"wp:featuredmedia":[{"embeddable":true,"href":"https:\/\/tallinndesignhouse.com\/en\/wp-json\/wp\/v2\/media\/3376045"}],"wp:attachment":[{"href":"https:\/\/tallinndesignhouse.com\/en\/wp-json\/wp\/v2\/media?parent=3376000"}],"wp:term":[{"taxonomy":"product_brand","embeddable":true,"href":"https:\/\/tallinndesignhouse.com\/en\/wp-json\/wp\/v2\/product_brand?post=3376000"},{"taxonomy":"product_cat","embeddable":true,"href":"https:\/\/tallinndesignhouse.com\/en\/wp-json\/wp\/v2\/product_cat?post=3376000"},{"taxonomy":"product_tag","embeddable":true,"href":"https:\/\/tallinndesignhouse.com\/en\/wp-json\/wp\/v2\/product_tag?post=3376000"}],"curies":[{"name":"wp","href":"https:\/\/api.w.org\/{rel}","templated":true}]}}