{"id":3376329,"date":"2025-04-17T15:35:04","date_gmt":"2025-04-17T12:35:04","guid":{"rendered":"https:\/\/tallinndesignhouse.com\/toode\/t-sark-kohu-alt-must\/"},"modified":"2026-05-13T00:55:50","modified_gmt":"2026-05-12T21:55:50","slug":"t-sark-kohu-alt-must","status":"publish","type":"product","link":"https:\/\/tallinndesignhouse.com\/en\/toode\/t-sark-kohu-alt-must\/","title":{"rendered":"T-shirt K\u00f5hu alt white"},"content":{"rendered":"<p>White T-shirt &#8220;K\u00f5hu alt&#8221; by AW Stuff. 100% organic cotton + silk screen printing\/handmade! Unisex sizes. XS: width 45 cm, length 68 cm. S: width 50 cm, length 69 cm. M: width 53 cm, length 72 cm. L: width 56 cm, length 74 cm. XL: width 58 cm, length 76 cm. XXL: width 60 cm, length 78 cm.<\/p>\n","protected":false},"excerpt":{"rendered":"<p>White T-shirt &#8220;K\u00f5hu alt&#8221; by AW Stuff. 100% organic cotton + silk screen printing\/handmade! Unisex sizes. XS: width 45 cm, length 68 cm. S: width 50 cm, length 69 cm. M: width 53 cm, length 72 cm. L: width 56 cm, length 74 cm. XL: width 58 cm, length 76 cm. XXL: width 60 cm, [&hellip;]<\/p>\n","protected":false},"featured_media":3376378,"template":"","meta":{"_acf_changed":false},"product_brand":[],"product_cat":[1957,2837],"product_tag":[2819],"class_list":{"0":"post-3376329","1":"product","2":"type-product","3":"status-publish","4":"has-post-thumbnail","6":"product_cat-shirts-and-blouses","7":"product_cat-clothes","8":"product_tag-women","9":"pa_brand-aw-stuff-en","11":"pa_suurus-l-en","12":"pa_suurus-m-en","13":"pa_suurus-s-en","14":"pa_suurus-xl-en","15":"pa_suurus-xs-en","16":"pa_suurus-xxl-en","24":"first","25":"instock","26":"taxable","27":"shipping-taxable","28":"purchasable","29":"product-type-variable"},"acf":[],"yoast_head":"<!-- This site is optimized with the Yoast SEO plugin v26.0 - https:\/\/yoast.com\/wordpress\/plugins\/seo\/ -->\n<title>AW Stuff T-shirt K\u00f5hu alt white - Tallinn Design House<\/title>\n<meta name=\"description\" content=\"AW Stuff valge t-s\u00e4rk K\u00f5hu alt. 100% orgaaniline puuvill + siiditr\u00fckk\/k\u00e4sit\u00f6\u00f6!\" \/>\n<meta name=\"robots\" content=\"index, follow, max-snippet:-1, max-image-preview:large, max-video-preview:-1\" \/>\n<link rel=\"canonical\" href=\"https:\/\/tallinndesignhouse.com\/toode\/t-sark-kohu-alt-must\/\" \/>\n<meta property=\"og:locale\" content=\"en_US\" \/>\n<meta property=\"og:type\" content=\"article\" \/>\n<meta property=\"og:title\" content=\"AW Stuff T-shirt K\u00f5hu alt white - Tallinn Design House\" \/>\n<meta property=\"og:description\" content=\"AW Stuff valge t-s\u00e4rk K\u00f5hu alt. 100% orgaaniline puuvill + siiditr\u00fckk\/k\u00e4sit\u00f6\u00f6!\" \/>\n<meta property=\"og:url\" content=\"https:\/\/tallinndesignhouse.com\/toode\/t-sark-kohu-alt-must\/\" \/>\n<meta property=\"og:site_name\" content=\"Tallinn Design House\" \/>\n<meta property=\"article:modified_time\" content=\"2026-05-12T21:55:50+00:00\" \/>\n<meta property=\"og:image\" content=\"https:\/\/tallinndesignhouse.com\/wp-content\/uploads\/2025\/04\/Valge-t-sark-Kohu-alt-AW-Stuff_.jpg\" \/>\n\t<meta property=\"og:image:width\" content=\"1080\" \/>\n\t<meta property=\"og:image:height\" content=\"1350\" \/>\n\t<meta property=\"og:image:type\" content=\"image\/jpeg\" \/>\n<meta name=\"twitter:card\" content=\"summary_large_image\" \/>\n<meta name=\"twitter:label1\" content=\"Est. reading time\" \/>\n\t<meta name=\"twitter:data1\" content=\"1 minute\" \/>\n<script type=\"application\/ld+json\" class=\"yoast-schema-graph\">{\"@context\":\"https:\/\/schema.org\",\"@graph\":[{\"@type\":\"WebPage\",\"@id\":\"https:\/\/tallinndesignhouse.com\/toode\/t-sark-kohu-alt-must\/\",\"url\":\"https:\/\/tallinndesignhouse.com\/toode\/t-sark-kohu-alt-must\/\",\"name\":\"AW Stuff T-shirt K\u00f5hu alt white - Tallinn Design House\",\"isPartOf\":{\"@id\":\"https:\/\/tallinndesignhouse.com\/#website\"},\"primaryImageOfPage\":{\"@id\":\"https:\/\/tallinndesignhouse.com\/toode\/t-sark-kohu-alt-must\/#primaryimage\"},\"image\":{\"@id\":\"https:\/\/tallinndesignhouse.com\/toode\/t-sark-kohu-alt-must\/#primaryimage\"},\"thumbnailUrl\":\"https:\/\/tallinndesignhouse.com\/wp-content\/uploads\/2025\/04\/Valge-t-sark-Kohu-alt-AW-Stuff_.jpg\",\"datePublished\":\"2025-04-17T12:35:04+00:00\",\"dateModified\":\"2026-05-12T21:55:50+00:00\",\"description\":\"AW Stuff valge t-s\u00e4rk K\u00f5hu alt. 100% orgaaniline puuvill + siiditr\u00fckk\/k\u00e4sit\u00f6\u00f6!\",\"breadcrumb\":{\"@id\":\"https:\/\/tallinndesignhouse.com\/toode\/t-sark-kohu-alt-must\/#breadcrumb\"},\"inLanguage\":\"en-US\",\"potentialAction\":[{\"@type\":\"ReadAction\",\"target\":[\"https:\/\/tallinndesignhouse.com\/toode\/t-sark-kohu-alt-must\/\"]}]},{\"@type\":\"ImageObject\",\"inLanguage\":\"en-US\",\"@id\":\"https:\/\/tallinndesignhouse.com\/toode\/t-sark-kohu-alt-must\/#primaryimage\",\"url\":\"https:\/\/tallinndesignhouse.com\/wp-content\/uploads\/2025\/04\/Valge-t-sark-Kohu-alt-AW-Stuff_.jpg\",\"contentUrl\":\"https:\/\/tallinndesignhouse.com\/wp-content\/uploads\/2025\/04\/Valge-t-sark-Kohu-alt-AW-Stuff_.jpg\",\"width\":1080,\"height\":1350,\"caption\":\"Valge t-sa\u0308rk Ko\u0303hu alt - AW Stuff_\"},{\"@type\":\"BreadcrumbList\",\"@id\":\"https:\/\/tallinndesignhouse.com\/toode\/t-sark-kohu-alt-must\/#breadcrumb\",\"itemListElement\":[{\"@type\":\"ListItem\",\"position\":1,\"name\":\"Home\",\"item\":\"https:\/\/tallinndesignhouse.com\/en\/\"},{\"@type\":\"ListItem\",\"position\":2,\"name\":\"Shop\",\"item\":\"https:\/\/tallinndesignhouse.com\/en\/shop\/\"},{\"@type\":\"ListItem\",\"position\":3,\"name\":\"T-shirt K\u00f5hu alt white\"}]},{\"@type\":\"WebSite\",\"@id\":\"https:\/\/tallinndesignhouse.com\/#website\",\"url\":\"https:\/\/tallinndesignhouse.com\/\",\"name\":\"Tallinn Design House\",\"description\":\"Eesti disain Rotermanni kvartalis\",\"potentialAction\":[{\"@type\":\"SearchAction\",\"target\":{\"@type\":\"EntryPoint\",\"urlTemplate\":\"https:\/\/tallinndesignhouse.com\/?s={search_term_string}\"},\"query-input\":{\"@type\":\"PropertyValueSpecification\",\"valueRequired\":true,\"valueName\":\"search_term_string\"}}],\"inLanguage\":\"en-US\"}]}<\/script>\n<!-- \/ Yoast SEO plugin. -->","yoast_head_json":{"title":"AW Stuff T-shirt K\u00f5hu alt white - Tallinn Design House","description":"AW Stuff valge t-s\u00e4rk K\u00f5hu alt. 100% orgaaniline puuvill + siiditr\u00fckk\/k\u00e4sit\u00f6\u00f6!","robots":{"index":"index","follow":"follow","max-snippet":"max-snippet:-1","max-image-preview":"max-image-preview:large","max-video-preview":"max-video-preview:-1"},"canonical":"https:\/\/tallinndesignhouse.com\/toode\/t-sark-kohu-alt-must\/","og_locale":"en_US","og_type":"article","og_title":"AW Stuff T-shirt K\u00f5hu alt white - Tallinn Design House","og_description":"AW Stuff valge t-s\u00e4rk K\u00f5hu alt. 100% orgaaniline puuvill + siiditr\u00fckk\/k\u00e4sit\u00f6\u00f6!","og_url":"https:\/\/tallinndesignhouse.com\/toode\/t-sark-kohu-alt-must\/","og_site_name":"Tallinn Design House","article_modified_time":"2026-05-12T21:55:50+00:00","og_image":[{"width":1080,"height":1350,"url":"https:\/\/tallinndesignhouse.com\/wp-content\/uploads\/2025\/04\/Valge-t-sark-Kohu-alt-AW-Stuff_.jpg","type":"image\/jpeg"}],"twitter_card":"summary_large_image","twitter_misc":{"Est. reading time":"1 minute"},"schema":{"@context":"https:\/\/schema.org","@graph":[{"@type":"WebPage","@id":"https:\/\/tallinndesignhouse.com\/toode\/t-sark-kohu-alt-must\/","url":"https:\/\/tallinndesignhouse.com\/toode\/t-sark-kohu-alt-must\/","name":"AW Stuff T-shirt K\u00f5hu alt white - Tallinn Design House","isPartOf":{"@id":"https:\/\/tallinndesignhouse.com\/#website"},"primaryImageOfPage":{"@id":"https:\/\/tallinndesignhouse.com\/toode\/t-sark-kohu-alt-must\/#primaryimage"},"image":{"@id":"https:\/\/tallinndesignhouse.com\/toode\/t-sark-kohu-alt-must\/#primaryimage"},"thumbnailUrl":"https:\/\/tallinndesignhouse.com\/wp-content\/uploads\/2025\/04\/Valge-t-sark-Kohu-alt-AW-Stuff_.jpg","datePublished":"2025-04-17T12:35:04+00:00","dateModified":"2026-05-12T21:55:50+00:00","description":"AW Stuff valge t-s\u00e4rk K\u00f5hu alt. 100% orgaaniline puuvill + siiditr\u00fckk\/k\u00e4sit\u00f6\u00f6!","breadcrumb":{"@id":"https:\/\/tallinndesignhouse.com\/toode\/t-sark-kohu-alt-must\/#breadcrumb"},"inLanguage":"en-US","potentialAction":[{"@type":"ReadAction","target":["https:\/\/tallinndesignhouse.com\/toode\/t-sark-kohu-alt-must\/"]}]},{"@type":"ImageObject","inLanguage":"en-US","@id":"https:\/\/tallinndesignhouse.com\/toode\/t-sark-kohu-alt-must\/#primaryimage","url":"https:\/\/tallinndesignhouse.com\/wp-content\/uploads\/2025\/04\/Valge-t-sark-Kohu-alt-AW-Stuff_.jpg","contentUrl":"https:\/\/tallinndesignhouse.com\/wp-content\/uploads\/2025\/04\/Valge-t-sark-Kohu-alt-AW-Stuff_.jpg","width":1080,"height":1350,"caption":"Valge t-sa\u0308rk Ko\u0303hu alt - AW Stuff_"},{"@type":"BreadcrumbList","@id":"https:\/\/tallinndesignhouse.com\/toode\/t-sark-kohu-alt-must\/#breadcrumb","itemListElement":[{"@type":"ListItem","position":1,"name":"Home","item":"https:\/\/tallinndesignhouse.com\/en\/"},{"@type":"ListItem","position":2,"name":"Shop","item":"https:\/\/tallinndesignhouse.com\/en\/shop\/"},{"@type":"ListItem","position":3,"name":"T-shirt K\u00f5hu alt white"}]},{"@type":"WebSite","@id":"https:\/\/tallinndesignhouse.com\/#website","url":"https:\/\/tallinndesignhouse.com\/","name":"Tallinn Design House","description":"Eesti disain Rotermanni kvartalis","potentialAction":[{"@type":"SearchAction","target":{"@type":"EntryPoint","urlTemplate":"https:\/\/tallinndesignhouse.com\/?s={search_term_string}"},"query-input":{"@type":"PropertyValueSpecification","valueRequired":true,"valueName":"search_term_string"}}],"inLanguage":"en-US"}]}},"_links":{"self":[{"href":"https:\/\/tallinndesignhouse.com\/en\/wp-json\/wp\/v2\/product\/3376329","targetHints":{"allow":["GET"]}}],"collection":[{"href":"https:\/\/tallinndesignhouse.com\/en\/wp-json\/wp\/v2\/product"}],"about":[{"href":"https:\/\/tallinndesignhouse.com\/en\/wp-json\/wp\/v2\/types\/product"}],"wp:featuredmedia":[{"embeddable":true,"href":"https:\/\/tallinndesignhouse.com\/en\/wp-json\/wp\/v2\/media\/3376378"}],"wp:attachment":[{"href":"https:\/\/tallinndesignhouse.com\/en\/wp-json\/wp\/v2\/media?parent=3376329"}],"wp:term":[{"taxonomy":"product_brand","embeddable":true,"href":"https:\/\/tallinndesignhouse.com\/en\/wp-json\/wp\/v2\/product_brand?post=3376329"},{"taxonomy":"product_cat","embeddable":true,"href":"https:\/\/tallinndesignhouse.com\/en\/wp-json\/wp\/v2\/product_cat?post=3376329"},{"taxonomy":"product_tag","embeddable":true,"href":"https:\/\/tallinndesignhouse.com\/en\/wp-json\/wp\/v2\/product_tag?post=3376329"}],"curies":[{"name":"wp","href":"https:\/\/api.w.org\/{rel}","templated":true}]}}