{"id":3376353,"date":"2025-04-17T15:50:22","date_gmt":"2025-04-17T12:50:22","guid":{"rendered":"https:\/\/tallinndesignhouse.com\/toode\/pruunid-puuvillased-puksid-arabis\/"},"modified":"2026-04-29T01:02:42","modified_gmt":"2026-04-28T22:02:42","slug":"pruunid-puuvillased-puksid-arabis","status":"publish","type":"product","link":"https:\/\/tallinndesignhouse.com\/en\/toode\/pruunid-puuvillased-puksid-arabis\/","title":{"rendered":"Brown cotton trousers ARABIS"},"content":{"rendered":"<p>Cotton trousers ARABIS by Hannes R\u00fc\u00fctel. Colour: coconut brown. Material: 100% cotton. White contrast stitchings. Made in Estonia. Nikita is wearing a size 48 and his height is 188 cm. Size 46 \u2013 waist 80 cm, outside length 110 cm. Size 48 \u2013 waist 84 cm, outside length 111 cm. Size 50 \u2013 waist 88 cm, outside length 112 cm. Size 52 \u2013 waist 92 cm, outside length 113 cm.<\/p>\n","protected":false},"excerpt":{"rendered":"<p>Cotton trousers ARABIS by Hannes R\u00fc\u00fctel. Colour: coconut brown. Material: 100% cotton. White contrast stitchings. Made in Estonia. Nikita is wearing a size 48 and his height is 188 cm. Size 46 \u2013 waist 80 cm, outside length 110 cm. Size 48 \u2013 waist 84 cm, outside length 111 cm. Size 50 \u2013 waist 88 [&hellip;]<\/p>\n","protected":false},"featured_media":3376337,"template":"","meta":{"_acf_changed":false},"product_brand":[],"product_cat":[3718,2837,1957,2013],"product_tag":[2820,2818],"class_list":{"0":"post-3376353","1":"product","2":"type-product","3":"status-publish","4":"has-post-thumbnail","6":"product_cat-winter-style","7":"product_cat-clothes","8":"product_cat-shirts-and-blouses","9":"product_cat-pants","10":"product_tag-mehed","11":"product_tag-naised","12":"pa_brand-hannes-ruutel-en","14":"pa_suurus-1922","16":"pa_suurus-3351","18":"pa_suurus-1926","20":"pa_suurus-3350","23":"first","24":"instock","25":"taxable","26":"shipping-taxable","27":"purchasable","28":"product-type-variable"},"acf":[],"yoast_head":"<!-- This site is optimized with the Yoast SEO plugin v26.0 - https:\/\/yoast.com\/wordpress\/plugins\/seo\/ -->\n<title>Hannes R\u00fc\u00fctel Brown cotton trousers ARABIS - Tallinn Design House<\/title>\n<meta name=\"description\" content=\"Hannes R\u00fc\u00fctel pruunid puuvillased p\u00fcksid Arabis. Materjal: 100% puuvill. Valged kontrast\u00f5mblused. Valmistatud Eestis.\" \/>\n<meta name=\"robots\" content=\"index, follow, max-snippet:-1, max-image-preview:large, max-video-preview:-1\" \/>\n<link rel=\"canonical\" href=\"https:\/\/tallinndesignhouse.com\/toode\/pruunid-puuvillased-puksid-arabis\/\" \/>\n<meta property=\"og:locale\" content=\"en_US\" \/>\n<meta property=\"og:type\" content=\"article\" \/>\n<meta property=\"og:title\" content=\"Hannes R\u00fc\u00fctel Brown cotton trousers ARABIS - Tallinn Design House\" \/>\n<meta property=\"og:description\" content=\"Hannes R\u00fc\u00fctel pruunid puuvillased p\u00fcksid Arabis. Materjal: 100% puuvill. Valged kontrast\u00f5mblused. Valmistatud Eestis.\" \/>\n<meta property=\"og:url\" content=\"https:\/\/tallinndesignhouse.com\/toode\/pruunid-puuvillased-puksid-arabis\/\" \/>\n<meta property=\"og:site_name\" content=\"Tallinn Design House\" \/>\n<meta property=\"article:modified_time\" content=\"2026-04-28T22:02:42+00:00\" \/>\n<meta property=\"og:image\" content=\"https:\/\/tallinndesignhouse.com\/wp-content\/uploads\/2025\/04\/Pruunid-puuvillased-puksid-ARABIS-Hannes-Ruutel_.jpg\" \/>\n\t<meta property=\"og:image:width\" content=\"1080\" \/>\n\t<meta property=\"og:image:height\" content=\"1350\" \/>\n\t<meta property=\"og:image:type\" content=\"image\/jpeg\" \/>\n<meta name=\"twitter:card\" content=\"summary_large_image\" \/>\n<script type=\"application\/ld+json\" class=\"yoast-schema-graph\">{\"@context\":\"https:\/\/schema.org\",\"@graph\":[{\"@type\":\"WebPage\",\"@id\":\"https:\/\/tallinndesignhouse.com\/toode\/pruunid-puuvillased-puksid-arabis\/\",\"url\":\"https:\/\/tallinndesignhouse.com\/toode\/pruunid-puuvillased-puksid-arabis\/\",\"name\":\"Hannes R\u00fc\u00fctel Brown cotton trousers ARABIS - Tallinn Design House\",\"isPartOf\":{\"@id\":\"https:\/\/tallinndesignhouse.com\/#website\"},\"primaryImageOfPage\":{\"@id\":\"https:\/\/tallinndesignhouse.com\/toode\/pruunid-puuvillased-puksid-arabis\/#primaryimage\"},\"image\":{\"@id\":\"https:\/\/tallinndesignhouse.com\/toode\/pruunid-puuvillased-puksid-arabis\/#primaryimage\"},\"thumbnailUrl\":\"https:\/\/tallinndesignhouse.com\/wp-content\/uploads\/2025\/04\/Pruunid-puuvillased-puksid-ARABIS-Hannes-Ruutel_.jpg\",\"datePublished\":\"2025-04-17T12:50:22+00:00\",\"dateModified\":\"2026-04-28T22:02:42+00:00\",\"description\":\"Hannes R\u00fc\u00fctel pruunid puuvillased p\u00fcksid Arabis. Materjal: 100% puuvill. Valged kontrast\u00f5mblused. Valmistatud Eestis.\",\"breadcrumb\":{\"@id\":\"https:\/\/tallinndesignhouse.com\/toode\/pruunid-puuvillased-puksid-arabis\/#breadcrumb\"},\"inLanguage\":\"en-US\",\"potentialAction\":[{\"@type\":\"ReadAction\",\"target\":[\"https:\/\/tallinndesignhouse.com\/toode\/pruunid-puuvillased-puksid-arabis\/\"]}]},{\"@type\":\"ImageObject\",\"inLanguage\":\"en-US\",\"@id\":\"https:\/\/tallinndesignhouse.com\/toode\/pruunid-puuvillased-puksid-arabis\/#primaryimage\",\"url\":\"https:\/\/tallinndesignhouse.com\/wp-content\/uploads\/2025\/04\/Pruunid-puuvillased-puksid-ARABIS-Hannes-Ruutel_.jpg\",\"contentUrl\":\"https:\/\/tallinndesignhouse.com\/wp-content\/uploads\/2025\/04\/Pruunid-puuvillased-puksid-ARABIS-Hannes-Ruutel_.jpg\",\"width\":1080,\"height\":1350,\"caption\":\"100% orgaaniline puuvill + siiditr\u00fckk\/k\u00e4sit\u00f6\u00f6!\"},{\"@type\":\"BreadcrumbList\",\"@id\":\"https:\/\/tallinndesignhouse.com\/toode\/pruunid-puuvillased-puksid-arabis\/#breadcrumb\",\"itemListElement\":[{\"@type\":\"ListItem\",\"position\":1,\"name\":\"Home\",\"item\":\"https:\/\/tallinndesignhouse.com\/en\/\"},{\"@type\":\"ListItem\",\"position\":2,\"name\":\"Shop\",\"item\":\"https:\/\/tallinndesignhouse.com\/en\/shop\/\"},{\"@type\":\"ListItem\",\"position\":3,\"name\":\"Brown cotton trousers ARABIS\"}]},{\"@type\":\"WebSite\",\"@id\":\"https:\/\/tallinndesignhouse.com\/#website\",\"url\":\"https:\/\/tallinndesignhouse.com\/\",\"name\":\"Tallinn Design House\",\"description\":\"Eesti disain Rotermanni kvartalis\",\"potentialAction\":[{\"@type\":\"SearchAction\",\"target\":{\"@type\":\"EntryPoint\",\"urlTemplate\":\"https:\/\/tallinndesignhouse.com\/?s={search_term_string}\"},\"query-input\":{\"@type\":\"PropertyValueSpecification\",\"valueRequired\":true,\"valueName\":\"search_term_string\"}}],\"inLanguage\":\"en-US\"}]}<\/script>\n<!-- \/ Yoast SEO plugin. -->","yoast_head_json":{"title":"Hannes R\u00fc\u00fctel Brown cotton trousers ARABIS - Tallinn Design House","description":"Hannes R\u00fc\u00fctel pruunid puuvillased p\u00fcksid Arabis. Materjal: 100% puuvill. Valged kontrast\u00f5mblused. Valmistatud Eestis.","robots":{"index":"index","follow":"follow","max-snippet":"max-snippet:-1","max-image-preview":"max-image-preview:large","max-video-preview":"max-video-preview:-1"},"canonical":"https:\/\/tallinndesignhouse.com\/toode\/pruunid-puuvillased-puksid-arabis\/","og_locale":"en_US","og_type":"article","og_title":"Hannes R\u00fc\u00fctel Brown cotton trousers ARABIS - Tallinn Design House","og_description":"Hannes R\u00fc\u00fctel pruunid puuvillased p\u00fcksid Arabis. Materjal: 100% puuvill. Valged kontrast\u00f5mblused. Valmistatud Eestis.","og_url":"https:\/\/tallinndesignhouse.com\/toode\/pruunid-puuvillased-puksid-arabis\/","og_site_name":"Tallinn Design House","article_modified_time":"2026-04-28T22:02:42+00:00","og_image":[{"width":1080,"height":1350,"url":"https:\/\/tallinndesignhouse.com\/wp-content\/uploads\/2025\/04\/Pruunid-puuvillased-puksid-ARABIS-Hannes-Ruutel_.jpg","type":"image\/jpeg"}],"twitter_card":"summary_large_image","schema":{"@context":"https:\/\/schema.org","@graph":[{"@type":"WebPage","@id":"https:\/\/tallinndesignhouse.com\/toode\/pruunid-puuvillased-puksid-arabis\/","url":"https:\/\/tallinndesignhouse.com\/toode\/pruunid-puuvillased-puksid-arabis\/","name":"Hannes R\u00fc\u00fctel Brown cotton trousers ARABIS - Tallinn Design House","isPartOf":{"@id":"https:\/\/tallinndesignhouse.com\/#website"},"primaryImageOfPage":{"@id":"https:\/\/tallinndesignhouse.com\/toode\/pruunid-puuvillased-puksid-arabis\/#primaryimage"},"image":{"@id":"https:\/\/tallinndesignhouse.com\/toode\/pruunid-puuvillased-puksid-arabis\/#primaryimage"},"thumbnailUrl":"https:\/\/tallinndesignhouse.com\/wp-content\/uploads\/2025\/04\/Pruunid-puuvillased-puksid-ARABIS-Hannes-Ruutel_.jpg","datePublished":"2025-04-17T12:50:22+00:00","dateModified":"2026-04-28T22:02:42+00:00","description":"Hannes R\u00fc\u00fctel pruunid puuvillased p\u00fcksid Arabis. Materjal: 100% puuvill. Valged kontrast\u00f5mblused. Valmistatud Eestis.","breadcrumb":{"@id":"https:\/\/tallinndesignhouse.com\/toode\/pruunid-puuvillased-puksid-arabis\/#breadcrumb"},"inLanguage":"en-US","potentialAction":[{"@type":"ReadAction","target":["https:\/\/tallinndesignhouse.com\/toode\/pruunid-puuvillased-puksid-arabis\/"]}]},{"@type":"ImageObject","inLanguage":"en-US","@id":"https:\/\/tallinndesignhouse.com\/toode\/pruunid-puuvillased-puksid-arabis\/#primaryimage","url":"https:\/\/tallinndesignhouse.com\/wp-content\/uploads\/2025\/04\/Pruunid-puuvillased-puksid-ARABIS-Hannes-Ruutel_.jpg","contentUrl":"https:\/\/tallinndesignhouse.com\/wp-content\/uploads\/2025\/04\/Pruunid-puuvillased-puksid-ARABIS-Hannes-Ruutel_.jpg","width":1080,"height":1350,"caption":"100% orgaaniline puuvill + siiditr\u00fckk\/k\u00e4sit\u00f6\u00f6!"},{"@type":"BreadcrumbList","@id":"https:\/\/tallinndesignhouse.com\/toode\/pruunid-puuvillased-puksid-arabis\/#breadcrumb","itemListElement":[{"@type":"ListItem","position":1,"name":"Home","item":"https:\/\/tallinndesignhouse.com\/en\/"},{"@type":"ListItem","position":2,"name":"Shop","item":"https:\/\/tallinndesignhouse.com\/en\/shop\/"},{"@type":"ListItem","position":3,"name":"Brown cotton trousers ARABIS"}]},{"@type":"WebSite","@id":"https:\/\/tallinndesignhouse.com\/#website","url":"https:\/\/tallinndesignhouse.com\/","name":"Tallinn Design House","description":"Eesti disain Rotermanni kvartalis","potentialAction":[{"@type":"SearchAction","target":{"@type":"EntryPoint","urlTemplate":"https:\/\/tallinndesignhouse.com\/?s={search_term_string}"},"query-input":{"@type":"PropertyValueSpecification","valueRequired":true,"valueName":"search_term_string"}}],"inLanguage":"en-US"}]}},"_links":{"self":[{"href":"https:\/\/tallinndesignhouse.com\/en\/wp-json\/wp\/v2\/product\/3376353","targetHints":{"allow":["GET"]}}],"collection":[{"href":"https:\/\/tallinndesignhouse.com\/en\/wp-json\/wp\/v2\/product"}],"about":[{"href":"https:\/\/tallinndesignhouse.com\/en\/wp-json\/wp\/v2\/types\/product"}],"wp:featuredmedia":[{"embeddable":true,"href":"https:\/\/tallinndesignhouse.com\/en\/wp-json\/wp\/v2\/media\/3376337"}],"wp:attachment":[{"href":"https:\/\/tallinndesignhouse.com\/en\/wp-json\/wp\/v2\/media?parent=3376353"}],"wp:term":[{"taxonomy":"product_brand","embeddable":true,"href":"https:\/\/tallinndesignhouse.com\/en\/wp-json\/wp\/v2\/product_brand?post=3376353"},{"taxonomy":"product_cat","embeddable":true,"href":"https:\/\/tallinndesignhouse.com\/en\/wp-json\/wp\/v2\/product_cat?post=3376353"},{"taxonomy":"product_tag","embeddable":true,"href":"https:\/\/tallinndesignhouse.com\/en\/wp-json\/wp\/v2\/product_tag?post=3376353"}],"curies":[{"name":"wp","href":"https:\/\/api.w.org\/{rel}","templated":true}]}}