{"id":3376539,"date":"2025-04-24T21:05:04","date_gmt":"2025-04-24T18:05:04","guid":{"rendered":"https:\/\/tallinndesignhouse.com\/toode\/korvarongad-luli-keskmised\/"},"modified":"2026-04-29T00:56:17","modified_gmt":"2026-04-28T21:56:17","slug":"korvarongad-luli-keskmised","status":"publish","type":"product","link":"https:\/\/tallinndesignhouse.com\/en\/toode\/korvarongad-luli-keskmised\/","title":{"rendered":"Earrings L\u00fcli Medium"},"content":{"rendered":"<p>Almazista is an Estonian jewellery brand that focuses on experimenting with materials and technologies \u2013 colourful coatings, laser engravings, and 3D-printed distorted forms. Almazista is characterised by irony and complex compositions \u2013 bsurd treasures to adorn the body. The jewellery collection is crafted using various metal chains and their combinations, resulting in earrings, necklaces, bracelets, and anklets. The defining features of the L\u00dcLI series are its compositional variety and a sense of abundance. To ensure comfort, the base of the earrings is made from lightweight metal, and the posts are silver \u2013 suitable for most people with allergies. Materials: lightweight metal alloy and silver posts. The earrings are approximately 3,5 cm long and 1,5 cm wide.<\/p>\n","protected":false},"excerpt":{"rendered":"<p>Almazista is an Estonian jewellery brand that focuses on experimenting with materials and technologies \u2013 colourful coatings, laser engravings, and 3D-printed distorted forms. Almazista is characterised by irony and complex compositions \u2013 bsurd treasures to adorn the body. The jewellery collection is crafted using various metal chains and their combinations, resulting in earrings, necklaces, bracelets, [&hellip;]<\/p>\n","protected":false},"featured_media":3376521,"template":"","meta":{"_acf_changed":false},"product_brand":[],"product_cat":[876,116],"product_tag":[2818],"class_list":{"0":"post-3376539","1":"product","2":"type-product","3":"status-publish","4":"has-post-thumbnail","6":"product_cat-korvarongad","7":"product_cat-ehted","8":"product_tag-naised","9":"pa_brand-almazista","12":"first","13":"instock","14":"taxable","15":"shipping-taxable","16":"purchasable","17":"product-type-simple"},"acf":[],"yoast_head":"<!-- This site is optimized with the Yoast SEO plugin v26.0 - https:\/\/yoast.com\/wordpress\/plugins\/seo\/ -->\n<title>Almazista Earrings L\u00fcli Medium - Tallinn Design House<\/title>\n<meta name=\"description\" content=\"Almazista k\u00f5rvar\u00f5ngad L\u00fcli keskmised. Materjalid: kerge metallisulam ja h\u00f5bedast tiftid. K\u00f5rvar\u00f5ngaste pikkus ca 3,5 cm, laius 1,5 cm.\" \/>\n<meta name=\"robots\" content=\"index, follow, max-snippet:-1, max-image-preview:large, max-video-preview:-1\" \/>\n<link rel=\"canonical\" href=\"https:\/\/tallinndesignhouse.com\/toode\/korvarongad-luli-keskmised\/\" \/>\n<meta property=\"og:locale\" content=\"en_US\" \/>\n<meta property=\"og:type\" content=\"article\" \/>\n<meta property=\"og:title\" content=\"Almazista Earrings L\u00fcli Medium - Tallinn Design House\" \/>\n<meta property=\"og:description\" content=\"Almazista k\u00f5rvar\u00f5ngad L\u00fcli keskmised. Materjalid: kerge metallisulam ja h\u00f5bedast tiftid. K\u00f5rvar\u00f5ngaste pikkus ca 3,5 cm, laius 1,5 cm.\" \/>\n<meta property=\"og:url\" content=\"https:\/\/tallinndesignhouse.com\/toode\/korvarongad-luli-keskmised\/\" \/>\n<meta property=\"og:site_name\" content=\"Tallinn Design House\" \/>\n<meta property=\"article:modified_time\" content=\"2026-04-28T21:56:17+00:00\" \/>\n<meta property=\"og:image\" content=\"https:\/\/tallinndesignhouse.com\/wp-content\/uploads\/2025\/04\/Korvarongad-Luli-keskmised-Almazista.jpg\" \/>\n\t<meta property=\"og:image:width\" content=\"1080\" \/>\n\t<meta property=\"og:image:height\" content=\"1350\" \/>\n\t<meta property=\"og:image:type\" content=\"image\/jpeg\" \/>\n<meta name=\"twitter:card\" content=\"summary_large_image\" \/>\n<meta name=\"twitter:label1\" content=\"Est. reading time\" \/>\n\t<meta name=\"twitter:data1\" content=\"1 minute\" \/>\n<script type=\"application\/ld+json\" class=\"yoast-schema-graph\">{\"@context\":\"https:\/\/schema.org\",\"@graph\":[{\"@type\":\"WebPage\",\"@id\":\"https:\/\/tallinndesignhouse.com\/toode\/korvarongad-luli-keskmised\/\",\"url\":\"https:\/\/tallinndesignhouse.com\/toode\/korvarongad-luli-keskmised\/\",\"name\":\"Almazista Earrings L\u00fcli Medium - Tallinn Design House\",\"isPartOf\":{\"@id\":\"https:\/\/tallinndesignhouse.com\/#website\"},\"primaryImageOfPage\":{\"@id\":\"https:\/\/tallinndesignhouse.com\/toode\/korvarongad-luli-keskmised\/#primaryimage\"},\"image\":{\"@id\":\"https:\/\/tallinndesignhouse.com\/toode\/korvarongad-luli-keskmised\/#primaryimage\"},\"thumbnailUrl\":\"https:\/\/tallinndesignhouse.com\/wp-content\/uploads\/2025\/04\/Korvarongad-Luli-keskmised-Almazista.jpg\",\"datePublished\":\"2025-04-24T18:05:04+00:00\",\"dateModified\":\"2026-04-28T21:56:17+00:00\",\"description\":\"Almazista k\u00f5rvar\u00f5ngad L\u00fcli keskmised. Materjalid: kerge metallisulam ja h\u00f5bedast tiftid. K\u00f5rvar\u00f5ngaste pikkus ca 3,5 cm, laius 1,5 cm.\",\"breadcrumb\":{\"@id\":\"https:\/\/tallinndesignhouse.com\/toode\/korvarongad-luli-keskmised\/#breadcrumb\"},\"inLanguage\":\"en-US\",\"potentialAction\":[{\"@type\":\"ReadAction\",\"target\":[\"https:\/\/tallinndesignhouse.com\/toode\/korvarongad-luli-keskmised\/\"]}]},{\"@type\":\"ImageObject\",\"inLanguage\":\"en-US\",\"@id\":\"https:\/\/tallinndesignhouse.com\/toode\/korvarongad-luli-keskmised\/#primaryimage\",\"url\":\"https:\/\/tallinndesignhouse.com\/wp-content\/uploads\/2025\/04\/Korvarongad-Luli-keskmised-Almazista.jpg\",\"contentUrl\":\"https:\/\/tallinndesignhouse.com\/wp-content\/uploads\/2025\/04\/Korvarongad-Luli-keskmised-Almazista.jpg\",\"width\":1080,\"height\":1350,\"caption\":\"Ko\u0303rvaro\u0303ngad Lu\u0308li keskmised - Almazista\"},{\"@type\":\"BreadcrumbList\",\"@id\":\"https:\/\/tallinndesignhouse.com\/toode\/korvarongad-luli-keskmised\/#breadcrumb\",\"itemListElement\":[{\"@type\":\"ListItem\",\"position\":1,\"name\":\"Home\",\"item\":\"https:\/\/tallinndesignhouse.com\/en\/\"},{\"@type\":\"ListItem\",\"position\":2,\"name\":\"Shop\",\"item\":\"https:\/\/tallinndesignhouse.com\/en\/shop\/\"},{\"@type\":\"ListItem\",\"position\":3,\"name\":\"Earrings L\u00fcli Medium\"}]},{\"@type\":\"WebSite\",\"@id\":\"https:\/\/tallinndesignhouse.com\/#website\",\"url\":\"https:\/\/tallinndesignhouse.com\/\",\"name\":\"Tallinn Design House\",\"description\":\"Eesti disain Rotermanni kvartalis\",\"potentialAction\":[{\"@type\":\"SearchAction\",\"target\":{\"@type\":\"EntryPoint\",\"urlTemplate\":\"https:\/\/tallinndesignhouse.com\/?s={search_term_string}\"},\"query-input\":{\"@type\":\"PropertyValueSpecification\",\"valueRequired\":true,\"valueName\":\"search_term_string\"}}],\"inLanguage\":\"en-US\"}]}<\/script>\n<!-- \/ Yoast SEO plugin. -->","yoast_head_json":{"title":"Almazista Earrings L\u00fcli Medium - Tallinn Design House","description":"Almazista k\u00f5rvar\u00f5ngad L\u00fcli keskmised. Materjalid: kerge metallisulam ja h\u00f5bedast tiftid. K\u00f5rvar\u00f5ngaste pikkus ca 3,5 cm, laius 1,5 cm.","robots":{"index":"index","follow":"follow","max-snippet":"max-snippet:-1","max-image-preview":"max-image-preview:large","max-video-preview":"max-video-preview:-1"},"canonical":"https:\/\/tallinndesignhouse.com\/toode\/korvarongad-luli-keskmised\/","og_locale":"en_US","og_type":"article","og_title":"Almazista Earrings L\u00fcli Medium - Tallinn Design House","og_description":"Almazista k\u00f5rvar\u00f5ngad L\u00fcli keskmised. Materjalid: kerge metallisulam ja h\u00f5bedast tiftid. K\u00f5rvar\u00f5ngaste pikkus ca 3,5 cm, laius 1,5 cm.","og_url":"https:\/\/tallinndesignhouse.com\/toode\/korvarongad-luli-keskmised\/","og_site_name":"Tallinn Design House","article_modified_time":"2026-04-28T21:56:17+00:00","og_image":[{"width":1080,"height":1350,"url":"https:\/\/tallinndesignhouse.com\/wp-content\/uploads\/2025\/04\/Korvarongad-Luli-keskmised-Almazista.jpg","type":"image\/jpeg"}],"twitter_card":"summary_large_image","twitter_misc":{"Est. reading time":"1 minute"},"schema":{"@context":"https:\/\/schema.org","@graph":[{"@type":"WebPage","@id":"https:\/\/tallinndesignhouse.com\/toode\/korvarongad-luli-keskmised\/","url":"https:\/\/tallinndesignhouse.com\/toode\/korvarongad-luli-keskmised\/","name":"Almazista Earrings L\u00fcli Medium - Tallinn Design House","isPartOf":{"@id":"https:\/\/tallinndesignhouse.com\/#website"},"primaryImageOfPage":{"@id":"https:\/\/tallinndesignhouse.com\/toode\/korvarongad-luli-keskmised\/#primaryimage"},"image":{"@id":"https:\/\/tallinndesignhouse.com\/toode\/korvarongad-luli-keskmised\/#primaryimage"},"thumbnailUrl":"https:\/\/tallinndesignhouse.com\/wp-content\/uploads\/2025\/04\/Korvarongad-Luli-keskmised-Almazista.jpg","datePublished":"2025-04-24T18:05:04+00:00","dateModified":"2026-04-28T21:56:17+00:00","description":"Almazista k\u00f5rvar\u00f5ngad L\u00fcli keskmised. Materjalid: kerge metallisulam ja h\u00f5bedast tiftid. K\u00f5rvar\u00f5ngaste pikkus ca 3,5 cm, laius 1,5 cm.","breadcrumb":{"@id":"https:\/\/tallinndesignhouse.com\/toode\/korvarongad-luli-keskmised\/#breadcrumb"},"inLanguage":"en-US","potentialAction":[{"@type":"ReadAction","target":["https:\/\/tallinndesignhouse.com\/toode\/korvarongad-luli-keskmised\/"]}]},{"@type":"ImageObject","inLanguage":"en-US","@id":"https:\/\/tallinndesignhouse.com\/toode\/korvarongad-luli-keskmised\/#primaryimage","url":"https:\/\/tallinndesignhouse.com\/wp-content\/uploads\/2025\/04\/Korvarongad-Luli-keskmised-Almazista.jpg","contentUrl":"https:\/\/tallinndesignhouse.com\/wp-content\/uploads\/2025\/04\/Korvarongad-Luli-keskmised-Almazista.jpg","width":1080,"height":1350,"caption":"Ko\u0303rvaro\u0303ngad Lu\u0308li keskmised - Almazista"},{"@type":"BreadcrumbList","@id":"https:\/\/tallinndesignhouse.com\/toode\/korvarongad-luli-keskmised\/#breadcrumb","itemListElement":[{"@type":"ListItem","position":1,"name":"Home","item":"https:\/\/tallinndesignhouse.com\/en\/"},{"@type":"ListItem","position":2,"name":"Shop","item":"https:\/\/tallinndesignhouse.com\/en\/shop\/"},{"@type":"ListItem","position":3,"name":"Earrings L\u00fcli Medium"}]},{"@type":"WebSite","@id":"https:\/\/tallinndesignhouse.com\/#website","url":"https:\/\/tallinndesignhouse.com\/","name":"Tallinn Design House","description":"Eesti disain Rotermanni kvartalis","potentialAction":[{"@type":"SearchAction","target":{"@type":"EntryPoint","urlTemplate":"https:\/\/tallinndesignhouse.com\/?s={search_term_string}"},"query-input":{"@type":"PropertyValueSpecification","valueRequired":true,"valueName":"search_term_string"}}],"inLanguage":"en-US"}]}},"_links":{"self":[{"href":"https:\/\/tallinndesignhouse.com\/en\/wp-json\/wp\/v2\/product\/3376539","targetHints":{"allow":["GET"]}}],"collection":[{"href":"https:\/\/tallinndesignhouse.com\/en\/wp-json\/wp\/v2\/product"}],"about":[{"href":"https:\/\/tallinndesignhouse.com\/en\/wp-json\/wp\/v2\/types\/product"}],"wp:featuredmedia":[{"embeddable":true,"href":"https:\/\/tallinndesignhouse.com\/en\/wp-json\/wp\/v2\/media\/3376521"}],"wp:attachment":[{"href":"https:\/\/tallinndesignhouse.com\/en\/wp-json\/wp\/v2\/media?parent=3376539"}],"wp:term":[{"taxonomy":"product_brand","embeddable":true,"href":"https:\/\/tallinndesignhouse.com\/en\/wp-json\/wp\/v2\/product_brand?post=3376539"},{"taxonomy":"product_cat","embeddable":true,"href":"https:\/\/tallinndesignhouse.com\/en\/wp-json\/wp\/v2\/product_cat?post=3376539"},{"taxonomy":"product_tag","embeddable":true,"href":"https:\/\/tallinndesignhouse.com\/en\/wp-json\/wp\/v2\/product_tag?post=3376539"}],"curies":[{"name":"wp","href":"https:\/\/api.w.org\/{rel}","templated":true}]}}