{"id":3376773,"date":"2025-04-30T10:05:06","date_gmt":"2025-04-30T07:05:06","guid":{"rendered":"https:\/\/tallinndesignhouse.com\/toode\/nahast-voo-luna\/"},"modified":"2026-04-29T00:57:29","modified_gmt":"2026-04-28T21:57:29","slug":"nahast-voo-luna","status":"publish","type":"product","link":"https:\/\/tallinndesignhouse.com\/en\/toode\/nahast-voo-luna\/","title":{"rendered":"Leather Belt Luna"},"content":{"rendered":"<p>The Luna series leather belt by By Kaire Avi is perfect for everyday wear. Made from high-quality genuine leather, its curved design makes it both comfortable and stylish. Luna is a simple yet elegant choice and a great accessory for any wardrobe. Handcrafted and responsibly made, this leather belt is built to last. Add it to your daily outfit and enjoy its comfort and simplicity! Luna features a beautiful curved design and an adjustable size with a metal buckle. You can clean the leather details with a soft damp cloth and refresh it with beeswax if needed. Sizes: XS 66\u201372 cm, S 76\u201381 cm, M 86\u201391 cm, L 97\u2013102 cm, XL 105\u2013110 cm.<\/p>\n","protected":false},"excerpt":{"rendered":"<p>The Luna series leather belt by By Kaire Avi is perfect for everyday wear. Made from high-quality genuine leather, its curved design makes it both comfortable and stylish. Luna is a simple yet elegant choice and a great accessory for any wardrobe. Handcrafted and responsibly made, this leather belt is built to last. Add it [&hellip;]<\/p>\n","protected":false},"featured_media":3376843,"template":"","meta":{"_acf_changed":false},"product_brand":[],"product_cat":[3296,1945],"product_tag":[2819],"class_list":{"0":"post-3376773","1":"product","2":"type-product","3":"status-publish","4":"has-post-thumbnail","6":"product_cat-accessories-en","7":"product_cat-other-accessories","8":"product_tag-women","9":"pa_brand-by-kaire-avi","11":"pa_suurus-l","13":"pa_suurus-m","15":"pa_suurus-s","17":"pa_suurus-xs","19":"pa_varv-beez","21":"pa_varv-must","22":"pa_varv-must-konjak","23":"pa_varv-pruun","24":"pa_varv-roheline","25":"pa_varv-hall","32":"first","33":"instock","34":"taxable","35":"shipping-taxable","36":"purchasable","37":"product-type-variable"},"acf":[],"yoast_head":"<!-- This site is optimized with the Yoast SEO plugin v26.0 - https:\/\/yoast.com\/wordpress\/plugins\/seo\/ -->\n<title>By Kaire Avi Leather Belt Luna - Tallinn Design House<\/title>\n<meta name=\"description\" content=\"By Kaire Avi nahast v\u00f6\u00f6 Luna on lihtne, kuid elegantne valik, mis on suurep\u00e4rane aksessuaar igas garderoobis!\" \/>\n<meta name=\"robots\" content=\"index, follow, max-snippet:-1, max-image-preview:large, max-video-preview:-1\" \/>\n<link rel=\"canonical\" href=\"https:\/\/tallinndesignhouse.com\/toode\/nahast-voo-luna\/\" \/>\n<meta property=\"og:locale\" content=\"en_US\" \/>\n<meta property=\"og:type\" content=\"article\" \/>\n<meta property=\"og:title\" content=\"By Kaire Avi Leather Belt Luna - Tallinn Design House\" \/>\n<meta property=\"og:description\" content=\"By Kaire Avi nahast v\u00f6\u00f6 Luna on lihtne, kuid elegantne valik, mis on suurep\u00e4rane aksessuaar igas garderoobis!\" \/>\n<meta property=\"og:url\" content=\"https:\/\/tallinndesignhouse.com\/toode\/nahast-voo-luna\/\" \/>\n<meta property=\"og:site_name\" content=\"Tallinn Design House\" \/>\n<meta property=\"article:modified_time\" content=\"2026-04-28T21:57:29+00:00\" \/>\n<meta property=\"og:image\" content=\"https:\/\/tallinndesignhouse.com\/wp-content\/uploads\/2025\/04\/Nahast-voo-Luna-must-By-Kaire-Avi.jpg\" \/>\n\t<meta property=\"og:image:width\" content=\"1080\" \/>\n\t<meta property=\"og:image:height\" content=\"1350\" \/>\n\t<meta property=\"og:image:type\" content=\"image\/jpeg\" \/>\n<meta name=\"twitter:card\" content=\"summary_large_image\" \/>\n<meta name=\"twitter:label1\" content=\"Est. reading time\" \/>\n\t<meta name=\"twitter:data1\" content=\"1 minute\" \/>\n<script type=\"application\/ld+json\" class=\"yoast-schema-graph\">{\"@context\":\"https:\/\/schema.org\",\"@graph\":[{\"@type\":\"WebPage\",\"@id\":\"https:\/\/tallinndesignhouse.com\/toode\/nahast-voo-luna\/\",\"url\":\"https:\/\/tallinndesignhouse.com\/toode\/nahast-voo-luna\/\",\"name\":\"By Kaire Avi Leather Belt Luna - Tallinn Design House\",\"isPartOf\":{\"@id\":\"https:\/\/tallinndesignhouse.com\/#website\"},\"primaryImageOfPage\":{\"@id\":\"https:\/\/tallinndesignhouse.com\/toode\/nahast-voo-luna\/#primaryimage\"},\"image\":{\"@id\":\"https:\/\/tallinndesignhouse.com\/toode\/nahast-voo-luna\/#primaryimage\"},\"thumbnailUrl\":\"https:\/\/tallinndesignhouse.com\/wp-content\/uploads\/2025\/04\/Nahast-voo-Luna-must-By-Kaire-Avi.jpg\",\"datePublished\":\"2025-04-30T07:05:06+00:00\",\"dateModified\":\"2026-04-28T21:57:29+00:00\",\"description\":\"By Kaire Avi nahast v\u00f6\u00f6 Luna on lihtne, kuid elegantne valik, mis on suurep\u00e4rane aksessuaar igas garderoobis!\",\"breadcrumb\":{\"@id\":\"https:\/\/tallinndesignhouse.com\/toode\/nahast-voo-luna\/#breadcrumb\"},\"inLanguage\":\"en-US\",\"potentialAction\":[{\"@type\":\"ReadAction\",\"target\":[\"https:\/\/tallinndesignhouse.com\/toode\/nahast-voo-luna\/\"]}]},{\"@type\":\"ImageObject\",\"inLanguage\":\"en-US\",\"@id\":\"https:\/\/tallinndesignhouse.com\/toode\/nahast-voo-luna\/#primaryimage\",\"url\":\"https:\/\/tallinndesignhouse.com\/wp-content\/uploads\/2025\/04\/Nahast-voo-Luna-must-By-Kaire-Avi.jpg\",\"contentUrl\":\"https:\/\/tallinndesignhouse.com\/wp-content\/uploads\/2025\/04\/Nahast-voo-Luna-must-By-Kaire-Avi.jpg\",\"width\":1080,\"height\":1350,\"caption\":\"Nahast vo\u0308o\u0308 Luna must - By Kaire Avi\"},{\"@type\":\"BreadcrumbList\",\"@id\":\"https:\/\/tallinndesignhouse.com\/toode\/nahast-voo-luna\/#breadcrumb\",\"itemListElement\":[{\"@type\":\"ListItem\",\"position\":1,\"name\":\"Home\",\"item\":\"https:\/\/tallinndesignhouse.com\/en\/\"},{\"@type\":\"ListItem\",\"position\":2,\"name\":\"Shop\",\"item\":\"https:\/\/tallinndesignhouse.com\/en\/shop\/\"},{\"@type\":\"ListItem\",\"position\":3,\"name\":\"Leather Belt Luna\"}]},{\"@type\":\"WebSite\",\"@id\":\"https:\/\/tallinndesignhouse.com\/#website\",\"url\":\"https:\/\/tallinndesignhouse.com\/\",\"name\":\"Tallinn Design House\",\"description\":\"Eesti disain Rotermanni kvartalis\",\"potentialAction\":[{\"@type\":\"SearchAction\",\"target\":{\"@type\":\"EntryPoint\",\"urlTemplate\":\"https:\/\/tallinndesignhouse.com\/?s={search_term_string}\"},\"query-input\":{\"@type\":\"PropertyValueSpecification\",\"valueRequired\":true,\"valueName\":\"search_term_string\"}}],\"inLanguage\":\"en-US\"}]}<\/script>\n<!-- \/ Yoast SEO plugin. -->","yoast_head_json":{"title":"By Kaire Avi Leather Belt Luna - Tallinn Design House","description":"By Kaire Avi nahast v\u00f6\u00f6 Luna on lihtne, kuid elegantne valik, mis on suurep\u00e4rane aksessuaar igas garderoobis!","robots":{"index":"index","follow":"follow","max-snippet":"max-snippet:-1","max-image-preview":"max-image-preview:large","max-video-preview":"max-video-preview:-1"},"canonical":"https:\/\/tallinndesignhouse.com\/toode\/nahast-voo-luna\/","og_locale":"en_US","og_type":"article","og_title":"By Kaire Avi Leather Belt Luna - Tallinn Design House","og_description":"By Kaire Avi nahast v\u00f6\u00f6 Luna on lihtne, kuid elegantne valik, mis on suurep\u00e4rane aksessuaar igas garderoobis!","og_url":"https:\/\/tallinndesignhouse.com\/toode\/nahast-voo-luna\/","og_site_name":"Tallinn Design House","article_modified_time":"2026-04-28T21:57:29+00:00","og_image":[{"width":1080,"height":1350,"url":"https:\/\/tallinndesignhouse.com\/wp-content\/uploads\/2025\/04\/Nahast-voo-Luna-must-By-Kaire-Avi.jpg","type":"image\/jpeg"}],"twitter_card":"summary_large_image","twitter_misc":{"Est. reading time":"1 minute"},"schema":{"@context":"https:\/\/schema.org","@graph":[{"@type":"WebPage","@id":"https:\/\/tallinndesignhouse.com\/toode\/nahast-voo-luna\/","url":"https:\/\/tallinndesignhouse.com\/toode\/nahast-voo-luna\/","name":"By Kaire Avi Leather Belt Luna - Tallinn Design House","isPartOf":{"@id":"https:\/\/tallinndesignhouse.com\/#website"},"primaryImageOfPage":{"@id":"https:\/\/tallinndesignhouse.com\/toode\/nahast-voo-luna\/#primaryimage"},"image":{"@id":"https:\/\/tallinndesignhouse.com\/toode\/nahast-voo-luna\/#primaryimage"},"thumbnailUrl":"https:\/\/tallinndesignhouse.com\/wp-content\/uploads\/2025\/04\/Nahast-voo-Luna-must-By-Kaire-Avi.jpg","datePublished":"2025-04-30T07:05:06+00:00","dateModified":"2026-04-28T21:57:29+00:00","description":"By Kaire Avi nahast v\u00f6\u00f6 Luna on lihtne, kuid elegantne valik, mis on suurep\u00e4rane aksessuaar igas garderoobis!","breadcrumb":{"@id":"https:\/\/tallinndesignhouse.com\/toode\/nahast-voo-luna\/#breadcrumb"},"inLanguage":"en-US","potentialAction":[{"@type":"ReadAction","target":["https:\/\/tallinndesignhouse.com\/toode\/nahast-voo-luna\/"]}]},{"@type":"ImageObject","inLanguage":"en-US","@id":"https:\/\/tallinndesignhouse.com\/toode\/nahast-voo-luna\/#primaryimage","url":"https:\/\/tallinndesignhouse.com\/wp-content\/uploads\/2025\/04\/Nahast-voo-Luna-must-By-Kaire-Avi.jpg","contentUrl":"https:\/\/tallinndesignhouse.com\/wp-content\/uploads\/2025\/04\/Nahast-voo-Luna-must-By-Kaire-Avi.jpg","width":1080,"height":1350,"caption":"Nahast vo\u0308o\u0308 Luna must - By Kaire Avi"},{"@type":"BreadcrumbList","@id":"https:\/\/tallinndesignhouse.com\/toode\/nahast-voo-luna\/#breadcrumb","itemListElement":[{"@type":"ListItem","position":1,"name":"Home","item":"https:\/\/tallinndesignhouse.com\/en\/"},{"@type":"ListItem","position":2,"name":"Shop","item":"https:\/\/tallinndesignhouse.com\/en\/shop\/"},{"@type":"ListItem","position":3,"name":"Leather Belt Luna"}]},{"@type":"WebSite","@id":"https:\/\/tallinndesignhouse.com\/#website","url":"https:\/\/tallinndesignhouse.com\/","name":"Tallinn Design House","description":"Eesti disain Rotermanni kvartalis","potentialAction":[{"@type":"SearchAction","target":{"@type":"EntryPoint","urlTemplate":"https:\/\/tallinndesignhouse.com\/?s={search_term_string}"},"query-input":{"@type":"PropertyValueSpecification","valueRequired":true,"valueName":"search_term_string"}}],"inLanguage":"en-US"}]}},"_links":{"self":[{"href":"https:\/\/tallinndesignhouse.com\/en\/wp-json\/wp\/v2\/product\/3376773","targetHints":{"allow":["GET"]}}],"collection":[{"href":"https:\/\/tallinndesignhouse.com\/en\/wp-json\/wp\/v2\/product"}],"about":[{"href":"https:\/\/tallinndesignhouse.com\/en\/wp-json\/wp\/v2\/types\/product"}],"wp:featuredmedia":[{"embeddable":true,"href":"https:\/\/tallinndesignhouse.com\/en\/wp-json\/wp\/v2\/media\/3376843"}],"wp:attachment":[{"href":"https:\/\/tallinndesignhouse.com\/en\/wp-json\/wp\/v2\/media?parent=3376773"}],"wp:term":[{"taxonomy":"product_brand","embeddable":true,"href":"https:\/\/tallinndesignhouse.com\/en\/wp-json\/wp\/v2\/product_brand?post=3376773"},{"taxonomy":"product_cat","embeddable":true,"href":"https:\/\/tallinndesignhouse.com\/en\/wp-json\/wp\/v2\/product_cat?post=3376773"},{"taxonomy":"product_tag","embeddable":true,"href":"https:\/\/tallinndesignhouse.com\/en\/wp-json\/wp\/v2\/product_tag?post=3376773"}],"curies":[{"name":"wp","href":"https:\/\/api.w.org\/{rel}","templated":true}]}}