{"id":3376802,"date":"2025-04-30T10:05:20","date_gmt":"2025-04-30T07:05:20","guid":{"rendered":"https:\/\/tallinndesignhouse.com\/toode\/must-kleit-lillekarussell\/"},"modified":"2026-04-29T00:57:54","modified_gmt":"2026-04-28T21:57:54","slug":"must-kleit-lillekarussell","status":"publish","type":"product","link":"https:\/\/tallinndesignhouse.com\/en\/toode\/must-kleit-lillekarussell\/","title":{"rendered":"Dark Flower Carousel Silk Slip Dress"},"content":{"rendered":"<p>Silk slip dress Flower Carousel by K\u00e4tlin Kaljuvee. Simple black dress with special hand-drawn pattern of flower blossoms and carousel. Pattern is light and airy, makes You unique and elegant, magical, free like a wind. The dress can be easily combined with different clothes, it is suitable to be worn both in cold weather and in hot summer. Fitting is loose and comfortable, not too narrow. Please check the size chart for bust, waist and hip measures. The dress is available in sizes S, M and L. Adjustable shoulder straps. 100% silk crepe fabric. Placement print. Model is 173 cm and wearing size S.<\/p>\n","protected":false},"excerpt":{"rendered":"<p>Silk slip dress Flower Carousel by K\u00e4tlin Kaljuvee. Simple black dress with special hand-drawn pattern of flower blossoms and carousel. Pattern is light and airy, makes You unique and elegant, magical, free like a wind. The dress can be easily combined with different clothes, it is suitable to be worn both in cold weather and [&hellip;]<\/p>\n","protected":false},"featured_media":3376813,"template":"","meta":{"_acf_changed":false},"product_brand":[],"product_cat":[1964,2837],"product_tag":[2819],"class_list":{"0":"post-3376802","1":"product","2":"type-product","3":"status-publish","4":"has-post-thumbnail","6":"product_cat-dresses","7":"product_cat-clothes","8":"product_tag-women","9":"pa_brand-katlin-kaljuvee-en","11":"pa_suurus-l","13":"pa_suurus-m","15":"pa_suurus-s","18":"first","19":"instock","20":"taxable","21":"shipping-taxable","22":"purchasable","23":"product-type-variable"},"acf":[],"yoast_head":"<!-- This site is optimized with the Yoast SEO plugin v26.0 - https:\/\/yoast.com\/wordpress\/plugins\/seo\/ -->\n<title>K\u00e4tlin Kaljuvee Dark Flower Carousel Silk Slip Dress - Tallinn Design House<\/title>\n<meta name=\"description\" content=\"K\u00e4tlin Kaljuvee must kleit Lillekarussell. Kleiti annab kombineerida erinevate r\u00f5ivastega, sobib kanda nii k\u00fclmal ajal kui kuumal suvel.\" \/>\n<meta name=\"robots\" content=\"index, follow, max-snippet:-1, max-image-preview:large, max-video-preview:-1\" \/>\n<link rel=\"canonical\" href=\"https:\/\/tallinndesignhouse.com\/toode\/must-kleit-lillekarussell\/\" \/>\n<meta property=\"og:locale\" content=\"en_US\" \/>\n<meta property=\"og:type\" content=\"article\" \/>\n<meta property=\"og:title\" content=\"K\u00e4tlin Kaljuvee Dark Flower Carousel Silk Slip Dress - Tallinn Design House\" \/>\n<meta property=\"og:description\" content=\"K\u00e4tlin Kaljuvee must kleit Lillekarussell. Kleiti annab kombineerida erinevate r\u00f5ivastega, sobib kanda nii k\u00fclmal ajal kui kuumal suvel.\" \/>\n<meta property=\"og:url\" content=\"https:\/\/tallinndesignhouse.com\/toode\/must-kleit-lillekarussell\/\" \/>\n<meta property=\"og:site_name\" content=\"Tallinn Design House\" \/>\n<meta property=\"article:modified_time\" content=\"2026-04-28T21:57:54+00:00\" \/>\n<meta property=\"og:image\" content=\"https:\/\/tallinndesignhouse.com\/wp-content\/uploads\/2025\/04\/Must-kleit-Lillekarussell-Katlin-Kaljuvee_.jpg\" \/>\n\t<meta property=\"og:image:width\" content=\"1080\" \/>\n\t<meta property=\"og:image:height\" content=\"1350\" \/>\n\t<meta property=\"og:image:type\" content=\"image\/jpeg\" \/>\n<meta name=\"twitter:card\" content=\"summary_large_image\" \/>\n<meta name=\"twitter:label1\" content=\"Est. reading time\" \/>\n\t<meta name=\"twitter:data1\" content=\"1 minute\" \/>\n<script type=\"application\/ld+json\" class=\"yoast-schema-graph\">{\"@context\":\"https:\/\/schema.org\",\"@graph\":[{\"@type\":\"WebPage\",\"@id\":\"https:\/\/tallinndesignhouse.com\/toode\/must-kleit-lillekarussell\/\",\"url\":\"https:\/\/tallinndesignhouse.com\/toode\/must-kleit-lillekarussell\/\",\"name\":\"K\u00e4tlin Kaljuvee Dark Flower Carousel Silk Slip Dress - Tallinn Design House\",\"isPartOf\":{\"@id\":\"https:\/\/tallinndesignhouse.com\/#website\"},\"primaryImageOfPage\":{\"@id\":\"https:\/\/tallinndesignhouse.com\/toode\/must-kleit-lillekarussell\/#primaryimage\"},\"image\":{\"@id\":\"https:\/\/tallinndesignhouse.com\/toode\/must-kleit-lillekarussell\/#primaryimage\"},\"thumbnailUrl\":\"https:\/\/tallinndesignhouse.com\/wp-content\/uploads\/2025\/04\/Must-kleit-Lillekarussell-Katlin-Kaljuvee_.jpg\",\"datePublished\":\"2025-04-30T07:05:20+00:00\",\"dateModified\":\"2026-04-28T21:57:54+00:00\",\"description\":\"K\u00e4tlin Kaljuvee must kleit Lillekarussell. Kleiti annab kombineerida erinevate r\u00f5ivastega, sobib kanda nii k\u00fclmal ajal kui kuumal suvel.\",\"breadcrumb\":{\"@id\":\"https:\/\/tallinndesignhouse.com\/toode\/must-kleit-lillekarussell\/#breadcrumb\"},\"inLanguage\":\"en-US\",\"potentialAction\":[{\"@type\":\"ReadAction\",\"target\":[\"https:\/\/tallinndesignhouse.com\/toode\/must-kleit-lillekarussell\/\"]}]},{\"@type\":\"ImageObject\",\"inLanguage\":\"en-US\",\"@id\":\"https:\/\/tallinndesignhouse.com\/toode\/must-kleit-lillekarussell\/#primaryimage\",\"url\":\"https:\/\/tallinndesignhouse.com\/wp-content\/uploads\/2025\/04\/Must-kleit-Lillekarussell-Katlin-Kaljuvee_.jpg\",\"contentUrl\":\"https:\/\/tallinndesignhouse.com\/wp-content\/uploads\/2025\/04\/Must-kleit-Lillekarussell-Katlin-Kaljuvee_.jpg\",\"width\":1080,\"height\":1350,\"caption\":\"Must kleit Lillekarussell - Ka\u0308tlin Kaljuvee_\"},{\"@type\":\"BreadcrumbList\",\"@id\":\"https:\/\/tallinndesignhouse.com\/toode\/must-kleit-lillekarussell\/#breadcrumb\",\"itemListElement\":[{\"@type\":\"ListItem\",\"position\":1,\"name\":\"Home\",\"item\":\"https:\/\/tallinndesignhouse.com\/en\/\"},{\"@type\":\"ListItem\",\"position\":2,\"name\":\"Shop\",\"item\":\"https:\/\/tallinndesignhouse.com\/en\/shop\/\"},{\"@type\":\"ListItem\",\"position\":3,\"name\":\"Dark Flower Carousel Silk Slip Dress\"}]},{\"@type\":\"WebSite\",\"@id\":\"https:\/\/tallinndesignhouse.com\/#website\",\"url\":\"https:\/\/tallinndesignhouse.com\/\",\"name\":\"Tallinn Design House\",\"description\":\"Eesti disain Rotermanni kvartalis\",\"potentialAction\":[{\"@type\":\"SearchAction\",\"target\":{\"@type\":\"EntryPoint\",\"urlTemplate\":\"https:\/\/tallinndesignhouse.com\/?s={search_term_string}\"},\"query-input\":{\"@type\":\"PropertyValueSpecification\",\"valueRequired\":true,\"valueName\":\"search_term_string\"}}],\"inLanguage\":\"en-US\"}]}<\/script>\n<!-- \/ Yoast SEO plugin. -->","yoast_head_json":{"title":"K\u00e4tlin Kaljuvee Dark Flower Carousel Silk Slip Dress - Tallinn Design House","description":"K\u00e4tlin Kaljuvee must kleit Lillekarussell. Kleiti annab kombineerida erinevate r\u00f5ivastega, sobib kanda nii k\u00fclmal ajal kui kuumal suvel.","robots":{"index":"index","follow":"follow","max-snippet":"max-snippet:-1","max-image-preview":"max-image-preview:large","max-video-preview":"max-video-preview:-1"},"canonical":"https:\/\/tallinndesignhouse.com\/toode\/must-kleit-lillekarussell\/","og_locale":"en_US","og_type":"article","og_title":"K\u00e4tlin Kaljuvee Dark Flower Carousel Silk Slip Dress - Tallinn Design House","og_description":"K\u00e4tlin Kaljuvee must kleit Lillekarussell. Kleiti annab kombineerida erinevate r\u00f5ivastega, sobib kanda nii k\u00fclmal ajal kui kuumal suvel.","og_url":"https:\/\/tallinndesignhouse.com\/toode\/must-kleit-lillekarussell\/","og_site_name":"Tallinn Design House","article_modified_time":"2026-04-28T21:57:54+00:00","og_image":[{"width":1080,"height":1350,"url":"https:\/\/tallinndesignhouse.com\/wp-content\/uploads\/2025\/04\/Must-kleit-Lillekarussell-Katlin-Kaljuvee_.jpg","type":"image\/jpeg"}],"twitter_card":"summary_large_image","twitter_misc":{"Est. reading time":"1 minute"},"schema":{"@context":"https:\/\/schema.org","@graph":[{"@type":"WebPage","@id":"https:\/\/tallinndesignhouse.com\/toode\/must-kleit-lillekarussell\/","url":"https:\/\/tallinndesignhouse.com\/toode\/must-kleit-lillekarussell\/","name":"K\u00e4tlin Kaljuvee Dark Flower Carousel Silk Slip Dress - Tallinn Design House","isPartOf":{"@id":"https:\/\/tallinndesignhouse.com\/#website"},"primaryImageOfPage":{"@id":"https:\/\/tallinndesignhouse.com\/toode\/must-kleit-lillekarussell\/#primaryimage"},"image":{"@id":"https:\/\/tallinndesignhouse.com\/toode\/must-kleit-lillekarussell\/#primaryimage"},"thumbnailUrl":"https:\/\/tallinndesignhouse.com\/wp-content\/uploads\/2025\/04\/Must-kleit-Lillekarussell-Katlin-Kaljuvee_.jpg","datePublished":"2025-04-30T07:05:20+00:00","dateModified":"2026-04-28T21:57:54+00:00","description":"K\u00e4tlin Kaljuvee must kleit Lillekarussell. Kleiti annab kombineerida erinevate r\u00f5ivastega, sobib kanda nii k\u00fclmal ajal kui kuumal suvel.","breadcrumb":{"@id":"https:\/\/tallinndesignhouse.com\/toode\/must-kleit-lillekarussell\/#breadcrumb"},"inLanguage":"en-US","potentialAction":[{"@type":"ReadAction","target":["https:\/\/tallinndesignhouse.com\/toode\/must-kleit-lillekarussell\/"]}]},{"@type":"ImageObject","inLanguage":"en-US","@id":"https:\/\/tallinndesignhouse.com\/toode\/must-kleit-lillekarussell\/#primaryimage","url":"https:\/\/tallinndesignhouse.com\/wp-content\/uploads\/2025\/04\/Must-kleit-Lillekarussell-Katlin-Kaljuvee_.jpg","contentUrl":"https:\/\/tallinndesignhouse.com\/wp-content\/uploads\/2025\/04\/Must-kleit-Lillekarussell-Katlin-Kaljuvee_.jpg","width":1080,"height":1350,"caption":"Must kleit Lillekarussell - Ka\u0308tlin Kaljuvee_"},{"@type":"BreadcrumbList","@id":"https:\/\/tallinndesignhouse.com\/toode\/must-kleit-lillekarussell\/#breadcrumb","itemListElement":[{"@type":"ListItem","position":1,"name":"Home","item":"https:\/\/tallinndesignhouse.com\/en\/"},{"@type":"ListItem","position":2,"name":"Shop","item":"https:\/\/tallinndesignhouse.com\/en\/shop\/"},{"@type":"ListItem","position":3,"name":"Dark Flower Carousel Silk Slip Dress"}]},{"@type":"WebSite","@id":"https:\/\/tallinndesignhouse.com\/#website","url":"https:\/\/tallinndesignhouse.com\/","name":"Tallinn Design House","description":"Eesti disain Rotermanni kvartalis","potentialAction":[{"@type":"SearchAction","target":{"@type":"EntryPoint","urlTemplate":"https:\/\/tallinndesignhouse.com\/?s={search_term_string}"},"query-input":{"@type":"PropertyValueSpecification","valueRequired":true,"valueName":"search_term_string"}}],"inLanguage":"en-US"}]}},"_links":{"self":[{"href":"https:\/\/tallinndesignhouse.com\/en\/wp-json\/wp\/v2\/product\/3376802","targetHints":{"allow":["GET"]}}],"collection":[{"href":"https:\/\/tallinndesignhouse.com\/en\/wp-json\/wp\/v2\/product"}],"about":[{"href":"https:\/\/tallinndesignhouse.com\/en\/wp-json\/wp\/v2\/types\/product"}],"wp:featuredmedia":[{"embeddable":true,"href":"https:\/\/tallinndesignhouse.com\/en\/wp-json\/wp\/v2\/media\/3376813"}],"wp:attachment":[{"href":"https:\/\/tallinndesignhouse.com\/en\/wp-json\/wp\/v2\/media?parent=3376802"}],"wp:term":[{"taxonomy":"product_brand","embeddable":true,"href":"https:\/\/tallinndesignhouse.com\/en\/wp-json\/wp\/v2\/product_brand?post=3376802"},{"taxonomy":"product_cat","embeddable":true,"href":"https:\/\/tallinndesignhouse.com\/en\/wp-json\/wp\/v2\/product_cat?post=3376802"},{"taxonomy":"product_tag","embeddable":true,"href":"https:\/\/tallinndesignhouse.com\/en\/wp-json\/wp\/v2\/product_tag?post=3376802"}],"curies":[{"name":"wp","href":"https:\/\/api.w.org\/{rel}","templated":true}]}}