{"id":3376889,"date":"2025-05-06T11:35:13","date_gmt":"2025-05-06T08:35:13","guid":{"rendered":"https:\/\/tallinndesignhouse.com\/toode\/kaelakee-droplet\/"},"modified":"2026-04-29T01:01:13","modified_gmt":"2026-04-28T22:01:13","slug":"kaelakee-droplet","status":"publish","type":"product","link":"https:\/\/tallinndesignhouse.com\/en\/toode\/kaelakee-droplet\/","title":{"rendered":"Necklace Droplet"},"content":{"rendered":"<p>The Droplet necklace by Myamoon is inspired by the shape of a water droplet. The highly polished pendant features a freely moving chain that passes through the top part of the droplet. The 7x13mm pendant and 1.5mm rolo chain (length 50+5 cm) are made of 925 sterling silver. Available in rose gold or silver rhodium plating.<\/p>\n","protected":false},"excerpt":{"rendered":"<p>The Droplet necklace by Myamoon is inspired by the shape of a water droplet. The highly polished pendant features a freely moving chain that passes through the top part of the droplet. The 7x13mm pendant and 1.5mm rolo chain (length 50+5 cm) are made of 925 sterling silver. Available in rose gold or silver rhodium [&hellip;]<\/p>\n","protected":false},"featured_media":3376910,"template":"","meta":{"_acf_changed":false},"product_brand":[],"product_cat":[2127,3223,3718],"product_tag":[2818],"class_list":{"0":"post-3376889","1":"product","2":"type-product","3":"status-publish","4":"has-post-thumbnail","6":"product_cat-necklaces","7":"product_cat-jewellery-en","8":"product_cat-winter-style","9":"product_tag-naised","10":"pa_brand-myamoon","12":"pa_varv-kuldne","13":"pa_varv-hobedane","15":"pa_varv-roosa","19":"first","20":"instock","21":"taxable","22":"shipping-taxable","23":"purchasable","24":"product-type-variable"},"acf":[],"yoast_head":"<!-- This site is optimized with the Yoast SEO plugin v26.0 - https:\/\/yoast.com\/wordpress\/plugins\/seo\/ -->\n<title>Myamoon Necklace Droplet - Tallinn Design House<\/title>\n<meta name=\"description\" content=\"Myamoon kaelakee Droplet. K\u00f5rgpoleeritud pinnaga tilgake, kett liigub vabalt l\u00e4bi ehte \u00fclemise osa.\" \/>\n<meta name=\"robots\" content=\"index, follow, max-snippet:-1, max-image-preview:large, max-video-preview:-1\" \/>\n<link rel=\"canonical\" href=\"https:\/\/tallinndesignhouse.com\/toode\/kaelakee-droplet\/\" \/>\n<meta property=\"og:locale\" content=\"en_US\" \/>\n<meta property=\"og:type\" content=\"article\" \/>\n<meta property=\"og:title\" content=\"Myamoon Necklace Droplet - Tallinn Design House\" \/>\n<meta property=\"og:description\" content=\"Myamoon kaelakee Droplet. K\u00f5rgpoleeritud pinnaga tilgake, kett liigub vabalt l\u00e4bi ehte \u00fclemise osa.\" \/>\n<meta property=\"og:url\" content=\"https:\/\/tallinndesignhouse.com\/toode\/kaelakee-droplet\/\" \/>\n<meta property=\"og:site_name\" content=\"Tallinn Design House\" \/>\n<meta property=\"article:modified_time\" content=\"2026-04-28T22:01:13+00:00\" \/>\n<meta property=\"og:image\" content=\"https:\/\/tallinndesignhouse.com\/wp-content\/uploads\/2025\/05\/Kaelakee-Droplet-Myamoon.jpg\" \/>\n\t<meta property=\"og:image:width\" content=\"1080\" \/>\n\t<meta property=\"og:image:height\" content=\"1350\" \/>\n\t<meta property=\"og:image:type\" content=\"image\/jpeg\" \/>\n<meta name=\"twitter:card\" content=\"summary_large_image\" \/>\n<meta name=\"twitter:label1\" content=\"Est. reading time\" \/>\n\t<meta name=\"twitter:data1\" content=\"1 minute\" \/>\n<script type=\"application\/ld+json\" class=\"yoast-schema-graph\">{\"@context\":\"https:\/\/schema.org\",\"@graph\":[{\"@type\":\"WebPage\",\"@id\":\"https:\/\/tallinndesignhouse.com\/toode\/kaelakee-droplet\/\",\"url\":\"https:\/\/tallinndesignhouse.com\/toode\/kaelakee-droplet\/\",\"name\":\"Myamoon Necklace Droplet - Tallinn Design House\",\"isPartOf\":{\"@id\":\"https:\/\/tallinndesignhouse.com\/#website\"},\"primaryImageOfPage\":{\"@id\":\"https:\/\/tallinndesignhouse.com\/toode\/kaelakee-droplet\/#primaryimage\"},\"image\":{\"@id\":\"https:\/\/tallinndesignhouse.com\/toode\/kaelakee-droplet\/#primaryimage\"},\"thumbnailUrl\":\"https:\/\/tallinndesignhouse.com\/wp-content\/uploads\/2025\/05\/Kaelakee-Droplet-Myamoon.jpg\",\"datePublished\":\"2025-05-06T08:35:13+00:00\",\"dateModified\":\"2026-04-28T22:01:13+00:00\",\"description\":\"Myamoon kaelakee Droplet. K\u00f5rgpoleeritud pinnaga tilgake, kett liigub vabalt l\u00e4bi ehte \u00fclemise osa.\",\"breadcrumb\":{\"@id\":\"https:\/\/tallinndesignhouse.com\/toode\/kaelakee-droplet\/#breadcrumb\"},\"inLanguage\":\"en-US\",\"potentialAction\":[{\"@type\":\"ReadAction\",\"target\":[\"https:\/\/tallinndesignhouse.com\/toode\/kaelakee-droplet\/\"]}]},{\"@type\":\"ImageObject\",\"inLanguage\":\"en-US\",\"@id\":\"https:\/\/tallinndesignhouse.com\/toode\/kaelakee-droplet\/#primaryimage\",\"url\":\"https:\/\/tallinndesignhouse.com\/wp-content\/uploads\/2025\/05\/Kaelakee-Droplet-Myamoon.jpg\",\"contentUrl\":\"https:\/\/tallinndesignhouse.com\/wp-content\/uploads\/2025\/05\/Kaelakee-Droplet-Myamoon.jpg\",\"width\":1080,\"height\":1350,\"caption\":\"Kaelakee Droplet - Myamoon\"},{\"@type\":\"BreadcrumbList\",\"@id\":\"https:\/\/tallinndesignhouse.com\/toode\/kaelakee-droplet\/#breadcrumb\",\"itemListElement\":[{\"@type\":\"ListItem\",\"position\":1,\"name\":\"Home\",\"item\":\"https:\/\/tallinndesignhouse.com\/en\/\"},{\"@type\":\"ListItem\",\"position\":2,\"name\":\"Shop\",\"item\":\"https:\/\/tallinndesignhouse.com\/en\/shop\/\"},{\"@type\":\"ListItem\",\"position\":3,\"name\":\"Necklace Droplet\"}]},{\"@type\":\"WebSite\",\"@id\":\"https:\/\/tallinndesignhouse.com\/#website\",\"url\":\"https:\/\/tallinndesignhouse.com\/\",\"name\":\"Tallinn Design House\",\"description\":\"Eesti disain Rotermanni kvartalis\",\"potentialAction\":[{\"@type\":\"SearchAction\",\"target\":{\"@type\":\"EntryPoint\",\"urlTemplate\":\"https:\/\/tallinndesignhouse.com\/?s={search_term_string}\"},\"query-input\":{\"@type\":\"PropertyValueSpecification\",\"valueRequired\":true,\"valueName\":\"search_term_string\"}}],\"inLanguage\":\"en-US\"}]}<\/script>\n<!-- \/ Yoast SEO plugin. -->","yoast_head_json":{"title":"Myamoon Necklace Droplet - Tallinn Design House","description":"Myamoon kaelakee Droplet. K\u00f5rgpoleeritud pinnaga tilgake, kett liigub vabalt l\u00e4bi ehte \u00fclemise osa.","robots":{"index":"index","follow":"follow","max-snippet":"max-snippet:-1","max-image-preview":"max-image-preview:large","max-video-preview":"max-video-preview:-1"},"canonical":"https:\/\/tallinndesignhouse.com\/toode\/kaelakee-droplet\/","og_locale":"en_US","og_type":"article","og_title":"Myamoon Necklace Droplet - Tallinn Design House","og_description":"Myamoon kaelakee Droplet. K\u00f5rgpoleeritud pinnaga tilgake, kett liigub vabalt l\u00e4bi ehte \u00fclemise osa.","og_url":"https:\/\/tallinndesignhouse.com\/toode\/kaelakee-droplet\/","og_site_name":"Tallinn Design House","article_modified_time":"2026-04-28T22:01:13+00:00","og_image":[{"width":1080,"height":1350,"url":"https:\/\/tallinndesignhouse.com\/wp-content\/uploads\/2025\/05\/Kaelakee-Droplet-Myamoon.jpg","type":"image\/jpeg"}],"twitter_card":"summary_large_image","twitter_misc":{"Est. reading time":"1 minute"},"schema":{"@context":"https:\/\/schema.org","@graph":[{"@type":"WebPage","@id":"https:\/\/tallinndesignhouse.com\/toode\/kaelakee-droplet\/","url":"https:\/\/tallinndesignhouse.com\/toode\/kaelakee-droplet\/","name":"Myamoon Necklace Droplet - Tallinn Design House","isPartOf":{"@id":"https:\/\/tallinndesignhouse.com\/#website"},"primaryImageOfPage":{"@id":"https:\/\/tallinndesignhouse.com\/toode\/kaelakee-droplet\/#primaryimage"},"image":{"@id":"https:\/\/tallinndesignhouse.com\/toode\/kaelakee-droplet\/#primaryimage"},"thumbnailUrl":"https:\/\/tallinndesignhouse.com\/wp-content\/uploads\/2025\/05\/Kaelakee-Droplet-Myamoon.jpg","datePublished":"2025-05-06T08:35:13+00:00","dateModified":"2026-04-28T22:01:13+00:00","description":"Myamoon kaelakee Droplet. K\u00f5rgpoleeritud pinnaga tilgake, kett liigub vabalt l\u00e4bi ehte \u00fclemise osa.","breadcrumb":{"@id":"https:\/\/tallinndesignhouse.com\/toode\/kaelakee-droplet\/#breadcrumb"},"inLanguage":"en-US","potentialAction":[{"@type":"ReadAction","target":["https:\/\/tallinndesignhouse.com\/toode\/kaelakee-droplet\/"]}]},{"@type":"ImageObject","inLanguage":"en-US","@id":"https:\/\/tallinndesignhouse.com\/toode\/kaelakee-droplet\/#primaryimage","url":"https:\/\/tallinndesignhouse.com\/wp-content\/uploads\/2025\/05\/Kaelakee-Droplet-Myamoon.jpg","contentUrl":"https:\/\/tallinndesignhouse.com\/wp-content\/uploads\/2025\/05\/Kaelakee-Droplet-Myamoon.jpg","width":1080,"height":1350,"caption":"Kaelakee Droplet - Myamoon"},{"@type":"BreadcrumbList","@id":"https:\/\/tallinndesignhouse.com\/toode\/kaelakee-droplet\/#breadcrumb","itemListElement":[{"@type":"ListItem","position":1,"name":"Home","item":"https:\/\/tallinndesignhouse.com\/en\/"},{"@type":"ListItem","position":2,"name":"Shop","item":"https:\/\/tallinndesignhouse.com\/en\/shop\/"},{"@type":"ListItem","position":3,"name":"Necklace Droplet"}]},{"@type":"WebSite","@id":"https:\/\/tallinndesignhouse.com\/#website","url":"https:\/\/tallinndesignhouse.com\/","name":"Tallinn Design House","description":"Eesti disain Rotermanni kvartalis","potentialAction":[{"@type":"SearchAction","target":{"@type":"EntryPoint","urlTemplate":"https:\/\/tallinndesignhouse.com\/?s={search_term_string}"},"query-input":{"@type":"PropertyValueSpecification","valueRequired":true,"valueName":"search_term_string"}}],"inLanguage":"en-US"}]}},"_links":{"self":[{"href":"https:\/\/tallinndesignhouse.com\/en\/wp-json\/wp\/v2\/product\/3376889","targetHints":{"allow":["GET"]}}],"collection":[{"href":"https:\/\/tallinndesignhouse.com\/en\/wp-json\/wp\/v2\/product"}],"about":[{"href":"https:\/\/tallinndesignhouse.com\/en\/wp-json\/wp\/v2\/types\/product"}],"wp:featuredmedia":[{"embeddable":true,"href":"https:\/\/tallinndesignhouse.com\/en\/wp-json\/wp\/v2\/media\/3376910"}],"wp:attachment":[{"href":"https:\/\/tallinndesignhouse.com\/en\/wp-json\/wp\/v2\/media?parent=3376889"}],"wp:term":[{"taxonomy":"product_brand","embeddable":true,"href":"https:\/\/tallinndesignhouse.com\/en\/wp-json\/wp\/v2\/product_brand?post=3376889"},{"taxonomy":"product_cat","embeddable":true,"href":"https:\/\/tallinndesignhouse.com\/en\/wp-json\/wp\/v2\/product_cat?post=3376889"},{"taxonomy":"product_tag","embeddable":true,"href":"https:\/\/tallinndesignhouse.com\/en\/wp-json\/wp\/v2\/product_tag?post=3376889"}],"curies":[{"name":"wp","href":"https:\/\/api.w.org\/{rel}","templated":true}]}}