{"id":3377411,"date":"2025-05-16T13:35:10","date_gmt":"2025-05-16T10:35:10","guid":{"rendered":"https:\/\/tallinndesignhouse.com\/toode\/korvarongad-tulekivi\/"},"modified":"2026-04-29T00:57:25","modified_gmt":"2026-04-28T21:57:25","slug":"korvarongad-tulekivi","status":"publish","type":"product","link":"https:\/\/tallinndesignhouse.com\/en\/toode\/korvarongad-tulekivi\/","title":{"rendered":"Earrings Firerock"},"content":{"rendered":"<p>Oxidized \u201cFirerock\u201d earrings from Rockhard collection. Siim Anton\u2019s new Lummus collection Rockhard is a tribute to something that endures. Drawing inspiration from the poem \u201cRockhard Beach of Life\u2019s Sand\u201d, this collection features six stones collected from the \u00dc\u00fcgu coastline on Muhu Island, symbolizing strength, permanence, and the deep spirit of the land. It is the most silver-rich and weightiest of Lummus\u2019 collections to date. These pieces of jewelry do not strive for perfection but embody the power of nature and time, which shapes and transforms, but never disappears. Rockhard is designed for those who seek permanence, strength and a story that lasts through time. The earrings are sent in Lummus\u2019 signature box. Measures: 4 x 2,5 cm.<\/p>\n","protected":false},"excerpt":{"rendered":"<p>Oxidized \u201cFirerock\u201d earrings from Rockhard collection. Siim Anton\u2019s new Lummus collection Rockhard is a tribute to something that endures. Drawing inspiration from the poem \u201cRockhard Beach of Life\u2019s Sand\u201d, this collection features six stones collected from the \u00dc\u00fcgu coastline on Muhu Island, symbolizing strength, permanence, and the deep spirit of the land. It is the [&hellip;]<\/p>\n","protected":false},"featured_media":3377429,"template":"","meta":{"_acf_changed":false},"product_brand":[],"product_cat":[876,116],"product_tag":[2818],"class_list":{"0":"post-3377411","1":"product","2":"type-product","3":"status-publish","4":"has-post-thumbnail","6":"product_cat-korvarongad","7":"product_cat-ehted","8":"product_tag-naised","9":"pa_brand-lummus","12":"first","13":"instock","14":"taxable","15":"shipping-taxable","16":"purchasable","17":"product-type-simple"},"acf":[],"yoast_head":"<!-- This site is optimized with the Yoast SEO plugin v26.0 - https:\/\/yoast.com\/wordpress\/plugins\/seo\/ -->\n<title>Lummus Earrings Firerock - Tallinn Design House<\/title>\n<meta name=\"description\" content=\"Lummus k\u00f5rvar\u00f5ngad Tulekivi. Siim Antoni uus Lummuse kollektsioon on austusavaldus millelegi, mis j\u00e4\u00e4b. Suurus: 4 x 2,5 cm.\" \/>\n<meta name=\"robots\" content=\"index, follow, max-snippet:-1, max-image-preview:large, max-video-preview:-1\" \/>\n<link rel=\"canonical\" href=\"https:\/\/tallinndesignhouse.com\/toode\/korvarongad-tulekivi\/\" \/>\n<meta property=\"og:locale\" content=\"en_US\" \/>\n<meta property=\"og:type\" content=\"article\" \/>\n<meta property=\"og:title\" content=\"Lummus Earrings Firerock - Tallinn Design House\" \/>\n<meta property=\"og:description\" content=\"Lummus k\u00f5rvar\u00f5ngad Tulekivi. Siim Antoni uus Lummuse kollektsioon on austusavaldus millelegi, mis j\u00e4\u00e4b. Suurus: 4 x 2,5 cm.\" \/>\n<meta property=\"og:url\" content=\"https:\/\/tallinndesignhouse.com\/toode\/korvarongad-tulekivi\/\" \/>\n<meta property=\"og:site_name\" content=\"Tallinn Design House\" \/>\n<meta property=\"article:modified_time\" content=\"2026-04-28T21:57:25+00:00\" \/>\n<meta property=\"og:image\" content=\"https:\/\/tallinndesignhouse.com\/wp-content\/uploads\/2025\/05\/Korvarongad-Tulekivi-Lummus.jpg\" \/>\n\t<meta property=\"og:image:width\" content=\"1080\" \/>\n\t<meta property=\"og:image:height\" content=\"1350\" \/>\n\t<meta property=\"og:image:type\" content=\"image\/jpeg\" \/>\n<meta name=\"twitter:card\" content=\"summary_large_image\" \/>\n<meta name=\"twitter:label1\" content=\"Est. reading time\" \/>\n\t<meta name=\"twitter:data1\" content=\"1 minute\" \/>\n<script type=\"application\/ld+json\" class=\"yoast-schema-graph\">{\"@context\":\"https:\/\/schema.org\",\"@graph\":[{\"@type\":\"WebPage\",\"@id\":\"https:\/\/tallinndesignhouse.com\/toode\/korvarongad-tulekivi\/\",\"url\":\"https:\/\/tallinndesignhouse.com\/toode\/korvarongad-tulekivi\/\",\"name\":\"Lummus Earrings Firerock - Tallinn Design House\",\"isPartOf\":{\"@id\":\"https:\/\/tallinndesignhouse.com\/#website\"},\"primaryImageOfPage\":{\"@id\":\"https:\/\/tallinndesignhouse.com\/toode\/korvarongad-tulekivi\/#primaryimage\"},\"image\":{\"@id\":\"https:\/\/tallinndesignhouse.com\/toode\/korvarongad-tulekivi\/#primaryimage\"},\"thumbnailUrl\":\"https:\/\/tallinndesignhouse.com\/wp-content\/uploads\/2025\/05\/Korvarongad-Tulekivi-Lummus.jpg\",\"datePublished\":\"2025-05-16T10:35:10+00:00\",\"dateModified\":\"2026-04-28T21:57:25+00:00\",\"description\":\"Lummus k\u00f5rvar\u00f5ngad Tulekivi. Siim Antoni uus Lummuse kollektsioon on austusavaldus millelegi, mis j\u00e4\u00e4b. Suurus: 4 x 2,5 cm.\",\"breadcrumb\":{\"@id\":\"https:\/\/tallinndesignhouse.com\/toode\/korvarongad-tulekivi\/#breadcrumb\"},\"inLanguage\":\"en-US\",\"potentialAction\":[{\"@type\":\"ReadAction\",\"target\":[\"https:\/\/tallinndesignhouse.com\/toode\/korvarongad-tulekivi\/\"]}]},{\"@type\":\"ImageObject\",\"inLanguage\":\"en-US\",\"@id\":\"https:\/\/tallinndesignhouse.com\/toode\/korvarongad-tulekivi\/#primaryimage\",\"url\":\"https:\/\/tallinndesignhouse.com\/wp-content\/uploads\/2025\/05\/Korvarongad-Tulekivi-Lummus.jpg\",\"contentUrl\":\"https:\/\/tallinndesignhouse.com\/wp-content\/uploads\/2025\/05\/Korvarongad-Tulekivi-Lummus.jpg\",\"width\":1080,\"height\":1350,\"caption\":\"Ko\u0303rvaro\u0303ngad Tulekivi - Lummus\"},{\"@type\":\"BreadcrumbList\",\"@id\":\"https:\/\/tallinndesignhouse.com\/toode\/korvarongad-tulekivi\/#breadcrumb\",\"itemListElement\":[{\"@type\":\"ListItem\",\"position\":1,\"name\":\"Home\",\"item\":\"https:\/\/tallinndesignhouse.com\/en\/\"},{\"@type\":\"ListItem\",\"position\":2,\"name\":\"Shop\",\"item\":\"https:\/\/tallinndesignhouse.com\/en\/shop\/\"},{\"@type\":\"ListItem\",\"position\":3,\"name\":\"Earrings Firerock\"}]},{\"@type\":\"WebSite\",\"@id\":\"https:\/\/tallinndesignhouse.com\/#website\",\"url\":\"https:\/\/tallinndesignhouse.com\/\",\"name\":\"Tallinn Design House\",\"description\":\"Eesti disain Rotermanni kvartalis\",\"potentialAction\":[{\"@type\":\"SearchAction\",\"target\":{\"@type\":\"EntryPoint\",\"urlTemplate\":\"https:\/\/tallinndesignhouse.com\/?s={search_term_string}\"},\"query-input\":{\"@type\":\"PropertyValueSpecification\",\"valueRequired\":true,\"valueName\":\"search_term_string\"}}],\"inLanguage\":\"en-US\"}]}<\/script>\n<!-- \/ Yoast SEO plugin. -->","yoast_head_json":{"title":"Lummus Earrings Firerock - Tallinn Design House","description":"Lummus k\u00f5rvar\u00f5ngad Tulekivi. Siim Antoni uus Lummuse kollektsioon on austusavaldus millelegi, mis j\u00e4\u00e4b. Suurus: 4 x 2,5 cm.","robots":{"index":"index","follow":"follow","max-snippet":"max-snippet:-1","max-image-preview":"max-image-preview:large","max-video-preview":"max-video-preview:-1"},"canonical":"https:\/\/tallinndesignhouse.com\/toode\/korvarongad-tulekivi\/","og_locale":"en_US","og_type":"article","og_title":"Lummus Earrings Firerock - Tallinn Design House","og_description":"Lummus k\u00f5rvar\u00f5ngad Tulekivi. Siim Antoni uus Lummuse kollektsioon on austusavaldus millelegi, mis j\u00e4\u00e4b. Suurus: 4 x 2,5 cm.","og_url":"https:\/\/tallinndesignhouse.com\/toode\/korvarongad-tulekivi\/","og_site_name":"Tallinn Design House","article_modified_time":"2026-04-28T21:57:25+00:00","og_image":[{"width":1080,"height":1350,"url":"https:\/\/tallinndesignhouse.com\/wp-content\/uploads\/2025\/05\/Korvarongad-Tulekivi-Lummus.jpg","type":"image\/jpeg"}],"twitter_card":"summary_large_image","twitter_misc":{"Est. reading time":"1 minute"},"schema":{"@context":"https:\/\/schema.org","@graph":[{"@type":"WebPage","@id":"https:\/\/tallinndesignhouse.com\/toode\/korvarongad-tulekivi\/","url":"https:\/\/tallinndesignhouse.com\/toode\/korvarongad-tulekivi\/","name":"Lummus Earrings Firerock - Tallinn Design House","isPartOf":{"@id":"https:\/\/tallinndesignhouse.com\/#website"},"primaryImageOfPage":{"@id":"https:\/\/tallinndesignhouse.com\/toode\/korvarongad-tulekivi\/#primaryimage"},"image":{"@id":"https:\/\/tallinndesignhouse.com\/toode\/korvarongad-tulekivi\/#primaryimage"},"thumbnailUrl":"https:\/\/tallinndesignhouse.com\/wp-content\/uploads\/2025\/05\/Korvarongad-Tulekivi-Lummus.jpg","datePublished":"2025-05-16T10:35:10+00:00","dateModified":"2026-04-28T21:57:25+00:00","description":"Lummus k\u00f5rvar\u00f5ngad Tulekivi. Siim Antoni uus Lummuse kollektsioon on austusavaldus millelegi, mis j\u00e4\u00e4b. Suurus: 4 x 2,5 cm.","breadcrumb":{"@id":"https:\/\/tallinndesignhouse.com\/toode\/korvarongad-tulekivi\/#breadcrumb"},"inLanguage":"en-US","potentialAction":[{"@type":"ReadAction","target":["https:\/\/tallinndesignhouse.com\/toode\/korvarongad-tulekivi\/"]}]},{"@type":"ImageObject","inLanguage":"en-US","@id":"https:\/\/tallinndesignhouse.com\/toode\/korvarongad-tulekivi\/#primaryimage","url":"https:\/\/tallinndesignhouse.com\/wp-content\/uploads\/2025\/05\/Korvarongad-Tulekivi-Lummus.jpg","contentUrl":"https:\/\/tallinndesignhouse.com\/wp-content\/uploads\/2025\/05\/Korvarongad-Tulekivi-Lummus.jpg","width":1080,"height":1350,"caption":"Ko\u0303rvaro\u0303ngad Tulekivi - Lummus"},{"@type":"BreadcrumbList","@id":"https:\/\/tallinndesignhouse.com\/toode\/korvarongad-tulekivi\/#breadcrumb","itemListElement":[{"@type":"ListItem","position":1,"name":"Home","item":"https:\/\/tallinndesignhouse.com\/en\/"},{"@type":"ListItem","position":2,"name":"Shop","item":"https:\/\/tallinndesignhouse.com\/en\/shop\/"},{"@type":"ListItem","position":3,"name":"Earrings Firerock"}]},{"@type":"WebSite","@id":"https:\/\/tallinndesignhouse.com\/#website","url":"https:\/\/tallinndesignhouse.com\/","name":"Tallinn Design House","description":"Eesti disain Rotermanni kvartalis","potentialAction":[{"@type":"SearchAction","target":{"@type":"EntryPoint","urlTemplate":"https:\/\/tallinndesignhouse.com\/?s={search_term_string}"},"query-input":{"@type":"PropertyValueSpecification","valueRequired":true,"valueName":"search_term_string"}}],"inLanguage":"en-US"}]}},"_links":{"self":[{"href":"https:\/\/tallinndesignhouse.com\/en\/wp-json\/wp\/v2\/product\/3377411","targetHints":{"allow":["GET"]}}],"collection":[{"href":"https:\/\/tallinndesignhouse.com\/en\/wp-json\/wp\/v2\/product"}],"about":[{"href":"https:\/\/tallinndesignhouse.com\/en\/wp-json\/wp\/v2\/types\/product"}],"wp:featuredmedia":[{"embeddable":true,"href":"https:\/\/tallinndesignhouse.com\/en\/wp-json\/wp\/v2\/media\/3377429"}],"wp:attachment":[{"href":"https:\/\/tallinndesignhouse.com\/en\/wp-json\/wp\/v2\/media?parent=3377411"}],"wp:term":[{"taxonomy":"product_brand","embeddable":true,"href":"https:\/\/tallinndesignhouse.com\/en\/wp-json\/wp\/v2\/product_brand?post=3377411"},{"taxonomy":"product_cat","embeddable":true,"href":"https:\/\/tallinndesignhouse.com\/en\/wp-json\/wp\/v2\/product_cat?post=3377411"},{"taxonomy":"product_tag","embeddable":true,"href":"https:\/\/tallinndesignhouse.com\/en\/wp-json\/wp\/v2\/product_tag?post=3377411"}],"curies":[{"name":"wp","href":"https:\/\/api.w.org\/{rel}","templated":true}]}}