{"id":3377423,"date":"2025-05-16T13:35:13","date_gmt":"2025-05-16T10:35:13","guid":{"rendered":"https:\/\/tallinndesignhouse.com\/toode\/kaelaehe-muurikivi\/"},"modified":"2026-04-13T00:57:18","modified_gmt":"2026-04-12T21:57:18","slug":"kaelaehe-muurikivi","status":"publish","type":"product","link":"https:\/\/tallinndesignhouse.com\/en\/toode\/kaelaehe-muurikivi\/","title":{"rendered":"Wallrock necklace"},"content":{"rendered":"<p>Nature inspired \u201cWallrock\u201d necklace from Rockhard collection. Necklace length is 60 cm. Siim Anton\u2019s new Lummus collection Rockhard is a tribute to something that endures. Drawing inspiration from the poem \u201cRockhard Beach of Life\u2019s Sand\u201d, this collection features six stones collected from the \u00dc\u00fcgu coastline on Muhu Island, symbolizing strength, permanence, and the deep spirit of the land. It is the most silver-rich and weightiest of Lummus\u2019 collections to date. These pieces of jewelry do not strive for perfection but embody the power of nature and time, which shapes and transforms, but never disappears. Rockhard is designed for those who seek permanence, strength and a story that lasts through time. The necklace is sent in Lummus\u2019 signature box.<\/p>\n","protected":false},"excerpt":{"rendered":"<p>Nature inspired \u201cWallrock\u201d necklace from Rockhard collection. Necklace length is 60 cm. Siim Anton\u2019s new Lummus collection Rockhard is a tribute to something that endures. Drawing inspiration from the poem \u201cRockhard Beach of Life\u2019s Sand\u201d, this collection features six stones collected from the \u00dc\u00fcgu coastline on Muhu Island, symbolizing strength, permanence, and the deep spirit [&hellip;]<\/p>\n","protected":false},"featured_media":3377439,"template":"","meta":{"_acf_changed":false},"product_brand":[],"product_cat":[2127,3223],"product_tag":[2819],"class_list":{"0":"post-3377423","1":"product","2":"type-product","3":"status-publish","4":"has-post-thumbnail","6":"product_cat-necklaces","7":"product_cat-jewellery-en","8":"product_tag-women","9":"pa_brand-lummus-en","10":"pa_brand-lummus","12":"first","13":"instock","14":"taxable","15":"shipping-taxable","16":"purchasable","17":"product-type-simple"},"acf":[],"yoast_head":"<!-- This site is optimized with the Yoast SEO plugin v26.0 - https:\/\/yoast.com\/wordpress\/plugins\/seo\/ -->\n<title>Lummus Wallrock necklace - Tallinn Design House<\/title>\n<meta name=\"description\" content=\"Lummus kaelaehe M\u00fc\u00fcrikivi. Kaelaehte pikkus on 60 cm. Siim Antoni uus Lummuse kollektsioon on austusavaldus millelegi, mis j\u00e4\u00e4b.\" \/>\n<meta name=\"robots\" content=\"index, follow, max-snippet:-1, max-image-preview:large, max-video-preview:-1\" \/>\n<link rel=\"canonical\" href=\"https:\/\/tallinndesignhouse.com\/toode\/kaelaehe-muurikivi\/\" \/>\n<meta property=\"og:locale\" content=\"en_US\" \/>\n<meta property=\"og:type\" content=\"article\" \/>\n<meta property=\"og:title\" content=\"Lummus Wallrock necklace - Tallinn Design House\" \/>\n<meta property=\"og:description\" content=\"Lummus kaelaehe M\u00fc\u00fcrikivi. Kaelaehte pikkus on 60 cm. Siim Antoni uus Lummuse kollektsioon on austusavaldus millelegi, mis j\u00e4\u00e4b.\" \/>\n<meta property=\"og:url\" content=\"https:\/\/tallinndesignhouse.com\/toode\/kaelaehe-muurikivi\/\" \/>\n<meta property=\"og:site_name\" content=\"Tallinn Design House\" \/>\n<meta property=\"article:modified_time\" content=\"2026-04-12T21:57:18+00:00\" \/>\n<meta property=\"og:image\" content=\"https:\/\/tallinndesignhouse.com\/wp-content\/uploads\/2025\/05\/Kaelaehe-Muurikivi-Lummus.jpg\" \/>\n\t<meta property=\"og:image:width\" content=\"1080\" \/>\n\t<meta property=\"og:image:height\" content=\"1350\" \/>\n\t<meta property=\"og:image:type\" content=\"image\/jpeg\" \/>\n<meta name=\"twitter:card\" content=\"summary_large_image\" \/>\n<meta name=\"twitter:label1\" content=\"Est. reading time\" \/>\n\t<meta name=\"twitter:data1\" content=\"1 minute\" \/>\n<script type=\"application\/ld+json\" class=\"yoast-schema-graph\">{\"@context\":\"https:\/\/schema.org\",\"@graph\":[{\"@type\":\"WebPage\",\"@id\":\"https:\/\/tallinndesignhouse.com\/toode\/kaelaehe-muurikivi\/\",\"url\":\"https:\/\/tallinndesignhouse.com\/toode\/kaelaehe-muurikivi\/\",\"name\":\"Lummus Wallrock necklace - Tallinn Design House\",\"isPartOf\":{\"@id\":\"https:\/\/tallinndesignhouse.com\/#website\"},\"primaryImageOfPage\":{\"@id\":\"https:\/\/tallinndesignhouse.com\/toode\/kaelaehe-muurikivi\/#primaryimage\"},\"image\":{\"@id\":\"https:\/\/tallinndesignhouse.com\/toode\/kaelaehe-muurikivi\/#primaryimage\"},\"thumbnailUrl\":\"https:\/\/tallinndesignhouse.com\/wp-content\/uploads\/2025\/05\/Kaelaehe-Muurikivi-Lummus.jpg\",\"datePublished\":\"2025-05-16T10:35:13+00:00\",\"dateModified\":\"2026-04-12T21:57:18+00:00\",\"description\":\"Lummus kaelaehe M\u00fc\u00fcrikivi. Kaelaehte pikkus on 60 cm. Siim Antoni uus Lummuse kollektsioon on austusavaldus millelegi, mis j\u00e4\u00e4b.\",\"breadcrumb\":{\"@id\":\"https:\/\/tallinndesignhouse.com\/toode\/kaelaehe-muurikivi\/#breadcrumb\"},\"inLanguage\":\"en-US\",\"potentialAction\":[{\"@type\":\"ReadAction\",\"target\":[\"https:\/\/tallinndesignhouse.com\/toode\/kaelaehe-muurikivi\/\"]}]},{\"@type\":\"ImageObject\",\"inLanguage\":\"en-US\",\"@id\":\"https:\/\/tallinndesignhouse.com\/toode\/kaelaehe-muurikivi\/#primaryimage\",\"url\":\"https:\/\/tallinndesignhouse.com\/wp-content\/uploads\/2025\/05\/Kaelaehe-Muurikivi-Lummus.jpg\",\"contentUrl\":\"https:\/\/tallinndesignhouse.com\/wp-content\/uploads\/2025\/05\/Kaelaehe-Muurikivi-Lummus.jpg\",\"width\":1080,\"height\":1350,\"caption\":\"Kaelaehe Mu\u0308u\u0308rikivi - Lummus\"},{\"@type\":\"BreadcrumbList\",\"@id\":\"https:\/\/tallinndesignhouse.com\/toode\/kaelaehe-muurikivi\/#breadcrumb\",\"itemListElement\":[{\"@type\":\"ListItem\",\"position\":1,\"name\":\"Home\",\"item\":\"https:\/\/tallinndesignhouse.com\/en\/\"},{\"@type\":\"ListItem\",\"position\":2,\"name\":\"Shop\",\"item\":\"https:\/\/tallinndesignhouse.com\/en\/shop\/\"},{\"@type\":\"ListItem\",\"position\":3,\"name\":\"Wallrock necklace\"}]},{\"@type\":\"WebSite\",\"@id\":\"https:\/\/tallinndesignhouse.com\/#website\",\"url\":\"https:\/\/tallinndesignhouse.com\/\",\"name\":\"Tallinn Design House\",\"description\":\"Eesti disain Rotermanni kvartalis\",\"potentialAction\":[{\"@type\":\"SearchAction\",\"target\":{\"@type\":\"EntryPoint\",\"urlTemplate\":\"https:\/\/tallinndesignhouse.com\/?s={search_term_string}\"},\"query-input\":{\"@type\":\"PropertyValueSpecification\",\"valueRequired\":true,\"valueName\":\"search_term_string\"}}],\"inLanguage\":\"en-US\"}]}<\/script>\n<!-- \/ Yoast SEO plugin. -->","yoast_head_json":{"title":"Lummus Wallrock necklace - Tallinn Design House","description":"Lummus kaelaehe M\u00fc\u00fcrikivi. Kaelaehte pikkus on 60 cm. Siim Antoni uus Lummuse kollektsioon on austusavaldus millelegi, mis j\u00e4\u00e4b.","robots":{"index":"index","follow":"follow","max-snippet":"max-snippet:-1","max-image-preview":"max-image-preview:large","max-video-preview":"max-video-preview:-1"},"canonical":"https:\/\/tallinndesignhouse.com\/toode\/kaelaehe-muurikivi\/","og_locale":"en_US","og_type":"article","og_title":"Lummus Wallrock necklace - Tallinn Design House","og_description":"Lummus kaelaehe M\u00fc\u00fcrikivi. Kaelaehte pikkus on 60 cm. Siim Antoni uus Lummuse kollektsioon on austusavaldus millelegi, mis j\u00e4\u00e4b.","og_url":"https:\/\/tallinndesignhouse.com\/toode\/kaelaehe-muurikivi\/","og_site_name":"Tallinn Design House","article_modified_time":"2026-04-12T21:57:18+00:00","og_image":[{"width":1080,"height":1350,"url":"https:\/\/tallinndesignhouse.com\/wp-content\/uploads\/2025\/05\/Kaelaehe-Muurikivi-Lummus.jpg","type":"image\/jpeg"}],"twitter_card":"summary_large_image","twitter_misc":{"Est. reading time":"1 minute"},"schema":{"@context":"https:\/\/schema.org","@graph":[{"@type":"WebPage","@id":"https:\/\/tallinndesignhouse.com\/toode\/kaelaehe-muurikivi\/","url":"https:\/\/tallinndesignhouse.com\/toode\/kaelaehe-muurikivi\/","name":"Lummus Wallrock necklace - Tallinn Design House","isPartOf":{"@id":"https:\/\/tallinndesignhouse.com\/#website"},"primaryImageOfPage":{"@id":"https:\/\/tallinndesignhouse.com\/toode\/kaelaehe-muurikivi\/#primaryimage"},"image":{"@id":"https:\/\/tallinndesignhouse.com\/toode\/kaelaehe-muurikivi\/#primaryimage"},"thumbnailUrl":"https:\/\/tallinndesignhouse.com\/wp-content\/uploads\/2025\/05\/Kaelaehe-Muurikivi-Lummus.jpg","datePublished":"2025-05-16T10:35:13+00:00","dateModified":"2026-04-12T21:57:18+00:00","description":"Lummus kaelaehe M\u00fc\u00fcrikivi. Kaelaehte pikkus on 60 cm. Siim Antoni uus Lummuse kollektsioon on austusavaldus millelegi, mis j\u00e4\u00e4b.","breadcrumb":{"@id":"https:\/\/tallinndesignhouse.com\/toode\/kaelaehe-muurikivi\/#breadcrumb"},"inLanguage":"en-US","potentialAction":[{"@type":"ReadAction","target":["https:\/\/tallinndesignhouse.com\/toode\/kaelaehe-muurikivi\/"]}]},{"@type":"ImageObject","inLanguage":"en-US","@id":"https:\/\/tallinndesignhouse.com\/toode\/kaelaehe-muurikivi\/#primaryimage","url":"https:\/\/tallinndesignhouse.com\/wp-content\/uploads\/2025\/05\/Kaelaehe-Muurikivi-Lummus.jpg","contentUrl":"https:\/\/tallinndesignhouse.com\/wp-content\/uploads\/2025\/05\/Kaelaehe-Muurikivi-Lummus.jpg","width":1080,"height":1350,"caption":"Kaelaehe Mu\u0308u\u0308rikivi - Lummus"},{"@type":"BreadcrumbList","@id":"https:\/\/tallinndesignhouse.com\/toode\/kaelaehe-muurikivi\/#breadcrumb","itemListElement":[{"@type":"ListItem","position":1,"name":"Home","item":"https:\/\/tallinndesignhouse.com\/en\/"},{"@type":"ListItem","position":2,"name":"Shop","item":"https:\/\/tallinndesignhouse.com\/en\/shop\/"},{"@type":"ListItem","position":3,"name":"Wallrock necklace"}]},{"@type":"WebSite","@id":"https:\/\/tallinndesignhouse.com\/#website","url":"https:\/\/tallinndesignhouse.com\/","name":"Tallinn Design House","description":"Eesti disain Rotermanni kvartalis","potentialAction":[{"@type":"SearchAction","target":{"@type":"EntryPoint","urlTemplate":"https:\/\/tallinndesignhouse.com\/?s={search_term_string}"},"query-input":{"@type":"PropertyValueSpecification","valueRequired":true,"valueName":"search_term_string"}}],"inLanguage":"en-US"}]}},"_links":{"self":[{"href":"https:\/\/tallinndesignhouse.com\/en\/wp-json\/wp\/v2\/product\/3377423","targetHints":{"allow":["GET"]}}],"collection":[{"href":"https:\/\/tallinndesignhouse.com\/en\/wp-json\/wp\/v2\/product"}],"about":[{"href":"https:\/\/tallinndesignhouse.com\/en\/wp-json\/wp\/v2\/types\/product"}],"wp:featuredmedia":[{"embeddable":true,"href":"https:\/\/tallinndesignhouse.com\/en\/wp-json\/wp\/v2\/media\/3377439"}],"wp:attachment":[{"href":"https:\/\/tallinndesignhouse.com\/en\/wp-json\/wp\/v2\/media?parent=3377423"}],"wp:term":[{"taxonomy":"product_brand","embeddable":true,"href":"https:\/\/tallinndesignhouse.com\/en\/wp-json\/wp\/v2\/product_brand?post=3377423"},{"taxonomy":"product_cat","embeddable":true,"href":"https:\/\/tallinndesignhouse.com\/en\/wp-json\/wp\/v2\/product_cat?post=3377423"},{"taxonomy":"product_tag","embeddable":true,"href":"https:\/\/tallinndesignhouse.com\/en\/wp-json\/wp\/v2\/product_tag?post=3377423"}],"curies":[{"name":"wp","href":"https:\/\/api.w.org\/{rel}","templated":true}]}}