{"id":3377425,"date":"2025-05-16T13:35:14","date_gmt":"2025-05-16T10:35:14","guid":{"rendered":"https:\/\/tallinndesignhouse.com\/toode\/kaekett-kuus-kivi-paikesest\/"},"modified":"2026-04-29T00:57:25","modified_gmt":"2026-04-28T21:57:25","slug":"kaekett-kuus-kivi-paikesest","status":"publish","type":"product","link":"https:\/\/tallinndesignhouse.com\/en\/toode\/kaekett-kuus-kivi-paikesest\/","title":{"rendered":"Six Rocks From the Sun bracelet"},"content":{"rendered":"<p>Nature inspired \u201cSix Rocks From the Sun\u201d bracelet from Rockhard collection. Bracelet length is 24 cm. Siim Anton\u2019s new Lummus collection Rockhard is a tribute to something that endures. Drawing inspiration from the poem \u201cRockhard Beach of Life\u2019s Sand\u201d, this collection features six stones collected from the \u00dc\u00fcgu coastline on Muhu Island, symbolizing strength, permanence, and the deep spirit of the land. It is the most silver-rich and weightiest of Lummus\u2019 collections to date. These pieces of jewelry do not strive for perfection but embody the power of nature and time, which shapes and transforms, but never disappears. Rockhard is designed for those who seek permanence, strength and a story that lasts through time. The bracelet is sent in Lummus\u2019 signature box.<\/p>\n","protected":false},"excerpt":{"rendered":"<p>Nature inspired \u201cSix Rocks From the Sun\u201d bracelet from Rockhard collection. Bracelet length is 24 cm. Siim Anton\u2019s new Lummus collection Rockhard is a tribute to something that endures. Drawing inspiration from the poem \u201cRockhard Beach of Life\u2019s Sand\u201d, this collection features six stones collected from the \u00dc\u00fcgu coastline on Muhu Island, symbolizing strength, permanence, [&hellip;]<\/p>\n","protected":false},"featured_media":3377445,"template":"","meta":{"_acf_changed":false},"product_brand":[],"product_cat":[870,116],"product_tag":[2818],"class_list":{"0":"post-3377425","1":"product","2":"type-product","3":"status-publish","4":"has-post-thumbnail","6":"product_cat-kaevorud","7":"product_cat-ehted","8":"product_tag-naised","9":"pa_brand-lummus","12":"first","13":"instock","14":"taxable","15":"shipping-taxable","16":"purchasable","17":"product-type-simple"},"acf":[],"yoast_head":"<!-- This site is optimized with the Yoast SEO plugin v26.0 - https:\/\/yoast.com\/wordpress\/plugins\/seo\/ -->\n<title>Lummus Six Rocks From the Sun bracelet - Tallinn Design House<\/title>\n<meta name=\"description\" content=\"Lummus k\u00e4ekett Kuus Kivi P\u00e4ikesest. Siim Antoni uus Lummuse kollektsioon on austusavaldus millelegi, mis j\u00e4\u00e4b.\" \/>\n<meta name=\"robots\" content=\"index, follow, max-snippet:-1, max-image-preview:large, max-video-preview:-1\" \/>\n<link rel=\"canonical\" href=\"https:\/\/tallinndesignhouse.com\/toode\/kaekett-kuus-kivi-paikesest\/\" \/>\n<meta property=\"og:locale\" content=\"en_US\" \/>\n<meta property=\"og:type\" content=\"article\" \/>\n<meta property=\"og:title\" content=\"Lummus Six Rocks From the Sun bracelet - Tallinn Design House\" \/>\n<meta property=\"og:description\" content=\"Lummus k\u00e4ekett Kuus Kivi P\u00e4ikesest. Siim Antoni uus Lummuse kollektsioon on austusavaldus millelegi, mis j\u00e4\u00e4b.\" \/>\n<meta property=\"og:url\" content=\"https:\/\/tallinndesignhouse.com\/toode\/kaekett-kuus-kivi-paikesest\/\" \/>\n<meta property=\"og:site_name\" content=\"Tallinn Design House\" \/>\n<meta property=\"article:modified_time\" content=\"2026-04-28T21:57:25+00:00\" \/>\n<meta property=\"og:image\" content=\"https:\/\/tallinndesignhouse.com\/wp-content\/uploads\/2025\/05\/Kaekett-Kuus-Kivi-Paikesest-Lummus.jpg\" \/>\n\t<meta property=\"og:image:width\" content=\"1080\" \/>\n\t<meta property=\"og:image:height\" content=\"1350\" \/>\n\t<meta property=\"og:image:type\" content=\"image\/jpeg\" \/>\n<meta name=\"twitter:card\" content=\"summary_large_image\" \/>\n<meta name=\"twitter:label1\" content=\"Est. reading time\" \/>\n\t<meta name=\"twitter:data1\" content=\"1 minute\" \/>\n<script type=\"application\/ld+json\" class=\"yoast-schema-graph\">{\"@context\":\"https:\/\/schema.org\",\"@graph\":[{\"@type\":\"WebPage\",\"@id\":\"https:\/\/tallinndesignhouse.com\/toode\/kaekett-kuus-kivi-paikesest\/\",\"url\":\"https:\/\/tallinndesignhouse.com\/toode\/kaekett-kuus-kivi-paikesest\/\",\"name\":\"Lummus Six Rocks From the Sun bracelet - Tallinn Design House\",\"isPartOf\":{\"@id\":\"https:\/\/tallinndesignhouse.com\/#website\"},\"primaryImageOfPage\":{\"@id\":\"https:\/\/tallinndesignhouse.com\/toode\/kaekett-kuus-kivi-paikesest\/#primaryimage\"},\"image\":{\"@id\":\"https:\/\/tallinndesignhouse.com\/toode\/kaekett-kuus-kivi-paikesest\/#primaryimage\"},\"thumbnailUrl\":\"https:\/\/tallinndesignhouse.com\/wp-content\/uploads\/2025\/05\/Kaekett-Kuus-Kivi-Paikesest-Lummus.jpg\",\"datePublished\":\"2025-05-16T10:35:14+00:00\",\"dateModified\":\"2026-04-28T21:57:25+00:00\",\"description\":\"Lummus k\u00e4ekett Kuus Kivi P\u00e4ikesest. Siim Antoni uus Lummuse kollektsioon on austusavaldus millelegi, mis j\u00e4\u00e4b.\",\"breadcrumb\":{\"@id\":\"https:\/\/tallinndesignhouse.com\/toode\/kaekett-kuus-kivi-paikesest\/#breadcrumb\"},\"inLanguage\":\"en-US\",\"potentialAction\":[{\"@type\":\"ReadAction\",\"target\":[\"https:\/\/tallinndesignhouse.com\/toode\/kaekett-kuus-kivi-paikesest\/\"]}]},{\"@type\":\"ImageObject\",\"inLanguage\":\"en-US\",\"@id\":\"https:\/\/tallinndesignhouse.com\/toode\/kaekett-kuus-kivi-paikesest\/#primaryimage\",\"url\":\"https:\/\/tallinndesignhouse.com\/wp-content\/uploads\/2025\/05\/Kaekett-Kuus-Kivi-Paikesest-Lummus.jpg\",\"contentUrl\":\"https:\/\/tallinndesignhouse.com\/wp-content\/uploads\/2025\/05\/Kaekett-Kuus-Kivi-Paikesest-Lummus.jpg\",\"width\":1080,\"height\":1350,\"caption\":\"Ka\u0308ekett Kuus Kivi Pa\u0308ikesest - Lummus\"},{\"@type\":\"BreadcrumbList\",\"@id\":\"https:\/\/tallinndesignhouse.com\/toode\/kaekett-kuus-kivi-paikesest\/#breadcrumb\",\"itemListElement\":[{\"@type\":\"ListItem\",\"position\":1,\"name\":\"Home\",\"item\":\"https:\/\/tallinndesignhouse.com\/en\/\"},{\"@type\":\"ListItem\",\"position\":2,\"name\":\"Shop\",\"item\":\"https:\/\/tallinndesignhouse.com\/en\/shop\/\"},{\"@type\":\"ListItem\",\"position\":3,\"name\":\"Six Rocks From the Sun bracelet\"}]},{\"@type\":\"WebSite\",\"@id\":\"https:\/\/tallinndesignhouse.com\/#website\",\"url\":\"https:\/\/tallinndesignhouse.com\/\",\"name\":\"Tallinn Design House\",\"description\":\"Eesti disain Rotermanni kvartalis\",\"potentialAction\":[{\"@type\":\"SearchAction\",\"target\":{\"@type\":\"EntryPoint\",\"urlTemplate\":\"https:\/\/tallinndesignhouse.com\/?s={search_term_string}\"},\"query-input\":{\"@type\":\"PropertyValueSpecification\",\"valueRequired\":true,\"valueName\":\"search_term_string\"}}],\"inLanguage\":\"en-US\"}]}<\/script>\n<!-- \/ Yoast SEO plugin. -->","yoast_head_json":{"title":"Lummus Six Rocks From the Sun bracelet - Tallinn Design House","description":"Lummus k\u00e4ekett Kuus Kivi P\u00e4ikesest. Siim Antoni uus Lummuse kollektsioon on austusavaldus millelegi, mis j\u00e4\u00e4b.","robots":{"index":"index","follow":"follow","max-snippet":"max-snippet:-1","max-image-preview":"max-image-preview:large","max-video-preview":"max-video-preview:-1"},"canonical":"https:\/\/tallinndesignhouse.com\/toode\/kaekett-kuus-kivi-paikesest\/","og_locale":"en_US","og_type":"article","og_title":"Lummus Six Rocks From the Sun bracelet - Tallinn Design House","og_description":"Lummus k\u00e4ekett Kuus Kivi P\u00e4ikesest. Siim Antoni uus Lummuse kollektsioon on austusavaldus millelegi, mis j\u00e4\u00e4b.","og_url":"https:\/\/tallinndesignhouse.com\/toode\/kaekett-kuus-kivi-paikesest\/","og_site_name":"Tallinn Design House","article_modified_time":"2026-04-28T21:57:25+00:00","og_image":[{"width":1080,"height":1350,"url":"https:\/\/tallinndesignhouse.com\/wp-content\/uploads\/2025\/05\/Kaekett-Kuus-Kivi-Paikesest-Lummus.jpg","type":"image\/jpeg"}],"twitter_card":"summary_large_image","twitter_misc":{"Est. reading time":"1 minute"},"schema":{"@context":"https:\/\/schema.org","@graph":[{"@type":"WebPage","@id":"https:\/\/tallinndesignhouse.com\/toode\/kaekett-kuus-kivi-paikesest\/","url":"https:\/\/tallinndesignhouse.com\/toode\/kaekett-kuus-kivi-paikesest\/","name":"Lummus Six Rocks From the Sun bracelet - Tallinn Design House","isPartOf":{"@id":"https:\/\/tallinndesignhouse.com\/#website"},"primaryImageOfPage":{"@id":"https:\/\/tallinndesignhouse.com\/toode\/kaekett-kuus-kivi-paikesest\/#primaryimage"},"image":{"@id":"https:\/\/tallinndesignhouse.com\/toode\/kaekett-kuus-kivi-paikesest\/#primaryimage"},"thumbnailUrl":"https:\/\/tallinndesignhouse.com\/wp-content\/uploads\/2025\/05\/Kaekett-Kuus-Kivi-Paikesest-Lummus.jpg","datePublished":"2025-05-16T10:35:14+00:00","dateModified":"2026-04-28T21:57:25+00:00","description":"Lummus k\u00e4ekett Kuus Kivi P\u00e4ikesest. Siim Antoni uus Lummuse kollektsioon on austusavaldus millelegi, mis j\u00e4\u00e4b.","breadcrumb":{"@id":"https:\/\/tallinndesignhouse.com\/toode\/kaekett-kuus-kivi-paikesest\/#breadcrumb"},"inLanguage":"en-US","potentialAction":[{"@type":"ReadAction","target":["https:\/\/tallinndesignhouse.com\/toode\/kaekett-kuus-kivi-paikesest\/"]}]},{"@type":"ImageObject","inLanguage":"en-US","@id":"https:\/\/tallinndesignhouse.com\/toode\/kaekett-kuus-kivi-paikesest\/#primaryimage","url":"https:\/\/tallinndesignhouse.com\/wp-content\/uploads\/2025\/05\/Kaekett-Kuus-Kivi-Paikesest-Lummus.jpg","contentUrl":"https:\/\/tallinndesignhouse.com\/wp-content\/uploads\/2025\/05\/Kaekett-Kuus-Kivi-Paikesest-Lummus.jpg","width":1080,"height":1350,"caption":"Ka\u0308ekett Kuus Kivi Pa\u0308ikesest - Lummus"},{"@type":"BreadcrumbList","@id":"https:\/\/tallinndesignhouse.com\/toode\/kaekett-kuus-kivi-paikesest\/#breadcrumb","itemListElement":[{"@type":"ListItem","position":1,"name":"Home","item":"https:\/\/tallinndesignhouse.com\/en\/"},{"@type":"ListItem","position":2,"name":"Shop","item":"https:\/\/tallinndesignhouse.com\/en\/shop\/"},{"@type":"ListItem","position":3,"name":"Six Rocks From the Sun bracelet"}]},{"@type":"WebSite","@id":"https:\/\/tallinndesignhouse.com\/#website","url":"https:\/\/tallinndesignhouse.com\/","name":"Tallinn Design House","description":"Eesti disain Rotermanni kvartalis","potentialAction":[{"@type":"SearchAction","target":{"@type":"EntryPoint","urlTemplate":"https:\/\/tallinndesignhouse.com\/?s={search_term_string}"},"query-input":{"@type":"PropertyValueSpecification","valueRequired":true,"valueName":"search_term_string"}}],"inLanguage":"en-US"}]}},"_links":{"self":[{"href":"https:\/\/tallinndesignhouse.com\/en\/wp-json\/wp\/v2\/product\/3377425","targetHints":{"allow":["GET"]}}],"collection":[{"href":"https:\/\/tallinndesignhouse.com\/en\/wp-json\/wp\/v2\/product"}],"about":[{"href":"https:\/\/tallinndesignhouse.com\/en\/wp-json\/wp\/v2\/types\/product"}],"wp:featuredmedia":[{"embeddable":true,"href":"https:\/\/tallinndesignhouse.com\/en\/wp-json\/wp\/v2\/media\/3377445"}],"wp:attachment":[{"href":"https:\/\/tallinndesignhouse.com\/en\/wp-json\/wp\/v2\/media?parent=3377425"}],"wp:term":[{"taxonomy":"product_brand","embeddable":true,"href":"https:\/\/tallinndesignhouse.com\/en\/wp-json\/wp\/v2\/product_brand?post=3377425"},{"taxonomy":"product_cat","embeddable":true,"href":"https:\/\/tallinndesignhouse.com\/en\/wp-json\/wp\/v2\/product_cat?post=3377425"},{"taxonomy":"product_tag","embeddable":true,"href":"https:\/\/tallinndesignhouse.com\/en\/wp-json\/wp\/v2\/product_tag?post=3377425"}],"curies":[{"name":"wp","href":"https:\/\/api.w.org\/{rel}","templated":true}]}}