{"id":3377817,"date":"2025-05-20T15:50:04","date_gmt":"2025-05-20T12:50:04","guid":{"rendered":"https:\/\/tallinndesignhouse.com\/toode\/kaelakee-solitaire-diamond-pink\/"},"modified":"2026-04-29T01:01:25","modified_gmt":"2026-04-28T22:01:25","slug":"kaelakee-solitaire-diamond-pink","status":"publish","type":"product","link":"https:\/\/tallinndesignhouse.com\/en\/toode\/kaelakee-solitaire-diamond-pink\/","title":{"rendered":"Necklace Solitaire Diamond Pink"},"content":{"rendered":"<p>Handmade Solitaire Cubic Zirconia necklace by NRTN with 925 Silver. Subtle yet elegant. Size: Cubic Zirconia \u03a610.0mm | Chain 45 cm. Materials: Rhodium Plated Silver 925, Cubic Zirconia.<\/p>\n","protected":false},"excerpt":{"rendered":"<p>Handmade Solitaire Cubic Zirconia necklace by NRTN with 925 Silver. Subtle yet elegant. Size: Cubic Zirconia \u03a610.0mm | Chain 45 cm. Materials: Rhodium Plated Silver 925, Cubic Zirconia.<\/p>\n","protected":false},"featured_media":3377824,"template":"","meta":{"_acf_changed":false},"product_brand":[],"product_cat":[869,116,3717],"product_tag":[2818],"class_list":{"0":"post-3377817","1":"product","2":"type-product","3":"status-publish","4":"has-post-thumbnail","6":"product_cat-kaelaehted","7":"product_cat-ehted","8":"product_cat-kevadised-tooted","9":"product_tag-naised","10":"pa_brand-nrtn","12":"first","13":"instock","14":"taxable","15":"shipping-taxable","16":"purchasable","17":"product-type-simple"},"acf":[],"yoast_head":"<!-- This site is optimized with the Yoast SEO plugin v26.0 - https:\/\/yoast.com\/wordpress\/plugins\/seo\/ -->\n<title>NRTN Necklace Solitaire Diamond Pink - Tallinn Design House<\/title>\n<meta name=\"description\" content=\"NRTN kaelakee Solitaire Diamond Pink. Suurus: kivi l\u00e4bim\u00f5\u00f5t 10,0 mm | kett 45 cm. Materjalid: roodiumkattega 925 h\u00f5be, tsirkoon.\" \/>\n<meta name=\"robots\" content=\"index, follow, max-snippet:-1, max-image-preview:large, max-video-preview:-1\" \/>\n<link rel=\"canonical\" href=\"https:\/\/tallinndesignhouse.com\/toode\/kaelakee-solitaire-diamond-pink\/\" \/>\n<meta property=\"og:locale\" content=\"en_US\" \/>\n<meta property=\"og:type\" content=\"article\" \/>\n<meta property=\"og:title\" content=\"NRTN Necklace Solitaire Diamond Pink - Tallinn Design House\" \/>\n<meta property=\"og:description\" content=\"NRTN kaelakee Solitaire Diamond Pink. Suurus: kivi l\u00e4bim\u00f5\u00f5t 10,0 mm | kett 45 cm. Materjalid: roodiumkattega 925 h\u00f5be, tsirkoon.\" \/>\n<meta property=\"og:url\" content=\"https:\/\/tallinndesignhouse.com\/toode\/kaelakee-solitaire-diamond-pink\/\" \/>\n<meta property=\"og:site_name\" content=\"Tallinn Design House\" \/>\n<meta property=\"article:modified_time\" content=\"2026-04-28T22:01:25+00:00\" \/>\n<meta property=\"og:image\" content=\"https:\/\/tallinndesignhouse.com\/wp-content\/uploads\/2025\/05\/Kaelakee-Solitaire-Diamond-Pink-NRTN_2.jpg\" \/>\n\t<meta property=\"og:image:width\" content=\"1080\" \/>\n\t<meta property=\"og:image:height\" content=\"1350\" \/>\n\t<meta property=\"og:image:type\" content=\"image\/jpeg\" \/>\n<meta name=\"twitter:card\" content=\"summary_large_image\" \/>\n<script type=\"application\/ld+json\" class=\"yoast-schema-graph\">{\"@context\":\"https:\/\/schema.org\",\"@graph\":[{\"@type\":\"WebPage\",\"@id\":\"https:\/\/tallinndesignhouse.com\/toode\/kaelakee-solitaire-diamond-pink\/\",\"url\":\"https:\/\/tallinndesignhouse.com\/toode\/kaelakee-solitaire-diamond-pink\/\",\"name\":\"NRTN Necklace Solitaire Diamond Pink - Tallinn Design House\",\"isPartOf\":{\"@id\":\"https:\/\/tallinndesignhouse.com\/#website\"},\"primaryImageOfPage\":{\"@id\":\"https:\/\/tallinndesignhouse.com\/toode\/kaelakee-solitaire-diamond-pink\/#primaryimage\"},\"image\":{\"@id\":\"https:\/\/tallinndesignhouse.com\/toode\/kaelakee-solitaire-diamond-pink\/#primaryimage\"},\"thumbnailUrl\":\"https:\/\/tallinndesignhouse.com\/wp-content\/uploads\/2025\/05\/Kaelakee-Solitaire-Diamond-Pink-NRTN_2.jpg\",\"datePublished\":\"2025-05-20T12:50:04+00:00\",\"dateModified\":\"2026-04-28T22:01:25+00:00\",\"description\":\"NRTN kaelakee Solitaire Diamond Pink. Suurus: kivi l\u00e4bim\u00f5\u00f5t 10,0 mm | kett 45 cm. Materjalid: roodiumkattega 925 h\u00f5be, tsirkoon.\",\"breadcrumb\":{\"@id\":\"https:\/\/tallinndesignhouse.com\/toode\/kaelakee-solitaire-diamond-pink\/#breadcrumb\"},\"inLanguage\":\"en-US\",\"potentialAction\":[{\"@type\":\"ReadAction\",\"target\":[\"https:\/\/tallinndesignhouse.com\/toode\/kaelakee-solitaire-diamond-pink\/\"]}]},{\"@type\":\"ImageObject\",\"inLanguage\":\"en-US\",\"@id\":\"https:\/\/tallinndesignhouse.com\/toode\/kaelakee-solitaire-diamond-pink\/#primaryimage\",\"url\":\"https:\/\/tallinndesignhouse.com\/wp-content\/uploads\/2025\/05\/Kaelakee-Solitaire-Diamond-Pink-NRTN_2.jpg\",\"contentUrl\":\"https:\/\/tallinndesignhouse.com\/wp-content\/uploads\/2025\/05\/Kaelakee-Solitaire-Diamond-Pink-NRTN_2.jpg\",\"width\":1080,\"height\":1350,\"caption\":\"Kaelakee Solitaire Diamond Pink - NRTN_2\"},{\"@type\":\"BreadcrumbList\",\"@id\":\"https:\/\/tallinndesignhouse.com\/toode\/kaelakee-solitaire-diamond-pink\/#breadcrumb\",\"itemListElement\":[{\"@type\":\"ListItem\",\"position\":1,\"name\":\"Home\",\"item\":\"https:\/\/tallinndesignhouse.com\/en\/\"},{\"@type\":\"ListItem\",\"position\":2,\"name\":\"Shop\",\"item\":\"https:\/\/tallinndesignhouse.com\/en\/shop\/\"},{\"@type\":\"ListItem\",\"position\":3,\"name\":\"Necklace Solitaire Diamond Pink\"}]},{\"@type\":\"WebSite\",\"@id\":\"https:\/\/tallinndesignhouse.com\/#website\",\"url\":\"https:\/\/tallinndesignhouse.com\/\",\"name\":\"Tallinn Design House\",\"description\":\"Eesti disain Rotermanni kvartalis\",\"potentialAction\":[{\"@type\":\"SearchAction\",\"target\":{\"@type\":\"EntryPoint\",\"urlTemplate\":\"https:\/\/tallinndesignhouse.com\/?s={search_term_string}\"},\"query-input\":{\"@type\":\"PropertyValueSpecification\",\"valueRequired\":true,\"valueName\":\"search_term_string\"}}],\"inLanguage\":\"en-US\"}]}<\/script>\n<!-- \/ Yoast SEO plugin. -->","yoast_head_json":{"title":"NRTN Necklace Solitaire Diamond Pink - Tallinn Design House","description":"NRTN kaelakee Solitaire Diamond Pink. Suurus: kivi l\u00e4bim\u00f5\u00f5t 10,0 mm | kett 45 cm. Materjalid: roodiumkattega 925 h\u00f5be, tsirkoon.","robots":{"index":"index","follow":"follow","max-snippet":"max-snippet:-1","max-image-preview":"max-image-preview:large","max-video-preview":"max-video-preview:-1"},"canonical":"https:\/\/tallinndesignhouse.com\/toode\/kaelakee-solitaire-diamond-pink\/","og_locale":"en_US","og_type":"article","og_title":"NRTN Necklace Solitaire Diamond Pink - Tallinn Design House","og_description":"NRTN kaelakee Solitaire Diamond Pink. Suurus: kivi l\u00e4bim\u00f5\u00f5t 10,0 mm | kett 45 cm. Materjalid: roodiumkattega 925 h\u00f5be, tsirkoon.","og_url":"https:\/\/tallinndesignhouse.com\/toode\/kaelakee-solitaire-diamond-pink\/","og_site_name":"Tallinn Design House","article_modified_time":"2026-04-28T22:01:25+00:00","og_image":[{"width":1080,"height":1350,"url":"https:\/\/tallinndesignhouse.com\/wp-content\/uploads\/2025\/05\/Kaelakee-Solitaire-Diamond-Pink-NRTN_2.jpg","type":"image\/jpeg"}],"twitter_card":"summary_large_image","schema":{"@context":"https:\/\/schema.org","@graph":[{"@type":"WebPage","@id":"https:\/\/tallinndesignhouse.com\/toode\/kaelakee-solitaire-diamond-pink\/","url":"https:\/\/tallinndesignhouse.com\/toode\/kaelakee-solitaire-diamond-pink\/","name":"NRTN Necklace Solitaire Diamond Pink - Tallinn Design House","isPartOf":{"@id":"https:\/\/tallinndesignhouse.com\/#website"},"primaryImageOfPage":{"@id":"https:\/\/tallinndesignhouse.com\/toode\/kaelakee-solitaire-diamond-pink\/#primaryimage"},"image":{"@id":"https:\/\/tallinndesignhouse.com\/toode\/kaelakee-solitaire-diamond-pink\/#primaryimage"},"thumbnailUrl":"https:\/\/tallinndesignhouse.com\/wp-content\/uploads\/2025\/05\/Kaelakee-Solitaire-Diamond-Pink-NRTN_2.jpg","datePublished":"2025-05-20T12:50:04+00:00","dateModified":"2026-04-28T22:01:25+00:00","description":"NRTN kaelakee Solitaire Diamond Pink. Suurus: kivi l\u00e4bim\u00f5\u00f5t 10,0 mm | kett 45 cm. Materjalid: roodiumkattega 925 h\u00f5be, tsirkoon.","breadcrumb":{"@id":"https:\/\/tallinndesignhouse.com\/toode\/kaelakee-solitaire-diamond-pink\/#breadcrumb"},"inLanguage":"en-US","potentialAction":[{"@type":"ReadAction","target":["https:\/\/tallinndesignhouse.com\/toode\/kaelakee-solitaire-diamond-pink\/"]}]},{"@type":"ImageObject","inLanguage":"en-US","@id":"https:\/\/tallinndesignhouse.com\/toode\/kaelakee-solitaire-diamond-pink\/#primaryimage","url":"https:\/\/tallinndesignhouse.com\/wp-content\/uploads\/2025\/05\/Kaelakee-Solitaire-Diamond-Pink-NRTN_2.jpg","contentUrl":"https:\/\/tallinndesignhouse.com\/wp-content\/uploads\/2025\/05\/Kaelakee-Solitaire-Diamond-Pink-NRTN_2.jpg","width":1080,"height":1350,"caption":"Kaelakee Solitaire Diamond Pink - NRTN_2"},{"@type":"BreadcrumbList","@id":"https:\/\/tallinndesignhouse.com\/toode\/kaelakee-solitaire-diamond-pink\/#breadcrumb","itemListElement":[{"@type":"ListItem","position":1,"name":"Home","item":"https:\/\/tallinndesignhouse.com\/en\/"},{"@type":"ListItem","position":2,"name":"Shop","item":"https:\/\/tallinndesignhouse.com\/en\/shop\/"},{"@type":"ListItem","position":3,"name":"Necklace Solitaire Diamond Pink"}]},{"@type":"WebSite","@id":"https:\/\/tallinndesignhouse.com\/#website","url":"https:\/\/tallinndesignhouse.com\/","name":"Tallinn Design House","description":"Eesti disain Rotermanni kvartalis","potentialAction":[{"@type":"SearchAction","target":{"@type":"EntryPoint","urlTemplate":"https:\/\/tallinndesignhouse.com\/?s={search_term_string}"},"query-input":{"@type":"PropertyValueSpecification","valueRequired":true,"valueName":"search_term_string"}}],"inLanguage":"en-US"}]}},"_links":{"self":[{"href":"https:\/\/tallinndesignhouse.com\/en\/wp-json\/wp\/v2\/product\/3377817","targetHints":{"allow":["GET"]}}],"collection":[{"href":"https:\/\/tallinndesignhouse.com\/en\/wp-json\/wp\/v2\/product"}],"about":[{"href":"https:\/\/tallinndesignhouse.com\/en\/wp-json\/wp\/v2\/types\/product"}],"wp:featuredmedia":[{"embeddable":true,"href":"https:\/\/tallinndesignhouse.com\/en\/wp-json\/wp\/v2\/media\/3377824"}],"wp:attachment":[{"href":"https:\/\/tallinndesignhouse.com\/en\/wp-json\/wp\/v2\/media?parent=3377817"}],"wp:term":[{"taxonomy":"product_brand","embeddable":true,"href":"https:\/\/tallinndesignhouse.com\/en\/wp-json\/wp\/v2\/product_brand?post=3377817"},{"taxonomy":"product_cat","embeddable":true,"href":"https:\/\/tallinndesignhouse.com\/en\/wp-json\/wp\/v2\/product_cat?post=3377817"},{"taxonomy":"product_tag","embeddable":true,"href":"https:\/\/tallinndesignhouse.com\/en\/wp-json\/wp\/v2\/product_tag?post=3377817"}],"curies":[{"name":"wp","href":"https:\/\/api.w.org\/{rel}","templated":true}]}}